{"id":12230,"date":"2023-12-21T11:37:59","date_gmt":"2023-12-21T10:37:59","guid":{"rendered":"https:\/\/brugarolas.com\/?page_id=12230"},"modified":"2023-12-21T11:40:35","modified_gmt":"2023-12-21T10:40:35","slug":"canal-de-denuncies","status":"publish","type":"page","link":"https:\/\/brugarolas.com\/ca\/canal-de-denuncies\/","title":{"rendered":"Canal de Den\u00fancies"},"content":{"rendered":"<div class=\"fusion-fullwidth fullwidth-box fusion-builder-row-1 fusion-flex-container has-pattern-background has-mask-background nonhundred-percent-fullwidth non-hundred-percent-height-scrolling\" style=\"--awb-border-radius-top-left:0px;--awb-border-radius-top-right:0px;--awb-border-radius-bottom-right:0px;--awb-border-radius-bottom-left:0px;--awb-flex-wrap:wrap;\" ><div class=\"fusion-builder-row fusion-row fusion-flex-align-items-flex-start fusion-flex-content-wrap\" style=\"max-width:1216.8px;margin-left: calc(-4% \/ 2 );margin-right: calc(-4% \/ 2 );\"><div class=\"fusion-layout-column fusion_builder_column fusion-builder-column-0 fusion_builder_column_1_1 1_1 fusion-flex-column\" style=\"--awb-bg-size:cover;--awb-width-large:100%;--awb-margin-top-large:0px;--awb-spacing-right-large:1.92%;--awb-margin-bottom-large:20px;--awb-spacing-left-large:1.92%;--awb-width-medium:100%;--awb-order-medium:0;--awb-spacing-right-medium:1.92%;--awb-spacing-left-medium:1.92%;--awb-width-small:100%;--awb-order-small:0;--awb-spacing-right-small:1.92%;--awb-spacing-left-small:1.92%;\"><div class=\"fusion-column-wrapper fusion-column-has-shadow fusion-flex-justify-content-flex-start fusion-content-layout-column\"><div class=\"fusion-text fusion-text-1\" style=\"--awb-content-alignment:justify;\"><h2>INFORMACI\u00d3 DEL CANAL DE DEN\u00daNCIES<\/h2>\n<h3><strong>Introducci\u00f3<\/strong><\/h3>\n<p>BRUGAROLAS, S.A., disposa d&#8217;un canal de den\u00fancies a fi que aquells coneixedors d&#8217;infraccions greus o delictes comesos durant l&#8217;exercici de la seva activitat o relaci\u00f3 amb la companyia ho posin en coneixement de la mateixa . El canal \u00e9s l&#8217;instrument de comunicaci\u00f3 que integra el sistema intern d&#8217;informaci\u00f3 de l&#8217;organitzaci\u00f3.<\/p>\n<h3><strong>Qui pot informar\/denunciar a trav\u00e9s del canal de den\u00fancies<\/strong><\/h3>\n<p>Treballadors de la companyia, antics treballadors, voluntaris, becaris, treballadors en per\u00edodes de formaci\u00f3, candidats, aut\u00f2noms, socis, personal d&#8217;empreses contractistes, subcontractistes i prove\u00efdors, representants legals dels treballadors o persones f\u00edsiques que assessorin l&#8217;informant,\u00a0persones f\u00edsiques que estiguin relacionades amb l&#8217;informant i que puguin patir repres\u00e0lies, com companys de treball o familiars de l&#8217;informant, persones jur\u00eddiques, per a les quals treballi o amb les quals mantingui qualsevol altre tipus de relaci\u00f3 en un context laboral o en les quals en tingui una participaci\u00f3 significativa.<\/p>\n<h3><strong>Que es pot denunciar<\/strong><\/h3>\n<ul>\n<li>Accions o omissions que puguin constituir infraccions del dret de la Uni\u00f3 Europea.<\/li>\n<li>Accions o omissions que puguin ser constitutives d&#8217;infracci\u00f3 penal o administrativa greu o molt greu<\/li>\n<li>Infraccions del dret laboral en mat\u00e8ria de seguretat i salut a la feina.<\/li>\n<\/ul>\n<p><u>Aquest canal no \u00e9s un instrument de comunicaci\u00f3 de queixes laborals o mercantils Interparts.<\/u><\/p>\n<p>El canal s&#8217;ha d&#8217;utilitzar de bona fe, si la persona denunciant actua amb consci\u00e8ncia de la manca de veracitat de les dades aportades, o amb l&#8217;\u00fanica finalitat de denigrar la persona o instituci\u00f3 denunciades, se li podran exigir les responsabilitats que corresponguin.<\/p>\n<h3><strong>Confidencialitat i no repres\u00e0lia<\/strong><\/h3>\n<p>Aquest sistema garanteix la confidencialitat del denunciant i qualsevol tercer que aparegui a la comunicaci\u00f3 tant legalment com t\u00e8cnicament i permet l&#8217;anonimat.<\/p>\n<p>Aix\u00ed mateix, el sistema se sotmet al principi de no repres\u00e0lia per a qualsevol dels denunciants o tercers. Quan l\u00b4organitzaci\u00f3 tingui coneixement que la persona denunciant o informant ha estat objecte dactes dintimidaci\u00f3 o de repres\u00e0lies, ha de promoure o exercir les accions correctores o restitut\u00f2ries que siguin oportunes.<\/p>\n<h3><strong>Den\u00fancies an\u00f2nimes<\/strong><\/h3>\n<p>La den\u00fancia pot ser an\u00f2nima; el m\u00e9s important \u00e9s la versemblan\u00e7a dels fets exposats, no la persona que presenta aquesta den\u00fancia. L&#8217;anonimat, per\u00f2, dificulta la possibilitat de mantenir un canal de comunicaci\u00f3 obert amb el denunciant, cosa que facilita el proc\u00e9s d&#8217;an\u00e0lisi i investigaci\u00f3. Aix\u00ed mateix, depenent del tipus d&#8217;infracci\u00f3 denunciada (especialment si afecta directament la persona denunciant), l&#8217;anonimat tamb\u00e9 pot dificultar notablement la investigaci\u00f3.<\/p>\n<h3><strong>Tramitaci\u00f3 de la den\u00fancia<\/strong><\/h3>\n<p>L&#8217;enviament de la den\u00fancia genera autom\u00e0ticament un n\u00famero de recepci\u00f3 a la disposici\u00f3 del denunciant. La den\u00fancia es trasllada al responsable de sistemes de la companyia i s&#8217;inicia la fase d&#8217;an\u00e0lisi i investigaci\u00f3.<\/p>\n<p>Les tramitacions es duran a terme amb la m\u00e0xima reserva i confidencialitat, dacord amb la llei.<\/p>\n<p>En un termini m\u00e0xim de tres mesos (prorrogable 3 mesos m\u00e9s en cas que la investigaci\u00f3 sigui especialment complexa), l&#8217;empresa comunicar\u00e0 al denunciant el contingut de la resoluci\u00f3 que es deriva de la seva den\u00fancia (sempre que la den\u00fancia no sigui an\u00f2nima).<\/p>\n<p>Hi ha la possibilitat de mantenir la comunicaci\u00f3 amb el denunciant o que se sol\u00b7liciti informaci\u00f3 addicional.<\/p>\n<p>Si de les seves investigacions es desprenen indicis de delicte, es traslladaran els fets a la Fiscalia o a l&#8217;autoritat judicial i, si escau, a la fiscalia europea.<\/p>\n<p>La persona afectada tindr\u00e0 el dret a ser informada de les accions o omissions que se li atribueixen, respectant sempre el dret a l&#8217;honor i la presumpci\u00f3 d&#8217;innoc\u00e8ncia.<\/p>\n<h3><strong>Autoritat independent de protecci\u00f3 de l&#8217;informant<\/strong><\/h3>\n<p>Us informem que podeu fer la vostra den\u00fancia a trav\u00e9s del canal habilitat a la p\u00e0gina web de l&#8217;Oficina Antifrau de Catalunya, \u00f2rgan competent de la comunitat aut\u00f2noma habilitat per dur a terme les funcions descrites en aquest document.<\/p>\n<h3><strong>Informaci\u00f3 sobre protecci\u00f3 de dades personals<\/strong><\/h3>\n<p>El tractament de dades personals es dur\u00e0 a terme de conformitat amb el que disposa el Reglament (UE) 2016\/679 de 27 d&#8217;abril de 2016, de protecci\u00f3 de les persones f\u00edsiques pel que fa al tractament de les teves dades personals (d&#8217;ara endavant, el \u201cRGPD\u201d), i la Llei org\u00e0nica 3\/2018, de 5 de desembre, de Protecci\u00f3 de Dades Personals i garantia dels drets digitals (d&#8217;ara endavant, \u201cLOPDGDD\u201d) En aquest sentit BRUGAROLAS l&#8217;informa del seg\u00fcent:<\/p>\n<p><u>Responable del tractament:<\/u><\/p>\n<p>BRUGAROLAS tractar\u00e0 les dades recaptades a trav\u00e9s del Canal de den\u00fancies com a Responsable del tractament.<\/p>\n<p><u>Finalitats del tractament<\/u><\/p>\n<p>Tractarem les seves dades personals, la informaci\u00f3 i els documents que ens faciliti amb la finalitat de tramitar, investigar i proposar resolucions sobre les comunicacions i den\u00fancies relacionades amb possibles fets delictius o incompliments normatius i \u00e8tics rebuts a trav\u00e9s d&#8217;aquest canal.<\/p>\n<p><u>Base de legitimaci\u00f3 del tractament<\/u><\/p>\n<p>La base legal que legitima el tractament de les seves dades resideix en el compliment d&#8217;una obligaci\u00f3 legal, en virtut del que disposa l&#8217;article 30 de la Llei de Protecci\u00f3 de l&#8217;Informant.<\/p>\n<p><u>Termini de conservaci\u00f3 de les dades en el Canal de den\u00fancies.<\/u><\/p>\n<p>Les dades personals tractades amb aquesta finalitat es conservaran en el Canal de den\u00fancies \u00fanicament durant el temps imprescindible per a decidir sobre la proced\u00e8ncia d&#8217;iniciar una investigaci\u00f3 sobre els fets denunciats. En tot cas, transcorreguts tres mesos des de la recepci\u00f3 de les dades sense que s&#8217;haguessin iniciat actuacions d\u2019investigaci\u00f3, es procedir\u00e0 a la seva anonimitzaci\u00f3 amb la finalitat de deixar evid\u00e8ncies del funcionament del sistema.<\/p>\n<p>Si es decid\u00eds iniciar una investigaci\u00f3, les dades personals es conservaran fora del canal de den\u00fancies durant el temps que duri la investigaci\u00f3 dels fets. En cas que de la investigaci\u00f3 es desprengui l&#8217;adopci\u00f3 de determinades mesures contra les persones investigades, les dades es conservaran en tant persisteixin les accions legals que procedeixin.<\/p>\n<p>Una vegada finalitzat el termini de conservaci\u00f3 corresponent, les dades seran degudament bloquejades i conservades a fi de provar el compliment de la normativa en relaci\u00f3 a disposar d&#8217;un model de compliance conforme als requisits de l&#8217;art. 31 bis del Codi Penal per un per\u00edode no superior a deu anys.<\/p>\n<p><u>Destinataris de les dades personals<\/u><\/p>\n<p>En general, l&#8217;acc\u00e9s a les dades quedar\u00e0 limitat exclusivament als qui formen part d&#8217;\u00f2rgans de govern relacionats amb funcions de compliment, i\/o als encarregats de la investigaci\u00f3 interns o externs (aquests \u00faltims com a encarregats del tractament) que eventualment siguin designats.<\/p>\n<p>Les teves dades no seran cedides a cap tercer, excepte a aquells prove\u00efdors de serveis per a la recepci\u00f3 de comunicacions en el canal i, si \u00e9s el cas, gesti\u00f3 i realitzaci\u00f3 de les investigacions que resultin necess\u00e0ries.<\/p>\n<p>Sense perjudici de l&#8217;anterior, les dades personals de les den\u00fancies podran ser comunicades a les forces i cossos de seguretat, Jutges o Tribunals, aix\u00ed com qualsevol altre organisme competent en cas de ser requerits en compliment de la legislaci\u00f3 vigent.<\/p>\n<p><u>Transfer\u00e8ncies internacionals<\/u><\/p>\n<p>No es realitza transfer\u00e8ncia internacional de dades.<\/p>\n<p><u>Exercici de drets<\/u><\/p>\n<p>L&#8217;informem que t\u00e9 reconeguts en tot moment els seus drets d&#8217;acc\u00e9s, rectificaci\u00f3, supressi\u00f3, oposici\u00f3, limitaci\u00f3 del tractament i portabilitat de les dades enviant un mail a <a href=\"mailto:protecciondatos@brugarolas.com\">protecciondatos@brugarolas.com<\/a><\/p>\n<p>En el termini m\u00e0xim d&#8217;un mes atendrem la seva sol\u00b7licitud.<\/p>\n<p>Tingui en compte que els drets de supressi\u00f3 i oposici\u00f3 poden trobar-se limitats mentre es trobi en curs la investigaci\u00f3 dels fets denunciats o s&#8217;estiguin exercint accions judicials o extrajudicials sobre aquests, havent de conservar la identitat del denunciant per a la satisfacci\u00f3 dels interessos de Brugarolas o per al compliment d&#8217;una obligaci\u00f3 legal.<\/p>\n<p>En tot cas, t\u00e9 dret a presentar una reclamaci\u00f3 davant l&#8217;Ag\u00e8ncia Espanyola de Protecci\u00f3 de Dades (www.aepd.es), situada al C\/Jorge Juan n\u00fam. 6 de 28001 Madrid, en el cas que consideri que Brugarolas ha vulnerat els drets que li s\u00f3n reconeguts per la legislaci\u00f3 apliable<\/p>\n<\/div><div style=\"text-align:center;\"><a class=\"fusion-button button-flat fusion-button-default-size button-default fusion-button-default button-1 fusion-button-default-span fusion-button-default-type\" style=\"--awb-margin-top:20px;\" target=\"_blank\" rel=\"noopener noreferrer\" href=\"https:\/\/itsconsulting.es\/formulari-canal-denuncias-brugarolas\/?lang=ca\"><span class=\"fusion-button-text awb-button__text awb-button__text--default\">Formulari Canal de den\u00fancies<\/span><\/a><\/div><\/div><\/div><\/div><\/div>\n","protected":false},"excerpt":{"rendered":"","protected":false},"author":1,"featured_media":0,"parent":0,"menu_order":0,"comment_status":"closed","ping_status":"closed","template":"","meta":{"footnotes":""},"class_list":["post-12230","page","type-page","status-publish","hentry"],"yoast_head":"<!-- This site is optimized with the Yoast SEO plugin v27.4 - https:\/\/yoast.com\/product\/yoast-seo-wordpress\/ -->\n<title>Canal de Den\u00fancies - Brugarolas fabricante de lubricantes industriales<\/title>\n<meta name=\"robots\" content=\"index, follow, max-snippet:-1, max-image-preview:large, max-video-preview:-1\" \/>\n<link rel=\"canonical\" href=\"https:\/\/brugarolas.com\/ca\/canal-de-denuncies\/\" \/>\n<meta property=\"og:locale\" content=\"ca_ES\" \/>\n<meta property=\"og:type\" content=\"article\" \/>\n<meta property=\"og:title\" content=\"Canal de Den\u00fancies - Brugarolas fabricante de lubricantes industriales\" \/>\n<meta property=\"og:url\" content=\"https:\/\/brugarolas.com\/ca\/canal-de-denuncies\/\" \/>\n<meta property=\"og:site_name\" content=\"Brugarolas fabricante de lubricantes industriales\" \/>\n<meta property=\"article:modified_time\" content=\"2023-12-21T10:40:35+00:00\" \/>\n<meta name=\"twitter:card\" content=\"summary_large_image\" \/>\n<meta name=\"twitter:label1\" content=\"Temps estimat de lectura\" \/>\n\t<meta name=\"twitter:data1\" content=\"6 minuts\" \/>\n<script type=\"application\/ld+json\" class=\"yoast-schema-graph\">{\"@context\":\"https:\\\/\\\/schema.org\",\"@graph\":[{\"@type\":\"WebPage\",\"@id\":\"https:\\\/\\\/brugarolas.com\\\/ca\\\/canal-de-denuncies\\\/\",\"url\":\"https:\\\/\\\/brugarolas.com\\\/ca\\\/canal-de-denuncies\\\/\",\"name\":\"Canal de Den\u00fancies - Brugarolas fabricante de lubricantes industriales\",\"isPartOf\":{\"@id\":\"https:\\\/\\\/brugarolas.com\\\/ca\\\/#website\"},\"datePublished\":\"2023-12-21T10:37:59+00:00\",\"dateModified\":\"2023-12-21T10:40:35+00:00\",\"breadcrumb\":{\"@id\":\"https:\\\/\\\/brugarolas.com\\\/ca\\\/canal-de-denuncies\\\/#breadcrumb\"},\"inLanguage\":\"ca\",\"potentialAction\":[{\"@type\":\"ReadAction\",\"target\":[\"https:\\\/\\\/brugarolas.com\\\/ca\\\/canal-de-denuncies\\\/\"]}]},{\"@type\":\"BreadcrumbList\",\"@id\":\"https:\\\/\\\/brugarolas.com\\\/ca\\\/canal-de-denuncies\\\/#breadcrumb\",\"itemListElement\":[{\"@type\":\"ListItem\",\"position\":1,\"name\":\"Portada\",\"item\":\"https:\\\/\\\/brugarolas.com\\\/ca\\\/\"},{\"@type\":\"ListItem\",\"position\":2,\"name\":\"Canal de Den\u00fancies\"}]},{\"@type\":\"WebSite\",\"@id\":\"https:\\\/\\\/brugarolas.com\\\/ca\\\/#website\",\"url\":\"https:\\\/\\\/brugarolas.com\\\/ca\\\/\",\"name\":\"Brugarolas fabricante de lubricantes industriales\",\"description\":\"\",\"publisher\":{\"@id\":\"https:\\\/\\\/brugarolas.com\\\/ca\\\/#organization\"},\"potentialAction\":[{\"@type\":\"SearchAction\",\"target\":{\"@type\":\"EntryPoint\",\"urlTemplate\":\"https:\\\/\\\/brugarolas.com\\\/ca\\\/?s={search_term_string}\"},\"query-input\":{\"@type\":\"PropertyValueSpecification\",\"valueRequired\":true,\"valueName\":\"search_term_string\"}}],\"inLanguage\":\"ca\"},{\"@type\":\"Organization\",\"@id\":\"https:\\\/\\\/brugarolas.com\\\/ca\\\/#organization\",\"name\":\"Brugarolas, S.A.\",\"url\":\"https:\\\/\\\/brugarolas.com\\\/ca\\\/\",\"logo\":{\"@type\":\"ImageObject\",\"inLanguage\":\"ca\",\"@id\":\"https:\\\/\\\/brugarolas.com\\\/ca\\\/#\\\/schema\\\/logo\\\/image\\\/\",\"url\":\"https:\\\/\\\/brugarolas.com\\\/wp-content\\\/uploads\\\/brugarolas-retina-mobile-1.png\",\"contentUrl\":\"https:\\\/\\\/brugarolas.com\\\/wp-content\\\/uploads\\\/brugarolas-retina-mobile-1.png\",\"width\":640,\"height\":135,\"caption\":\"Brugarolas, S.A.\"},\"image\":{\"@id\":\"https:\\\/\\\/brugarolas.com\\\/ca\\\/#\\\/schema\\\/logo\\\/image\\\/\"}}]}<\/script>\n<!-- \/ Yoast SEO plugin. -->","yoast_head_json":{"title":"Canal de Den\u00fancies - Brugarolas fabricante de lubricantes industriales","robots":{"index":"index","follow":"follow","max-snippet":"max-snippet:-1","max-image-preview":"max-image-preview:large","max-video-preview":"max-video-preview:-1"},"canonical":"https:\/\/brugarolas.com\/ca\/canal-de-denuncies\/","og_locale":"ca_ES","og_type":"article","og_title":"Canal de Den\u00fancies - Brugarolas fabricante de lubricantes industriales","og_url":"https:\/\/brugarolas.com\/ca\/canal-de-denuncies\/","og_site_name":"Brugarolas fabricante de lubricantes industriales","article_modified_time":"2023-12-21T10:40:35+00:00","twitter_card":"summary_large_image","twitter_misc":{"Temps estimat de lectura":"6 minuts"},"schema":{"@context":"https:\/\/schema.org","@graph":[{"@type":"WebPage","@id":"https:\/\/brugarolas.com\/ca\/canal-de-denuncies\/","url":"https:\/\/brugarolas.com\/ca\/canal-de-denuncies\/","name":"Canal de Den\u00fancies - Brugarolas fabricante de lubricantes industriales","isPartOf":{"@id":"https:\/\/brugarolas.com\/ca\/#website"},"datePublished":"2023-12-21T10:37:59+00:00","dateModified":"2023-12-21T10:40:35+00:00","breadcrumb":{"@id":"https:\/\/brugarolas.com\/ca\/canal-de-denuncies\/#breadcrumb"},"inLanguage":"ca","potentialAction":[{"@type":"ReadAction","target":["https:\/\/brugarolas.com\/ca\/canal-de-denuncies\/"]}]},{"@type":"BreadcrumbList","@id":"https:\/\/brugarolas.com\/ca\/canal-de-denuncies\/#breadcrumb","itemListElement":[{"@type":"ListItem","position":1,"name":"Portada","item":"https:\/\/brugarolas.com\/ca\/"},{"@type":"ListItem","position":2,"name":"Canal de Den\u00fancies"}]},{"@type":"WebSite","@id":"https:\/\/brugarolas.com\/ca\/#website","url":"https:\/\/brugarolas.com\/ca\/","name":"Brugarolas fabricante de lubricantes industriales","description":"","publisher":{"@id":"https:\/\/brugarolas.com\/ca\/#organization"},"potentialAction":[{"@type":"SearchAction","target":{"@type":"EntryPoint","urlTemplate":"https:\/\/brugarolas.com\/ca\/?s={search_term_string}"},"query-input":{"@type":"PropertyValueSpecification","valueRequired":true,"valueName":"search_term_string"}}],"inLanguage":"ca"},{"@type":"Organization","@id":"https:\/\/brugarolas.com\/ca\/#organization","name":"Brugarolas, S.A.","url":"https:\/\/brugarolas.com\/ca\/","logo":{"@type":"ImageObject","inLanguage":"ca","@id":"https:\/\/brugarolas.com\/ca\/#\/schema\/logo\/image\/","url":"https:\/\/brugarolas.com\/wp-content\/uploads\/brugarolas-retina-mobile-1.png","contentUrl":"https:\/\/brugarolas.com\/wp-content\/uploads\/brugarolas-retina-mobile-1.png","width":640,"height":135,"caption":"Brugarolas, S.A."},"image":{"@id":"https:\/\/brugarolas.com\/ca\/#\/schema\/logo\/image\/"}}]}},"_links":{"self":[{"href":"https:\/\/brugarolas.com\/ca\/wp-json\/wp\/v2\/pages\/12230","targetHints":{"allow":["GET"]}}],"collection":[{"href":"https:\/\/brugarolas.com\/ca\/wp-json\/wp\/v2\/pages"}],"about":[{"href":"https:\/\/brugarolas.com\/ca\/wp-json\/wp\/v2\/types\/page"}],"author":[{"embeddable":true,"href":"https:\/\/brugarolas.com\/ca\/wp-json\/wp\/v2\/users\/1"}],"replies":[{"embeddable":true,"href":"https:\/\/brugarolas.com\/ca\/wp-json\/wp\/v2\/comments?post=12230"}],"version-history":[{"count":3,"href":"https:\/\/brugarolas.com\/ca\/wp-json\/wp\/v2\/pages\/12230\/revisions"}],"predecessor-version":[{"id":12234,"href":"https:\/\/brugarolas.com\/ca\/wp-json\/wp\/v2\/pages\/12230\/revisions\/12234"}],"wp:attachment":[{"href":"https:\/\/brugarolas.com\/ca\/wp-json\/wp\/v2\/media?parent=12230"}],"curies":[{"name":"wp","href":"https:\/\/api.w.org\/{rel}","templated":true}]}}