{"id":2402,"date":"2019-03-12T16:15:46","date_gmt":"2019-03-12T15:15:46","guid":{"rendered":"https:\/\/brugarolas.com\/aviso-legal\/"},"modified":"2019-07-19T09:43:40","modified_gmt":"2019-07-19T07:43:40","slug":"avis-legal","status":"publish","type":"page","link":"https:\/\/brugarolas.com\/ca\/avis-legal\/","title":{"rendered":"Av\u00eds legal"},"content":{"rendered":"<div class=\"justificado\">BRUGAROLAS SA \u00e9s la societat titular d\u2019aquesta Web. Per donar compliment a la Llei 34\/2002 de Serveis de la Societat de la Informaci\u00f3 i comer\u00e7 electr\u00f2nic comuniquem a continuaci\u00f3 les seg\u00fcents dades:<strong>BRUGAROLAS, S.A.<\/strong><br \/>\nA08068306<br \/>\nCam\u00ed de la Riera, 36-44<br \/>\nPol\u00edgon Industrial Cova Solera<br \/>\n08191 Rub\u00ed \u2013 Barcelona<br \/>\nTel\u00e8fon +34 935 883 100Inscrita al Registre Mercantil de Barcelona, Tom 584-150, Secci\u00f3 2\u00aa, Foli 142, Fulla 2067 Inscripci\u00f3 1\u00aa en 26\/4\/1949<\/p>\n<div class=\"wpb_row vc_row-fluid\">\n<div class=\"vc_span12 wpb_column column_container\">\n<div class=\"wpb_wrapper\">\n<div class=\"row moduletitle\">\n<div class=\"titletext\">\n<h2>1.- Termes d&#8217;\u00fas<\/h2>\n<\/div>\n<\/div>\n<\/div>\n<\/div>\n<\/div>\n<p>L\u2019usuari s\u2019obliga a utilitzar la informaci\u00f3 continguda a la present p\u00e0gina Web per a les seves pr\u00f2pies necessitats exclusivament i a no realitzar directa o indirectament cap tipus d\u2019explotaci\u00f3 comercial dels continguts i serveis als quals t\u00e9 acc\u00e9s. L\u2019usuari tindr\u00e0 dret a l\u2019acc\u00e9s lliure i gratu\u00eft de la informaci\u00f3 p\u00fablica recollida en la mateixa, si b\u00e9 BRUGAROLAS es reserva el dret a restringir l\u2019acc\u00e9s a determinades seccions i serveis del Portal. \u00c9s intenci\u00f3 de BRUGAROLAS oferir a tot moment una informaci\u00f3 vera\u00e7 i actualitzada. No obstant aix\u00f2, aquesta informaci\u00f3 pot contenir incorreccions tipogr\u00e0fiques o fins i tot t\u00e8cniques i BRUGAROLAS no es responsabilitza de la idone\u00eftat de la informaci\u00f3 continguda a la Web.<\/p>\n<div class=\"wpb_row vc_row-fluid\">\n<div class=\"vc_span12 wpb_column column_container\">\n<div class=\"wpb_wrapper\">\n<div class=\"row moduletitle\">\n<div class=\"titletext\">\n<h2>2.- Enlla\u00e7os (Links)<\/h2>\n<\/div>\n<\/div>\n<\/div>\n<\/div>\n<\/div>\n<p>Aquesta Web pot oferir diferents enlla\u00e7os amb altres p\u00e0gines Web de tercers, el contingut dels quals pot variar, de forma r\u00e0pida, per les caracter\u00edstiques pr\u00f2pies d\u2019Internet. Per tant, BRUGAROLAS no es fa responsable de les informacions, serveis i contingut en general d\u2019aquestes p\u00e0gines Web de tercers.<\/p>\n<p>Qualsevol p\u00e0gina externa a la qual s\u2019accedeixi des de la p\u00e0gina de BRUGAROLAS \u00e9s independent i BRUGAROLAS COL\u00d3N no t\u00e9 cap control del contingut d\u2019aquesta p\u00e0gina. A m\u00e9s, un enlla\u00e7 amb qualsevol altra p\u00e0gina que no sigui de BRUGAROLAS no implica que aquesta recolzi o accepti cap responsabilitat pel seu contingut o \u00fas.<\/p>\n<p>En el cas que BRUGAROLAS tingu\u00e9s coneixement efectiu que l\u2019activitat o la informaci\u00f3 a la qual remeten aquests enlla\u00e7os \u00e9s il\u00b7l\u00edcita, constitutiva de delicte o que pot lesionar b\u00e9ns o drets de tercers susceptibles d\u2019indemnitzaci\u00f3, actuar\u00e0 amb la dilig\u00e8ncia necess\u00e0ria per suprimir o inutilitzar l\u2019enlla\u00e7 corresponent com m\u00e9s aviat millor.<\/p>\n<div class=\"wpb_row vc_row-fluid\">\n<div class=\"vc_span12 wpb_column column_container\">\n<div class=\"wpb_wrapper\">\n<div class=\"row moduletitle\">\n<div class=\"titletext\">\n<h2>3.- Drets de propietat intel\u00b7lectual i industrial<\/h2>\n<\/div>\n<\/div>\n<\/div>\n<\/div>\n<\/div>\n<p>Els drets relatius a la propietat industrial i intel\u00b7lectual (a t\u00edtol enunciatiu i no limitatiu les marques, logotips, textos, fotografies, icones, imatges, etc., aix\u00ed com el disseny gr\u00e0fic, codi font i altres elements de software continguts a la present p\u00e0gina Web), s\u00f3n propietat de BRUGAROLAS. Per tant, estan subjectes a drets de propietat intel\u00b7lectual i industrial protegits per la legislaci\u00f3 espanyola i internacional.<\/p>\n<p>Sense la pr\u00e8via autoritzaci\u00f3 escrita de forma fefaent de BRUGAROLAS, no est\u00e0 perm\u00e8s utilitzar, reproduir, transmetre, manipular, aix\u00ed com qualsevol \u00fas que excedeixi de la utilitzaci\u00f3 necess\u00e0ria per a la visita de la p\u00e0gina i l\u2019\u00fas dels serveis oferts. L\u2019acc\u00e9s als serveis subministrats no suposa per part de BRUGAROLAS ren\u00fancia, transmissi\u00f3, ni cessi\u00f3 total o parcial dels drets derivats de la propietat intel\u00b7lectual i industrial, ni atribueix drets d\u2019utilitzaci\u00f3, alteraci\u00f3, explotaci\u00f3, reproducci\u00f3, distribuci\u00f3 o comunicaci\u00f3 p\u00fablica sobre aquests continguts sense la pr\u00e8via i expressa autoritzaci\u00f3 per escrit dels respectius titulars de d\u2019aquest drets, sense perjudici del dret de visualitzaci\u00f3 i obtenci\u00f3 de c\u00f2pia privada de seguretat d\u2019aquests continguts, sempre que aquest dret s\u2019exerciti segons els principis de bona fe i sempre que es mantingui inalterada la propietat intel\u00b7lectual i industrial del titular d\u2019aquests drets, s\u2019utilitzi sense finalitats comercials i exclusivament per a informaci\u00f3 personal de l\u2019usuari. La responsabilitat derivada de l\u2019\u00fas de materials protegits pels drets de propietat intel\u00b7lectual i industrial continguts en aquesta p\u00e0gina correspondr\u00e0 exclusivament a l\u2019usuari.<\/p>\n<div class=\"wpb_row vc_row-fluid\">\n<div class=\"vc_span12 wpb_column column_container\">\n<div class=\"wpb_wrapper\">\n<div class=\"row moduletitle\">\n<div class=\"titletext\">\n<h2>4.- \u00c8tica i responsabilitat de l&#8217;usuari de la p\u00e0gina Web corporativa:<\/h2>\n<\/div>\n<\/div>\n<\/div>\n<\/div>\n<\/div>\n<p>BRUGAROLAS no ser\u00e0 en cap cas responsable de l\u2019\u00fas de la Web Corporativa que realitzi l\u2019usuari. L\u2019usuari s\u2019abstindr\u00e0 de dur a terme qualsevol conducta en l\u2019\u00fas de la Web corporativa o dels recursos posats a la seva disposici\u00f3 que atempti contra els drets de propietat intel\u00b7lectual o industrial de BRUGAROLAS o de tercers, que vulneri o transgreda l\u2019honor, la intimitat personal o familiar o la imatge a tercers, o que siguin il\u00b7l\u00edcits o atemptin a la moralitat i deixar\u00e0 en tot cas indemne a BRUGAROLAS front qualsevol reclamaci\u00f3, judicial o extrajudicial, que es present enfront d\u2019ella com a conseq\u00fc\u00e8ncia d\u2019aquest \u00fas. L\u2019usuari s\u2019abstindr\u00e0 de dur a terme per qualsevol mitj\u00e0 qualsevol destrucci\u00f3, alteraci\u00f3, inutilitzaci\u00f3 o danys de les dades, programes o documents electr\u00f2nics pertanyents a BRUGAROLAS, aix\u00ed com d\u2019introducci\u00f3 o difondre a la Xarxa programes, virus, applets, o qualsevol instrument f\u00edsic o electr\u00f2nic que causin o siguin susceptibles de causar qualsevol tipus d\u2019alteraci\u00f3 a la Xarxa, en el sistema, o en els equips de tercers.<\/p>\n<div class=\"wpb_row vc_row-fluid\">\n<div class=\"vc_span12 wpb_column column_container\">\n<div class=\"wpb_wrapper\">\n<div class=\"row moduletitle\">\n<div class=\"titletext\">\n<h2>5.- Llei aplicable \u2013 Jurisdicci\u00f3<\/h2>\n<\/div>\n<\/div>\n<\/div>\n<\/div>\n<\/div>\n<p>La resoluci\u00f3 de qualsevol controv\u00e8rsia o diverg\u00e8ncia relacionada amb el present lloc web es regir\u00e0 per la legislaci\u00f3 espanyola, sent exclusivament competents els Jutjats i Tribunals de la ciutat de Barcelona.\n<\/p><\/div>\n","protected":false},"excerpt":{"rendered":"<p>BRUGAROLAS SA \u00e9s la societat titular d\u2019aquesta Web. Per donar compliment a la Llei 34\/2002 de Serveis de la Societat de la Informaci\u00f3 i comer\u00e7  [&#8230;]<\/p>\n","protected":false},"author":1,"featured_media":0,"parent":0,"menu_order":0,"comment_status":"closed","ping_status":"closed","template":"","meta":{"footnotes":""},"class_list":["post-2402","page","type-page","status-publish","hentry"],"yoast_head":"<!-- This site is optimized with the Yoast SEO plugin v27.3 - https:\/\/yoast.com\/product\/yoast-seo-wordpress\/ -->\n<title>Av\u00eds legal - Brugarolas fabricante de lubricantes industriales<\/title>\n<meta name=\"robots\" content=\"index, follow, max-snippet:-1, max-image-preview:large, max-video-preview:-1\" \/>\n<link rel=\"canonical\" href=\"https:\/\/brugarolas.com\/ca\/avis-legal\/\" \/>\n<meta property=\"og:locale\" content=\"ca_ES\" \/>\n<meta property=\"og:type\" content=\"article\" \/>\n<meta property=\"og:title\" content=\"Av\u00eds legal - Brugarolas fabricante de lubricantes industriales\" \/>\n<meta property=\"og:description\" content=\"BRUGAROLAS SA \u00e9s la societat titular d\u2019aquesta Web. Per donar compliment a la Llei 34\/2002 de Serveis de la Societat de la Informaci\u00f3 i comer\u00e7 [...]\" \/>\n<meta property=\"og:url\" content=\"https:\/\/brugarolas.com\/ca\/avis-legal\/\" \/>\n<meta property=\"og:site_name\" content=\"Brugarolas fabricante de lubricantes industriales\" \/>\n<meta property=\"article:modified_time\" content=\"2019-07-19T07:43:40+00:00\" \/>\n<meta name=\"twitter:card\" content=\"summary_large_image\" \/>\n<meta name=\"twitter:label1\" content=\"Temps estimat de lectura\" \/>\n\t<meta name=\"twitter:data1\" content=\"4 minuts\" \/>\n<script type=\"application\/ld+json\" class=\"yoast-schema-graph\">{\"@context\":\"https:\\\/\\\/schema.org\",\"@graph\":[{\"@type\":\"WebPage\",\"@id\":\"https:\\\/\\\/brugarolas.com\\\/ca\\\/avis-legal\\\/\",\"url\":\"https:\\\/\\\/brugarolas.com\\\/ca\\\/avis-legal\\\/\",\"name\":\"Av\u00eds legal - Brugarolas fabricante de lubricantes industriales\",\"isPartOf\":{\"@id\":\"https:\\\/\\\/brugarolas.com\\\/ca\\\/#website\"},\"datePublished\":\"2019-03-12T15:15:46+00:00\",\"dateModified\":\"2019-07-19T07:43:40+00:00\",\"breadcrumb\":{\"@id\":\"https:\\\/\\\/brugarolas.com\\\/ca\\\/avis-legal\\\/#breadcrumb\"},\"inLanguage\":\"ca\",\"potentialAction\":[{\"@type\":\"ReadAction\",\"target\":[\"https:\\\/\\\/brugarolas.com\\\/ca\\\/avis-legal\\\/\"]}]},{\"@type\":\"BreadcrumbList\",\"@id\":\"https:\\\/\\\/brugarolas.com\\\/ca\\\/avis-legal\\\/#breadcrumb\",\"itemListElement\":[{\"@type\":\"ListItem\",\"position\":1,\"name\":\"Portada\",\"item\":\"https:\\\/\\\/brugarolas.com\\\/ca\\\/\"},{\"@type\":\"ListItem\",\"position\":2,\"name\":\"Av\u00eds legal\"}]},{\"@type\":\"WebSite\",\"@id\":\"https:\\\/\\\/brugarolas.com\\\/ca\\\/#website\",\"url\":\"https:\\\/\\\/brugarolas.com\\\/ca\\\/\",\"name\":\"Brugarolas fabricante de lubricantes industriales\",\"description\":\"\",\"publisher\":{\"@id\":\"https:\\\/\\\/brugarolas.com\\\/ca\\\/#organization\"},\"potentialAction\":[{\"@type\":\"SearchAction\",\"target\":{\"@type\":\"EntryPoint\",\"urlTemplate\":\"https:\\\/\\\/brugarolas.com\\\/ca\\\/?s={search_term_string}\"},\"query-input\":{\"@type\":\"PropertyValueSpecification\",\"valueRequired\":true,\"valueName\":\"search_term_string\"}}],\"inLanguage\":\"ca\"},{\"@type\":\"Organization\",\"@id\":\"https:\\\/\\\/brugarolas.com\\\/ca\\\/#organization\",\"name\":\"Brugarolas, S.A.\",\"url\":\"https:\\\/\\\/brugarolas.com\\\/ca\\\/\",\"logo\":{\"@type\":\"ImageObject\",\"inLanguage\":\"ca\",\"@id\":\"https:\\\/\\\/brugarolas.com\\\/ca\\\/#\\\/schema\\\/logo\\\/image\\\/\",\"url\":\"https:\\\/\\\/brugarolas.com\\\/wp-content\\\/uploads\\\/brugarolas-retina-mobile-1.png\",\"contentUrl\":\"https:\\\/\\\/brugarolas.com\\\/wp-content\\\/uploads\\\/brugarolas-retina-mobile-1.png\",\"width\":640,\"height\":135,\"caption\":\"Brugarolas, S.A.\"},\"image\":{\"@id\":\"https:\\\/\\\/brugarolas.com\\\/ca\\\/#\\\/schema\\\/logo\\\/image\\\/\"}}]}<\/script>\n<!-- \/ Yoast SEO plugin. -->","yoast_head_json":{"title":"Av\u00eds legal - Brugarolas fabricante de lubricantes industriales","robots":{"index":"index","follow":"follow","max-snippet":"max-snippet:-1","max-image-preview":"max-image-preview:large","max-video-preview":"max-video-preview:-1"},"canonical":"https:\/\/brugarolas.com\/ca\/avis-legal\/","og_locale":"ca_ES","og_type":"article","og_title":"Av\u00eds legal - Brugarolas fabricante de lubricantes industriales","og_description":"BRUGAROLAS SA \u00e9s la societat titular d\u2019aquesta Web. Per donar compliment a la Llei 34\/2002 de Serveis de la Societat de la Informaci\u00f3 i comer\u00e7 [...]","og_url":"https:\/\/brugarolas.com\/ca\/avis-legal\/","og_site_name":"Brugarolas fabricante de lubricantes industriales","article_modified_time":"2019-07-19T07:43:40+00:00","twitter_card":"summary_large_image","twitter_misc":{"Temps estimat de lectura":"4 minuts"},"schema":{"@context":"https:\/\/schema.org","@graph":[{"@type":"WebPage","@id":"https:\/\/brugarolas.com\/ca\/avis-legal\/","url":"https:\/\/brugarolas.com\/ca\/avis-legal\/","name":"Av\u00eds legal - Brugarolas fabricante de lubricantes industriales","isPartOf":{"@id":"https:\/\/brugarolas.com\/ca\/#website"},"datePublished":"2019-03-12T15:15:46+00:00","dateModified":"2019-07-19T07:43:40+00:00","breadcrumb":{"@id":"https:\/\/brugarolas.com\/ca\/avis-legal\/#breadcrumb"},"inLanguage":"ca","potentialAction":[{"@type":"ReadAction","target":["https:\/\/brugarolas.com\/ca\/avis-legal\/"]}]},{"@type":"BreadcrumbList","@id":"https:\/\/brugarolas.com\/ca\/avis-legal\/#breadcrumb","itemListElement":[{"@type":"ListItem","position":1,"name":"Portada","item":"https:\/\/brugarolas.com\/ca\/"},{"@type":"ListItem","position":2,"name":"Av\u00eds legal"}]},{"@type":"WebSite","@id":"https:\/\/brugarolas.com\/ca\/#website","url":"https:\/\/brugarolas.com\/ca\/","name":"Brugarolas fabricante de lubricantes industriales","description":"","publisher":{"@id":"https:\/\/brugarolas.com\/ca\/#organization"},"potentialAction":[{"@type":"SearchAction","target":{"@type":"EntryPoint","urlTemplate":"https:\/\/brugarolas.com\/ca\/?s={search_term_string}"},"query-input":{"@type":"PropertyValueSpecification","valueRequired":true,"valueName":"search_term_string"}}],"inLanguage":"ca"},{"@type":"Organization","@id":"https:\/\/brugarolas.com\/ca\/#organization","name":"Brugarolas, S.A.","url":"https:\/\/brugarolas.com\/ca\/","logo":{"@type":"ImageObject","inLanguage":"ca","@id":"https:\/\/brugarolas.com\/ca\/#\/schema\/logo\/image\/","url":"https:\/\/brugarolas.com\/wp-content\/uploads\/brugarolas-retina-mobile-1.png","contentUrl":"https:\/\/brugarolas.com\/wp-content\/uploads\/brugarolas-retina-mobile-1.png","width":640,"height":135,"caption":"Brugarolas, S.A."},"image":{"@id":"https:\/\/brugarolas.com\/ca\/#\/schema\/logo\/image\/"}}]}},"_links":{"self":[{"href":"https:\/\/brugarolas.com\/ca\/wp-json\/wp\/v2\/pages\/2402","targetHints":{"allow":["GET"]}}],"collection":[{"href":"https:\/\/brugarolas.com\/ca\/wp-json\/wp\/v2\/pages"}],"about":[{"href":"https:\/\/brugarolas.com\/ca\/wp-json\/wp\/v2\/types\/page"}],"author":[{"embeddable":true,"href":"https:\/\/brugarolas.com\/ca\/wp-json\/wp\/v2\/users\/1"}],"replies":[{"embeddable":true,"href":"https:\/\/brugarolas.com\/ca\/wp-json\/wp\/v2\/comments?post=2402"}],"version-history":[{"count":2,"href":"https:\/\/brugarolas.com\/ca\/wp-json\/wp\/v2\/pages\/2402\/revisions"}],"predecessor-version":[{"id":2404,"href":"https:\/\/brugarolas.com\/ca\/wp-json\/wp\/v2\/pages\/2402\/revisions\/2404"}],"wp:attachment":[{"href":"https:\/\/brugarolas.com\/ca\/wp-json\/wp\/v2\/media?parent=2402"}],"curies":[{"name":"wp","href":"https:\/\/api.w.org\/{rel}","templated":true}]}}