{"id":3393,"date":"2019-03-12T16:24:17","date_gmt":"2019-03-12T15:24:17","guid":{"rendered":"https:\/\/brugarolas.com\/condiciones-de-venta\/"},"modified":"2019-07-29T12:14:13","modified_gmt":"2019-07-29T10:14:13","slug":"condicions-de-venda","status":"publish","type":"page","link":"https:\/\/brugarolas.com\/ca\/condicions-de-venda\/","title":{"rendered":"Condicions de venda"},"content":{"rendered":"<div class=\"justificado\">\n<h1>CONDICIONS GENERALS DE VENDA I SUBMINISTRAMENT<\/h1>\n<p>&nbsp;<\/p>\n<h2>1.- DEFINICIONS<\/h2>\n<p>1.1.- S&#8217;entendr\u00e0 per &#8220;L&#8217;Empresa&#8221;, la societat BRUGAROLAS, S.A.<\/p>\n<p>1.2.- S&#8217;entendr\u00e0 per &#8220;El Comprador&#8221; o &#8220;El Client&#8221;, la persona f\u00edsica o jur\u00eddica que contracti amb l&#8217;Empresa per adquirir-li b\u00e9ns o serveis.<\/p>\n<p>1.3.- S&#8217;entendr\u00e0 per &#8220;Producte&#8221; o &#8220;Servei&#8221; l&#8217;objecte de la relaci\u00f3 comercial formalitzada entre l&#8217;Empresa i el Client.<\/p>\n<p>1.4.- S&#8217;entendr\u00e0 per &#8220;Comanda&#8221; l&#8217;oferta de producte o servei realitzada per l&#8217;Empresa que hagi estat acceptada pel Client de forma escrita o verbal.<\/p>\n<p>1.5.- S&#8217;entendr\u00e0 per &#8220;Tarifa de Preus&#8221;, la llista de preus per producte elaborada per l&#8217;Empresa.<\/p>\n<p>&nbsp;<\/p>\n<h2>2.- CONDICIONS DE VENTA I SUBMINISTRAMENT<\/h2>\n<p>2.1.- Les comandes formalitzades entre l&#8217;Empresa i el Client es regularan pel que es disposa en les presents condicions de venda i subministrament excepte en aquells aspectes en qu\u00e8 excepcionalment s&#8217;acordi de forma expressa alguna variaci\u00f3.<\/p>\n<p>2.2.- No existir\u00e0 Comanda fins que el Client accepti de forma expressa i \u00edntegra l&#8217;oferta realitzada per l&#8217;Empresa. En aquesta oferta constaran sempre, com a m\u00ednim, les dades seg\u00fcents: Refer\u00e8ncia de l&#8217;oferta &#8211; nomeni del producte &#8211; tipus d&#8217;env\u00e0s &#8211; preu &#8211; termini de lliurament &#8211; demanat m\u00ednim &#8211; portis &#8211; validesa de l&#8217;oferta.<\/p>\n<p>2.3.- L&#8217;acceptaci\u00f3 de l&#8217;oferta per part del Client comportar\u00e0 la subjecci\u00f3 a totes i cadascuna de les condicions de l&#8217;oferta.<\/p>\n<p>2.4.- Qualsevol variaci\u00f3 de l&#8217;oferta remesa per l&#8217;Empresa haur\u00e0 de ser expressament acceptada per aquesta per escrit.<\/p>\n<p>2.5.- Els preus inclosos en la Tarifa de Preus de l&#8217;Empresa inclouen els envasos els ports pagats dins del territori peninsular, per\u00f2 no inclouen en cap cas l&#8217;I.V.A.<\/p>\n<p>2.6.- L&#8217;Empresa es reserva el dret a modificar lliurement la Tarifa de Preus quan les condicions del mercat aix\u00ed ho aconsellin.<\/p>\n<p>2.7.- La comanda m\u00ednima ser\u00e0 de 121 euros. En cas de comandes d&#8217;inferior import, l&#8217;Empresa inclour\u00e0 en el preu el cost de gesti\u00f3 de comanda m\u00ednima, que ascendeix a _________.<\/p>\n<p>2.8.- Els productes d&#8217;envasos petits v\u00e9nen condicionats en caixes de diverses unitats, tal com s&#8217;indica en cada cas. La unitat m\u00ednima de venda per a aquests productes \u00e9s la caixa completa, no subministrant-se unitats soltes.<\/p>\n<p>2.9.- El termini de lliurament de la Comanda podr\u00e0 acordar-se de la manera seg\u00fcent: &#8211; Lliurament A o immediata : dins dels deu dies seg\u00fcents a l&#8217;acceptaci\u00f3 de l&#8217;oferta. &#8211; Lliura B: deu dies a explicar de l&#8217;acceptaci\u00f3 de l&#8217;oferta. &#8211; Lliura C: m\u00e9s de quinze dies a explicar de l&#8217;acceptaci\u00f3 de l&#8217;oferta.<\/p>\n<p>2.10.- A partir del moment del lliurament del Producte en les instal\u00b7lacions del Client, aquest passa a ser l&#8217;\u00fanic responsable del mateix.<\/p>\n<p>2.11.- El Client haur\u00e0 de respectar les condicions de magatzematge, \u00fas i manipulaci\u00f3 del Producte contingudes en l&#8217;etiqueta del mateix.<\/p>\n<p>&nbsp;<\/p>\n<h2>3.- DEVOLUCIONS<\/h2>\n<p>3.1.- L&#8217;Empresa nom\u00e9s admetr\u00e0 aquelles devolucions que s&#8217;ajustin a les condicions previstes en aquest apartat.<\/p>\n<p>3.2.- Totes les devolucions hauran de ser comunicades pr\u00e8viament per escrit a l&#8217;Empresa indicant la incid\u00e8ncia i la causa de la mateixa.<\/p>\n<p>3.3.- L&#8217;Empresa es reserva en tot caso el dret a acceptar o no la devoluci\u00f3 una vegada hagi examinat el Producte retornat i comprovat la veracitat i abast de la causa de devoluci\u00f3. En aquells casos en qu\u00e8 l&#8217;empresa autoritzi la devoluci\u00f3, emetr\u00e0 un abonament per l&#8217;import de la Comanda.<\/p>\n<p>3.4.- Les devolucions derivades de trencaments o desperfectes greus en els envasos del Producte causats durant el transport del mateix hauran de fer-se constar en l&#8217;albar\u00e0 de lliurament del transportista, o en defecte d&#8217;aix\u00f2, mitjan\u00e7ant comunicaci\u00f3 escrita dirigida a l&#8217;empresa en el termini m\u00e0xim de 15 dies seg\u00fcents a la recepci\u00f3 de la Comanda. Transcorreguts 15 dies des del lliurament de la Comanda no s&#8217;admetr\u00e0 cap devoluci\u00f3.<\/p>\n<p>3.5.- Com a norma general, no s&#8217;admetran devolucions de productes caducats, obsolets, o en mal estat a causa d&#8217;un inadequat emmagatzematge. Aix\u00f2 no obstant aix\u00f2, d&#8217;estimar-se excepcionalment algun tipus de devoluci\u00f3 en aquests casos, l&#8217;Empresa tindr\u00e0 dret a descomptar de l&#8217;abonament corresponent el cost derivat del tractament com a residu del Producte retornat.<\/p>\n<p>3.6.- Les devolucions de Producte derivades de la mala qualitat del mateix hauran de comunicar-se a l&#8217;Empresa en un termini m\u00e0xim de 30 dies explicats des del lliurament del producte.<\/p>\n<p>&nbsp;<\/p>\n<h2>4.- PREUS<\/h2>\n<p>4.1.- El preu dels Productes ser\u00e0 el que consti en cada cas en l&#8217;oferta de l&#8217;Empresa acceptada pel Client.<\/p>\n<p>4.2.- Si l&#8217;oferta de l&#8217;Empresa es remitent al preu-tarifa, s&#8217;aplicar\u00e0 el preu vigent en aquest moment per al Producte en q\u00fcesti\u00f3 en la Tarifa de Preus de l&#8217;Empresa.<\/p>\n<p>4.3.- En cas de variaci\u00f3 de la Tarifa de Preus, aquesta s&#8217;aplicar\u00e0 a les Comandes que es formalitzin a partir de la modificaci\u00f3, excepte en el cas previst a l&#8217;apartat seg\u00fcent.<\/p>\n<p>4.4.- Si una vegada acceptada l&#8217;oferta pel Client es produ\u00eds un increment extraordinari dels costos de mat\u00e8ria primera, o dels impostos que graven els Productes, l&#8217;Empresa tindr\u00e0 dret a modificar el preu per adequar-ho a la nova situaci\u00f3, havent d&#8217;informar immediatament d&#8217;aix\u00f2 per escrit al Client, qui, al seu torn, disposar\u00e0 d&#8217;un termini de tres dies per confirmar tamb\u00e9 per escrit l&#8217;acceptaci\u00f3 del nou preu, o per rebutjar si escau l&#8217;oferta amb el nou preu.<\/p>\n<p>&nbsp;<\/p>\n<h2>5.- PAGAMENT<\/h2>\n<p>5.1.- Excepte acord en contrari, el pagament del preu de la Comanda, amb el seu IVA corresponent, ser\u00e0 realitzat pel Client en el termini de 90 dies explicats des de la data de la factura, mitjan\u00e7ant transfer\u00e8ncia banc\u00e0ria.<\/p>\n<p>5.2.- El retard en el pagament per part del Client facultar\u00e0 a l&#8217;Empresa per reclamar a aquell el pagament d&#8217;una penalitzaci\u00f3 d&#8217;acord amb la Llei 3\/2004 de 29 de desembre, per la qual s&#8217;estableixen mesures de lluita contra la morositat en les operacions comercials.<\/p>\n<p>&nbsp;<\/p>\n<h2>6.- RESPONSABILITATS<\/h2>\n<p>6.1.- Responsabilitat per producte danyat.- L&#8217;Empresa no assumir\u00e0 cap tipus de responsabilitat pels danys, trencaments o desperfectes que poguessin sofrir o causar-se als envasos dels Productes una vegada aquests hagin estat lliurats al Client. Aix\u00ed mateix, tampoc assumir\u00e0 cap responsabilitat en cas que aquests danys es causin als Productes durant la maniobra de desc\u00e0rrega del vehicle utilitzat per al transport dels mateixos quan aquesta maniobra la realitza directament personal del propi Client. En el cas que els danys, trencaments o desperfectes siguin causats durant el transport, l&#8217;Empresa acceptar\u00e0 la devoluci\u00f3 dels productes sempre que el Client compleixi les condicions de devoluci\u00f3 previstes a l&#8217;anterior apartat 3 d&#8217;aquestes Condicions Generals.<\/p>\n<p>6.2.- Responsabilitat pels envasos.- Excepte pacte en contrari, els envasos en qu\u00e8 \u00e9s subministrat el Producte passen a ser propietat del Client des del moment del lliurament del Producte. En conseq\u00fc\u00e8ncia, a partir del moment del lliurament, el Client \u00e9s l&#8217;\u00fanic responsable de l&#8217;env\u00e0s i del seu correcte tractament com a residu industrial, havent de complir a tot moment el que es disposa en la normativa de seguretat, medi ambient i tractament de residus.<\/p>\n<p>6.3.- Responsabilitat derivada de l&#8217;incorrecte magatzematge o manipulaci\u00f3 del Producte.- L&#8217;Empresa no ser\u00e0 mai responsable dels danys soferts pels Productes com a conseq\u00fc\u00e8ncia d&#8217;una mala manipulaci\u00f3 o magatzematge dels mateixos. S&#8217;entendr\u00e0 per mala manipulaci\u00f3 o magatzematge dels Productes, tota manipulaci\u00f3 o magatzematge del mateix que no s&#8217;ajusti al previst en aquest sentit en les especificacions t\u00e8cniques del producte i en la seva etiqueta.<\/p>\n<p>6.4.- Responsabilitat per producte defectu\u00f3s o de mala qualitat. En el cas de Producte en mal estat o defecte de qualitat, l&#8217;Empresa acceptar\u00e0 la devoluci\u00f3 del Producte defectu\u00f3s sempre que la devoluci\u00f3 es comuniqui pr\u00e8viament a l&#8217;Empresa dins del termini previst a l&#8217;anterior apartat 3.<\/p>\n<p>6.5.- Responsabilitat per danys a tercers. L&#8217;Empresa no ser\u00e0 responsable en cap cas dels danys que puguin ser causats a tercers com a conseq\u00fc\u00e8ncia de l&#8217;\u00fas dels Productes, quan aquests danys siguin conseq\u00fc\u00e8ncia d&#8217;un \u00fas incorrecte o inadequat dels mateixos. S&#8217;entendr\u00e0 per \u00fas incorrecte o inadequat del Producte tota utilitzaci\u00f3 del mateix per a finalitats diferents als quals ha de ser destinat, o tota utilitzaci\u00f3 en condicions que no s&#8217;ajustin a les especificacions t\u00e8cniques del Producte. Tampoc ser\u00e0 responsable l&#8217;Empresa dels danys causats a tercers per l&#8217;\u00fas del Producte, en aquells casos en qu\u00e8 el Producte es trobi en mal estat o contaminat per causes no imputables a l&#8217;Empresa.<\/p>\n<p>&nbsp;<\/p>\n<h2>7.- IMPOSTOS ESPECIALS<\/h2>\n<p>7.1.- Els Productes comercialitzats per l&#8217;Empresa no estan fabricats per ser utilitzats com a carburant ni com a combustible.<\/p>\n<p>7.2.- A l&#8217;efecte de no gravar al Client amb l&#8217;Impost Especial corresponent, l&#8217;Empresa comunicar\u00e0 en tot cas al Client aquells productes que si escau poguessin ser utilitzats com a carburant o combustible, els quals estarien llavors subjectes a la tarifa 2a de tributaci\u00f3 especial. En aquests casos, els Productes seran gravats amb el corresponent Impost Especial tret que el Client certifiqui a l&#8217;Empresa, per escrit, que actua com a consumidor final i que no usa el Producte com a carburant ni com a combustible.<\/p>\n<p>&nbsp;<\/p>\n<h2>8.- PROPIETAT INDUSTRIAL<\/h2>\n<p>Les marques i noms comercials dels Productes estan registrats legalment i s\u00f3n propietat de l&#8217;Empresa, quedant per tant emparats per la normativa de Propietat Industrial.<\/p>\n<p>&nbsp;<\/p>\n<h2>9.- PROTECCI\u00d3 DE DADES<\/h2>\n<p>9.1.- Les dades personals del Client podran ser utilitzats per l&#8217;Empresa de la manera seg\u00fcent: &#8211; Podran incloure&#8217;s en fitxers automatitzats propietat de l&#8217;Empresa que s&#8217;utilitzen per realitzar el seguiment de les Comandes i la facturaci\u00f3 dels mateixos, aix\u00ed com en el correu comercial entre Empresa i Client. &#8211; Podran ser cedits a l&#8217;Administraci\u00f3 P\u00fablica i Tribut\u00e0ria en aquells casos en qu\u00e8 la llei aix\u00ed ho ordeni.<\/p>\n<p>9.2.- El Client t\u00e9 dret a exercitar el dret d&#8217;acc\u00e9s, rectificaci\u00f3, cancel\u00b7laci\u00f3 i oposici\u00f3 davant el Departament de Protecci\u00f3 de Dades de BRUGAROLAS, S. a., en Cam\u00ed de la Riera, 36-44, Pol\u00edgon Industrial Cova Solera, 08191 Rub\u00ed.<\/p>\n<p>&nbsp;<\/p>\n<h2>10.- JURISDICCI\u00d3<\/h2>\n<p>En cas de discrep\u00e0ncia sobre la interpretaci\u00f3, aplicaci\u00f3 o compliment d&#8217;aquestes Condicions Generals, l&#8217;Empresa i el Client, amb ren\u00fancia expressa al seu propi fur si fos menester, se sotmeten a la Jurisdicci\u00f3 dels Jutjats i Tribunals de la ciutat de Barcelona.\n<\/p><\/div>\n","protected":false},"excerpt":{"rendered":"<p>CONDICIONS GENERALS DE VENDA I SUBMINISTRAMENT &nbsp; 1.- DEFINICIONS 1.1.- S&#8217;entendr\u00e0 per &#8220;L&#8217;Empresa&#8221;, la societat BRUGAROLAS, S.A. 1.2.- S&#8217;entendr\u00e0 per &#8220;El Comprador&#8221; o &#8220;El Client&#8221;,  [&#8230;]<\/p>\n","protected":false},"author":1,"featured_media":0,"parent":0,"menu_order":0,"comment_status":"closed","ping_status":"closed","template":"","meta":{"footnotes":""},"class_list":["post-3393","page","type-page","status-publish","hentry"],"yoast_head":"<!-- This site is optimized with the Yoast SEO plugin v27.3 - https:\/\/yoast.com\/product\/yoast-seo-wordpress\/ -->\n<title>Condicions de venda - Brugarolas fabricante de lubricantes industriales<\/title>\n<meta name=\"robots\" content=\"index, follow, max-snippet:-1, max-image-preview:large, max-video-preview:-1\" \/>\n<link rel=\"canonical\" href=\"https:\/\/brugarolas.com\/ca\/condicions-de-venda\/\" \/>\n<meta property=\"og:locale\" content=\"ca_ES\" \/>\n<meta property=\"og:type\" content=\"article\" \/>\n<meta property=\"og:title\" content=\"Condicions de venda - Brugarolas fabricante de lubricantes industriales\" \/>\n<meta property=\"og:description\" content=\"CONDICIONS GENERALS DE VENDA I SUBMINISTRAMENT &nbsp; 1.- DEFINICIONS 1.1.- S&#8217;entendr\u00e0 per &#8220;L&#8217;Empresa&#8221;, la societat BRUGAROLAS, S.A. 1.2.- S&#8217;entendr\u00e0 per &#8220;El Comprador&#8221; o &#8220;El Client&#8221;, [...]\" \/>\n<meta property=\"og:url\" content=\"https:\/\/brugarolas.com\/ca\/condicions-de-venda\/\" \/>\n<meta property=\"og:site_name\" content=\"Brugarolas fabricante de lubricantes industriales\" \/>\n<meta property=\"article:modified_time\" content=\"2019-07-29T10:14:13+00:00\" \/>\n<meta name=\"twitter:card\" content=\"summary_large_image\" \/>\n<meta name=\"twitter:label1\" content=\"Temps estimat de lectura\" \/>\n\t<meta name=\"twitter:data1\" content=\"8 minuts\" \/>\n<script type=\"application\/ld+json\" class=\"yoast-schema-graph\">{\"@context\":\"https:\\\/\\\/schema.org\",\"@graph\":[{\"@type\":\"WebPage\",\"@id\":\"https:\\\/\\\/brugarolas.com\\\/ca\\\/condicions-de-venda\\\/\",\"url\":\"https:\\\/\\\/brugarolas.com\\\/ca\\\/condicions-de-venda\\\/\",\"name\":\"Condicions de venda - Brugarolas fabricante de lubricantes industriales\",\"isPartOf\":{\"@id\":\"https:\\\/\\\/brugarolas.com\\\/ca\\\/#website\"},\"datePublished\":\"2019-03-12T15:24:17+00:00\",\"dateModified\":\"2019-07-29T10:14:13+00:00\",\"breadcrumb\":{\"@id\":\"https:\\\/\\\/brugarolas.com\\\/ca\\\/condicions-de-venda\\\/#breadcrumb\"},\"inLanguage\":\"ca\",\"potentialAction\":[{\"@type\":\"ReadAction\",\"target\":[\"https:\\\/\\\/brugarolas.com\\\/ca\\\/condicions-de-venda\\\/\"]}]},{\"@type\":\"BreadcrumbList\",\"@id\":\"https:\\\/\\\/brugarolas.com\\\/ca\\\/condicions-de-venda\\\/#breadcrumb\",\"itemListElement\":[{\"@type\":\"ListItem\",\"position\":1,\"name\":\"Portada\",\"item\":\"https:\\\/\\\/brugarolas.com\\\/ca\\\/\"},{\"@type\":\"ListItem\",\"position\":2,\"name\":\"Condicions de venda\"}]},{\"@type\":\"WebSite\",\"@id\":\"https:\\\/\\\/brugarolas.com\\\/ca\\\/#website\",\"url\":\"https:\\\/\\\/brugarolas.com\\\/ca\\\/\",\"name\":\"Brugarolas fabricante de lubricantes industriales\",\"description\":\"\",\"publisher\":{\"@id\":\"https:\\\/\\\/brugarolas.com\\\/ca\\\/#organization\"},\"potentialAction\":[{\"@type\":\"SearchAction\",\"target\":{\"@type\":\"EntryPoint\",\"urlTemplate\":\"https:\\\/\\\/brugarolas.com\\\/ca\\\/?s={search_term_string}\"},\"query-input\":{\"@type\":\"PropertyValueSpecification\",\"valueRequired\":true,\"valueName\":\"search_term_string\"}}],\"inLanguage\":\"ca\"},{\"@type\":\"Organization\",\"@id\":\"https:\\\/\\\/brugarolas.com\\\/ca\\\/#organization\",\"name\":\"Brugarolas, S.A.\",\"url\":\"https:\\\/\\\/brugarolas.com\\\/ca\\\/\",\"logo\":{\"@type\":\"ImageObject\",\"inLanguage\":\"ca\",\"@id\":\"https:\\\/\\\/brugarolas.com\\\/ca\\\/#\\\/schema\\\/logo\\\/image\\\/\",\"url\":\"https:\\\/\\\/brugarolas.com\\\/wp-content\\\/uploads\\\/brugarolas-retina-mobile-1.png\",\"contentUrl\":\"https:\\\/\\\/brugarolas.com\\\/wp-content\\\/uploads\\\/brugarolas-retina-mobile-1.png\",\"width\":640,\"height\":135,\"caption\":\"Brugarolas, S.A.\"},\"image\":{\"@id\":\"https:\\\/\\\/brugarolas.com\\\/ca\\\/#\\\/schema\\\/logo\\\/image\\\/\"}}]}<\/script>\n<!-- \/ Yoast SEO plugin. -->","yoast_head_json":{"title":"Condicions de venda - Brugarolas fabricante de lubricantes industriales","robots":{"index":"index","follow":"follow","max-snippet":"max-snippet:-1","max-image-preview":"max-image-preview:large","max-video-preview":"max-video-preview:-1"},"canonical":"https:\/\/brugarolas.com\/ca\/condicions-de-venda\/","og_locale":"ca_ES","og_type":"article","og_title":"Condicions de venda - Brugarolas fabricante de lubricantes industriales","og_description":"CONDICIONS GENERALS DE VENDA I SUBMINISTRAMENT &nbsp; 1.- DEFINICIONS 1.1.- S&#8217;entendr\u00e0 per &#8220;L&#8217;Empresa&#8221;, la societat BRUGAROLAS, S.A. 1.2.- S&#8217;entendr\u00e0 per &#8220;El Comprador&#8221; o &#8220;El Client&#8221;, [...]","og_url":"https:\/\/brugarolas.com\/ca\/condicions-de-venda\/","og_site_name":"Brugarolas fabricante de lubricantes industriales","article_modified_time":"2019-07-29T10:14:13+00:00","twitter_card":"summary_large_image","twitter_misc":{"Temps estimat de lectura":"8 minuts"},"schema":{"@context":"https:\/\/schema.org","@graph":[{"@type":"WebPage","@id":"https:\/\/brugarolas.com\/ca\/condicions-de-venda\/","url":"https:\/\/brugarolas.com\/ca\/condicions-de-venda\/","name":"Condicions de venda - Brugarolas fabricante de lubricantes industriales","isPartOf":{"@id":"https:\/\/brugarolas.com\/ca\/#website"},"datePublished":"2019-03-12T15:24:17+00:00","dateModified":"2019-07-29T10:14:13+00:00","breadcrumb":{"@id":"https:\/\/brugarolas.com\/ca\/condicions-de-venda\/#breadcrumb"},"inLanguage":"ca","potentialAction":[{"@type":"ReadAction","target":["https:\/\/brugarolas.com\/ca\/condicions-de-venda\/"]}]},{"@type":"BreadcrumbList","@id":"https:\/\/brugarolas.com\/ca\/condicions-de-venda\/#breadcrumb","itemListElement":[{"@type":"ListItem","position":1,"name":"Portada","item":"https:\/\/brugarolas.com\/ca\/"},{"@type":"ListItem","position":2,"name":"Condicions de venda"}]},{"@type":"WebSite","@id":"https:\/\/brugarolas.com\/ca\/#website","url":"https:\/\/brugarolas.com\/ca\/","name":"Brugarolas fabricante de lubricantes industriales","description":"","publisher":{"@id":"https:\/\/brugarolas.com\/ca\/#organization"},"potentialAction":[{"@type":"SearchAction","target":{"@type":"EntryPoint","urlTemplate":"https:\/\/brugarolas.com\/ca\/?s={search_term_string}"},"query-input":{"@type":"PropertyValueSpecification","valueRequired":true,"valueName":"search_term_string"}}],"inLanguage":"ca"},{"@type":"Organization","@id":"https:\/\/brugarolas.com\/ca\/#organization","name":"Brugarolas, S.A.","url":"https:\/\/brugarolas.com\/ca\/","logo":{"@type":"ImageObject","inLanguage":"ca","@id":"https:\/\/brugarolas.com\/ca\/#\/schema\/logo\/image\/","url":"https:\/\/brugarolas.com\/wp-content\/uploads\/brugarolas-retina-mobile-1.png","contentUrl":"https:\/\/brugarolas.com\/wp-content\/uploads\/brugarolas-retina-mobile-1.png","width":640,"height":135,"caption":"Brugarolas, S.A."},"image":{"@id":"https:\/\/brugarolas.com\/ca\/#\/schema\/logo\/image\/"}}]}},"_links":{"self":[{"href":"https:\/\/brugarolas.com\/ca\/wp-json\/wp\/v2\/pages\/3393","targetHints":{"allow":["GET"]}}],"collection":[{"href":"https:\/\/brugarolas.com\/ca\/wp-json\/wp\/v2\/pages"}],"about":[{"href":"https:\/\/brugarolas.com\/ca\/wp-json\/wp\/v2\/types\/page"}],"author":[{"embeddable":true,"href":"https:\/\/brugarolas.com\/ca\/wp-json\/wp\/v2\/users\/1"}],"replies":[{"embeddable":true,"href":"https:\/\/brugarolas.com\/ca\/wp-json\/wp\/v2\/comments?post=3393"}],"version-history":[{"count":3,"href":"https:\/\/brugarolas.com\/ca\/wp-json\/wp\/v2\/pages\/3393\/revisions"}],"predecessor-version":[{"id":3403,"href":"https:\/\/brugarolas.com\/ca\/wp-json\/wp\/v2\/pages\/3393\/revisions\/3403"}],"wp:attachment":[{"href":"https:\/\/brugarolas.com\/ca\/wp-json\/wp\/v2\/media?parent=3393"}],"curies":[{"name":"wp","href":"https:\/\/api.w.org\/{rel}","templated":true}]}}