{"id":4365,"date":"2019-03-11T18:09:42","date_gmt":"2019-03-11T17:09:42","guid":{"rendered":"https:\/\/brugarolas.com\/lubricantes-industria-papelera\/"},"modified":"2021-02-05T15:16:26","modified_gmt":"2021-02-05T14:16:26","slug":"lubrificants-industria-paperera","status":"publish","type":"page","link":"https:\/\/brugarolas.com\/ca\/lubrificants-industria-paperera\/","title":{"rendered":"Lubrificants per a la ind\u00fastria paperera"},"content":{"rendered":"<p><div class=\"fusion-fullwidth fullwidth-box fusion-builder-row-1 nonhundred-percent-fullwidth non-hundred-percent-height-scrolling\" style=\"--awb-border-radius-top-left:0px;--awb-border-radius-top-right:0px;--awb-border-radius-bottom-right:0px;--awb-border-radius-bottom-left:0px;--awb-flex-wrap:wrap;\" ><div class=\"fusion-builder-row fusion-row\"><div class=\"fusion-layout-column fusion_builder_column fusion-builder-column-0 fusion_builder_column_1_2 1_2 fusion-one-half fusion-column-first\" style=\"--awb-bg-size:cover;width:50%;width:calc(50% - ( ( 4% ) * 0.5 ) );margin-right: 4%;\"><div class=\"fusion-column-wrapper fusion-flex-column-wrapper-legacy\"><div class=\"fusion-text fusion-text-1 justificado\"><p><span style=\"font-weight: 400;\">La fabricaci\u00f3 de paper \u00e9s un proc\u00e9s complex on estan presents un elevat nombre d&#8217;elements mec\u00e0nics a lubrificar, sotmesos a exigents condicions de treball, alta temperatura, pres\u00e8ncia d&#8217;aigua, vapor d&#8217;aigua, c\u00e0rregues, velocitats, etc.<\/span><\/p>\n<p><span style=\"font-weight: 400;\">Brugarolas investiga i desenvolupa lubrificants que donen solucions espec\u00edfiques per a aquest tipus d&#8217;instal\u00b7lacions amb elevat nombre de rodaments, guies, engranatges oberts, etc., sotmesos a les m\u00e9s severes condicions de treball.<\/span><\/p>\n<\/div><div class=\"fusion-clearfix\"><\/div><\/div><\/div><div class=\"fusion-layout-column fusion_builder_column fusion-builder-column-1 fusion_builder_column_1_2 1_2 fusion-one-half fusion-column-last\" style=\"--awb-bg-size:cover;width:50%;width:calc(50% - ( ( 4% ) * 0.5 ) );\"><div class=\"fusion-column-wrapper fusion-flex-column-wrapper-legacy\"><div class=\"fusion-text fusion-text-2\"><div class=\"sdm_download_item \"><div class=\"sdm_download_item_top\"><div class=\"sdm_download_thumbnail\"><img decoding=\"async\" class=\"lazyload sdm_download_thumbnail_image\" src=\"data:image\/svg+xml,%3Csvg%20xmlns%3D%27http%3A%2F%2Fwww.w3.org%2F2000%2Fsvg%27%20width%3D%27208%27%20height%3D%27300%27%20viewBox%3D%270%200%20208%20300%27%3E%3Crect%20width%3D%27208%27%20height%3D%27300%27%20fill-opacity%3D%220%22%2F%3E%3C%2Fsvg%3E\" data-orig-src=\"https:\/\/brugarolas.com\/wp-content\/uploads\/002-carton.jpg\" alt = \" Corrugadores de cart\u00f3\" \/><\/div><div class=\"sdm_download_title\"> Corrugadores de cart\u00f3<\/div><\/div><div style=\"clear:both;\"><\/div><div class=\"sdm_download_description\"><h4><\/h4>\n<p>Format: PDF<br \/>\nGrand\u00e0ria: 1,93 MB<\/p>\n<\/div><div class=\"sdm_download_link\"><span class=\"sdm_download_button\"><span class=\"sdm_enter_password_label_text\">Enter Password to Download:<\/span><form action=\"https:\/\/brugarolas.com\/ca\/\/?sdm_process_download=1&download_id=6042\" method=\"post\" id=\"sdm-pass-69de88bab4022\" class=\"sdm-download-form\" target=\"_blank\"><input type=\"password\" name=\"pass_text\" class=\"sdm_pass_text\" value=\"\" \/> <span class=\"sdm-download-button\"><a href=\"#\" name=\"sdm_dl_pass_submit\" class=\"pass_sumbit sdm_pass_protected_download sdm_download_with_condition sdm_download green\">Descarregar<\/a><\/span><input type=\"hidden\" name=\"download_id\" value=\"6042\" \/><\/form><\/span><\/div><\/div><div class=\"sdm_clear_float\"><\/div>\n<\/div><div class=\"fusion-clearfix\"><\/div><\/div><\/div><\/div><\/div><div class=\"fusion-fullwidth fullwidth-box fusion-builder-row-2 nonhundred-percent-fullwidth non-hundred-percent-height-scrolling fusion-equal-height-columns\" style=\"--awb-border-radius-top-left:0px;--awb-border-radius-top-right:0px;--awb-border-radius-bottom-right:0px;--awb-border-radius-bottom-left:0px;--awb-flex-wrap:wrap;\" ><div class=\"fusion-builder-row fusion-row\"><div class=\"fusion-layout-column fusion_builder_column fusion-builder-column-2 fusion_builder_column_1_2 1_2 fusion-one-half fusion-column-first\" style=\"--awb-bg-size:cover;width:50%;width:calc(50% - ( ( 4% ) * 0.5 ) );margin-right: 4%;\"><div class=\"fusion-column-wrapper fusion-flex-column-wrapper-legacy\"><div class=\"fusion-column-content-centered\"><div class=\"fusion-column-content\"><div class=\"fusion-text fusion-text-3\"><div class=\"sdm_download_item \"><div class=\"sdm_download_item_top\"><div class=\"sdm_download_thumbnail\"><img decoding=\"async\" class=\"lazyload sdm_download_thumbnail_image\" src=\"data:image\/svg+xml,%3Csvg%20xmlns%3D%27http%3A%2F%2Fwww.w3.org%2F2000%2Fsvg%27%20width%3D%27208%27%20height%3D%27300%27%20viewBox%3D%270%200%20208%20300%27%3E%3Crect%20width%3D%27208%27%20height%3D%27300%27%20fill-opacity%3D%220%22%2F%3E%3C%2Fsvg%3E\" data-orig-src=\"https:\/\/brugarolas.com\/wp-content\/uploads\/016-industria-papelera.jpg\" alt = \" Greixos per a ind\u00fastria paperera\" \/><\/div><div class=\"sdm_download_title\"> Greixos per a ind\u00fastria paperera<\/div><\/div><div style=\"clear:both;\"><\/div><div class=\"sdm_download_description\"><h4><\/h4>\n<p>Format: PDF<br \/>\nGrand\u00e0ria: 1,6MB<\/p>\n<\/div><div class=\"sdm_download_link\"><span class=\"sdm_download_button\"><span class=\"sdm_enter_password_label_text\">Enter Password to Download:<\/span><form action=\"https:\/\/brugarolas.com\/ca\/\/?sdm_process_download=1&download_id=5949\" method=\"post\" id=\"sdm-pass-69de88bab6139\" class=\"sdm-download-form\" target=\"_blank\"><input type=\"password\" name=\"pass_text\" class=\"sdm_pass_text\" value=\"\" \/> <span class=\"sdm-download-button\"><a href=\"#\" name=\"sdm_dl_pass_submit\" class=\"pass_sumbit sdm_pass_protected_download sdm_download_with_condition sdm_download green\">Descarregar<\/a><\/span><input type=\"hidden\" name=\"download_id\" value=\"5949\" \/><\/form><\/span><\/div><\/div><div class=\"sdm_clear_float\"><\/div>\n<\/div><\/div><\/div><div class=\"fusion-clearfix\"><\/div><\/div><\/div><div class=\"fusion-layout-column fusion_builder_column fusion-builder-column-3 fusion_builder_column_1_2 1_2 fusion-one-half fusion-column-last\" style=\"--awb-bg-size:cover;width:50%;width:calc(50% - ( ( 4% ) * 0.5 ) );\"><div class=\"fusion-column-wrapper fusion-flex-column-wrapper-legacy\"><div class=\"fusion-column-content-centered\"><div class=\"fusion-column-content\"><div class=\"fusion-text fusion-text-4\"><div class=\"sdm_download_item \"><div class=\"sdm_download_item_top\"><div class=\"sdm_download_thumbnail\"><img decoding=\"async\" class=\"lazyload sdm_download_thumbnail_image\" src=\"data:image\/svg+xml,%3Csvg%20xmlns%3D%27http%3A%2F%2Fwww.w3.org%2F2000%2Fsvg%27%20width%3D%27302%27%20height%3D%27436%27%20viewBox%3D%270%200%20302%20436%27%3E%3Crect%20width%3D%27302%27%20height%3D%27436%27%20fill-opacity%3D%220%22%2F%3E%3C%2Fsvg%3E\" data-orig-src=\"https:\/\/brugarolas.com\/wp-content\/uploads\/beslux-fluor-es-1.jpg\" alt = \" Beslux Fluor\" \/><\/div><div class=\"sdm_download_title\"> Beslux Fluor<\/div><\/div><div style=\"clear:both;\"><\/div><div class=\"sdm_download_description\"><h4>La lubricaci\u00f3 del futur<\/h4>\n<p>Format: PDF<br \/>\nGrand\u00e0ria: 1,61 MB<\/p>\n<\/div><div class=\"sdm_download_link\"><span class=\"sdm_download_button\"><span class=\"sdm_enter_password_label_text\">Enter Password to Download:<\/span><form action=\"https:\/\/brugarolas.com\/ca\/\/?sdm_process_download=1&download_id=9199\" method=\"post\" id=\"sdm-pass-69de88bab7c8f\" class=\"sdm-download-form\" target=\"_blank\"><input type=\"password\" name=\"pass_text\" class=\"sdm_pass_text\" value=\"\" \/> <span class=\"sdm-download-button\"><a href=\"#\" name=\"sdm_dl_pass_submit\" class=\"pass_sumbit sdm_pass_protected_download sdm_download_with_condition sdm_download green\">Descarregar<\/a><\/span><input type=\"hidden\" name=\"download_id\" value=\"9199\" \/><\/form><\/span><\/div><\/div><div class=\"sdm_clear_float\"><\/div>\n<\/div><\/div><\/div><div class=\"fusion-clearfix\"><\/div><\/div><\/div><\/div><\/div><div class=\"fusion-fullwidth fullwidth-box fusion-builder-row-3 fusion-flex-container nonhundred-percent-fullwidth non-hundred-percent-height-scrolling\" style=\"--awb-border-radius-top-left:0px;--awb-border-radius-top-right:0px;--awb-border-radius-bottom-right:0px;--awb-border-radius-bottom-left:0px;--awb-flex-wrap:wrap;\" ><div class=\"fusion-builder-row fusion-row fusion-flex-align-items-flex-start fusion-flex-content-wrap\" style=\"max-width:1216.8px;margin-left: calc(-4% \/ 2 );margin-right: calc(-4% \/ 2 );\"><div class=\"fusion-layout-column fusion_builder_column fusion-builder-column-4 fusion_builder_column_1_4 1_4 fusion-flex-column\" style=\"--awb-bg-size:cover;--awb-width-large:25%;--awb-margin-top-large:0px;--awb-spacing-right-large:7.68%;--awb-margin-bottom-large:20px;--awb-spacing-left-large:7.68%;--awb-width-medium:100%;--awb-order-medium:0;--awb-spacing-right-medium:1.92%;--awb-spacing-left-medium:1.92%;--awb-width-small:100%;--awb-order-small:0;--awb-spacing-right-small:1.92%;--awb-spacing-left-small:1.92%;\"><div class=\"fusion-column-wrapper fusion-column-has-shadow fusion-flex-justify-content-flex-start fusion-content-layout-column\"><\/div><\/div><div class=\"fusion-layout-column fusion_builder_column fusion-builder-column-5 fusion_builder_column_1_2 1_2 fusion-flex-column\" style=\"--awb-bg-size:cover;--awb-width-large:50%;--awb-margin-top-large:0px;--awb-spacing-right-large:3.84%;--awb-margin-bottom-large:20px;--awb-spacing-left-large:3.84%;--awb-width-medium:100%;--awb-order-medium:0;--awb-spacing-right-medium:1.92%;--awb-spacing-left-medium:1.92%;--awb-width-small:100%;--awb-order-small:0;--awb-spacing-right-small:1.92%;--awb-spacing-left-small:1.92%;\"><div class=\"fusion-column-wrapper fusion-column-has-shadow fusion-flex-justify-content-flex-start fusion-content-layout-column\"><div class=\"fusion-reading-box-container reading-box-container-1 fusion-animated\" style=\"--awb-title-color:#333333;--awb-margin-top:0px;--awb-margin-bottom:84px;\" data-animationType=\"fadeInUp\" data-animationDuration=\"0.3\" data-animationOffset=\"top-into-view\"><div class=\"reading-box reading-box-center\" style=\"background-color:#f6f6f6;border-width:1px;border-color:#009a44;border-bottom-width:3px;border-bottom-color:var(--primary_color);border-style:solid;\"><h2>Si desitja m\u00e9s informaci\u00f3<\/h2><a class=\"button fusion-button button-default fusion-button-default-size button-default-size button-flat fusion-mobile-button continue-center\" style=\"-webkit-box-shadow:none;-moz-box-shadow:none;box-shadow:none;border-radius:2px 2px 2px 2px\" href=\"\/ca\/atencio-al-client\/\" target=\"_self\"><span>Contacti amb nosaltres<\/span><\/a><\/div><\/div><\/div><\/div><div class=\"fusion-layout-column fusion_builder_column fusion-builder-column-6 fusion_builder_column_1_4 1_4 fusion-flex-column\" style=\"--awb-bg-size:cover;--awb-width-large:25%;--awb-margin-top-large:0px;--awb-spacing-right-large:7.68%;--awb-margin-bottom-large:20px;--awb-spacing-left-large:7.68%;--awb-width-medium:100%;--awb-order-medium:0;--awb-spacing-right-medium:1.92%;--awb-spacing-left-medium:1.92%;--awb-width-small:100%;--awb-order-small:0;--awb-spacing-right-small:1.92%;--awb-spacing-left-small:1.92%;\"><div class=\"fusion-column-wrapper fusion-column-has-shadow fusion-flex-justify-content-flex-start fusion-content-layout-column\"><\/div><\/div><\/div><\/div><\/p>\n","protected":false},"excerpt":{"rendered":"","protected":false},"author":1,"featured_media":0,"parent":0,"menu_order":0,"comment_status":"closed","ping_status":"closed","template":"","meta":{"footnotes":""},"class_list":["post-4365","page","type-page","status-publish","hentry"],"yoast_head":"<!-- This site is optimized with the Yoast SEO plugin v27.3 - https:\/\/yoast.com\/product\/yoast-seo-wordpress\/ -->\n<title>Lubrificants per a la ind\u00fastria paperera - Brugarolas fabricante de lubricantes industriales<\/title>\n<meta name=\"robots\" content=\"index, follow, max-snippet:-1, max-image-preview:large, max-video-preview:-1\" \/>\n<link rel=\"canonical\" href=\"https:\/\/brugarolas.com\/ca\/lubrificants-industria-paperera\/\" \/>\n<meta property=\"og:locale\" content=\"ca_ES\" \/>\n<meta property=\"og:type\" content=\"article\" \/>\n<meta property=\"og:title\" content=\"Lubrificants per a la ind\u00fastria paperera - Brugarolas fabricante de lubricantes industriales\" \/>\n<meta property=\"og:url\" content=\"https:\/\/brugarolas.com\/ca\/lubrificants-industria-paperera\/\" \/>\n<meta property=\"og:site_name\" content=\"Brugarolas fabricante de lubricantes industriales\" \/>\n<meta property=\"article:modified_time\" content=\"2021-02-05T14:16:26+00:00\" \/>\n<meta name=\"twitter:card\" content=\"summary_large_image\" \/>\n<meta name=\"twitter:label1\" content=\"Temps estimat de lectura\" \/>\n\t<meta name=\"twitter:data1\" content=\"9 minuts\" \/>\n<script type=\"application\/ld+json\" class=\"yoast-schema-graph\">{\"@context\":\"https:\\\/\\\/schema.org\",\"@graph\":[{\"@type\":\"WebPage\",\"@id\":\"https:\\\/\\\/brugarolas.com\\\/ca\\\/lubrificants-industria-paperera\\\/\",\"url\":\"https:\\\/\\\/brugarolas.com\\\/ca\\\/lubrificants-industria-paperera\\\/\",\"name\":\"Lubrificants per a la ind\u00fastria paperera - Brugarolas fabricante de lubricantes industriales\",\"isPartOf\":{\"@id\":\"https:\\\/\\\/brugarolas.com\\\/ca\\\/#website\"},\"datePublished\":\"2019-03-11T17:09:42+00:00\",\"dateModified\":\"2021-02-05T14:16:26+00:00\",\"breadcrumb\":{\"@id\":\"https:\\\/\\\/brugarolas.com\\\/ca\\\/lubrificants-industria-paperera\\\/#breadcrumb\"},\"inLanguage\":\"ca\",\"potentialAction\":[{\"@type\":\"ReadAction\",\"target\":[\"https:\\\/\\\/brugarolas.com\\\/ca\\\/lubrificants-industria-paperera\\\/\"]}]},{\"@type\":\"BreadcrumbList\",\"@id\":\"https:\\\/\\\/brugarolas.com\\\/ca\\\/lubrificants-industria-paperera\\\/#breadcrumb\",\"itemListElement\":[{\"@type\":\"ListItem\",\"position\":1,\"name\":\"Portada\",\"item\":\"https:\\\/\\\/brugarolas.com\\\/ca\\\/\"},{\"@type\":\"ListItem\",\"position\":2,\"name\":\"Lubrificants per a la ind\u00fastria paperera\"}]},{\"@type\":\"WebSite\",\"@id\":\"https:\\\/\\\/brugarolas.com\\\/ca\\\/#website\",\"url\":\"https:\\\/\\\/brugarolas.com\\\/ca\\\/\",\"name\":\"Brugarolas fabricante de lubricantes industriales\",\"description\":\"\",\"publisher\":{\"@id\":\"https:\\\/\\\/brugarolas.com\\\/ca\\\/#organization\"},\"potentialAction\":[{\"@type\":\"SearchAction\",\"target\":{\"@type\":\"EntryPoint\",\"urlTemplate\":\"https:\\\/\\\/brugarolas.com\\\/ca\\\/?s={search_term_string}\"},\"query-input\":{\"@type\":\"PropertyValueSpecification\",\"valueRequired\":true,\"valueName\":\"search_term_string\"}}],\"inLanguage\":\"ca\"},{\"@type\":\"Organization\",\"@id\":\"https:\\\/\\\/brugarolas.com\\\/ca\\\/#organization\",\"name\":\"Brugarolas, S.A.\",\"url\":\"https:\\\/\\\/brugarolas.com\\\/ca\\\/\",\"logo\":{\"@type\":\"ImageObject\",\"inLanguage\":\"ca\",\"@id\":\"https:\\\/\\\/brugarolas.com\\\/ca\\\/#\\\/schema\\\/logo\\\/image\\\/\",\"url\":\"https:\\\/\\\/brugarolas.com\\\/wp-content\\\/uploads\\\/brugarolas-retina-mobile-1.png\",\"contentUrl\":\"https:\\\/\\\/brugarolas.com\\\/wp-content\\\/uploads\\\/brugarolas-retina-mobile-1.png\",\"width\":640,\"height\":135,\"caption\":\"Brugarolas, S.A.\"},\"image\":{\"@id\":\"https:\\\/\\\/brugarolas.com\\\/ca\\\/#\\\/schema\\\/logo\\\/image\\\/\"}}]}<\/script>\n<!-- \/ Yoast SEO plugin. -->","yoast_head_json":{"title":"Lubrificants per a la ind\u00fastria paperera - Brugarolas fabricante de lubricantes industriales","robots":{"index":"index","follow":"follow","max-snippet":"max-snippet:-1","max-image-preview":"max-image-preview:large","max-video-preview":"max-video-preview:-1"},"canonical":"https:\/\/brugarolas.com\/ca\/lubrificants-industria-paperera\/","og_locale":"ca_ES","og_type":"article","og_title":"Lubrificants per a la ind\u00fastria paperera - Brugarolas fabricante de lubricantes industriales","og_url":"https:\/\/brugarolas.com\/ca\/lubrificants-industria-paperera\/","og_site_name":"Brugarolas fabricante de lubricantes industriales","article_modified_time":"2021-02-05T14:16:26+00:00","twitter_card":"summary_large_image","twitter_misc":{"Temps estimat de lectura":"9 minuts"},"schema":{"@context":"https:\/\/schema.org","@graph":[{"@type":"WebPage","@id":"https:\/\/brugarolas.com\/ca\/lubrificants-industria-paperera\/","url":"https:\/\/brugarolas.com\/ca\/lubrificants-industria-paperera\/","name":"Lubrificants per a la ind\u00fastria paperera - Brugarolas fabricante de lubricantes industriales","isPartOf":{"@id":"https:\/\/brugarolas.com\/ca\/#website"},"datePublished":"2019-03-11T17:09:42+00:00","dateModified":"2021-02-05T14:16:26+00:00","breadcrumb":{"@id":"https:\/\/brugarolas.com\/ca\/lubrificants-industria-paperera\/#breadcrumb"},"inLanguage":"ca","potentialAction":[{"@type":"ReadAction","target":["https:\/\/brugarolas.com\/ca\/lubrificants-industria-paperera\/"]}]},{"@type":"BreadcrumbList","@id":"https:\/\/brugarolas.com\/ca\/lubrificants-industria-paperera\/#breadcrumb","itemListElement":[{"@type":"ListItem","position":1,"name":"Portada","item":"https:\/\/brugarolas.com\/ca\/"},{"@type":"ListItem","position":2,"name":"Lubrificants per a la ind\u00fastria paperera"}]},{"@type":"WebSite","@id":"https:\/\/brugarolas.com\/ca\/#website","url":"https:\/\/brugarolas.com\/ca\/","name":"Brugarolas fabricante de lubricantes industriales","description":"","publisher":{"@id":"https:\/\/brugarolas.com\/ca\/#organization"},"potentialAction":[{"@type":"SearchAction","target":{"@type":"EntryPoint","urlTemplate":"https:\/\/brugarolas.com\/ca\/?s={search_term_string}"},"query-input":{"@type":"PropertyValueSpecification","valueRequired":true,"valueName":"search_term_string"}}],"inLanguage":"ca"},{"@type":"Organization","@id":"https:\/\/brugarolas.com\/ca\/#organization","name":"Brugarolas, S.A.","url":"https:\/\/brugarolas.com\/ca\/","logo":{"@type":"ImageObject","inLanguage":"ca","@id":"https:\/\/brugarolas.com\/ca\/#\/schema\/logo\/image\/","url":"https:\/\/brugarolas.com\/wp-content\/uploads\/brugarolas-retina-mobile-1.png","contentUrl":"https:\/\/brugarolas.com\/wp-content\/uploads\/brugarolas-retina-mobile-1.png","width":640,"height":135,"caption":"Brugarolas, S.A."},"image":{"@id":"https:\/\/brugarolas.com\/ca\/#\/schema\/logo\/image\/"}}]}},"_links":{"self":[{"href":"https:\/\/brugarolas.com\/ca\/wp-json\/wp\/v2\/pages\/4365","targetHints":{"allow":["GET"]}}],"collection":[{"href":"https:\/\/brugarolas.com\/ca\/wp-json\/wp\/v2\/pages"}],"about":[{"href":"https:\/\/brugarolas.com\/ca\/wp-json\/wp\/v2\/types\/page"}],"author":[{"embeddable":true,"href":"https:\/\/brugarolas.com\/ca\/wp-json\/wp\/v2\/users\/1"}],"replies":[{"embeddable":true,"href":"https:\/\/brugarolas.com\/ca\/wp-json\/wp\/v2\/comments?post=4365"}],"version-history":[{"count":5,"href":"https:\/\/brugarolas.com\/ca\/wp-json\/wp\/v2\/pages\/4365\/revisions"}],"predecessor-version":[{"id":9294,"href":"https:\/\/brugarolas.com\/ca\/wp-json\/wp\/v2\/pages\/4365\/revisions\/9294"}],"wp:attachment":[{"href":"https:\/\/brugarolas.com\/ca\/wp-json\/wp\/v2\/media?parent=4365"}],"curies":[{"name":"wp","href":"https:\/\/api.w.org\/{rel}","templated":true}]}}