{"id":4421,"date":"2019-03-12T16:40:17","date_gmt":"2019-03-12T15:40:17","guid":{"rendered":"https:\/\/brugarolas.com\/politica-de-privacidad\/"},"modified":"2023-12-21T12:07:47","modified_gmt":"2023-12-21T11:07:47","slug":"politica-de-privacitat","status":"publish","type":"page","link":"https:\/\/brugarolas.com\/ca\/politica-de-privacitat\/","title":{"rendered":"Politica de Privadesa"},"content":{"rendered":"<div class=\"fusion-fullwidth fullwidth-box fusion-builder-row-1 fusion-flex-container nonhundred-percent-fullwidth non-hundred-percent-height-scrolling\" style=\"--awb-border-radius-top-left:0px;--awb-border-radius-top-right:0px;--awb-border-radius-bottom-right:0px;--awb-border-radius-bottom-left:0px;--awb-flex-wrap:wrap;\" ><div class=\"fusion-builder-row fusion-row fusion-flex-align-items-flex-start fusion-flex-content-wrap\" style=\"max-width:1216.8px;margin-left: calc(-4% \/ 2 );margin-right: calc(-4% \/ 2 );\"><div class=\"fusion-layout-column fusion_builder_column fusion-builder-column-0 fusion_builder_column_1_1 1_1 fusion-flex-column\" style=\"--awb-bg-size:cover;--awb-width-large:100%;--awb-margin-top-large:0px;--awb-spacing-right-large:1.92%;--awb-margin-bottom-large:0px;--awb-spacing-left-large:1.92%;--awb-width-medium:100%;--awb-spacing-right-medium:1.92%;--awb-spacing-left-medium:1.92%;--awb-width-small:100%;--awb-spacing-right-small:1.92%;--awb-spacing-left-small:1.92%;\"><div class=\"fusion-column-wrapper fusion-flex-justify-content-flex-start fusion-content-layout-column\"><div class=\"fusion-text fusion-text-1\" style=\"--awb-content-alignment:justify;\"><div class=\"justificado\">\n<h2>POLITICA DE PROTECCI\u00d3 DE DADES PERSONALS<\/h2>\n<p><strong>Reglament europeu 2016\/679 relatiu a la protecci\u00f3 de les persones f\u00edsiques pel que fa al tractament de dades personals i a la lliure circulaci\u00f3 d&#8217;aquestes dades.<\/strong><\/p>\n<p>Tant la privacitat de les dades com la confidencialitat de la informaci\u00f3 s\u00f3n aspectes importants per a BRUGAROLAS, S.A. Aquesta pol\u00edtica de protecci\u00f3 de dades estableix la manera en qu\u00e8 es tracten les dades de car\u00e0cter personal obtingudes i podr\u00e0 variar en el temps degut als possibles canvis legislatius, jurisprudencials o dels criteris seguits per l&#8217;Ag\u00e8ncia Espanyola de Protecci\u00f3 de Dades i\/o l&#8217;autoritat competent en cada moment. \u00c9s per aix\u00f2 que BRUGAROLAS es reserva el dret a modificar la present pol\u00edtica per a adaptar-lo a novetats legislatives o jurisprudencials que es troben vigents en el moment prec\u00eds en qu\u00e8 s&#8217;accedeixi a la web.<\/p>\n<p>Data \u00faltima actualitzaci\u00f3: 15\/12\/2023<\/p>\n<h3>1. Qui \u00e9s el responsable del tractament de les teves dades?:<\/h3>\n<p><strong>BRUGAROLAS, S.A.<\/strong><br \/>CIF: A08068306.<br \/>Adre\u00e7a: Cam\u00ed de la Riera 36-44; Pol\u00edgon Industrial Cova Solera; 08191 Rubi (Barcelona).<br \/>Dades de contacte del Delegat de protecci\u00f3 de dades: <a href=\"mailto:protecciondatos@brugarolas.com\">protecciondatos@brugarolas.com<\/a><\/p>\n<h3>2. Amb quina finalitat tractem les teves dades, quina \u00e9s la base legal per al seu tractament i durant quant temps els conservem?<\/h3>\n<p>BRUGAROLAS recull les dades necess\u00e0ries per a dur a terme la teva sol\u00b7licitud i\/o el servei contractat, sent adequades, pertinents i limitades al necessari en relaci\u00f3 amb els fins per als quals s\u00f3n tractades.<\/p>\n<p>Preguem qu\u00e8 per a mantenir les dades actuals, exactes i al dia, ens comuniquis qualsevol canvi o modificaci\u00f3 que pugui produir-se.<\/p>\n<p>A BRUGAROLAS tractem les dades personals per a les seg\u00fcents finalitats:<\/p>\n<h3>1. DADES OBTINGUDES A TRAV\u00c9S DE LA PRESENT P\u00c0GINA WEB<\/h3>\n<p><strong>1.1 FORMULARI CONTACTE:<\/strong><br \/>Les teves dades seran tractades \u00fanicament per a atendre les teves sol\u00b7licituds.<\/p>\n<ul>\n<li>La base legal per al tractament \u00e9s el consentiment atorgat amb l&#8217;enviament del present formulari.<\/li>\n<li>El termini de conservaci\u00f3: les dades seran eliminades una vegada atesa la teva sol\u00b7licitud.<\/li>\n<\/ul>\n<p><strong>1.2 FORMULARI TREBALLA AMB NOSALTRES:<\/strong><br \/>A BRUGAROLAS tractem les dades personals dels nostres candidats a un lloc de treball rebus a trav\u00e9s del formulari web o qualsevol altre mitj\u00e0 de comunicaci\u00f3 (com el mail) per a les seg\u00fcents finalitats:<\/p>\n<ul>\n<li>Per a la selecci\u00f3 de personal durant els processos que l&#8217;empresa mant\u00e9 oberts.<\/li>\n<li>Per a mantenir un arxiu amb informaci\u00f3 curricular dels candidats a prestar serveis a la nostra Companyia i quan el perfil requerit s&#8217;ajusta a les caracter\u00edstiques de l&#8217;empresa.<\/li>\n<li>La base legal per al tractament \u00e9s el consentiment atorgat amb l&#8217;enviament del CV.<\/li>\n<li>El termini de conservaci\u00f3: les dades es conservaran durant el termini m\u00e0xim de 2 anys.<\/li>\n<\/ul>\n<p>Les teves dades de contacte es podran mantenir fins que ens sol\u00b7licitis la seva supressi\u00f3.<\/p>\n<p><strong>1.3 FORMULARI CANAL DE DEN\u00daNCIES:<\/strong><\/p>\n<p>Les dades recollides a trav\u00e9s d&#8217;aquest canal seran tractades amb la finalitat de gestionar les den\u00fancies que es formulin sobre els incompliments normatius o indicis de comissi\u00f3 d&#8217;il\u00b7l\u00edcits penals en la companyia.<\/p>\n<p>Pot consultar la informaci\u00f3 completa del canal de den\u00fancies en el seg\u00fcent enlla\u00e7 <a href=\"\/ca\/canal-de-denuncies\/\" target=\"_blank\" rel=\"noopener\">Canal de Den\u00fancies<\/a><\/p>\n<p>La identitat dels informants ser\u00e0 en tot cas confidencial i reservada.<\/p>\n<ul>\n<li>La base legal del tractament \u00e9s el compliment d&#8217;una obligaci\u00f3 legal per part de BRUGAROLAS.<\/li>\n<li>El termini de conservaci\u00f3: Les dades es conservaran en el sistema de canal de den\u00fancies nom\u00e9s durant el temps imprescindible per a decidir sobre la proced\u00e8ncia d&#8217;iniciar una investigaci\u00f3 sobre els fets informats. En tot cas, transcorreguts tres mesos des de la recepci\u00f3 de la comunicaci\u00f3 sense que s&#8217;haguessin iniciat actuacions de recerca, es procedir\u00e0 a la seva anonimitzaci\u00f3 amb la finalitat de deixar evid\u00e8ncies del funcionament del sistema.\n<p>Si es decid\u00eds iniciar una investigaci\u00f3, les dades personals es conservaran fora del canal de den\u00fancies durant el temps que duri la investigaci\u00f3 dels fets. Una vegada finalitzi la investigaci\u00f3 les dades seran degudament bloquejades i conservades per un per\u00edode no superior a deu anys.<\/p>\n<\/li>\n<\/ul>\n<p>Les dades es comunicaran a tercers, quan resulti necessari per a l&#8217;adopci\u00f3 de mesures correctores en l&#8217;entitat o la tramitaci\u00f3 dels procediments sancionadors o penals que, si \u00e9s el cas, procedeixin.<br \/>El canal de den\u00fancies \u00e9s gestionat en part per una empresa externa amb la qual s&#8217;ha subscrit el contracte d&#8217;encarregat de tractament.<\/p>\n<h3>2. DADES OBTINGUDES DE LES NOSTRES RELACIONS PROFESSIONALS<\/h3>\n<p><strong>2.1. POTENCIALS CLIENTS I CONTACTES:<\/strong><\/p>\n<p>Tractem les dades dels potencials clients per a la prospecci\u00f3 comercial, gesti\u00f3 d&#8217;ofertes i pressupostos i l&#8217;enviament d&#8217;informaci\u00f3 sobre els serveis i productes de l&#8217;empresa.<\/p>\n<ul>\n<li>La base legal per a aquest tractament \u00e9s l&#8217;inter\u00e8s leg\u00edtim de l&#8217;empresa per a la prospecci\u00f3 comercial dels seus productes i serveis o les relacions precontractuals establertes.<\/li>\n<li>El termini de conservaci\u00f3: les dades es conservaran fins que ens sol\u00b7liciti la seva supressi\u00f3.<\/li>\n<\/ul>\n<p><strong>2.2. CLIENTS:<\/strong><br \/>La finalitat del tractament \u00e9s la gesti\u00f3 de la relaci\u00f3 contractual establerta, aix\u00ed com la gesti\u00f3 administrativa, econ\u00f2mica i comptable. L&#8217;empresa et mantindr\u00e0 informat sobre els serveis i productes que puguin ser del teu inter\u00e8s sempre relacionats amb els inicialment contractats.<\/p>\n<ul>\n<li>La base legal per al tractament \u00e9s l&#8217;exist\u00e8ncia d&#8217;una relaci\u00f3 contractual.<\/li>\n<li>\u2022 El termini de conservaci\u00f3: les dades es conservaran en tot cas durant el temps que duri la relaci\u00f3 contractual i posteriorment durant els terminis legals establerts en la legislaci\u00f3 civil per a la prescripci\u00f3 de les obligacions contractuals i en la legislaci\u00f3 comptable i fiscal.<br \/>Les seves dades de contacte es mantindran fins que ens sol\u00b7liciti la seva supressi\u00f3<\/li>\n<\/ul>\n<p><strong>2.3. PROVE\u00cfDORS:<\/strong><br \/>La finalitat del tractament \u00e9s la gesti\u00f3 de prove\u00efdors: gesti\u00f3 de contractes, comandes i pagaments, aix\u00ed com mantenir una base de dades de contactes per a possibles futures contractacions i\/o col\u00b7laboracions.<\/p>\n<ul>\n<li>La base legal per al tractament \u00e9s l&#8217;exist\u00e8ncia d&#8217;una relaci\u00f3 contractual.<\/li>\n<li>El termini de conservaci\u00f3: les dades es conservaran en tot cas durant el temps que duri la relaci\u00f3 contractual i posteriorment durant els terminis legals establerts en la legislaci\u00f3 civil per a la prescripci\u00f3 de les obligacions contractuals i en la legislaci\u00f3 comptable i fiscal.<br \/>Les seves dades de contacte es mantindran fins que ens sol\u00b7liciti la seva supressi\u00f3<\/li>\n<\/ul>\n<p><strong>2.4. SUBCONTRACTES:<\/strong><br \/>La finalitat del tractament \u00e9s la gesti\u00f3 i intercanvi de documentaci\u00f3 t\u00e8cnica per al compliment de la normativa laboral i la gesti\u00f3 de la seguretat i salut dels empleats en el seu lloc de treball i en els seus despla\u00e7aments.<\/p>\n<ul>\n<li>La base legal per al tractament \u00e9s l&#8217;exist\u00e8ncia d&#8217;una relaci\u00f3 contractual i l&#8217;obligaci\u00f3 legal establerta en la llei de prevenci\u00f3 de riscos laborals.<\/li>\n<li>El termini de conservaci\u00f3: les dades es conservaran en tot cas durant el temps que duri la relaci\u00f3 contractual i posteriorment durant els terminis legals establerts en la legislaci\u00f3 civil per a la prescripci\u00f3 de les obligacions contractuals i la legislaci\u00f3 laboral.<\/li>\n<\/ul>\n<p><strong>2.5. CONTROL D&#8217;ACCESSOS I VIDEOVIGIL\u00c0NCIA:<\/strong><br \/>L&#8217;empresa compta amb un servei de control d&#8217;accessos i c\u00e0meres de videovigil\u00e0ncia amb la finalitat de preservar la seguretat i la videovigil\u00e0ncia de les instal\u00b7lacions, b\u00e9ns i persones.<\/p>\n<ul>\n<li>La base legal per al tractament \u00e9s l&#8217;inter\u00e8s leg\u00edtim de l&#8217;empresa per a garantir la seguretat.<\/li>\n<li>El termini de conservaci\u00f3: les imatges recaptades i les dades personals recollits en els accessos de l&#8217;empresa es conservaran durant el termini m\u00e0xim d&#8217;un mes sent eliminats posteriorment.<\/li>\n<\/ul>\n<h3>3. <strong>A qui comunicarem les teves dades?<\/strong><\/h3>\n<p>BRUGAROLAS comunicar\u00e0 les teves dades a tercers en els seg\u00fcents suposats:<\/p>\n<ul>\n<li>Per obligaci\u00f3 legal: a l&#8217;administraci\u00f3 tribut\u00e0ria per a pagament d&#8217;impostos, a jutges, tribunals que ho sol\u00b7licitin per via judicial.<\/li>\n<li>Cessi\u00f3 necess\u00e0ria per a la realitzaci\u00f3 de serveis: com a les entitats financeres per a efectuar els cobraments i pagaments oportuns, a les companyies d&#8217;assegurances, a les empreses transportistes per a la gesti\u00f3 log\u00edstica de comandes.<\/li>\n<\/ul>\n<p>No est\u00e0 prevista la transfer\u00e8ncia internacional de dades.<\/p>\n<h3>4. <strong>Quins son els teus drets?<\/strong><\/h3>\n<p>Qualsevol persona t\u00e9 dret a obtenir informaci\u00f3 sobre quines dades est\u00e0 tractant. A continuaci\u00f3, t&#8217;indiquem els teus drets:\u2028<\/p>\n<p><strong>Dret d&#8217;acc\u00e9s<\/strong><br \/>Dret d&#8217;acc\u00e9s a les teves dades personals per a saber si s&#8217;estan tractant dades personals i obtenir una c\u00f2pia d&#8217;aquests.<\/p>\n<p><strong>Dret de rectificaci\u00f3<\/strong><br \/>Dret a sol\u00b7licitar la rectificaci\u00f3 de les dades inexactes.<\/p>\n<p><strong>Dret de supressi\u00f3<\/strong><br \/>Dret a sol\u00b7licitar la supressi\u00f3 de les teves dades quan, entre altres motius, les dades ja no siguin necessaris per als fins que van ser recollits.<\/p>\n<p><strong>Dret a la limitaci\u00f3<\/strong><br \/>Podr\u00e0s sol\u00b7licitar la limitaci\u00f3 del tractament de les teves dades, i en aquest cas \u00fanicament es conservaran per a l&#8217;exercici o la defensa de reclamacions. \u2028<\/p>\n<p><strong>Dret d&#8217;oposici\u00f3<\/strong><br \/>En determinades circumst\u00e0ncies i per motius relacionats amb la teva situaci\u00f3 particular, podr\u00e0s oposar-te al tractament de les teves dades. L&#8217;empresa deixar\u00e0 de tractar les dades, excepte per motius leg\u00edtims imperiosos, o l&#8217;exercici o la defensa de possibles reclamacions.<\/p>\n<p><strong>Dret a la portabilitat<\/strong><br \/>Tindr\u00e0s dret a rebre les dades personals que t&#8217;incumbeixin, que hagis facilitat en un format estructurat, d&#8217;\u00fas com\u00fa i lectura mec\u00e0nica quan: a) el tractament estigui basat en el consentiment o en un contracte, i b) el tractament s&#8217;efectu\u00ef per mitjans automatitzats.<\/p>\n<p><strong>Dret a reclamar<\/strong><br \/>T&#8217;informem del teu dret a presentar una reclamaci\u00f3 davant l&#8217;autoritat de control (AEPD.- www.agpd.es) en el cas que no hagis vist satisfet l&#8217;exercici dels teus drets aqu\u00ed indicats.<\/p>\n<p>Per a exercir els citats drets pots posar-te en contacte amb el nostre delegat de protecci\u00f3 de dades a trav\u00e9s de l&#8217;e-mail <a href=\"mailto:protecciondatos@brugarolas.com\">protecciondatos@brugarolas.com<\/a> indicant la seg\u00fcent informaci\u00f3:<\/p>\n<ul>\n<li>Nom i cognoms,<\/li>\n<li>N\u00famero DNI, (quan escaigui)<\/li>\n<li>E-mail de contacte,<\/li>\n<li>Dret que desitja exercitar,<\/li>\n<li>Dades sobre els quals realitza la seva sol\u00b7licitud<\/li>\n<\/ul>\n<p>En el termini m\u00e0xim d&#8217;un mes resoldrem la teva sol\u00b7licitud notificant-te&#8217;l al mail que ens hagis indicat.<\/p>\n<h3><strong>5. Seguretat en el tractament<\/strong><\/h3>\n<p>Tenint en compte l&#8217;estat de la t\u00e8cnica, els costos d&#8217;aplicaci\u00f3, i la naturalesa, l&#8217;abast, el context i els fins del tractament, aix\u00ed com riscos de probabilitat i gravetat variables per als drets i llibertats de les persones f\u00edsiques, BRUGAROLAS aplicar\u00e0 mesures t\u00e8cniques i organitzatives apropiades per a garantir un nivell de seguretat adequat al risc, que evitin la destrucci\u00f3, p\u00e8rdua o alteraci\u00f3 accidental o il\u00b7l\u00edcita de dades personals transmeses, conservats o tractats d&#8217;una altra forma, o la comunicaci\u00f3 o acc\u00e9s no autoritzats a aquestes dades.<\/p>\n<\/div>\n<\/div><\/div><\/div><\/div><\/div>\n","protected":false},"excerpt":{"rendered":"","protected":false},"author":1,"featured_media":0,"parent":0,"menu_order":0,"comment_status":"closed","ping_status":"closed","template":"","meta":{"footnotes":""},"class_list":["post-4421","page","type-page","status-publish","hentry"],"yoast_head":"<!-- This site is optimized with the Yoast SEO plugin v27.3 - https:\/\/yoast.com\/product\/yoast-seo-wordpress\/ -->\n<title>Politica de Privadesa - Brugarolas fabricante de lubricantes industriales<\/title>\n<meta name=\"robots\" content=\"index, follow, max-snippet:-1, max-image-preview:large, max-video-preview:-1\" \/>\n<link rel=\"canonical\" href=\"https:\/\/brugarolas.com\/ca\/politica-de-privacitat\/\" \/>\n<meta property=\"og:locale\" content=\"ca_ES\" \/>\n<meta property=\"og:type\" content=\"article\" \/>\n<meta property=\"og:title\" content=\"Politica de Privadesa - Brugarolas fabricante de lubricantes industriales\" \/>\n<meta property=\"og:url\" content=\"https:\/\/brugarolas.com\/ca\/politica-de-privacitat\/\" \/>\n<meta property=\"og:site_name\" content=\"Brugarolas fabricante de lubricantes industriales\" \/>\n<meta property=\"article:modified_time\" content=\"2023-12-21T11:07:47+00:00\" \/>\n<meta name=\"twitter:card\" content=\"summary_large_image\" \/>\n<meta name=\"twitter:label1\" content=\"Temps estimat de lectura\" \/>\n\t<meta name=\"twitter:data1\" content=\"8 minuts\" \/>\n<script type=\"application\/ld+json\" class=\"yoast-schema-graph\">{\"@context\":\"https:\\\/\\\/schema.org\",\"@graph\":[{\"@type\":\"WebPage\",\"@id\":\"https:\\\/\\\/brugarolas.com\\\/ca\\\/politica-de-privacitat\\\/\",\"url\":\"https:\\\/\\\/brugarolas.com\\\/ca\\\/politica-de-privacitat\\\/\",\"name\":\"Politica de Privadesa - Brugarolas fabricante de lubricantes industriales\",\"isPartOf\":{\"@id\":\"https:\\\/\\\/brugarolas.com\\\/ca\\\/#website\"},\"datePublished\":\"2019-03-12T15:40:17+00:00\",\"dateModified\":\"2023-12-21T11:07:47+00:00\",\"breadcrumb\":{\"@id\":\"https:\\\/\\\/brugarolas.com\\\/ca\\\/politica-de-privacitat\\\/#breadcrumb\"},\"inLanguage\":\"ca\",\"potentialAction\":[{\"@type\":\"ReadAction\",\"target\":[\"https:\\\/\\\/brugarolas.com\\\/ca\\\/politica-de-privacitat\\\/\"]}]},{\"@type\":\"BreadcrumbList\",\"@id\":\"https:\\\/\\\/brugarolas.com\\\/ca\\\/politica-de-privacitat\\\/#breadcrumb\",\"itemListElement\":[{\"@type\":\"ListItem\",\"position\":1,\"name\":\"Portada\",\"item\":\"https:\\\/\\\/brugarolas.com\\\/ca\\\/\"},{\"@type\":\"ListItem\",\"position\":2,\"name\":\"Politica de Privadesa\"}]},{\"@type\":\"WebSite\",\"@id\":\"https:\\\/\\\/brugarolas.com\\\/ca\\\/#website\",\"url\":\"https:\\\/\\\/brugarolas.com\\\/ca\\\/\",\"name\":\"Brugarolas fabricante de lubricantes industriales\",\"description\":\"\",\"publisher\":{\"@id\":\"https:\\\/\\\/brugarolas.com\\\/ca\\\/#organization\"},\"potentialAction\":[{\"@type\":\"SearchAction\",\"target\":{\"@type\":\"EntryPoint\",\"urlTemplate\":\"https:\\\/\\\/brugarolas.com\\\/ca\\\/?s={search_term_string}\"},\"query-input\":{\"@type\":\"PropertyValueSpecification\",\"valueRequired\":true,\"valueName\":\"search_term_string\"}}],\"inLanguage\":\"ca\"},{\"@type\":\"Organization\",\"@id\":\"https:\\\/\\\/brugarolas.com\\\/ca\\\/#organization\",\"name\":\"Brugarolas, S.A.\",\"url\":\"https:\\\/\\\/brugarolas.com\\\/ca\\\/\",\"logo\":{\"@type\":\"ImageObject\",\"inLanguage\":\"ca\",\"@id\":\"https:\\\/\\\/brugarolas.com\\\/ca\\\/#\\\/schema\\\/logo\\\/image\\\/\",\"url\":\"https:\\\/\\\/brugarolas.com\\\/wp-content\\\/uploads\\\/brugarolas-retina-mobile-1.png\",\"contentUrl\":\"https:\\\/\\\/brugarolas.com\\\/wp-content\\\/uploads\\\/brugarolas-retina-mobile-1.png\",\"width\":640,\"height\":135,\"caption\":\"Brugarolas, S.A.\"},\"image\":{\"@id\":\"https:\\\/\\\/brugarolas.com\\\/ca\\\/#\\\/schema\\\/logo\\\/image\\\/\"}}]}<\/script>\n<!-- \/ Yoast SEO plugin. -->","yoast_head_json":{"title":"Politica de Privadesa - Brugarolas fabricante de lubricantes industriales","robots":{"index":"index","follow":"follow","max-snippet":"max-snippet:-1","max-image-preview":"max-image-preview:large","max-video-preview":"max-video-preview:-1"},"canonical":"https:\/\/brugarolas.com\/ca\/politica-de-privacitat\/","og_locale":"ca_ES","og_type":"article","og_title":"Politica de Privadesa - Brugarolas fabricante de lubricantes industriales","og_url":"https:\/\/brugarolas.com\/ca\/politica-de-privacitat\/","og_site_name":"Brugarolas fabricante de lubricantes industriales","article_modified_time":"2023-12-21T11:07:47+00:00","twitter_card":"summary_large_image","twitter_misc":{"Temps estimat de lectura":"8 minuts"},"schema":{"@context":"https:\/\/schema.org","@graph":[{"@type":"WebPage","@id":"https:\/\/brugarolas.com\/ca\/politica-de-privacitat\/","url":"https:\/\/brugarolas.com\/ca\/politica-de-privacitat\/","name":"Politica de Privadesa - Brugarolas fabricante de lubricantes industriales","isPartOf":{"@id":"https:\/\/brugarolas.com\/ca\/#website"},"datePublished":"2019-03-12T15:40:17+00:00","dateModified":"2023-12-21T11:07:47+00:00","breadcrumb":{"@id":"https:\/\/brugarolas.com\/ca\/politica-de-privacitat\/#breadcrumb"},"inLanguage":"ca","potentialAction":[{"@type":"ReadAction","target":["https:\/\/brugarolas.com\/ca\/politica-de-privacitat\/"]}]},{"@type":"BreadcrumbList","@id":"https:\/\/brugarolas.com\/ca\/politica-de-privacitat\/#breadcrumb","itemListElement":[{"@type":"ListItem","position":1,"name":"Portada","item":"https:\/\/brugarolas.com\/ca\/"},{"@type":"ListItem","position":2,"name":"Politica de Privadesa"}]},{"@type":"WebSite","@id":"https:\/\/brugarolas.com\/ca\/#website","url":"https:\/\/brugarolas.com\/ca\/","name":"Brugarolas fabricante de lubricantes industriales","description":"","publisher":{"@id":"https:\/\/brugarolas.com\/ca\/#organization"},"potentialAction":[{"@type":"SearchAction","target":{"@type":"EntryPoint","urlTemplate":"https:\/\/brugarolas.com\/ca\/?s={search_term_string}"},"query-input":{"@type":"PropertyValueSpecification","valueRequired":true,"valueName":"search_term_string"}}],"inLanguage":"ca"},{"@type":"Organization","@id":"https:\/\/brugarolas.com\/ca\/#organization","name":"Brugarolas, S.A.","url":"https:\/\/brugarolas.com\/ca\/","logo":{"@type":"ImageObject","inLanguage":"ca","@id":"https:\/\/brugarolas.com\/ca\/#\/schema\/logo\/image\/","url":"https:\/\/brugarolas.com\/wp-content\/uploads\/brugarolas-retina-mobile-1.png","contentUrl":"https:\/\/brugarolas.com\/wp-content\/uploads\/brugarolas-retina-mobile-1.png","width":640,"height":135,"caption":"Brugarolas, S.A."},"image":{"@id":"https:\/\/brugarolas.com\/ca\/#\/schema\/logo\/image\/"}}]}},"_links":{"self":[{"href":"https:\/\/brugarolas.com\/ca\/wp-json\/wp\/v2\/pages\/4421","targetHints":{"allow":["GET"]}}],"collection":[{"href":"https:\/\/brugarolas.com\/ca\/wp-json\/wp\/v2\/pages"}],"about":[{"href":"https:\/\/brugarolas.com\/ca\/wp-json\/wp\/v2\/types\/page"}],"author":[{"embeddable":true,"href":"https:\/\/brugarolas.com\/ca\/wp-json\/wp\/v2\/users\/1"}],"replies":[{"embeddable":true,"href":"https:\/\/brugarolas.com\/ca\/wp-json\/wp\/v2\/comments?post=4421"}],"version-history":[{"count":6,"href":"https:\/\/brugarolas.com\/ca\/wp-json\/wp\/v2\/pages\/4421\/revisions"}],"predecessor-version":[{"id":12239,"href":"https:\/\/brugarolas.com\/ca\/wp-json\/wp\/v2\/pages\/4421\/revisions\/12239"}],"wp:attachment":[{"href":"https:\/\/brugarolas.com\/ca\/wp-json\/wp\/v2\/media?parent=4421"}],"curies":[{"name":"wp","href":"https:\/\/api.w.org\/{rel}","templated":true}]}}