{"id":4424,"date":"2019-03-12T16:36:18","date_gmt":"2019-03-12T15:36:18","guid":{"rendered":"https:\/\/brugarolas.com\/politica-de-cookies\/"},"modified":"2019-07-31T00:45:46","modified_gmt":"2019-07-30T22:45:46","slug":"politica-de-cookies","status":"publish","type":"page","link":"https:\/\/brugarolas.com\/ca\/politica-de-cookies\/","title":{"rendered":"Pol\u00edtica de cookies"},"content":{"rendered":"<div class=\"justificado\">\n<h3>\u00das de cookies<\/h3>\n<p>En el nostre lloc web utilitzem cookies pr\u00f2pies i tercers (Google Analytics) per millorar la teva experi\u00e8ncia d\u2019usuari i recollir dades estad\u00edstiques sobre l\u2019\u00fas de la nostra web per part dels usuaris. Les cookies s\u2019associen \u00fanicament al navegador que est\u00e0 utilitzant, de manera que no s\u2019emmagatzema cap tipus de dades personals sobre l\u2019usuari que visita la nostra p\u00e0gina web. Vost\u00e8 pot configurar el seu navegador perqu\u00e8 notifiqui i\/o rebutgi la instal\u00b7laci\u00f3 de les cookies, sense que aix\u00f2 perjudiqui la possibilitat de l\u2019usuari de poder accedir a les diferents zones de la web, excepte al servei de xat de suport t\u00e8cnic.<\/p>\n<p>Si navegues per la nostra web, estar\u00e0s acceptant l\u2019\u00fas de les cookies en les condicions establertes en aquesta <strong>Pol\u00edtica de Cookies<\/strong>. Aquesta pol\u00edtica pot ser actualitzada, per la qual cosa et convidem a revisar-la de forma regular.<\/p>\n<h3>Qu\u00e8 s\u00f3n les cookies?<\/h3>\n<p>S\u00f3n petits fitxers de dades que el servidor d\u2019Internet envia al dispositiu amb el qual et connectes a les nostres webs i que aquest arxiva. S\u2019associen \u00fanicament al teu navegador i no proporcionen per si mateixes dades personals. Les cookies no poden danyar el teu dispositiu i a m\u00e9s s\u00f3n molt \u00fatils, ja que ens ajuden a identificar i resoldre errors.<\/p>\n<p>Si vols m\u00e9s informaci\u00f3 sobre el seu funcionament, et recomanem visitar <a href=\"http:\/\/www.allaboutcookies.org\" target=\"_blank\" rel=\"noopener noreferrer\"><strong>www.allaboutcookies.org <\/strong><\/a>i <a href=\"http:\/\/www.youronlinechoices.eu\/es\/\" target=\"_blank\" rel=\"noopener noreferrer\"><strong>www.youronlinechoices.eu<\/strong><\/a><\/p>\n<h3>Configuraci\u00f3 de las cookies<\/h3>\n<p>Pots consultar els passos per deshabilitar la instal\u00b7laci\u00f3 de cookies en la secci\u00f3 de \u201cAjuda\u201d de la teva navegador: Microsoft Internet Explorer, Google Chrome, Safari, Mozilla Firefox i Opera.<\/p>\n<p>Molts navegadors permeten activar una manera privada mitjan\u00e7ant el qual les cookies s\u2019esborren sempre despr\u00e9s de la teva visita a la web. Depenent de cada navegador aquesta manera privada pot tenir diferents noms. A continuaci\u00f3 trobar\u00e0 una llista dels navegadors m\u00e9s comuns i els diferents noms d\u2019aquesta \u201cmanera privat\u201d:<\/p>\n<ul>\n<li>Internet Explorer 8 i superior \u2013 InPrivate<\/li>\n<li>Opera 10.5 i superior \u2013 Navegaci\u00f3 Privada<\/li>\n<li>Google Chrome 10 i superior \u2013 Inc\u00f2gnit <\/li>\n<li>Safari 2 i superior \u2013 Navegaci\u00f3 Privada<\/li>\n<li>Firefox 3.5 i superior \u2013 Navegaci\u00f3 Privada<\/li>\n<\/ul>\n<p>A continuaci\u00f3 us detallem la relaci\u00f3 de cookies utilitzades per <a href=\"http:\/\/brugarolas.com\" target=\"_blank\" rel=\"noopener noreferrer\"><strong>brugarolas.com <\/strong><\/a>:\n<\/div>\n<table class=\"tabla\" width=\"100%\">\n<thead>\n<tr>\n<th>Cookie<\/th>\n<th>Tipus<\/th>\n<th>Duraci\u00f3<\/th>\n<th>Descripci\u00f3<\/th>\n<\/tr>\n<\/thead>\n<tbody>\n<tr>\n<td>_utma<\/td>\n<td>De tercers<\/td>\n<td>2 anys<\/td>\n<td>Utilitzada per Google Analytics.<\/td>\n<\/tr>\n<tr>\n<td>_utmb<\/td>\n<td>De tercers<\/td>\n<td>30 minuts<\/td>\n<td>Utilitzada per Google Analytics.<\/td>\n<\/tr>\n<tr>\n<td>_utmc<\/td>\n<td>De tercers<\/td>\n<td>En finalitzar la sessi\u00f3 de navegaci\u00f3<\/td>\n<td>Utilitzada per Google Analytics.<\/td>\n<\/tr>\n<tr>\n<td>_utmt<\/td>\n<td>De tercers<\/td>\n<td>30 minuts<\/td>\n<td>Utilitzada per Google Analytics.<\/td>\n<\/tr>\n<tr>\n<td>_utmv<\/td>\n<td>De tercers<\/td>\n<td>30 minuts<\/td>\n<td>Utilitzada per Google Analytics.<\/td>\n<\/tr>\n<tr>\n<td>_utmz<\/td>\n<td>De tercers<\/td>\n<td>30 minuts<\/td>\n<td>Utilitzada per Google Analytics.<\/td>\n<\/tr>\n<tr>\n<td>_icl_current_admin_language<\/td>\n<td>De tercers<\/td>\n<td>1 dia<\/td>\n<td>Gesti\u00f3 dels idiomes utilitzats a la web<\/td>\n<\/tr>\n<tr>\n<td>_icl_current_language<\/td>\n<td>De tercers<\/td>\n<td>1 dia<\/td>\n<td>Gesti\u00f3 dels idiomes utilitzats a la web<\/td>\n<\/tr>\n<tr>\n<td>_icl_visitor_lang_is<\/td>\n<td>De tercers<\/td>\n<td>24 Hores<\/td>\n<td>Gesti\u00f3 d\u2019idiomes, emmagatzema l\u2019idioma per defecte de la web.<\/td>\n<\/tr>\n<tr>\n<td>viewed_cookie_policy<\/td>\n<td>Pr\u00f2pia<\/td>\n<td>1 any<\/td>\n<td>Utilitzada per comprovar si ha donat la seva acceptaci\u00f3 a l\u2019\u00fas de cookies a la nostra web.<\/td>\n<\/tr>\n<tr>\n<td>wordpress_logged_in[hash]<\/td>\n<td>De tercers<\/td>\n<td>Sessi\u00f3<\/td>\n<td>Indica si l&#8217;usuari est\u00e0 connectat i qui \u00e9s<\/td>\n<\/tr>\n<tr>\n<td>wordpress_sec-<\/td>\n<td>De tercers<\/td>\n<td>En finalitzar la sessi\u00f3 de navegaci\u00f3<\/td>\n<td>Ens permet identificar l\u2019idioma de l\u2019usuari a fi de mostrar-li la p\u00e0gina web en l\u2019idioma correcte<\/td>\n<\/tr>\n<tr>\n<td>wordpress_test_cookie<\/td>\n<td>De tercers<\/td>\n<td>Sessi\u00f3<\/td>\n<td>Aquesta cookie s\u2019usa perqu\u00e8 el gestor de continguts WordPress comprovi si el navegador t\u00e9 les cookies activades<\/td>\n<\/tr>\n<tr>\n<td>wp-settings-1<\/td>\n<td>De tercers<\/td>\n<td>En tancar el navegador<\/td>\n<td>Utilitzada per personalitzar l\u2019interf\u00edcie d\u2019usuari<\/td>\n<\/tr>\n<tr>\n<td>wp-settings-time-1<\/td>\n<td>Pr\u00f2pia<\/td>\n<td>1 any<\/td>\n<td>Personalitzar Interf\u00edcie<\/td>\n<\/tr>\n<tr>\n<td>wpml_browser_redirect_test<\/td>\n<td>De tercers<\/td>\n<td>En finalitzar la sessi\u00f3<\/td>\n<td>Identificar si ha de redireccionar la p\u00e0gina a un altre idioma<\/td>\n<\/tr>\n<\/tbody>\n<\/table>\n","protected":false},"excerpt":{"rendered":"<p>\u00das de cookies En el nostre lloc web utilitzem cookies pr\u00f2pies i tercers (Google Analytics) per millorar la teva experi\u00e8ncia d\u2019usuari i recollir dades estad\u00edstiques  [&#8230;]<\/p>\n","protected":false},"author":1,"featured_media":0,"parent":0,"menu_order":0,"comment_status":"closed","ping_status":"closed","template":"","meta":{"footnotes":""},"class_list":["post-4424","page","type-page","status-publish","hentry"],"yoast_head":"<!-- This site is optimized with the Yoast SEO plugin v27.4 - https:\/\/yoast.com\/product\/yoast-seo-wordpress\/ -->\n<title>Pol\u00edtica de cookies - Brugarolas fabricante de lubricantes industriales<\/title>\n<meta name=\"robots\" content=\"index, follow, max-snippet:-1, max-image-preview:large, max-video-preview:-1\" \/>\n<link rel=\"canonical\" href=\"https:\/\/brugarolas.com\/ca\/politica-de-cookies\/\" \/>\n<meta property=\"og:locale\" content=\"ca_ES\" \/>\n<meta property=\"og:type\" content=\"article\" \/>\n<meta property=\"og:title\" content=\"Pol\u00edtica de cookies - Brugarolas fabricante de lubricantes industriales\" \/>\n<meta property=\"og:description\" content=\"\u00das de cookies En el nostre lloc web utilitzem cookies pr\u00f2pies i tercers (Google Analytics) per millorar la teva experi\u00e8ncia d\u2019usuari i recollir dades estad\u00edstiques [...]\" \/>\n<meta property=\"og:url\" content=\"https:\/\/brugarolas.com\/ca\/politica-de-cookies\/\" \/>\n<meta property=\"og:site_name\" content=\"Brugarolas fabricante de lubricantes industriales\" \/>\n<meta property=\"article:modified_time\" content=\"2019-07-30T22:45:46+00:00\" \/>\n<meta name=\"twitter:card\" content=\"summary_large_image\" \/>\n<meta name=\"twitter:label1\" content=\"Temps estimat de lectura\" \/>\n\t<meta name=\"twitter:data1\" content=\"3 minuts\" \/>\n<script type=\"application\/ld+json\" class=\"yoast-schema-graph\">{\"@context\":\"https:\\\/\\\/schema.org\",\"@graph\":[{\"@type\":\"WebPage\",\"@id\":\"https:\\\/\\\/brugarolas.com\\\/ca\\\/politica-de-cookies\\\/\",\"url\":\"https:\\\/\\\/brugarolas.com\\\/ca\\\/politica-de-cookies\\\/\",\"name\":\"Pol\u00edtica de cookies - Brugarolas fabricante de lubricantes industriales\",\"isPartOf\":{\"@id\":\"https:\\\/\\\/brugarolas.com\\\/ca\\\/#website\"},\"datePublished\":\"2019-03-12T15:36:18+00:00\",\"dateModified\":\"2019-07-30T22:45:46+00:00\",\"breadcrumb\":{\"@id\":\"https:\\\/\\\/brugarolas.com\\\/ca\\\/politica-de-cookies\\\/#breadcrumb\"},\"inLanguage\":\"ca\",\"potentialAction\":[{\"@type\":\"ReadAction\",\"target\":[\"https:\\\/\\\/brugarolas.com\\\/ca\\\/politica-de-cookies\\\/\"]}]},{\"@type\":\"BreadcrumbList\",\"@id\":\"https:\\\/\\\/brugarolas.com\\\/ca\\\/politica-de-cookies\\\/#breadcrumb\",\"itemListElement\":[{\"@type\":\"ListItem\",\"position\":1,\"name\":\"Portada\",\"item\":\"https:\\\/\\\/brugarolas.com\\\/ca\\\/\"},{\"@type\":\"ListItem\",\"position\":2,\"name\":\"Pol\u00edtica de cookies\"}]},{\"@type\":\"WebSite\",\"@id\":\"https:\\\/\\\/brugarolas.com\\\/ca\\\/#website\",\"url\":\"https:\\\/\\\/brugarolas.com\\\/ca\\\/\",\"name\":\"Brugarolas fabricante de lubricantes industriales\",\"description\":\"\",\"publisher\":{\"@id\":\"https:\\\/\\\/brugarolas.com\\\/ca\\\/#organization\"},\"potentialAction\":[{\"@type\":\"SearchAction\",\"target\":{\"@type\":\"EntryPoint\",\"urlTemplate\":\"https:\\\/\\\/brugarolas.com\\\/ca\\\/?s={search_term_string}\"},\"query-input\":{\"@type\":\"PropertyValueSpecification\",\"valueRequired\":true,\"valueName\":\"search_term_string\"}}],\"inLanguage\":\"ca\"},{\"@type\":\"Organization\",\"@id\":\"https:\\\/\\\/brugarolas.com\\\/ca\\\/#organization\",\"name\":\"Brugarolas, S.A.\",\"url\":\"https:\\\/\\\/brugarolas.com\\\/ca\\\/\",\"logo\":{\"@type\":\"ImageObject\",\"inLanguage\":\"ca\",\"@id\":\"https:\\\/\\\/brugarolas.com\\\/ca\\\/#\\\/schema\\\/logo\\\/image\\\/\",\"url\":\"https:\\\/\\\/brugarolas.com\\\/wp-content\\\/uploads\\\/brugarolas-retina-mobile-1.png\",\"contentUrl\":\"https:\\\/\\\/brugarolas.com\\\/wp-content\\\/uploads\\\/brugarolas-retina-mobile-1.png\",\"width\":640,\"height\":135,\"caption\":\"Brugarolas, S.A.\"},\"image\":{\"@id\":\"https:\\\/\\\/brugarolas.com\\\/ca\\\/#\\\/schema\\\/logo\\\/image\\\/\"}}]}<\/script>\n<!-- \/ Yoast SEO plugin. -->","yoast_head_json":{"title":"Pol\u00edtica de cookies - Brugarolas fabricante de lubricantes industriales","robots":{"index":"index","follow":"follow","max-snippet":"max-snippet:-1","max-image-preview":"max-image-preview:large","max-video-preview":"max-video-preview:-1"},"canonical":"https:\/\/brugarolas.com\/ca\/politica-de-cookies\/","og_locale":"ca_ES","og_type":"article","og_title":"Pol\u00edtica de cookies - Brugarolas fabricante de lubricantes industriales","og_description":"\u00das de cookies En el nostre lloc web utilitzem cookies pr\u00f2pies i tercers (Google Analytics) per millorar la teva experi\u00e8ncia d\u2019usuari i recollir dades estad\u00edstiques [...]","og_url":"https:\/\/brugarolas.com\/ca\/politica-de-cookies\/","og_site_name":"Brugarolas fabricante de lubricantes industriales","article_modified_time":"2019-07-30T22:45:46+00:00","twitter_card":"summary_large_image","twitter_misc":{"Temps estimat de lectura":"3 minuts"},"schema":{"@context":"https:\/\/schema.org","@graph":[{"@type":"WebPage","@id":"https:\/\/brugarolas.com\/ca\/politica-de-cookies\/","url":"https:\/\/brugarolas.com\/ca\/politica-de-cookies\/","name":"Pol\u00edtica de cookies - Brugarolas fabricante de lubricantes industriales","isPartOf":{"@id":"https:\/\/brugarolas.com\/ca\/#website"},"datePublished":"2019-03-12T15:36:18+00:00","dateModified":"2019-07-30T22:45:46+00:00","breadcrumb":{"@id":"https:\/\/brugarolas.com\/ca\/politica-de-cookies\/#breadcrumb"},"inLanguage":"ca","potentialAction":[{"@type":"ReadAction","target":["https:\/\/brugarolas.com\/ca\/politica-de-cookies\/"]}]},{"@type":"BreadcrumbList","@id":"https:\/\/brugarolas.com\/ca\/politica-de-cookies\/#breadcrumb","itemListElement":[{"@type":"ListItem","position":1,"name":"Portada","item":"https:\/\/brugarolas.com\/ca\/"},{"@type":"ListItem","position":2,"name":"Pol\u00edtica de cookies"}]},{"@type":"WebSite","@id":"https:\/\/brugarolas.com\/ca\/#website","url":"https:\/\/brugarolas.com\/ca\/","name":"Brugarolas fabricante de lubricantes industriales","description":"","publisher":{"@id":"https:\/\/brugarolas.com\/ca\/#organization"},"potentialAction":[{"@type":"SearchAction","target":{"@type":"EntryPoint","urlTemplate":"https:\/\/brugarolas.com\/ca\/?s={search_term_string}"},"query-input":{"@type":"PropertyValueSpecification","valueRequired":true,"valueName":"search_term_string"}}],"inLanguage":"ca"},{"@type":"Organization","@id":"https:\/\/brugarolas.com\/ca\/#organization","name":"Brugarolas, S.A.","url":"https:\/\/brugarolas.com\/ca\/","logo":{"@type":"ImageObject","inLanguage":"ca","@id":"https:\/\/brugarolas.com\/ca\/#\/schema\/logo\/image\/","url":"https:\/\/brugarolas.com\/wp-content\/uploads\/brugarolas-retina-mobile-1.png","contentUrl":"https:\/\/brugarolas.com\/wp-content\/uploads\/brugarolas-retina-mobile-1.png","width":640,"height":135,"caption":"Brugarolas, S.A."},"image":{"@id":"https:\/\/brugarolas.com\/ca\/#\/schema\/logo\/image\/"}}]}},"_links":{"self":[{"href":"https:\/\/brugarolas.com\/ca\/wp-json\/wp\/v2\/pages\/4424","targetHints":{"allow":["GET"]}}],"collection":[{"href":"https:\/\/brugarolas.com\/ca\/wp-json\/wp\/v2\/pages"}],"about":[{"href":"https:\/\/brugarolas.com\/ca\/wp-json\/wp\/v2\/types\/page"}],"author":[{"embeddable":true,"href":"https:\/\/brugarolas.com\/ca\/wp-json\/wp\/v2\/users\/1"}],"replies":[{"embeddable":true,"href":"https:\/\/brugarolas.com\/ca\/wp-json\/wp\/v2\/comments?post=4424"}],"version-history":[{"count":2,"href":"https:\/\/brugarolas.com\/ca\/wp-json\/wp\/v2\/pages\/4424\/revisions"}],"predecessor-version":[{"id":4457,"href":"https:\/\/brugarolas.com\/ca\/wp-json\/wp\/v2\/pages\/4424\/revisions\/4457"}],"wp:attachment":[{"href":"https:\/\/brugarolas.com\/ca\/wp-json\/wp\/v2\/media?parent=4424"}],"curies":[{"name":"wp","href":"https:\/\/api.w.org\/{rel}","templated":true}]}}