{"id":4477,"date":"2019-02-08T14:57:43","date_gmt":"2019-02-08T13:57:43","guid":{"rendered":"https:\/\/brugarolas.com\/ubicacion\/"},"modified":"2026-03-16T16:59:08","modified_gmt":"2026-03-16T15:59:08","slug":"localitzacio","status":"publish","type":"page","link":"https:\/\/brugarolas.com\/ca\/localitzacio\/","title":{"rendered":"Localitzaci\u00f3"},"content":{"rendered":"<p><div class=\"fusion-fullwidth fullwidth-box fusion-builder-row-1 nonhundred-percent-fullwidth non-hundred-percent-height-scrolling\" style=\"--awb-border-radius-top-left:0px;--awb-border-radius-top-right:0px;--awb-border-radius-bottom-right:0px;--awb-border-radius-bottom-left:0px;--awb-margin-bottom:50px;--awb-flex-wrap:wrap;\" ><div class=\"fusion-builder-row fusion-row\"><div class=\"fusion-layout-column fusion_builder_column fusion-builder-column-0 fusion_builder_column_1_1 1_1 fusion-one-full fusion-column-first fusion-column-last\" style=\"--awb-bg-size:cover;\"><div class=\"fusion-column-wrapper fusion-flex-column-wrapper-legacy\"><div class=\"fusion-text fusion-text-1 awb-text-cols fusion-text-columns-2 justificado\" style=\"--awb-columns:2;--awb-column-spacing:2em;--awb-column-min-width:300px;--awb-rule-style:1px solid #00833a;\"><p><strong>Brugarolas<\/strong> t\u00e9 situada la seva planta de fabricaci\u00f3 i oficines a la localitat de Rub\u00ed. El centre log\u00edstic i de distribuci\u00f3 es troba annex a la f\u00e0brica, en un enclavament de f\u00e0cil acc\u00e9s per carretera.<\/p>\n<p>Rub\u00ed est\u00e0 situada a 26 km de Barcelona i posseeix excel\u00b7lents comunicacions per carretera i ferrocarril, la qual cosa dota a aquesta vila d\u2019una comunicaci\u00f3 r\u00e0pida amb el port de Barcelona, amb Europa i amb la resta d\u2019Espanya.<\/p>\n<p>Amb una superf\u00edcie de m\u00e9s de 35.000 m<sup>2<\/sup> (33.000 m<sup>2<\/sup> dels quals estan constru\u00efts), Brugarolas disposa d\u2019una capacitat de producci\u00f3 superior a les 50.000 tones anuals.<\/p>\n<\/div><div class=\"fusion-clearfix\"><\/div><\/div><\/div><\/div><\/div><div class=\"fusion-fullwidth fullwidth-box fusion-builder-row-2 hundred-percent-fullwidth non-hundred-percent-height-scrolling\" style=\"--awb-border-radius-top-left:0px;--awb-border-radius-top-right:0px;--awb-border-radius-bottom-right:0px;--awb-border-radius-bottom-left:0px;--awb-flex-wrap:wrap;\" ><div class=\"fusion-builder-row fusion-row\"><div class=\"fusion-layout-column fusion_builder_column fusion-builder-column-1 fusion_builder_column_1_2 1_2 fusion-one-half fusion-column-first\" style=\"--awb-bg-size:cover;width:50%;width:calc(50% - ( ( 30px ) * 0.5 ) );margin-right: 30px;\"><div class=\"fusion-column-wrapper fusion-flex-column-wrapper-legacy\"><div class=\"fusion-image-element fusion-image-align-center in-legacy-container\" style=\"text-align:center;--awb-caption-title-font-family:var(--h2_typography-font-family);--awb-caption-title-font-weight:var(--h2_typography-font-weight);--awb-caption-title-font-style:var(--h2_typography-font-style);--awb-caption-title-size:var(--h2_typography-font-size);--awb-caption-title-transform:var(--h2_typography-text-transform);--awb-caption-title-line-height:var(--h2_typography-line-height);--awb-caption-title-letter-spacing:var(--h2_typography-letter-spacing);\"><div class=\"imageframe-align-center\"><span class=\" fusion-imageframe imageframe-none imageframe-1 hover-type-none\"><img decoding=\"async\" width=\"920\" height=\"479\" alt=\"Oficinas centrales y f\u00e1brica de Brugarolas\" title=\"Oficinas centrales Brugarolas\" src=\"https:\/\/brugarolas.com\/wp-content\/uploads\/oficinas-centrales-brugarolas.jpg\" data-orig-src=\"https:\/\/brugarolas.com\/wp-content\/uploads\/oficinas-centrales-brugarolas.jpg\" class=\"lazyload img-responsive wp-image-4480\" srcset=\"data:image\/svg+xml,%3Csvg%20xmlns%3D%27http%3A%2F%2Fwww.w3.org%2F2000%2Fsvg%27%20width%3D%27920%27%20height%3D%27479%27%20viewBox%3D%270%200%20920%20479%27%3E%3Crect%20width%3D%27920%27%20height%3D%27479%27%20fill-opacity%3D%220%22%2F%3E%3C%2Fsvg%3E\" data-srcset=\"https:\/\/brugarolas.com\/wp-content\/uploads\/oficinas-centrales-brugarolas-200x104.jpg 200w, https:\/\/brugarolas.com\/wp-content\/uploads\/oficinas-centrales-brugarolas-400x208.jpg 400w, https:\/\/brugarolas.com\/wp-content\/uploads\/oficinas-centrales-brugarolas-600x312.jpg 600w, https:\/\/brugarolas.com\/wp-content\/uploads\/oficinas-centrales-brugarolas-800x417.jpg 800w, https:\/\/brugarolas.com\/wp-content\/uploads\/oficinas-centrales-brugarolas.jpg 920w\" data-sizes=\"auto\" data-orig-sizes=\"(max-width: 800px) 100vw, 600px\" \/><\/span><\/div><\/div><div class=\"fusion-clearfix\"><\/div><\/div><\/div><div class=\"fusion-layout-column fusion_builder_column fusion-builder-column-2 fusion_builder_column_1_2 1_2 fusion-one-half fusion-column-last\" style=\"--awb-bg-size:cover;width:50%;width:calc(50% - ( ( 30px ) * 0.5 ) );\"><div class=\"fusion-column-wrapper fusion-flex-column-wrapper-legacy\"><div class=\"fusion-image-element fusion-image-align-center in-legacy-container\" style=\"text-align:center;--awb-caption-title-font-family:var(--h2_typography-font-family);--awb-caption-title-font-weight:var(--h2_typography-font-weight);--awb-caption-title-font-style:var(--h2_typography-font-style);--awb-caption-title-size:var(--h2_typography-font-size);--awb-caption-title-transform:var(--h2_typography-text-transform);--awb-caption-title-line-height:var(--h2_typography-line-height);--awb-caption-title-letter-spacing:var(--h2_typography-letter-spacing);\"><div class=\"imageframe-align-center\"><span class=\" fusion-imageframe imageframe-none imageframe-2 hover-type-none\"><img decoding=\"async\" width=\"920\" height=\"479\" alt=\"Centro log\u00edstico y almac\u00e9n de Brugarolas\" title=\"almacen-brugarolas\" src=\"https:\/\/brugarolas.com\/wp-content\/uploads\/almacen-brugarolas.jpg\" data-orig-src=\"https:\/\/brugarolas.com\/wp-content\/uploads\/almacen-brugarolas.jpg\" class=\"lazyload img-responsive wp-image-8504\" srcset=\"data:image\/svg+xml,%3Csvg%20xmlns%3D%27http%3A%2F%2Fwww.w3.org%2F2000%2Fsvg%27%20width%3D%27920%27%20height%3D%27479%27%20viewBox%3D%270%200%20920%20479%27%3E%3Crect%20width%3D%27920%27%20height%3D%27479%27%20fill-opacity%3D%220%22%2F%3E%3C%2Fsvg%3E\" data-srcset=\"https:\/\/brugarolas.com\/wp-content\/uploads\/almacen-brugarolas-200x104.jpg 200w, https:\/\/brugarolas.com\/wp-content\/uploads\/almacen-brugarolas-400x208.jpg 400w, https:\/\/brugarolas.com\/wp-content\/uploads\/almacen-brugarolas-600x312.jpg 600w, https:\/\/brugarolas.com\/wp-content\/uploads\/almacen-brugarolas-800x417.jpg 800w, https:\/\/brugarolas.com\/wp-content\/uploads\/almacen-brugarolas.jpg 920w\" data-sizes=\"auto\" data-orig-sizes=\"(max-width: 800px) 100vw, 600px\" \/><\/span><\/div><\/div><div class=\"fusion-title title fusion-title-1 sep-underline sep-solid fusion-title-center fusion-title-text fusion-title-size-two\" style=\"--awb-margin-top:20px;--awb-margin-bottom:30px;--awb-margin-top-small:0px;--awb-margin-right-small:0px;--awb-margin-bottom-small:20px;--awb-margin-left-small:0px;--awb-sep-color:#009a44;\"><h2 class=\"fusion-title-heading title-heading-center fusion-responsive-typography-calculated\" style=\"margin:0;--fontSize:28;--minFontSize:28;line-height:1.36;\">Centre log\u00edstic i Distribuci\u00f3<\/h2><\/div><div class=\"fusion-clearfix\"><\/div><\/div><\/div><\/div><\/div><div class=\"fusion-fullwidth fullwidth-box fusion-builder-row-3 fusion-flex-container nonhundred-percent-fullwidth non-hundred-percent-height-scrolling\" style=\"--awb-border-radius-top-left:0px;--awb-border-radius-top-right:0px;--awb-border-radius-bottom-right:0px;--awb-border-radius-bottom-left:0px;--awb-flex-wrap:wrap;\" ><div class=\"fusion-builder-row fusion-row fusion-flex-align-items-flex-start fusion-flex-content-wrap\" style=\"max-width:1216.8px;margin-left: calc(-4% \/ 2 );margin-right: calc(-4% \/ 2 );\"><div class=\"fusion-layout-column fusion_builder_column fusion-builder-column-3 fusion_builder_column_1_1 1_1 fusion-flex-column\" style=\"--awb-bg-size:cover;--awb-width-large:100%;--awb-margin-top-large:0px;--awb-spacing-right-large:1.92%;--awb-margin-bottom-large:20px;--awb-spacing-left-large:1.92%;--awb-width-medium:100%;--awb-order-medium:0;--awb-spacing-right-medium:1.92%;--awb-spacing-left-medium:1.92%;--awb-width-small:100%;--awb-order-small:0;--awb-spacing-right-small:1.92%;--awb-spacing-left-small:1.92%;\"><div class=\"fusion-column-wrapper fusion-column-has-shadow fusion-flex-justify-content-flex-start fusion-content-layout-column\"><div class=\"fusion-title title fusion-title-2 sep-underline sep-solid fusion-title-center fusion-title-text fusion-title-size-two\" style=\"--awb-margin-top:20px;--awb-margin-bottom:30px;--awb-margin-top-small:0px;--awb-margin-right-small:0px;--awb-margin-bottom-small:20px;--awb-margin-left-small:0px;--awb-sep-color:#009a44;\"><h2 class=\"fusion-title-heading title-heading-center fusion-responsive-typography-calculated\" style=\"margin:0;--fontSize:28;--minFontSize:28;line-height:1.36;\">Head Office, centre log\u00edstic i distribuci\u00f3 <img decoding=\"async\" class=\"lazyload alignnone size-full wp-image-17606\" src=\"https:\/\/brugarolas.com\/wp-content\/uploads\/iconos-empresa.webp\" data-orig-src=\"https:\/\/brugarolas.com\/wp-content\/uploads\/iconos-empresa.webp\" alt=\"Iconos empresa\" width=\"180\" height=\"48\" srcset=\"data:image\/svg+xml,%3Csvg%20xmlns%3D%27http%3A%2F%2Fwww.w3.org%2F2000%2Fsvg%27%20width%3D%27180%27%20height%3D%2748%27%20viewBox%3D%270%200%20180%2048%27%3E%3Crect%20width%3D%27180%27%20height%3D%2748%27%20fill-opacity%3D%220%22%2F%3E%3C%2Fsvg%3E\" data-srcset=\"https:\/\/brugarolas.com\/wp-content\/uploads\/iconos-empresa-177x48.webp 177w, https:\/\/brugarolas.com\/wp-content\/uploads\/iconos-empresa.webp 180w\" data-sizes=\"auto\" data-orig-sizes=\"(max-width: 180px) 100vw, 180px\" \/><\/h2><\/div><div class=\"fusion-builder-row fusion-builder-row-inner fusion-row fusion-flex-align-items-flex-start fusion-flex-content-wrap\" style=\"--awb-flex-grow:0;--awb-flex-grow-medium:0;--awb-flex-grow-small:0;--awb-flex-shrink:0;--awb-flex-shrink-medium:0;--awb-flex-shrink-small:0;width:104% !important;max-width:104% !important;margin-left: calc(-4% \/ 2 );margin-right: calc(-4% \/ 2 );\"><div class=\"fusion-layout-column fusion_builder_column_inner fusion-builder-nested-column-0 fusion_builder_column_inner_1_3 1_3 fusion-flex-column\" style=\"--awb-bg-size:cover;--awb-width-large:33.333333333333%;--awb-margin-top-large:0px;--awb-spacing-right-large:5.76%;--awb-margin-bottom-large:20px;--awb-spacing-left-large:5.76%;--awb-width-medium:100%;--awb-spacing-right-medium:1.92%;--awb-spacing-left-medium:1.92%;--awb-width-small:100%;--awb-spacing-right-small:1.92%;--awb-spacing-left-small:1.92%;\"><div class=\"fusion-column-wrapper fusion-flex-justify-content-flex-start fusion-content-layout-column\"><div class=\"fusion-text fusion-text-2\"><p><strong>Adre\u00e7a<\/strong><br \/>\nCam\u00ed de la Riera, 36<br \/>\nPol. Ind. Cova Solera<br \/>\n08191 Rub\u00ed (Barcelona) \u2013 Espa\u00f1a<\/p>\n<\/div><\/div><\/div><div class=\"fusion-layout-column fusion_builder_column_inner fusion-builder-nested-column-1 fusion_builder_column_inner_1_3 1_3 fusion-flex-column\" style=\"--awb-bg-size:cover;--awb-width-large:33.333333333333%;--awb-margin-top-large:0px;--awb-spacing-right-large:5.76%;--awb-margin-bottom-large:20px;--awb-spacing-left-large:5.76%;--awb-width-medium:100%;--awb-spacing-right-medium:1.92%;--awb-spacing-left-medium:1.92%;--awb-width-small:100%;--awb-spacing-right-small:1.92%;--awb-spacing-left-small:1.92%;\"><div class=\"fusion-column-wrapper fusion-flex-justify-content-flex-start fusion-content-layout-column\"><div class=\"fusion-text fusion-text-3\"><p><strong>Contacte<\/strong><br \/>\n<i class=\"fas fb-icon-element fontawesome-icon icon-telefono icono\"><\/i> +34 93 588 31 00<br \/>\n<i class=\"fas fb-icon-element fontawesome-icon icon-fax icono\"><\/i> +34 93 588 31 01<br \/>\n<i class=\"fas fb-icon-element fontawesome-icon icon-correo icono\"><\/i> <a href=\"mailto:mailbox@brugarolas.com\">mailbox@brugarolas.com<\/a><\/p>\n<\/div><\/div><\/div><div class=\"fusion-layout-column fusion_builder_column_inner fusion-builder-nested-column-2 fusion_builder_column_inner_1_3 1_3 fusion-flex-column\" style=\"--awb-bg-size:cover;--awb-width-large:33.333333333333%;--awb-margin-top-large:0px;--awb-spacing-right-large:5.76%;--awb-margin-bottom-large:20px;--awb-spacing-left-large:5.76%;--awb-width-medium:100%;--awb-spacing-right-medium:1.92%;--awb-spacing-left-medium:1.92%;--awb-width-small:100%;--awb-spacing-right-small:1.92%;--awb-spacing-left-small:1.92%;\"><div class=\"fusion-column-wrapper fusion-flex-justify-content-flex-start fusion-content-layout-column\"><div class=\"fusion-text fusion-text-4\"><p><strong>Dept. Comercial<\/strong><br \/>\n<i class=\"fas fb-icon-element fontawesome-icon icon-telefono icono\"><\/i> +34 93 697 63 00<br \/>\n<i class=\"fas fb-icon-element fontawesome-icon icon-fax icono\"><\/i> +34 93 588 31 01<br \/>\n<i class=\"fas fb-icon-element fontawesome-icon icon-correo icono\"><\/i> <a href=\"mailto:comercial@brugarolas.com\">comercial@brugarolas.com<\/a><\/p>\n<\/div><\/div><\/div><\/div><\/div><\/div><\/div><\/div><div class=\"fusion-fullwidth fullwidth-box fusion-builder-row-4 hundred-percent-fullwidth non-hundred-percent-height-scrolling\" style=\"--awb-border-radius-top-left:0px;--awb-border-radius-top-right:0px;--awb-border-radius-bottom-right:0px;--awb-border-radius-bottom-left:0px;--awb-margin-top:50px;--awb-flex-wrap:wrap;\" ><div class=\"fusion-builder-row fusion-row\"><div class=\"fusion-layout-column fusion_builder_column fusion-builder-column-4 fusion_builder_column_1_2 1_2 fusion-one-half fusion-column-first\" style=\"--awb-bg-size:cover;width:50%;width:calc(50% - ( ( 30px ) * 0.5 ) );margin-right: 30px;\"><div class=\"fusion-column-wrapper fusion-flex-column-wrapper-legacy\"><script src=\"https:\/\/maps.googleapis.com\/maps\/api\/js?key=AIzaSyCpKxBz4bikWZXi7RCX6rfR-Mg3EY8A9po&v=3\"><\/script>\n<div id=\"mapa2\" style=\"width:100%;height:500px;\"><\/div>\n<div class=\"fusion-clearfix\"><\/div><\/div><\/div><div class=\"fusion-layout-column fusion_builder_column fusion-builder-column-5 fusion_builder_column_1_2 1_2 fusion-one-half fusion-column-last\" style=\"--awb-bg-size:cover;width:50%;width:calc(50% - ( ( 30px ) * 0.5 ) );\"><div class=\"fusion-column-wrapper fusion-flex-column-wrapper-legacy\"><div class=\"fusion-title title fusion-title-3 sep-underline sep-solid fusion-title-center fusion-title-text fusion-title-size-two\" style=\"--awb-margin-bottom:30px;--awb-margin-top-small:0px;--awb-margin-right-small:0px;--awb-margin-bottom-small:20px;--awb-margin-left-small:0px;--awb-sep-color:#009a44;\"><h2 class=\"fusion-title-heading title-heading-center fusion-responsive-typography-calculated\" style=\"margin:0;--fontSize:28;--minFontSize:28;line-height:1.36;\">Com arribar?<\/h2><\/div><p>Introdueix la teva adre\u00e7a i calcularem la ruta per a arribar fins a les nostres instal\u00b7lacions:<\/p>\n<div class=\"mostrarruta2\">La teva direcci\u00f3:<br><input id=\"from-input2\" type=text value=\"\"\/><\/div>\n<div class=\"mostrarruta2\">\n<input type=\"hidden\" id=\"to-input2\" value=\"Camino de la Riera, 36-44 Pol\u00edgono Industrial Cova Solera, 08191 Rub\u00ed, Barcelona\">\n<\/div>\n<br>\n<a id=\"driveclick2\" class=\"fusion-button button-flat fusion-button-square button-large button-default button-3\" onclick=\"Demo2.getDirections();\">CALCULAR RUTA<\/a>\n<div id=\"dir-container2\"><\/div>\n<script type=\"text\/javascript\">\nvar Demo2 = {\n    mapContainer: document.getElementById(\"mapa2\"),\n    dirContainer: document.getElementById(\"dir-container2\"),\n    fromInput: document.getElementById(\"from-input2\"),\n    toInput: document.getElementById(\"to-input2\"),\n\n    dirService: new google.maps.DirectionsService(),\n    dirRenderer: new google.maps.DirectionsRenderer(),\n    map: null,\n\n    showDirections: function(dirResult, dirStatus) {\n        if (dirStatus != google.maps.DirectionsStatus.OK) {\n            alert(\"Error en la ruta: \" + dirStatus);\n            return;\n        }\n        Demo2.dirRenderer.setMap(Demo2.map);\n        Demo2.dirRenderer.setPanel(Demo2.dirContainer);\n        Demo2.dirRenderer.setDirections(dirResult);\n    },\n\n    getDirections: function() {\n        var fromStr = Demo2.fromInput.value;\n        var toStr = Demo2.toInput.value;\n        var dirRequest = {\n            origin: fromStr,\n            destination: toStr,\n            travelMode: google.maps.DirectionsTravelMode.DRIVING,\n            unitSystem: google.maps.DirectionsUnitSystem.METRIC,\n            provideRouteAlternatives: true\n        };\n        Demo2.dirService.route(dirRequest, Demo2.showDirections);\n    },\n\n    init: function() {\n        var image = \"\/wp-content\/uploads\/pin.png\";\n        var latLng = new google.maps.LatLng(41.468282, 2.020740);\n        var latLng2 = new google.maps.LatLng(41.477281, 2.029319);\n            Demo2.map = new google.maps.Map(Demo2.mapContainer, {\n            zoom: 12,\n            center: latLng2,\n            mapTypeId: google.maps.MapTypeId.ROADMAP\n        });\n                \n    var marker = new google.maps.Marker({\n        position: latLng2, \n        map: Demo2.map,\n        icon: image\n    });  \n    \n }           \n};\ngoogle.maps.event.addDomListener(window, \"load\", Demo2.init);\n<\/script><div class=\"fusion-clearfix\"><\/div><\/div><\/div><\/div><\/div><\/p>\n","protected":false},"excerpt":{"rendered":"","protected":false},"author":1,"featured_media":0,"parent":0,"menu_order":0,"comment_status":"closed","ping_status":"closed","template":"100-width.php","meta":{"footnotes":""},"class_list":["post-4477","page","type-page","status-publish","hentry"],"yoast_head":"<!-- This site is optimized with the Yoast SEO plugin v27.3 - https:\/\/yoast.com\/product\/yoast-seo-wordpress\/ -->\n<title>Localitzaci\u00f3 - Brugarolas fabricante de lubricantes industriales<\/title>\n<meta name=\"robots\" content=\"index, follow, max-snippet:-1, max-image-preview:large, max-video-preview:-1\" \/>\n<link rel=\"canonical\" href=\"https:\/\/brugarolas.com\/ca\/localitzacio\/\" \/>\n<meta property=\"og:locale\" content=\"ca_ES\" \/>\n<meta property=\"og:type\" content=\"article\" \/>\n<meta property=\"og:title\" content=\"Localitzaci\u00f3 - Brugarolas fabricante de lubricantes industriales\" \/>\n<meta property=\"og:url\" content=\"https:\/\/brugarolas.com\/ca\/localitzacio\/\" \/>\n<meta property=\"og:site_name\" content=\"Brugarolas fabricante de lubricantes industriales\" \/>\n<meta property=\"article:modified_time\" content=\"2026-03-16T15:59:08+00:00\" \/>\n<meta property=\"og:image\" content=\"https:\/\/brugarolas.com\/wp-content\/uploads\/iconos-empresa.webp\" \/>\n<meta name=\"twitter:card\" content=\"summary_large_image\" \/>\n<meta name=\"twitter:label1\" content=\"Temps estimat de lectura\" \/>\n\t<meta name=\"twitter:data1\" content=\"2 minuts\" \/>\n<script type=\"application\/ld+json\" class=\"yoast-schema-graph\">{\"@context\":\"https:\\\/\\\/schema.org\",\"@graph\":[{\"@type\":\"WebPage\",\"@id\":\"https:\\\/\\\/brugarolas.com\\\/ca\\\/localitzacio\\\/\",\"url\":\"https:\\\/\\\/brugarolas.com\\\/ca\\\/localitzacio\\\/\",\"name\":\"Localitzaci\u00f3 - Brugarolas fabricante de lubricantes industriales\",\"isPartOf\":{\"@id\":\"https:\\\/\\\/brugarolas.com\\\/ca\\\/#website\"},\"primaryImageOfPage\":{\"@id\":\"https:\\\/\\\/brugarolas.com\\\/ca\\\/localitzacio\\\/#primaryimage\"},\"image\":{\"@id\":\"https:\\\/\\\/brugarolas.com\\\/ca\\\/localitzacio\\\/#primaryimage\"},\"thumbnailUrl\":\"https:\\\/\\\/brugarolas.com\\\/wp-content\\\/uploads\\\/iconos-empresa.webp\",\"datePublished\":\"2019-02-08T13:57:43+00:00\",\"dateModified\":\"2026-03-16T15:59:08+00:00\",\"breadcrumb\":{\"@id\":\"https:\\\/\\\/brugarolas.com\\\/ca\\\/localitzacio\\\/#breadcrumb\"},\"inLanguage\":\"ca\",\"potentialAction\":[{\"@type\":\"ReadAction\",\"target\":[\"https:\\\/\\\/brugarolas.com\\\/ca\\\/localitzacio\\\/\"]}]},{\"@type\":\"ImageObject\",\"inLanguage\":\"ca\",\"@id\":\"https:\\\/\\\/brugarolas.com\\\/ca\\\/localitzacio\\\/#primaryimage\",\"url\":\"https:\\\/\\\/brugarolas.com\\\/wp-content\\\/uploads\\\/iconos-empresa.webp\",\"contentUrl\":\"https:\\\/\\\/brugarolas.com\\\/wp-content\\\/uploads\\\/iconos-empresa.webp\"},{\"@type\":\"BreadcrumbList\",\"@id\":\"https:\\\/\\\/brugarolas.com\\\/ca\\\/localitzacio\\\/#breadcrumb\",\"itemListElement\":[{\"@type\":\"ListItem\",\"position\":1,\"name\":\"Portada\",\"item\":\"https:\\\/\\\/brugarolas.com\\\/ca\\\/\"},{\"@type\":\"ListItem\",\"position\":2,\"name\":\"Localitzaci\u00f3\"}]},{\"@type\":\"WebSite\",\"@id\":\"https:\\\/\\\/brugarolas.com\\\/ca\\\/#website\",\"url\":\"https:\\\/\\\/brugarolas.com\\\/ca\\\/\",\"name\":\"Brugarolas fabricante de lubricantes industriales\",\"description\":\"\",\"publisher\":{\"@id\":\"https:\\\/\\\/brugarolas.com\\\/ca\\\/#organization\"},\"potentialAction\":[{\"@type\":\"SearchAction\",\"target\":{\"@type\":\"EntryPoint\",\"urlTemplate\":\"https:\\\/\\\/brugarolas.com\\\/ca\\\/?s={search_term_string}\"},\"query-input\":{\"@type\":\"PropertyValueSpecification\",\"valueRequired\":true,\"valueName\":\"search_term_string\"}}],\"inLanguage\":\"ca\"},{\"@type\":\"Organization\",\"@id\":\"https:\\\/\\\/brugarolas.com\\\/ca\\\/#organization\",\"name\":\"Brugarolas, S.A.\",\"url\":\"https:\\\/\\\/brugarolas.com\\\/ca\\\/\",\"logo\":{\"@type\":\"ImageObject\",\"inLanguage\":\"ca\",\"@id\":\"https:\\\/\\\/brugarolas.com\\\/ca\\\/#\\\/schema\\\/logo\\\/image\\\/\",\"url\":\"https:\\\/\\\/brugarolas.com\\\/wp-content\\\/uploads\\\/brugarolas-retina-mobile-1.png\",\"contentUrl\":\"https:\\\/\\\/brugarolas.com\\\/wp-content\\\/uploads\\\/brugarolas-retina-mobile-1.png\",\"width\":640,\"height\":135,\"caption\":\"Brugarolas, S.A.\"},\"image\":{\"@id\":\"https:\\\/\\\/brugarolas.com\\\/ca\\\/#\\\/schema\\\/logo\\\/image\\\/\"}}]}<\/script>\n<!-- \/ Yoast SEO plugin. -->","yoast_head_json":{"title":"Localitzaci\u00f3 - Brugarolas fabricante de lubricantes industriales","robots":{"index":"index","follow":"follow","max-snippet":"max-snippet:-1","max-image-preview":"max-image-preview:large","max-video-preview":"max-video-preview:-1"},"canonical":"https:\/\/brugarolas.com\/ca\/localitzacio\/","og_locale":"ca_ES","og_type":"article","og_title":"Localitzaci\u00f3 - Brugarolas fabricante de lubricantes industriales","og_url":"https:\/\/brugarolas.com\/ca\/localitzacio\/","og_site_name":"Brugarolas fabricante de lubricantes industriales","article_modified_time":"2026-03-16T15:59:08+00:00","og_image":[{"url":"https:\/\/brugarolas.com\/wp-content\/uploads\/iconos-empresa.webp","type":"","width":"","height":""}],"twitter_card":"summary_large_image","twitter_misc":{"Temps estimat de lectura":"2 minuts"},"schema":{"@context":"https:\/\/schema.org","@graph":[{"@type":"WebPage","@id":"https:\/\/brugarolas.com\/ca\/localitzacio\/","url":"https:\/\/brugarolas.com\/ca\/localitzacio\/","name":"Localitzaci\u00f3 - Brugarolas fabricante de lubricantes industriales","isPartOf":{"@id":"https:\/\/brugarolas.com\/ca\/#website"},"primaryImageOfPage":{"@id":"https:\/\/brugarolas.com\/ca\/localitzacio\/#primaryimage"},"image":{"@id":"https:\/\/brugarolas.com\/ca\/localitzacio\/#primaryimage"},"thumbnailUrl":"https:\/\/brugarolas.com\/wp-content\/uploads\/iconos-empresa.webp","datePublished":"2019-02-08T13:57:43+00:00","dateModified":"2026-03-16T15:59:08+00:00","breadcrumb":{"@id":"https:\/\/brugarolas.com\/ca\/localitzacio\/#breadcrumb"},"inLanguage":"ca","potentialAction":[{"@type":"ReadAction","target":["https:\/\/brugarolas.com\/ca\/localitzacio\/"]}]},{"@type":"ImageObject","inLanguage":"ca","@id":"https:\/\/brugarolas.com\/ca\/localitzacio\/#primaryimage","url":"https:\/\/brugarolas.com\/wp-content\/uploads\/iconos-empresa.webp","contentUrl":"https:\/\/brugarolas.com\/wp-content\/uploads\/iconos-empresa.webp"},{"@type":"BreadcrumbList","@id":"https:\/\/brugarolas.com\/ca\/localitzacio\/#breadcrumb","itemListElement":[{"@type":"ListItem","position":1,"name":"Portada","item":"https:\/\/brugarolas.com\/ca\/"},{"@type":"ListItem","position":2,"name":"Localitzaci\u00f3"}]},{"@type":"WebSite","@id":"https:\/\/brugarolas.com\/ca\/#website","url":"https:\/\/brugarolas.com\/ca\/","name":"Brugarolas fabricante de lubricantes industriales","description":"","publisher":{"@id":"https:\/\/brugarolas.com\/ca\/#organization"},"potentialAction":[{"@type":"SearchAction","target":{"@type":"EntryPoint","urlTemplate":"https:\/\/brugarolas.com\/ca\/?s={search_term_string}"},"query-input":{"@type":"PropertyValueSpecification","valueRequired":true,"valueName":"search_term_string"}}],"inLanguage":"ca"},{"@type":"Organization","@id":"https:\/\/brugarolas.com\/ca\/#organization","name":"Brugarolas, S.A.","url":"https:\/\/brugarolas.com\/ca\/","logo":{"@type":"ImageObject","inLanguage":"ca","@id":"https:\/\/brugarolas.com\/ca\/#\/schema\/logo\/image\/","url":"https:\/\/brugarolas.com\/wp-content\/uploads\/brugarolas-retina-mobile-1.png","contentUrl":"https:\/\/brugarolas.com\/wp-content\/uploads\/brugarolas-retina-mobile-1.png","width":640,"height":135,"caption":"Brugarolas, S.A."},"image":{"@id":"https:\/\/brugarolas.com\/ca\/#\/schema\/logo\/image\/"}}]}},"_links":{"self":[{"href":"https:\/\/brugarolas.com\/ca\/wp-json\/wp\/v2\/pages\/4477","targetHints":{"allow":["GET"]}}],"collection":[{"href":"https:\/\/brugarolas.com\/ca\/wp-json\/wp\/v2\/pages"}],"about":[{"href":"https:\/\/brugarolas.com\/ca\/wp-json\/wp\/v2\/types\/page"}],"author":[{"embeddable":true,"href":"https:\/\/brugarolas.com\/ca\/wp-json\/wp\/v2\/users\/1"}],"replies":[{"embeddable":true,"href":"https:\/\/brugarolas.com\/ca\/wp-json\/wp\/v2\/comments?post=4477"}],"version-history":[{"count":14,"href":"https:\/\/brugarolas.com\/ca\/wp-json\/wp\/v2\/pages\/4477\/revisions"}],"predecessor-version":[{"id":17630,"href":"https:\/\/brugarolas.com\/ca\/wp-json\/wp\/v2\/pages\/4477\/revisions\/17630"}],"wp:attachment":[{"href":"https:\/\/brugarolas.com\/ca\/wp-json\/wp\/v2\/media?parent=4477"}],"curies":[{"name":"wp","href":"https:\/\/api.w.org\/{rel}","templated":true}]}}