{"id":4570,"date":"2019-01-24T13:50:34","date_gmt":"2019-01-24T12:50:34","guid":{"rendered":"https:\/\/brugarolas.com\/lubricantes-de-calidad\/"},"modified":"2019-09-25T10:48:38","modified_gmt":"2019-09-25T08:48:38","slug":"lubrificants-de-qualitat","status":"publish","type":"page","link":"https:\/\/brugarolas.com\/ca\/lubrificants-de-qualitat\/","title":{"rendered":"Lubrificants de qualitat"},"content":{"rendered":"<p><div class=\"fusion-fullwidth fullwidth-box fusion-builder-row-1 hundred-percent-fullwidth non-hundred-percent-height-scrolling fusion-equal-height-columns\" style=\"--awb-border-radius-top-left:0px;--awb-border-radius-top-right:0px;--awb-border-radius-bottom-right:0px;--awb-border-radius-bottom-left:0px;--awb-padding-right:0px;--awb-padding-left:0px;--awb-margin-bottom:30px;--awb-flex-wrap:wrap;\" ><div class=\"fusion-builder-row fusion-row\"><div class=\"fusion-layout-column fusion_builder_column fusion-builder-column-0 fusion_builder_column_1_2 1_2 fusion-one-half fusion-column-first\" style=\"--awb-padding-top:10%;--awb-padding-right:10%;--awb-padding-bottom:10%;--awb-padding-left:10%;--awb-bg-color:#00833a;--awb-bg-color-hover:#00833a;--awb-bg-size:cover;--awb-border-color:#accfcc;--awb-border-style:solid;width:50%;width:calc(50% - ( ( 0 ) * 0.5 ) );margin-right: 0px;\"><div class=\"fusion-column-wrapper fusion-flex-column-wrapper-legacy\"><div class=\"fusion-column-content-centered\"><div class=\"fusion-column-content\"><div class=\"fusion-text fusion-text-1 justificado\"><h2 style=\"font-size: 2em;\"><span style=\"color: #ffffff;\">Missi\u00f3<\/span><\/h2>\n<p><span style=\"color: #ffffff;\">Brugarolas \u00e9s una empresa que desenvolupa, produeix i comercialitza lubrificants per al sector de l&#8217;autom\u00f2bil i altres sectors industrials, centrant els seus esfor\u00e7os en satisfer les necessitats i expectatives dels nostres clients, empleats, accionistes, prove\u00efdors i la societat en general, sempre a trav\u00e9s del nostre comprom\u00eds amb la Qualitat, la Seguretat i el Medi Ambient.<\/span><\/p>\n<\/div><\/div><\/div><div class=\"fusion-clearfix\"><\/div><\/div><\/div><div class=\"fusion-layout-column fusion_builder_column fusion-builder-column-1 fusion_builder_column_1_2 1_2 fusion-one-half fusion-column-last\" style=\"--awb-padding-top:10%;--awb-padding-right:10%;--awb-padding-bottom:10%;--awb-padding-left:10%;--awb-bg-color:#009a44;--awb-bg-color-hover:#009a44;--awb-bg-size:cover;--awb-border-color:#accfcc;--awb-border-style:solid;width:50%;width:calc(50% - ( ( 0 ) * 0.5 ) );\"><div class=\"fusion-column-wrapper fusion-flex-column-wrapper-legacy\"><div class=\"fusion-column-content-centered\"><div class=\"fusion-column-content\"><div class=\"fusion-text fusion-text-2 justificado\"><h2 style=\"font-size: 2em;\"><span style=\"color: #ffffff;\">Visi\u00f3<\/span><\/h2>\n<p><span style=\"color: #ffffff;\">El nostre objectiu \u00e9s ser considerats per les nostres parts interessades estrat\u00e8giques com un grup de refer\u00e8ncia en el desenvolupament i producci\u00f3 de lubrificants, impulsat sempre per un afany de millora cont\u00ednua en totes les \u00e0rees de l&#8217;empresa, promogut a trav\u00e9s de la innovaci\u00f3, el servei, la qualitat, la seguretat laboral i el respecte al medi ambient.<\/span><\/p>\n<\/div><\/div><\/div><div class=\"fusion-clearfix\"><\/div><\/div><\/div><\/div><\/div><div class=\"fusion-fullwidth fullwidth-box fusion-builder-row-2 nonhundred-percent-fullwidth non-hundred-percent-height-scrolling\" style=\"--awb-border-radius-top-left:0px;--awb-border-radius-top-right:0px;--awb-border-radius-bottom-right:0px;--awb-border-radius-bottom-left:0px;--awb-flex-wrap:wrap;\" ><div class=\"fusion-builder-row fusion-row\"><div class=\"fusion-layout-column fusion_builder_column fusion-builder-column-2 fusion_builder_column_1_1 1_1 fusion-one-full fusion-column-first fusion-column-last\" style=\"--awb-bg-size:cover;\"><div class=\"fusion-column-wrapper fusion-flex-column-wrapper-legacy\"><div class=\"fusion-text fusion-text-3\"><h2 style=\"font-size: 2em; text-align: center;\">Valors<\/h2>\n<p style=\"text-align: center;\">Valors que inspiren i orienten l&#8217;estrat\u00e8gia de <strong>Brugarolas<\/strong>\u00a0i les seves actuacions:<\/p>\n<\/div><div class=\"fusion-clearfix\"><\/div><\/div><\/div><\/div><\/div><div class=\"fusion-fullwidth fullwidth-box fusion-builder-row-3 nonhundred-percent-fullwidth non-hundred-percent-height-scrolling fusion-equal-height-columns\" style=\"--awb-border-radius-top-left:0px;--awb-border-radius-top-right:0px;--awb-border-radius-bottom-right:0px;--awb-border-radius-bottom-left:0px;--awb-flex-wrap:wrap;\" ><div class=\"fusion-builder-row fusion-row\"><div class=\"fusion-layout-column fusion_builder_column fusion-builder-column-3 fusion_builder_column_1_2 1_2 fusion-one-half fusion-column-first\" style=\"--awb-bg-size:cover;width:50%;width:calc(50% - ( ( 4% ) * 0.5 ) );margin-right: 4%;\"><div class=\"fusion-column-wrapper fusion-flex-column-wrapper-legacy\"><div class=\"fusion-fa-align-center\"><i class=\"fb-icon-element-1 fb-icon-element fontawesome-icon fa-users fas circle-no fusion-animated\" style=\"--awb-iconcolor:#009a44;--awb-iconcolor-hover:#009a44;--awb-font-size:100px;\" data-animationType=\"fadeInDown\" data-animationDuration=\"0.1\" data-animationOffset=\"top-into-view\"><\/i><\/div><div class=\"fusion-text fusion-text-4 justificado\"><h3 class=\"titulo-raya\">EQUIP HUM\u00c0<\/h3>\n<p>El nostre equip hum\u00e0 est\u00e0 compost per professionals din\u00e0mics amb una elevada formaci\u00f3 i experi\u00e8ncia que complementa les modernes instal\u00b7lacions de les quals disposa Brugarolas, convertint-se en l&#8217;aut\u00e8ntic motor de l&#8217;empresa.<\/p>\n<p>Situem a les persones en el centre del nostre model de gesti\u00f3, afavorint la formaci\u00f3, participaci\u00f3 i la transpar\u00e8ncia, que estimuli a assumir noves responsabilitats, en un clima de confian\u00e7a m\u00fatua.<\/p>\n<\/div><div class=\"fusion-clearfix\"><\/div><\/div><\/div><div class=\"fusion-layout-column fusion_builder_column fusion-builder-column-4 fusion_builder_column_1_2 1_2 fusion-one-half fusion-column-last\" style=\"--awb-bg-size:cover;width:50%;width:calc(50% - ( ( 4% ) * 0.5 ) );\"><div class=\"fusion-column-wrapper fusion-flex-column-wrapper-legacy\"><div class=\"fusion-fa-align-center\"><i class=\"fb-icon-element-2 fb-icon-element fontawesome-icon fa-eye far circle-no fusion-animated\" style=\"--awb-iconcolor:#009a44;--awb-iconcolor-hover:#009a44;--awb-font-size:100px;\" data-animationType=\"fadeInDown\" data-animationDuration=\"0.1\" data-animationOffset=\"top-into-view\"><\/i><\/div><div class=\"fusion-text fusion-text-5 justificado\"><h3 class=\"titulo-raya\">ENFOCAMENT AL CLIENT<\/h3>\n<p>Establir i construir relacions de confian\u00e7a amb els nostres clients, atenent les seves expectatives, comprenent i anticipant-nos a les seves necessitats.<\/p>\n<p>Aportar al mercat productes i serveis de m\u00e0xima qualitat, que satisfacin, en tots els sentits, els requeriments dels nostres clients. Per a aix\u00f2, busquem activament la construcci\u00f3 d&#8217;estrat\u00e8gies que facilitin l&#8217;avan\u00e7 en aquest cam\u00ed d&#8217;excel\u00b7l\u00e8ncia.<\/p>\n<\/div><div class=\"fusion-clearfix\"><\/div><\/div><\/div><\/div><\/div><div class=\"fusion-fullwidth fullwidth-box fusion-builder-row-4 nonhundred-percent-fullwidth non-hundred-percent-height-scrolling fusion-equal-height-columns\" style=\"--awb-border-radius-top-left:0px;--awb-border-radius-top-right:0px;--awb-border-radius-bottom-right:0px;--awb-border-radius-bottom-left:0px;--awb-margin-bottom:30px;--awb-flex-wrap:wrap;\" ><div class=\"fusion-builder-row fusion-row\"><div class=\"fusion-layout-column fusion_builder_column fusion-builder-column-5 fusion_builder_column_1_2 1_2 fusion-one-half fusion-column-first\" style=\"--awb-bg-size:cover;width:50%;width:calc(50% - ( ( 4% ) * 0.5 ) );margin-right: 4%;\"><div class=\"fusion-column-wrapper fusion-flex-column-wrapper-legacy\"><div class=\"fusion-fa-align-center\"><i class=\"fb-icon-element-3 fb-icon-element fontawesome-icon fa-balance-scale fas circle-no fusion-animated\" style=\"--awb-iconcolor:#009a44;--awb-iconcolor-hover:#009a44;--awb-font-size:100px;\" data-animationType=\"fadeInDown\" data-animationDuration=\"0.1\" data-animationOffset=\"top-into-view\"><\/i><\/div><div class=\"fusion-text fusion-text-6 justificado\"><h3 class=\"titulo-raya\">CODI \u00c8TIC<\/h3>\n<p>Brugarolas, en els seus m\u00e9s de 130 anys d&#8217;hist\u00f2ria, ha promogut sempre una cultura \u00e8tica empresarial que reafirma la nostra transpar\u00e8ncia i integritat en la presa de decisions en el marc de la nostra tasca professional.<\/p>\n<\/div><div class=\"fusion-clearfix\"><\/div><\/div><\/div><div class=\"fusion-layout-column fusion_builder_column fusion-builder-column-6 fusion_builder_column_1_2 1_2 fusion-one-half fusion-column-last\" style=\"--awb-bg-size:cover;width:50%;width:calc(50% - ( ( 4% ) * 0.5 ) );\"><div class=\"fusion-column-wrapper fusion-flex-column-wrapper-legacy\"><div class=\"fusion-fa-align-center\"><i class=\"fb-icon-element-4 fb-icon-element fontawesome-icon fa-shield-alt fas circle-no fusion-animated\" style=\"--awb-iconcolor:#009a44;--awb-iconcolor-hover:#009a44;--awb-font-size:100px;\" data-animationType=\"fadeInDown\" data-animationDuration=\"0.1\" data-animationOffset=\"top-into-view\"><\/i><\/div><div class=\"fusion-text fusion-text-7 justificado\"><h3 class=\"titulo-raya\">SEGURETAT I MEDI AMBIENT<\/h3>\n<p>Desenvolupem la nostra activitat amb responsabilitat i tenint en compte la sostenibilitat en el desenvolupament i producci\u00f3 dels nostres productes, respectant el medi ambient, assegurant les bones condicions de seguretat i salut en el treball i garantint un impacte positiu en la societat.<\/p>\n<\/div><div class=\"fusion-clearfix\"><\/div><\/div><\/div><\/div><\/div><div class=\"fusion-fullwidth fullwidth-box fusion-builder-row-5 hundred-percent-fullwidth non-hundred-percent-height-scrolling fusion-equal-height-columns\" style=\"--awb-border-radius-top-left:0px;--awb-border-radius-top-right:0px;--awb-border-radius-bottom-right:0px;--awb-border-radius-bottom-left:0px;--awb-margin-bottom:30px;--awb-flex-wrap:wrap;\" ><div class=\"fusion-builder-row fusion-row\"><div class=\"fusion-layout-column fusion_builder_column fusion-builder-column-7 fusion_builder_column_1_3 1_3 fusion-one-third fusion-column-first\" style=\"--awb-bg-size:cover;width:33.333333333333%;width:calc(33.333333333333% - ( ( 4% + 4% ) * 0.33333333333333 ) );margin-right: 4%;\"><div class=\"fusion-column-wrapper fusion-flex-column-wrapper-legacy\"><div class=\"fusion-fa-align-center\"><i class=\"fb-icon-element-5 fb-icon-element fontawesome-icon fa-bullhorn fas circle-no fusion-animated\" style=\"--awb-iconcolor:#009a44;--awb-iconcolor-hover:#009a44;--awb-font-size:100px;\" data-animationType=\"fadeInDown\" data-animationDuration=\"0.1\" data-animationOffset=\"top-into-view\"><\/i><\/div><div class=\"fusion-text fusion-text-8 justificado\"><h3 class=\"titulo-raya\">LIDERATGE<\/h3>\n<p>El nostre lideratge es basa en la confian\u00e7a en l&#8217;equip hum\u00e0 de Brugarolas, el qual rep sempre el suport de la Direcci\u00f3 per a dur a terme la seva tasca professional.<\/p>\n<p>Delegar i confiar en les habilitats i capacitaci\u00f3 del personal \u00e9s imprescindible per a un bon desenvolupament de la companyia, mantenint sempre una visi\u00f3 estrat\u00e8gica basada en minimitzar els riscos identificats i promoure la millora cont\u00ednua, la qual cosa assegura un desenvolupament d&#8217;\u00e8xit a mitj\u00e0 i llarg termini.<\/p>\n<\/div><div class=\"fusion-clearfix\"><\/div><\/div><\/div><div class=\"fusion-layout-column fusion_builder_column fusion-builder-column-8 fusion_builder_column_1_3 1_3 fusion-one-third\" style=\"--awb-bg-size:cover;width:33.333333333333%;width:calc(33.333333333333% - ( ( 4% + 4% ) * 0.33333333333333 ) );margin-right: 4%;\"><div class=\"fusion-column-wrapper fusion-flex-column-wrapper-legacy\"><div class=\"fusion-fa-align-center\"><i class=\"fb-icon-element-6 fb-icon-element fontawesome-icon fa-flask fas circle-no fusion-animated\" style=\"--awb-iconcolor:#009a44;--awb-iconcolor-hover:#009a44;--awb-font-size:100px;\" data-animationType=\"fadeInDown\" data-animationDuration=\"0.1\" data-animationOffset=\"top-into-view\"><\/i><\/div><div class=\"fusion-text fusion-text-9 justificado\"><h3 class=\"titulo-raya\">RECERCA I DESENVOLUPAMENT<\/h3>\n<p>Els nostres professionals tenen la capacitat per a investigar i desenvolupar productes adequats per a m\u00faltiples aplicacions. L&#8217;esperit creatiu i l&#8217;ampli coneixement de les t\u00e8cniques m\u00e9s avan\u00e7ades ens permeten crear productes amb alt valor afegit.<\/p>\n<p>Aix\u00ed mateix, Brugarolas aposta per la incorporaci\u00f3 d&#8217;\u00faltimes tecnologies i invertir en la capacitaci\u00f3 i desenvolupament del capital hum\u00e0 que permet tenir un alt coneixement de les tend\u00e8ncies que afecten el nostre sector i poder donar resposta de forma \u00e0gil a les expectatives dels nostres clients.<\/p>\n<\/div><div class=\"fusion-clearfix\"><\/div><\/div><\/div><div class=\"fusion-layout-column fusion_builder_column fusion-builder-column-9 fusion_builder_column_1_3 1_3 fusion-one-third fusion-column-last\" style=\"--awb-bg-size:cover;width:33.333333333333%;width:calc(33.333333333333% - ( ( 4% + 4% ) * 0.33333333333333 ) );\"><div class=\"fusion-column-wrapper fusion-flex-column-wrapper-legacy\"><div class=\"fusion-fa-align-center\"><i class=\"fb-icon-element-7 fb-icon-element fontawesome-icon fa-thumbs-up far circle-no fusion-animated\" style=\"--awb-iconcolor:#009a44;--awb-iconcolor-hover:#009a44;--awb-font-size:100px;\" data-animationType=\"fadeInDown\" data-animationDuration=\"0.1\" data-animationOffset=\"top-into-view\"><\/i><\/div><div class=\"fusion-text fusion-text-10 justificado\"><h3 class=\"titulo-raya\">QUALITAT<\/h3>\n<p>El nostre comprom\u00eds amb la qualitat \u00e9s permanent, gr\u00e0cies al proc\u00e9s de millora cont\u00ednua aplicat en totes les \u00e0rees de l&#8217;empresa. La perseveran\u00e7a, il\u00b7lusi\u00f3 i capacitat de superaci\u00f3 s\u00f3n la base d&#8217;un treball ben fet.<\/p>\n<p>Per a garantir la progressi\u00f3 ascendent de la companyia, ens recolzem en l&#8217;optimitzaci\u00f3 dels nostres recursos i processos, l&#8217;eficient gesti\u00f3 del nostre equip hum\u00e0 i l&#8217;aplicaci\u00f3 de pol\u00edtiques i estrat\u00e8gies adequades.<\/p>\n<\/div><div class=\"fusion-clearfix\"><\/div><\/div><\/div><\/div><\/div><div class=\"fusion-fullwidth fullwidth-box fusion-builder-row-6 nonhundred-percent-fullwidth non-hundred-percent-height-scrolling\" style=\"--awb-border-radius-top-left:0px;--awb-border-radius-top-right:0px;--awb-border-radius-bottom-right:0px;--awb-border-radius-bottom-left:0px;--awb-margin-top:30px;--awb-flex-wrap:wrap;\" ><div class=\"fusion-builder-row fusion-row\"><div class=\"fusion-layout-column fusion_builder_column fusion-builder-column-10 fusion_builder_column_1_2 1_2 fusion-one-half fusion-column-first\" style=\"--awb-bg-size:cover;width:50%;width:calc(50% - ( ( 4% ) * 0.5 ) );margin-right: 4%;\"><div class=\"fusion-column-wrapper fusion-flex-column-wrapper-legacy\"><div class=\"fusion-button-wrapper fusion-aligncenter\"><a class=\"fusion-button button-flat fusion-button-default-size button-default fusion-button-default button-1 fusion-button-default-span fusion-button-default-type\" target=\"_self\" href=\"\/ca\/certificats-de-qualitat\/\"><span class=\"fusion-button-text awb-button__text awb-button__text--default\">Descobreixi nostres certificacions de qualitat<\/span><\/a><\/div><div class=\"fusion-clearfix\"><\/div><\/div><\/div><div class=\"fusion-layout-column fusion_builder_column fusion-builder-column-11 fusion_builder_column_1_2 1_2 fusion-one-half fusion-column-last\" style=\"--awb-bg-size:cover;width:50%;width:calc(50% - ( ( 4% ) * 0.5 ) );\"><div class=\"fusion-column-wrapper fusion-flex-column-wrapper-legacy\"><div class=\"fusion-button-wrapper fusion-aligncenter\"><a class=\"fusion-button button-flat fusion-button-default-size button-default fusion-button-default button-2 fusion-button-default-span fusion-button-default-type\" target=\"_self\" href=\"\/ca\/politica-de-qualitat\/\"><span class=\"fusion-button-text awb-button__text awb-button__text--default\">POL\u00cdTICA DE QUALITAT DE BRUGAROLAS<\/span><\/a><\/div><div class=\"fusion-clearfix\"><\/div><\/div><\/div><\/div><\/div><\/p>\n","protected":false},"excerpt":{"rendered":"","protected":false},"author":1,"featured_media":0,"parent":0,"menu_order":0,"comment_status":"closed","ping_status":"closed","template":"100-width.php","meta":{"footnotes":""},"class_list":["post-4570","page","type-page","status-publish","hentry"],"yoast_head":"<!-- This site is optimized with the Yoast SEO plugin v27.4 - https:\/\/yoast.com\/product\/yoast-seo-wordpress\/ -->\n<title>Lubrificants de qualitat - Brugarolas fabricante de lubricantes industriales<\/title>\n<meta name=\"robots\" content=\"index, follow, max-snippet:-1, max-image-preview:large, max-video-preview:-1\" \/>\n<link rel=\"canonical\" href=\"https:\/\/brugarolas.com\/ca\/lubrificants-de-qualitat\/\" \/>\n<meta property=\"og:locale\" content=\"ca_ES\" \/>\n<meta property=\"og:type\" content=\"article\" \/>\n<meta property=\"og:title\" content=\"Lubrificants de qualitat - Brugarolas fabricante de lubricantes industriales\" \/>\n<meta property=\"og:url\" content=\"https:\/\/brugarolas.com\/ca\/lubrificants-de-qualitat\/\" \/>\n<meta property=\"og:site_name\" content=\"Brugarolas fabricante de lubricantes industriales\" \/>\n<meta property=\"article:modified_time\" content=\"2019-09-25T08:48:38+00:00\" \/>\n<meta name=\"twitter:card\" content=\"summary_large_image\" \/>\n<meta name=\"twitter:label1\" content=\"Temps estimat de lectura\" \/>\n\t<meta name=\"twitter:data1\" content=\"14 minuts\" \/>\n<script type=\"application\/ld+json\" class=\"yoast-schema-graph\">{\"@context\":\"https:\\\/\\\/schema.org\",\"@graph\":[{\"@type\":\"WebPage\",\"@id\":\"https:\\\/\\\/brugarolas.com\\\/ca\\\/lubrificants-de-qualitat\\\/\",\"url\":\"https:\\\/\\\/brugarolas.com\\\/ca\\\/lubrificants-de-qualitat\\\/\",\"name\":\"Lubrificants de qualitat - Brugarolas fabricante de lubricantes industriales\",\"isPartOf\":{\"@id\":\"https:\\\/\\\/brugarolas.com\\\/ca\\\/#website\"},\"datePublished\":\"2019-01-24T12:50:34+00:00\",\"dateModified\":\"2019-09-25T08:48:38+00:00\",\"breadcrumb\":{\"@id\":\"https:\\\/\\\/brugarolas.com\\\/ca\\\/lubrificants-de-qualitat\\\/#breadcrumb\"},\"inLanguage\":\"ca\",\"potentialAction\":[{\"@type\":\"ReadAction\",\"target\":[\"https:\\\/\\\/brugarolas.com\\\/ca\\\/lubrificants-de-qualitat\\\/\"]}]},{\"@type\":\"BreadcrumbList\",\"@id\":\"https:\\\/\\\/brugarolas.com\\\/ca\\\/lubrificants-de-qualitat\\\/#breadcrumb\",\"itemListElement\":[{\"@type\":\"ListItem\",\"position\":1,\"name\":\"Portada\",\"item\":\"https:\\\/\\\/brugarolas.com\\\/ca\\\/\"},{\"@type\":\"ListItem\",\"position\":2,\"name\":\"Lubrificants de qualitat\"}]},{\"@type\":\"WebSite\",\"@id\":\"https:\\\/\\\/brugarolas.com\\\/ca\\\/#website\",\"url\":\"https:\\\/\\\/brugarolas.com\\\/ca\\\/\",\"name\":\"Brugarolas fabricante de lubricantes industriales\",\"description\":\"\",\"publisher\":{\"@id\":\"https:\\\/\\\/brugarolas.com\\\/ca\\\/#organization\"},\"potentialAction\":[{\"@type\":\"SearchAction\",\"target\":{\"@type\":\"EntryPoint\",\"urlTemplate\":\"https:\\\/\\\/brugarolas.com\\\/ca\\\/?s={search_term_string}\"},\"query-input\":{\"@type\":\"PropertyValueSpecification\",\"valueRequired\":true,\"valueName\":\"search_term_string\"}}],\"inLanguage\":\"ca\"},{\"@type\":\"Organization\",\"@id\":\"https:\\\/\\\/brugarolas.com\\\/ca\\\/#organization\",\"name\":\"Brugarolas, S.A.\",\"url\":\"https:\\\/\\\/brugarolas.com\\\/ca\\\/\",\"logo\":{\"@type\":\"ImageObject\",\"inLanguage\":\"ca\",\"@id\":\"https:\\\/\\\/brugarolas.com\\\/ca\\\/#\\\/schema\\\/logo\\\/image\\\/\",\"url\":\"https:\\\/\\\/brugarolas.com\\\/wp-content\\\/uploads\\\/brugarolas-retina-mobile-1.png\",\"contentUrl\":\"https:\\\/\\\/brugarolas.com\\\/wp-content\\\/uploads\\\/brugarolas-retina-mobile-1.png\",\"width\":640,\"height\":135,\"caption\":\"Brugarolas, S.A.\"},\"image\":{\"@id\":\"https:\\\/\\\/brugarolas.com\\\/ca\\\/#\\\/schema\\\/logo\\\/image\\\/\"}}]}<\/script>\n<!-- \/ Yoast SEO plugin. -->","yoast_head_json":{"title":"Lubrificants de qualitat - Brugarolas fabricante de lubricantes industriales","robots":{"index":"index","follow":"follow","max-snippet":"max-snippet:-1","max-image-preview":"max-image-preview:large","max-video-preview":"max-video-preview:-1"},"canonical":"https:\/\/brugarolas.com\/ca\/lubrificants-de-qualitat\/","og_locale":"ca_ES","og_type":"article","og_title":"Lubrificants de qualitat - Brugarolas fabricante de lubricantes industriales","og_url":"https:\/\/brugarolas.com\/ca\/lubrificants-de-qualitat\/","og_site_name":"Brugarolas fabricante de lubricantes industriales","article_modified_time":"2019-09-25T08:48:38+00:00","twitter_card":"summary_large_image","twitter_misc":{"Temps estimat de lectura":"14 minuts"},"schema":{"@context":"https:\/\/schema.org","@graph":[{"@type":"WebPage","@id":"https:\/\/brugarolas.com\/ca\/lubrificants-de-qualitat\/","url":"https:\/\/brugarolas.com\/ca\/lubrificants-de-qualitat\/","name":"Lubrificants de qualitat - Brugarolas fabricante de lubricantes industriales","isPartOf":{"@id":"https:\/\/brugarolas.com\/ca\/#website"},"datePublished":"2019-01-24T12:50:34+00:00","dateModified":"2019-09-25T08:48:38+00:00","breadcrumb":{"@id":"https:\/\/brugarolas.com\/ca\/lubrificants-de-qualitat\/#breadcrumb"},"inLanguage":"ca","potentialAction":[{"@type":"ReadAction","target":["https:\/\/brugarolas.com\/ca\/lubrificants-de-qualitat\/"]}]},{"@type":"BreadcrumbList","@id":"https:\/\/brugarolas.com\/ca\/lubrificants-de-qualitat\/#breadcrumb","itemListElement":[{"@type":"ListItem","position":1,"name":"Portada","item":"https:\/\/brugarolas.com\/ca\/"},{"@type":"ListItem","position":2,"name":"Lubrificants de qualitat"}]},{"@type":"WebSite","@id":"https:\/\/brugarolas.com\/ca\/#website","url":"https:\/\/brugarolas.com\/ca\/","name":"Brugarolas fabricante de lubricantes industriales","description":"","publisher":{"@id":"https:\/\/brugarolas.com\/ca\/#organization"},"potentialAction":[{"@type":"SearchAction","target":{"@type":"EntryPoint","urlTemplate":"https:\/\/brugarolas.com\/ca\/?s={search_term_string}"},"query-input":{"@type":"PropertyValueSpecification","valueRequired":true,"valueName":"search_term_string"}}],"inLanguage":"ca"},{"@type":"Organization","@id":"https:\/\/brugarolas.com\/ca\/#organization","name":"Brugarolas, S.A.","url":"https:\/\/brugarolas.com\/ca\/","logo":{"@type":"ImageObject","inLanguage":"ca","@id":"https:\/\/brugarolas.com\/ca\/#\/schema\/logo\/image\/","url":"https:\/\/brugarolas.com\/wp-content\/uploads\/brugarolas-retina-mobile-1.png","contentUrl":"https:\/\/brugarolas.com\/wp-content\/uploads\/brugarolas-retina-mobile-1.png","width":640,"height":135,"caption":"Brugarolas, S.A."},"image":{"@id":"https:\/\/brugarolas.com\/ca\/#\/schema\/logo\/image\/"}}]}},"_links":{"self":[{"href":"https:\/\/brugarolas.com\/ca\/wp-json\/wp\/v2\/pages\/4570","targetHints":{"allow":["GET"]}}],"collection":[{"href":"https:\/\/brugarolas.com\/ca\/wp-json\/wp\/v2\/pages"}],"about":[{"href":"https:\/\/brugarolas.com\/ca\/wp-json\/wp\/v2\/types\/page"}],"author":[{"embeddable":true,"href":"https:\/\/brugarolas.com\/ca\/wp-json\/wp\/v2\/users\/1"}],"replies":[{"embeddable":true,"href":"https:\/\/brugarolas.com\/ca\/wp-json\/wp\/v2\/comments?post=4570"}],"version-history":[{"count":10,"href":"https:\/\/brugarolas.com\/ca\/wp-json\/wp\/v2\/pages\/4570\/revisions"}],"predecessor-version":[{"id":7236,"href":"https:\/\/brugarolas.com\/ca\/wp-json\/wp\/v2\/pages\/4570\/revisions\/7236"}],"wp:attachment":[{"href":"https:\/\/brugarolas.com\/ca\/wp-json\/wp\/v2\/media?parent=4570"}],"curies":[{"name":"wp","href":"https:\/\/api.w.org\/{rel}","templated":true}]}}