{"id":3402,"date":"2019-03-12T16:24:17","date_gmt":"2019-03-12T15:24:17","guid":{"rendered":"https:\/\/brugarolas.com\/condiciones-de-venta\/"},"modified":"2019-07-29T12:41:11","modified_gmt":"2019-07-29T10:41:11","slug":"allgemeine-geschaeftsbedingungen","status":"publish","type":"page","link":"https:\/\/brugarolas.com\/de\/allgemeine-geschaeftsbedingungen\/","title":{"rendered":"Allgemeine Gesch\u00e4ftsbedingungen"},"content":{"rendered":"<div class=\"justificado\">\n<h1>ALLGEMEINE GESCH\u00c4FTSBEDINGUNGEN<\/h1>\n<p>&nbsp;<\/p>\n<h2>1.- DEFINITIONEN<\/h2>\n<p>1.1.- Die Bezeichnung &#8222;das Unternehmen&#8220; bezieht sich auf die Gesellschaft BRUGAROLAS, S.A.<\/p>\n<p>1.2.- Die Bezeichnung &#8222;der K\u00e4ufer&#8220; oder &#8222;der Kunde&#8220; bezieht sich auf die nat\u00fcrliche oder juristische Person, die sich vertraglich mit dem Unternehmen verbindet, um G\u00fcter oder Dienstleistungen zu erwerben.<\/p>\n<p>1.3.- Die Bezeichnung &#8222;Produkt&#8220; oder &#8222;Dienstleistung&#8220; bezieht sich auf den Gegenstand der Gesch\u00e4ftsbeziehung zwischen Unternehmen und Kunden.<\/p>\n<p>1.4.- Die Bezeichnung &#8222;Bestellung&#8220; bezieht sich auf das Produkt- oder Dienstleistungsangebot des Unternehmens, das vom Kunden schriftlich oder m\u00fcndlich akzeptiert wurde.<\/p>\n<p>1.5.- Die Bezeichnung &#8222;Preisliste&#8220; bezieht sich auf die Produktpreisliste, die von dem Unternehmen zusammengestellt wurde.<\/p>\n<p>&nbsp;<\/p>\n<h2>2.- GESCH\u00c4FTSBEDINGUNGEN<\/h2>\n<p>2.1.- Die vom Kunden beim Unternehmen get\u00e4tigten Bestellungen unterliegen diesen Gesch\u00e4ftsbedingungen, ausgenommen in solchen F\u00e4llen, in denen ausnahmsweise und ausdr\u00fccklich eine \u00c4nderung vereinbart wurde.<\/p>\n<p>2.2.- Die Bestellung wird nicht als solche anerkannt, bis der Kunde nicht ausdr\u00fccklich und vollst\u00e4ndig das vom Unternehmen unterbreitete Angebot akzeptiert. Auf diesem Angebot werden immer mindestens folgende Daten festgehalten: Referenznummer des Angebots &#8211; Produktbezeichnung &#8211; Beh\u00e4lterart &#8211; Preis &#8211; Lieferzeit &#8211; Mindestbestellwert &#8211; Transportkosten &#8211; G\u00fcltigkeit des Angebots.<\/p>\n<p>2.3.- Durch Annahme des Angebots akzeptiert der Kunde ausnahmslos alle Bedingungen des Angebots.<\/p>\n<p>2.4.- Jegliche \u00c4nderung des vom Unternehmen unterbreiteten Angebots bedarf schriftlicher Zustimmung.<\/p>\n<p>2.5.- Die in der Preisliste des Unternehmens genannten Preise schlie\u00dfen die Beh\u00e4lter und die Transportkosten auf der spanischen Halbinsel ein, aber nicht die MwSt.<\/p>\n<p>2.6.- Das Unternehmen beh\u00e4lt sich das Recht, die Preisliste ohne Vorbescheid zu \u00e4ndern, wenn die Marktbedingungen es erforderlich machen.<\/p>\n<p>2.7.- Der Mindestbestellwert betr\u00e4gt 121 Euro. Bei Bestellungen mit einem geringeren Wert, wird das Unternehmen dem Preis einen Zuschlag zur Bearbeitung von Mindestbestellungen von ____________ Euro hinzurechnen.<\/p>\n<p>2.8.- Produkte in kleinen Beh\u00e4ltern werden in Boxen zu mehreren Einheiten verpackt. Die Anzahl wird in jedem Fall entsprechend angegeben. Die Mindesteinheit f\u00fcr diese Art von Produkten ist eine komplette Box. Es werden keine Einzelst\u00fccke verkauft.<\/p>\n<p>2.9.- Die Lieferzeit der Bestellung kann, wie nachstehend erkl\u00e4rt, vorab vereinbart werden: &#8211; Lieferung A oder sofort: Innerhalb der nachfolgenden zehn Tage ab der Bestellungsannahme. &#8211; Lieferung B : Zehn Tage nach Bestellungsannahme. &#8211; Lieferung C : Mehr als f\u00fcnfzehn Tage nach Bestellungsannahme.<\/p>\n<p>2.10.- Ab der Lieferung des Produkts in den Anlagen des Kunden, \u00fcbernimmt dieser die alleinige Verantwortung f\u00fcr die gelieferte Ware.<\/p>\n<p>2.11.- Der Kunde muss die Lagerungs-, Verwendungs- und Handhabungsbedingungen des Produkts, die auf dem Etikett angegeben werden, einhalten.<\/p>\n<p>&nbsp;<\/p>\n<h2>3.- R\u00dcCKSENDUNGEN<\/h2>\n<p>3.1.- Das Unternehmen wird nur solche R\u00fccksendungen zulassen, die alle Bedingungen, die in diesem Absatz festgelegt werden, erf\u00fcllen.<\/p>\n<p>3.2.- Alle R\u00fccksendungen m\u00fcssen vorab schriftlich dem Unternehmen mitgeteilt werden, unter Angabe des Vorfalls und dessen Grund.<\/p>\n<p>3.3.- Das Unternehmen beh\u00e4lt sich in jedem Fall das Recht, nach Pr\u00fcfung des eingesandten Produkts und der Richtigkeit und dem Ausma\u00df des R\u00fccksendungsgrundes, die R\u00fccksendung anzunehmen oder abzulehnen. In solchen F\u00e4llen, in denen das Unternehmen die R\u00fccksendung genehmigt, wird der Preis der Bestellung gutgeschrieben werden.<\/p>\n<p>3.4.- R\u00fccksendungen als Folge von Br\u00fcchen oder schweren M\u00e4ngeln von Produktbeh\u00e4ltern, die w\u00e4hrend dem Transport verursacht wurden, m\u00fcssen auf dem Lieferschein des Spediteurs vermerkt oder dem Unternehmen schriftlich innerhalb einer Frist von 15 Tagen ab dem Lieferdatum mitgeteilt werden. Nach dieser 15-t\u00e4gigen Frist werden keine R\u00fccksendungen mehr akzeptiert.<\/p>\n<p>3.5.- Als allgemeine Norm wird festgelegt, dass keine R\u00fccksendungen von abgelaufenen, veralteten Produkten oder Produkte die als Folge der falschen Lagerung sich in schlechtem Zustand befinden. Sollte jedoch in Sonderf\u00e4llen eine derartige R\u00fcckendung akzeptiert werden, so hat das Unternehmen das Recht von der Gutschrift die Kosten abzuziehen, die sich aus der Abfallbehandlung des zur\u00fcckgesandten Produkts, ergeben.<\/p>\n<p>3.6.- Die Produktr\u00fccksendungen, als Folge schlechter Produktqualit\u00e4t m\u00fcssen dem Unternehmen innerhalb einer Frist von 30 Tagen ab der Lieferung des Produkts mitgeteilt werden.<\/p>\n<p>&nbsp;<\/p>\n<h2>4.- PREISE<\/h2>\n<p>4.1.- Der Preis der Produkte ist der Preis, der auf dem Angebot des Unternehmens erscheint, und vom Kunden akzeptiert wurde.<\/p>\n<p>4.2.- Wenn das Angebot des Unternehmens auf den Preis der Preisliste verweist, so wird der Preis angewandt der auf der derzeitig g\u00fcltigen Preisliste des Unternehmens f\u00fcr das Produkt erscheint.<\/p>\n<p>4.3.- Sollte die Preisliste ge\u00e4ndert werden, werden die neuen Preise auf die Bestellungen angewandt, die ab dem \u00c4nderungszeitpunkt eingehen, ausgenommen in den F\u00e4llen, die in nachstehendem Absatz vorgesehen werden.<\/p>\n<p>4.4.- Wenn nach Annahme des Angebots durch den Kunden, ein unerwarteter Anstieg der Rohstoffpreise oder der Steuern eintreten sollte, so wird das Unternehmen dazu berechtigt sein, den Preis zu \u00e4ndern, um ihn an die neue Lage anzupassen. Dar\u00fcber ist der Kunde sofort, schriftlich zu informieren, damit dieser innerhalb einer Frist von drei Tagen, ebenfalls schriftlich, best\u00e4tigt ob er den neuen Preis akzeptiert oder das Angebot zum neuen Preis ablehnt.<\/p>\n<p>&nbsp;<\/p>\n<h2>5.- ZAHLUNG<\/h2>\n<p>5.1.- Ausgenommen es wurde etwas anderes vereinbart, erfolgt die Zahlung des Bestellungspreises, inkl. MwSt, durch den Kunden innerhalb einer Frist von 90 Tagen ab dem Rechnungsdatum, durch Bank\u00fcberweisung.<\/p>\n<p>5.2.- Der Zahlungsverzug erteilt dem Unternehmen das Recht auf eine Konventionalstrafe laut span. Gesetz 3\/2004 vom 29. Dezember, das Ma\u00dfnahmen zur Bek\u00e4mpfung von Zahlungsverz\u00fcgen in Gesch\u00e4ftst\u00e4tigkeiten festlegt.<\/p>\n<p>&nbsp;<\/p>\n<h2>6.- HAFTUNG<\/h2>\n<p>6.1.- Haftung f\u00fcr mangelhafte Produkte.- Das Unternehmen \u00fcbernimmt keinerlei Haftung f\u00fcr M\u00e4ngel, Br\u00fcche oder Sch\u00e4den, die an Verpackungen auftreten k\u00f6nnten, nachdem diese dem Kunden \u00fcbergeben wurden. Das Unternehmen \u00fcbernimmt auch keine Haftung, wenn die Produkte diese Sch\u00e4den w\u00e4hrend der Entladung des Fahrzeuges, das f\u00fcr den Transport der Produkte verwendet wurde, wenn die Produkte von Kundenpersonal entladen werden. Sollten die M\u00e4ngel, Sch\u00e4den oder Br\u00fcche w\u00e4hrend dem Transport erfolgen, so wird das Unternehmen die R\u00fccksendung der Produkte akzeptieren, wenn der Kunde alle Bedingungen zur R\u00fccksendung, die in Absatz 3 dieser Gesch\u00e4ftsbedingungen geschildert werden, erf\u00fcllt.<\/p>\n<p>6.2.- Haftung f\u00fcr Beh\u00e4lter.- Ausgenommen es wurde etwas anderes vereinbart, \u00fcbergeht das Eigentum der Beh\u00e4lter, in denen die Produkte geliefert werden, an den Kunden, ab dem Zeitpunkt an dem die Produkte \u00fcbergeben werden. Folglich ist der Kunde, ab dem \u00dcbergabezeitpunkt, der einzige Verantwortliche f\u00fcr die Verpackung und der korrekten Behandlung als Industrieabfall. Das hei\u00dft, dass der Kunde f\u00fcr die Einhaltung der Vorschriften in Sachen Sicherheit, Umweltschutz und Abfallbehandlung verantwortlich ist.<\/p>\n<p>6.3.- Haftung f\u00fcr die falsche Lagerung oder Handhabung des Produkts.- Das Unternehmen haftet nicht f\u00fcr Sch\u00e4den, die die Produkte als Folge falscher Handhabung oder Lagerung erleiden. Unter falscher Handhabung oder Lagerung der Produkte versteht sich jegliche Handhabung oder Lagerung, die nicht den Angaben in der technischen Beschreibung oder dem Produktetikett entsprechen.<\/p>\n<p>6.4.- Haftung f\u00fcr mangelhafte Produkte oder schlechte Qualit\u00e4t. Sollte das Produkt in schlechtem Zustand sein oder mangelnde Qualit\u00e4t haben, so wird das Unternehmen der R\u00fccksendung des Produkts zustimmen, wenn jedoch die R\u00fccksendung vorab dem Unternehmen mitgeteilt wird, und zwar innerhalb der in Absatz 3 festgelegten Frist.<\/p>\n<p>6.5.- Haftung gegen\u00fcber Dritten Das Unternehmen ist in keinem Fall haftbar f\u00fcr Sch\u00e4den Dritter, die als Folge der Verwendung der Produkte entstehen, wenn diese Sch\u00e4den Folge der falschen oder nicht korrekten Anwendung der Produkte sind. Als falsche oder nicht korrekte Anwendung des Produkts wird jegliche Verwendung verstanden, die nicht dem eigentlich Zweck entspricht, oder jeglicher Einsatz unter Bedingungen, die nicht den technischen Daten des Produkts entsprechen. Das Unternehmen ist auch nicht f\u00fcr Sch\u00e4den verantwortlich, die Dritten als Folge der Verwendung des Produkts, wenn das Produkt in schlechtem Zustand oder verschmutzt ist, und dies nicht dem Unternehmen zuzuschreiben ist.<\/p>\n<p>&nbsp;<\/p>\n<h2>7.- SONDERSTEUERN<\/h2>\n<p>7.1.- Die vom Unternehmen hergestellten Produkte sind nicht daf\u00fcr vorgesehen, als Brennstoff oder Treibstoff verwendet zu werden.<\/p>\n<p>7.2.- Um den Kunden nicht mit der entsprechenden Sondersteuer belasten zu m\u00fcssen, wird das Unternehmen den Kunden in jedem Fall dar\u00fcber informieren, ob die bestellten Produkte als Brenn- oder Treibstoff eingesetzt werden k\u00f6nnten, da sie in dem Falle dem 2. Sondersteuertarif in Spanien unterliegen. In solchen F\u00e4llen, werden f\u00fcr die Produkte die entsprechenden Sondersteuern angerechnet, es sei denn der Kunde kann dem Unternehmen schriftlichen Beweis geben, dass er als Endverbraucher agiert und das Produkt weder als Brennstoff noch als Treibstoff einsetzen wird.<\/p>\n<p>&nbsp;<\/p>\n<h2>8.- GEWERBLICHES EIGENTUM<\/h2>\n<p>Die Marken und Handelsnamen der Produkte sind gesetzlich registriert und Eigentum des Unternehmens. Folglich unterliegen Sie den Vorschriften \u00fcber das Gewerbliche Eigentum.<\/p>\n<p>&nbsp;<\/p>\n<h2>9.- DATENSCHUTZ<\/h2>\n<p>9.1.- Die pers\u00f6nlichen Daten des Kunden k\u00f6nnen, wie nachstehend beschrieben, vom Unternehmen verwendet werden: &#8211; Sie k\u00f6nnen in automatisierte Dateien des Unternehmens aufgenommen werden, die f\u00fcr die Nachverfolgung der Bestellungen und der Rechnungsstellung verwendet werden, und auch f\u00fcr den gewerblichen Schriftverkehr zwischen Unternehmen und Kunden. &#8211; Sie k\u00f6nnen der \u00f6ffentlichen und steuerlichen Verwaltung weitergeleitet werden, in F\u00e4llen, in denen es erforderlich ist.<\/p>\n<p>9.2.- Der Kunde hat das Recht auf Zugang, Berichtigung, Stornierung und Verweigerung der Daten bei der Datenschutzabteilung von BRUGAROLAS, S.A., in Cam\u00ed de la Riera, 36, Pol\u00edgono Industrial Cova Solera, 08191 Rub\u00ed.<\/p>\n<p>&nbsp;<\/p>\n<h2>10.- GERICHTSBARKEIT<\/h2>\n<p>Sollten Unstimmigkeiten bei der Interpretation, Anwendung oder Erf\u00fcllung dieser Allgemeinen Bedingungen auftreten, verzichten das Unternehmen und der Kunde ausdr\u00fccklich auf die ihnen zust\u00e4ndige Gerichtsbarkeit und unterziehen sich der Gerichtsbarkeit der Gerichte der Stadt Barcelona.<\/p>\n<\/div>\n","protected":false},"excerpt":{"rendered":"<p>ALLGEMEINE GESCH\u00c4FTSBEDINGUNGEN &nbsp; 1.- DEFINITIONEN 1.1.- Die Bezeichnung &#8222;das Unternehmen&#8220; bezieht sich auf die Gesellschaft BRUGAROLAS, S.A. 1.2.- Die Bezeichnung &#8222;der K\u00e4ufer&#8220; oder &#8222;der Kunde&#8220;  [&#8230;]<\/p>\n","protected":false},"author":1,"featured_media":0,"parent":0,"menu_order":0,"comment_status":"closed","ping_status":"closed","template":"","meta":{"footnotes":""},"class_list":["post-3402","page","type-page","status-publish","hentry"],"yoast_head":"<!-- This site is optimized with the Yoast SEO plugin v27.3 - https:\/\/yoast.com\/product\/yoast-seo-wordpress\/ -->\n<title>Allgemeine Gesch\u00e4ftsbedingungen - Brugarolas fabricante de lubricantes industriales<\/title>\n<meta name=\"robots\" content=\"index, follow, max-snippet:-1, max-image-preview:large, max-video-preview:-1\" \/>\n<link rel=\"canonical\" href=\"https:\/\/brugarolas.com\/de\/allgemeine-geschaeftsbedingungen\/\" \/>\n<meta property=\"og:locale\" content=\"de_DE\" \/>\n<meta property=\"og:type\" content=\"article\" \/>\n<meta property=\"og:title\" content=\"Allgemeine Gesch\u00e4ftsbedingungen - Brugarolas fabricante de lubricantes industriales\" \/>\n<meta property=\"og:description\" content=\"ALLGEMEINE GESCH\u00c4FTSBEDINGUNGEN &nbsp; 1.- DEFINITIONEN 1.1.- Die Bezeichnung &#8222;das Unternehmen&#8220; bezieht sich auf die Gesellschaft BRUGAROLAS, S.A. 1.2.- Die Bezeichnung &#8222;der K\u00e4ufer&#8220; oder &#8222;der Kunde&#8220; [...]\" \/>\n<meta property=\"og:url\" content=\"https:\/\/brugarolas.com\/de\/allgemeine-geschaeftsbedingungen\/\" \/>\n<meta property=\"og:site_name\" content=\"Brugarolas fabricante de lubricantes industriales\" \/>\n<meta property=\"article:modified_time\" content=\"2019-07-29T10:41:11+00:00\" \/>\n<meta name=\"twitter:card\" content=\"summary_large_image\" \/>\n<meta name=\"twitter:label1\" content=\"Gesch\u00e4tzte Lesezeit\" \/>\n\t<meta name=\"twitter:data1\" content=\"8\u00a0Minuten\" \/>\n<script type=\"application\/ld+json\" class=\"yoast-schema-graph\">{\"@context\":\"https:\\\/\\\/schema.org\",\"@graph\":[{\"@type\":\"WebPage\",\"@id\":\"https:\\\/\\\/brugarolas.com\\\/de\\\/allgemeine-geschaeftsbedingungen\\\/\",\"url\":\"https:\\\/\\\/brugarolas.com\\\/de\\\/allgemeine-geschaeftsbedingungen\\\/\",\"name\":\"Allgemeine Gesch\u00e4ftsbedingungen - Brugarolas fabricante de lubricantes industriales\",\"isPartOf\":{\"@id\":\"https:\\\/\\\/brugarolas.com\\\/de\\\/#website\"},\"datePublished\":\"2019-03-12T15:24:17+00:00\",\"dateModified\":\"2019-07-29T10:41:11+00:00\",\"breadcrumb\":{\"@id\":\"https:\\\/\\\/brugarolas.com\\\/de\\\/allgemeine-geschaeftsbedingungen\\\/#breadcrumb\"},\"inLanguage\":\"de\",\"potentialAction\":[{\"@type\":\"ReadAction\",\"target\":[\"https:\\\/\\\/brugarolas.com\\\/de\\\/allgemeine-geschaeftsbedingungen\\\/\"]}]},{\"@type\":\"BreadcrumbList\",\"@id\":\"https:\\\/\\\/brugarolas.com\\\/de\\\/allgemeine-geschaeftsbedingungen\\\/#breadcrumb\",\"itemListElement\":[{\"@type\":\"ListItem\",\"position\":1,\"name\":\"Portada\",\"item\":\"https:\\\/\\\/brugarolas.com\\\/de\\\/\"},{\"@type\":\"ListItem\",\"position\":2,\"name\":\"Allgemeine Gesch\u00e4ftsbedingungen\"}]},{\"@type\":\"WebSite\",\"@id\":\"https:\\\/\\\/brugarolas.com\\\/de\\\/#website\",\"url\":\"https:\\\/\\\/brugarolas.com\\\/de\\\/\",\"name\":\"Brugarolas fabricante de lubricantes industriales\",\"description\":\"\",\"publisher\":{\"@id\":\"https:\\\/\\\/brugarolas.com\\\/de\\\/#organization\"},\"potentialAction\":[{\"@type\":\"SearchAction\",\"target\":{\"@type\":\"EntryPoint\",\"urlTemplate\":\"https:\\\/\\\/brugarolas.com\\\/de\\\/?s={search_term_string}\"},\"query-input\":{\"@type\":\"PropertyValueSpecification\",\"valueRequired\":true,\"valueName\":\"search_term_string\"}}],\"inLanguage\":\"de\"},{\"@type\":\"Organization\",\"@id\":\"https:\\\/\\\/brugarolas.com\\\/de\\\/#organization\",\"name\":\"Brugarolas, S.A.\",\"url\":\"https:\\\/\\\/brugarolas.com\\\/de\\\/\",\"logo\":{\"@type\":\"ImageObject\",\"inLanguage\":\"de\",\"@id\":\"https:\\\/\\\/brugarolas.com\\\/de\\\/#\\\/schema\\\/logo\\\/image\\\/\",\"url\":\"https:\\\/\\\/brugarolas.com\\\/wp-content\\\/uploads\\\/brugarolas-retina-mobile-1.png\",\"contentUrl\":\"https:\\\/\\\/brugarolas.com\\\/wp-content\\\/uploads\\\/brugarolas-retina-mobile-1.png\",\"width\":640,\"height\":135,\"caption\":\"Brugarolas, S.A.\"},\"image\":{\"@id\":\"https:\\\/\\\/brugarolas.com\\\/de\\\/#\\\/schema\\\/logo\\\/image\\\/\"}}]}<\/script>\n<!-- \/ Yoast SEO plugin. -->","yoast_head_json":{"title":"Allgemeine Gesch\u00e4ftsbedingungen - Brugarolas fabricante de lubricantes industriales","robots":{"index":"index","follow":"follow","max-snippet":"max-snippet:-1","max-image-preview":"max-image-preview:large","max-video-preview":"max-video-preview:-1"},"canonical":"https:\/\/brugarolas.com\/de\/allgemeine-geschaeftsbedingungen\/","og_locale":"de_DE","og_type":"article","og_title":"Allgemeine Gesch\u00e4ftsbedingungen - Brugarolas fabricante de lubricantes industriales","og_description":"ALLGEMEINE GESCH\u00c4FTSBEDINGUNGEN &nbsp; 1.- DEFINITIONEN 1.1.- Die Bezeichnung &#8222;das Unternehmen&#8220; bezieht sich auf die Gesellschaft BRUGAROLAS, S.A. 1.2.- Die Bezeichnung &#8222;der K\u00e4ufer&#8220; oder &#8222;der Kunde&#8220; [...]","og_url":"https:\/\/brugarolas.com\/de\/allgemeine-geschaeftsbedingungen\/","og_site_name":"Brugarolas fabricante de lubricantes industriales","article_modified_time":"2019-07-29T10:41:11+00:00","twitter_card":"summary_large_image","twitter_misc":{"Gesch\u00e4tzte Lesezeit":"8\u00a0Minuten"},"schema":{"@context":"https:\/\/schema.org","@graph":[{"@type":"WebPage","@id":"https:\/\/brugarolas.com\/de\/allgemeine-geschaeftsbedingungen\/","url":"https:\/\/brugarolas.com\/de\/allgemeine-geschaeftsbedingungen\/","name":"Allgemeine Gesch\u00e4ftsbedingungen - Brugarolas fabricante de lubricantes industriales","isPartOf":{"@id":"https:\/\/brugarolas.com\/de\/#website"},"datePublished":"2019-03-12T15:24:17+00:00","dateModified":"2019-07-29T10:41:11+00:00","breadcrumb":{"@id":"https:\/\/brugarolas.com\/de\/allgemeine-geschaeftsbedingungen\/#breadcrumb"},"inLanguage":"de","potentialAction":[{"@type":"ReadAction","target":["https:\/\/brugarolas.com\/de\/allgemeine-geschaeftsbedingungen\/"]}]},{"@type":"BreadcrumbList","@id":"https:\/\/brugarolas.com\/de\/allgemeine-geschaeftsbedingungen\/#breadcrumb","itemListElement":[{"@type":"ListItem","position":1,"name":"Portada","item":"https:\/\/brugarolas.com\/de\/"},{"@type":"ListItem","position":2,"name":"Allgemeine Gesch\u00e4ftsbedingungen"}]},{"@type":"WebSite","@id":"https:\/\/brugarolas.com\/de\/#website","url":"https:\/\/brugarolas.com\/de\/","name":"Brugarolas fabricante de lubricantes industriales","description":"","publisher":{"@id":"https:\/\/brugarolas.com\/de\/#organization"},"potentialAction":[{"@type":"SearchAction","target":{"@type":"EntryPoint","urlTemplate":"https:\/\/brugarolas.com\/de\/?s={search_term_string}"},"query-input":{"@type":"PropertyValueSpecification","valueRequired":true,"valueName":"search_term_string"}}],"inLanguage":"de"},{"@type":"Organization","@id":"https:\/\/brugarolas.com\/de\/#organization","name":"Brugarolas, S.A.","url":"https:\/\/brugarolas.com\/de\/","logo":{"@type":"ImageObject","inLanguage":"de","@id":"https:\/\/brugarolas.com\/de\/#\/schema\/logo\/image\/","url":"https:\/\/brugarolas.com\/wp-content\/uploads\/brugarolas-retina-mobile-1.png","contentUrl":"https:\/\/brugarolas.com\/wp-content\/uploads\/brugarolas-retina-mobile-1.png","width":640,"height":135,"caption":"Brugarolas, S.A."},"image":{"@id":"https:\/\/brugarolas.com\/de\/#\/schema\/logo\/image\/"}}]}},"_links":{"self":[{"href":"https:\/\/brugarolas.com\/de\/wp-json\/wp\/v2\/pages\/3402","targetHints":{"allow":["GET"]}}],"collection":[{"href":"https:\/\/brugarolas.com\/de\/wp-json\/wp\/v2\/pages"}],"about":[{"href":"https:\/\/brugarolas.com\/de\/wp-json\/wp\/v2\/types\/page"}],"author":[{"embeddable":true,"href":"https:\/\/brugarolas.com\/de\/wp-json\/wp\/v2\/users\/1"}],"replies":[{"embeddable":true,"href":"https:\/\/brugarolas.com\/de\/wp-json\/wp\/v2\/comments?post=3402"}],"version-history":[{"count":3,"href":"https:\/\/brugarolas.com\/de\/wp-json\/wp\/v2\/pages\/3402\/revisions"}],"predecessor-version":[{"id":3416,"href":"https:\/\/brugarolas.com\/de\/wp-json\/wp\/v2\/pages\/3402\/revisions\/3416"}],"wp:attachment":[{"href":"https:\/\/brugarolas.com\/de\/wp-json\/wp\/v2\/media?parent=3402"}],"curies":[{"name":"wp","href":"https:\/\/api.w.org\/{rel}","templated":true}]}}