{"id":4095,"date":"2019-01-24T13:50:34","date_gmt":"2019-01-24T12:50:34","guid":{"rendered":"https:\/\/brugarolas.com\/lubricantes-de-calidad\/"},"modified":"2019-09-19T11:06:37","modified_gmt":"2019-09-19T09:06:37","slug":"qualitaetsschmierstoffe","status":"publish","type":"page","link":"https:\/\/brugarolas.com\/de\/qualitaetsschmierstoffe\/","title":{"rendered":"Qualit\u00e4tsschmierstoffe"},"content":{"rendered":"<p><div class=\"fusion-fullwidth fullwidth-box fusion-builder-row-1 hundred-percent-fullwidth non-hundred-percent-height-scrolling fusion-equal-height-columns\" style=\"--awb-border-radius-top-left:0px;--awb-border-radius-top-right:0px;--awb-border-radius-bottom-right:0px;--awb-border-radius-bottom-left:0px;--awb-padding-right:0px;--awb-padding-left:0px;--awb-margin-bottom:30px;--awb-flex-wrap:wrap;\" ><div class=\"fusion-builder-row fusion-row\"><div class=\"fusion-layout-column fusion_builder_column fusion-builder-column-0 fusion_builder_column_1_2 1_2 fusion-one-half fusion-column-first\" style=\"--awb-padding-top:10%;--awb-padding-right:10%;--awb-padding-bottom:10%;--awb-padding-left:10%;--awb-bg-color:#00833a;--awb-bg-color-hover:#00833a;--awb-bg-size:cover;--awb-border-color:#accfcc;--awb-border-style:solid;width:50%;width:calc(50% - ( ( 0 ) * 0.5 ) );margin-right: 0px;\"><div class=\"fusion-column-wrapper fusion-flex-column-wrapper-legacy\"><div class=\"fusion-column-content-centered\"><div class=\"fusion-column-content\"><div class=\"fusion-text fusion-text-1 justificado\"><h2 style=\"font-size: 2em;\"><span style=\"color: #ffffff;\">Mission<\/span><\/h2>\n<p><span style=\"color: #ffffff;\">Brugarolas ist ein Unternehmen, das Schmierstoffe f\u00fcr die Automobilbranche und anderen Industriebranchen entwickelt, produziert und vertreibt. Dabei widmen wir uns insbesondere dem Bedarf und den Erwartungen unserer Kunden, Mitarbeiter, Aktion\u00e4re, Lieferanten und der Gesellschaft allgemein, durch unsere Verpflichtung zur Qualit\u00e4t, Sicherheit und dem Umweltschutz.<\/span><\/p>\n<\/div><\/div><\/div><div class=\"fusion-clearfix\"><\/div><\/div><\/div><div class=\"fusion-layout-column fusion_builder_column fusion-builder-column-1 fusion_builder_column_1_2 1_2 fusion-one-half fusion-column-last\" style=\"--awb-padding-top:10%;--awb-padding-right:10%;--awb-padding-bottom:10%;--awb-padding-left:10%;--awb-bg-color:#009a44;--awb-bg-color-hover:#009a44;--awb-bg-size:cover;--awb-border-color:#accfcc;--awb-border-style:solid;width:50%;width:calc(50% - ( ( 0 ) * 0.5 ) );\"><div class=\"fusion-column-wrapper fusion-flex-column-wrapper-legacy\"><div class=\"fusion-column-content-centered\"><div class=\"fusion-column-content\"><div class=\"fusion-text fusion-text-2 justificado\"><h2 style=\"font-size: 2em;\"><span style=\"color: #ffffff;\">Vision<\/span><\/h2>\n<p><span style=\"color: #ffffff;\">Unser Ziel ist, von unseren strategischen Stakeholdern als eine Bezugsgruppe in Sachen Entwicklung und Produktion von Schmierstoffen zu gelten. Dabei m\u00f6chten wir uns stets durch unser Wille zur st\u00e4ndigen Verbesserung in allen Unternehmensbereichen auszeichnen, durch die Innovation, dem Service, der Qualit\u00e4t, der Arbeitssicherheit und dem Umweltschutz.<\/span><\/p>\n<\/div><\/div><\/div><div class=\"fusion-clearfix\"><\/div><\/div><\/div><\/div><\/div><div class=\"fusion-fullwidth fullwidth-box fusion-builder-row-2 nonhundred-percent-fullwidth non-hundred-percent-height-scrolling\" style=\"--awb-border-radius-top-left:0px;--awb-border-radius-top-right:0px;--awb-border-radius-bottom-right:0px;--awb-border-radius-bottom-left:0px;--awb-flex-wrap:wrap;\" ><div class=\"fusion-builder-row fusion-row\"><div class=\"fusion-layout-column fusion_builder_column fusion-builder-column-2 fusion_builder_column_1_1 1_1 fusion-one-full fusion-column-first fusion-column-last\" style=\"--awb-bg-size:cover;\"><div class=\"fusion-column-wrapper fusion-flex-column-wrapper-legacy\"><div class=\"fusion-text fusion-text-3\"><h2 style=\"font-size: 2em; text-align: center;\">Werte<\/h2>\n<p style=\"text-align: center;\">Werte, die die Strategie von <strong>Brugarolas<\/strong>\u00a0und deren T\u00e4tigkeiten inspirieren und orientieren:<\/p>\n<\/div><div class=\"fusion-clearfix\"><\/div><\/div><\/div><\/div><\/div><div class=\"fusion-fullwidth fullwidth-box fusion-builder-row-3 nonhundred-percent-fullwidth non-hundred-percent-height-scrolling fusion-equal-height-columns\" style=\"--awb-border-radius-top-left:0px;--awb-border-radius-top-right:0px;--awb-border-radius-bottom-right:0px;--awb-border-radius-bottom-left:0px;--awb-flex-wrap:wrap;\" ><div class=\"fusion-builder-row fusion-row\"><div class=\"fusion-layout-column fusion_builder_column fusion-builder-column-3 fusion_builder_column_1_2 1_2 fusion-one-half fusion-column-first\" style=\"--awb-bg-size:cover;width:50%;width:calc(50% - ( ( 4% ) * 0.5 ) );margin-right: 4%;\"><div class=\"fusion-column-wrapper fusion-flex-column-wrapper-legacy\"><div class=\"fusion-fa-align-center\"><i class=\"fb-icon-element-1 fb-icon-element fontawesome-icon fa-users fas circle-no fusion-animated\" style=\"--awb-iconcolor:#009a44;--awb-iconcolor-hover:#009a44;--awb-font-size:100px;\" data-animationType=\"fadeInDown\" data-animationDuration=\"0.1\" data-animationOffset=\"top-into-view\"><\/i><\/div><div class=\"fusion-text fusion-text-4 justificado\"><h3 class=\"titulo-raya\">MITARBEITER<\/h3>\n<p>Unser Mitarbeiterteam setzt sich aus dynamischen Fachleuten zusammen, die \u00fcber besondere Ausbildung und Erfahrung verf\u00fcgen, und in modernen Anlagen arbeiten, die Brugarolas f\u00fcr sie zur Verf\u00fcgung stellt. Sie sind die tats\u00e4chliche Antriebskraft des Unternehmens.<\/p>\n<p>Wir setzen Personen in den Mittelpunkt unseres Managementmodells, und f\u00f6rdern die Ausbildung, Teilnahme und Transparenz, so dass ein Klima des gegenseitigen Vertrauens zur Aufnahme neuer Verpflichtungen anspornt.<\/p>\n<\/div><div class=\"fusion-clearfix\"><\/div><\/div><\/div><div class=\"fusion-layout-column fusion_builder_column fusion-builder-column-4 fusion_builder_column_1_2 1_2 fusion-one-half fusion-column-last\" style=\"--awb-bg-size:cover;width:50%;width:calc(50% - ( ( 4% ) * 0.5 ) );\"><div class=\"fusion-column-wrapper fusion-flex-column-wrapper-legacy\"><div class=\"fusion-fa-align-center\"><i class=\"fb-icon-element-2 fb-icon-element fontawesome-icon fa-eye far circle-no fusion-animated\" style=\"--awb-iconcolor:#009a44;--awb-iconcolor-hover:#009a44;--awb-font-size:100px;\" data-animationType=\"fadeInDown\" data-animationDuration=\"0.1\" data-animationOffset=\"top-into-view\"><\/i><\/div><div class=\"fusion-text fusion-text-5 justificado\"><h3 class=\"titulo-raya\">KUNDENORIENTIERUNG<\/h3>\n<p>Vertrauensbeziehungen zu unseren Kunden aufzustellen und zu f\u00f6rdern, indem wir ihre Erwartungen erf\u00fcllen und ihren Bedarf verstehen und fr\u00fchzeitig erkennen.<\/p>\n<p>Produkte und Dienstleistungen h\u00f6chster Qualit\u00e4t auf den Markt bringen, die in jedem Sinne die Erwartungen unserer Kunden erf\u00fcllen. Daf\u00fcr suchen wir aktiv nach Strategien, die den Fortschritt auf diesem Weg der Exzellenz vereinfachen.<\/p>\n<\/div><div class=\"fusion-clearfix\"><\/div><\/div><\/div><\/div><\/div><div class=\"fusion-fullwidth fullwidth-box fusion-builder-row-4 nonhundred-percent-fullwidth non-hundred-percent-height-scrolling fusion-equal-height-columns\" style=\"--awb-border-radius-top-left:0px;--awb-border-radius-top-right:0px;--awb-border-radius-bottom-right:0px;--awb-border-radius-bottom-left:0px;--awb-margin-bottom:30px;--awb-flex-wrap:wrap;\" ><div class=\"fusion-builder-row fusion-row\"><div class=\"fusion-layout-column fusion_builder_column fusion-builder-column-5 fusion_builder_column_1_2 1_2 fusion-one-half fusion-column-first\" style=\"--awb-bg-size:cover;width:50%;width:calc(50% - ( ( 4% ) * 0.5 ) );margin-right: 4%;\"><div class=\"fusion-column-wrapper fusion-flex-column-wrapper-legacy\"><div class=\"fusion-fa-align-center\"><i class=\"fb-icon-element-3 fb-icon-element fontawesome-icon fa-balance-scale fas circle-no fusion-animated\" style=\"--awb-iconcolor:#009a44;--awb-iconcolor-hover:#009a44;--awb-font-size:100px;\" data-animationType=\"fadeInDown\" data-animationDuration=\"0.1\" data-animationOffset=\"top-into-view\"><\/i><\/div><div class=\"fusion-text fusion-text-6 justificado\"><h3 class=\"titulo-raya\">VERHALTENSKODEX<\/h3>\n<p>Im Laufe der mehr als 130 Jahren Geschichte, hat Brugarolas stets ein Verhaltenskodex im Unternehmen gef\u00f6rdert womit wir unsere Transparenz und Integrit\u00e4t bei der Entscheidungsnahme im Rahmen unserer beruflichen Arbeit best\u00e4tigen.<\/p>\n<\/div><div class=\"fusion-clearfix\"><\/div><\/div><\/div><div class=\"fusion-layout-column fusion_builder_column fusion-builder-column-6 fusion_builder_column_1_2 1_2 fusion-one-half fusion-column-last\" style=\"--awb-bg-size:cover;width:50%;width:calc(50% - ( ( 4% ) * 0.5 ) );\"><div class=\"fusion-column-wrapper fusion-flex-column-wrapper-legacy\"><div class=\"fusion-fa-align-center\"><i class=\"fb-icon-element-4 fb-icon-element fontawesome-icon fa-shield-alt fas circle-no fusion-animated\" style=\"--awb-iconcolor:#009a44;--awb-iconcolor-hover:#009a44;--awb-font-size:100px;\" data-animationType=\"fadeInDown\" data-animationDuration=\"0.1\" data-animationOffset=\"top-into-view\"><\/i><\/div><div class=\"fusion-text fusion-text-7 justificado\"><h3 class=\"titulo-raya\">SICHERHEIT UND UMWELT<\/h3>\n<p>Wir entwickeln unsere T\u00e4tigkeiten mit Verantwortung und unter Ber\u00fccksichtigung der Nachhaltigkeit in der Entwicklung und Produktion unserer Produkte. Dabei sch\u00fctzen wir die Umwelt und stellen gute Sicherheits- und Gesundheitsbedingungen sicher, und garantieren eine positive Wirkung f\u00fcr die Gesellschaft.<\/p>\n<\/div><div class=\"fusion-clearfix\"><\/div><\/div><\/div><\/div><\/div><div class=\"fusion-fullwidth fullwidth-box fusion-builder-row-5 hundred-percent-fullwidth non-hundred-percent-height-scrolling fusion-equal-height-columns\" style=\"--awb-border-radius-top-left:0px;--awb-border-radius-top-right:0px;--awb-border-radius-bottom-right:0px;--awb-border-radius-bottom-left:0px;--awb-margin-bottom:30px;--awb-flex-wrap:wrap;\" ><div class=\"fusion-builder-row fusion-row\"><div class=\"fusion-layout-column fusion_builder_column fusion-builder-column-7 fusion_builder_column_1_3 1_3 fusion-one-third fusion-column-first\" style=\"--awb-bg-size:cover;width:33.333333333333%;width:calc(33.333333333333% - ( ( 4% + 4% ) * 0.33333333333333 ) );margin-right: 4%;\"><div class=\"fusion-column-wrapper fusion-flex-column-wrapper-legacy\"><div class=\"fusion-fa-align-center\"><i class=\"fb-icon-element-5 fb-icon-element fontawesome-icon fa-bullhorn fas circle-no fusion-animated\" style=\"--awb-iconcolor:#009a44;--awb-iconcolor-hover:#009a44;--awb-font-size:100px;\" data-animationType=\"fadeInDown\" data-animationDuration=\"0.1\" data-animationOffset=\"top-into-view\"><\/i><\/div><div class=\"fusion-text fusion-text-8 justificado\"><h3 class=\"titulo-raya\">F\u00dcHRUNG<\/h3>\n<p>Unsere F\u00fchrung basiert auf Vertrauen. Wir vertrauen auf unsere Mitarbeiter, die stets auf die Unterst\u00fctzung der Gesch\u00e4ftsf\u00fchrung bei der Ausf\u00fchrung ihrer beruflichen T\u00e4tigkeiten z\u00e4hlen k\u00f6nnen.<\/p>\n<p>Delegieren und den F\u00e4higkeiten und Qualifikation des Personals zu vertrauen ist unabdingbar f\u00fcr eine gute Entwicklung eines Unternehmens. Dabei muss stets eine strategische Vision beibehalten werden, deren Grundlage die Minimierung der identifizierten Risiken und die F\u00f6rderung der st\u00e4ndigen Verbesserung sein muss, um dadurch eine erfolgreiche Entwicklung auf mittlerer und langer Frist sicher zu stellen.<\/p>\n<\/div><div class=\"fusion-clearfix\"><\/div><\/div><\/div><div class=\"fusion-layout-column fusion_builder_column fusion-builder-column-8 fusion_builder_column_1_3 1_3 fusion-one-third\" style=\"--awb-bg-size:cover;width:33.333333333333%;width:calc(33.333333333333% - ( ( 4% + 4% ) * 0.33333333333333 ) );margin-right: 4%;\"><div class=\"fusion-column-wrapper fusion-flex-column-wrapper-legacy\"><div class=\"fusion-fa-align-center\"><i class=\"fb-icon-element-6 fb-icon-element fontawesome-icon fa-flask fas circle-no fusion-animated\" style=\"--awb-iconcolor:#009a44;--awb-iconcolor-hover:#009a44;--awb-font-size:100px;\" data-animationType=\"fadeInDown\" data-animationDuration=\"0.1\" data-animationOffset=\"top-into-view\"><\/i><\/div><div class=\"fusion-text fusion-text-9 justificado\"><h3 class=\"titulo-raya\">FORSCHUNG UND ENTWICKLUNG<\/h3>\n<p>Unser Fachpersonal hat die F\u00e4higkeit zu forschen und geeignete Produkte zu entwickeln, die f\u00fcr zahlreiche Anwendungen geeignet sind. Der kreative Geist und die weiten Kenntnisse der fortgeschrittenen Techniken erm\u00f6glichen uns Produkte mit einem Mehrwert zu entwickeln.<\/p>\n<p>Brugarolas setzt auch auf die Eingliederung neuester Technologien und die Investition in Fortbildung und Entwicklung der Mitarbeiter. Dadurch haben wir die M\u00f6glichkeit die neuesten Tendenzen unserer Branche kennen zu lernen, um somit schnelle Antworten auf die Erwartungen unserer Kunden geben zu k\u00f6nnen.<\/p>\n<\/div><div class=\"fusion-clearfix\"><\/div><\/div><\/div><div class=\"fusion-layout-column fusion_builder_column fusion-builder-column-9 fusion_builder_column_1_3 1_3 fusion-one-third fusion-column-last\" style=\"--awb-bg-size:cover;width:33.333333333333%;width:calc(33.333333333333% - ( ( 4% + 4% ) * 0.33333333333333 ) );\"><div class=\"fusion-column-wrapper fusion-flex-column-wrapper-legacy\"><div class=\"fusion-fa-align-center\"><i class=\"fb-icon-element-7 fb-icon-element fontawesome-icon fa-thumbs-up far circle-no fusion-animated\" style=\"--awb-iconcolor:#009a44;--awb-iconcolor-hover:#009a44;--awb-font-size:100px;\" data-animationType=\"fadeInDown\" data-animationDuration=\"0.1\" data-animationOffset=\"top-into-view\"><\/i><\/div><div class=\"fusion-text fusion-text-10 justificado\"><h3 class=\"titulo-raya\">QUALIT\u00c4T<\/h3>\n<p>Unsere Verpflichtung zur Qualit\u00e4t ist st\u00e4ndig, dank unseres Verfahrens zur st\u00e4ndigen Verbesserung, das wir in allen Bereichen des Unternehmens anwenden. Standhaftigkeit, Einsatzwille und Engagement sind die Grundlage f\u00fcr eine gut gemachte Arbeit.<\/p>\n<p>Um den steigenden Fortschritt unseres Unternehmens zu garantieren, st\u00fctzen wir uns auf die Optimierung unserer Ressourcen und Verfahren, ein effizientes Management unseres Mitarbeiterteams und den Einsatz der geeigneten Politiken und Strategien.<\/p>\n<\/div><div class=\"fusion-clearfix\"><\/div><\/div><\/div><\/div><\/div><div class=\"fusion-fullwidth fullwidth-box fusion-builder-row-6 nonhundred-percent-fullwidth non-hundred-percent-height-scrolling\" style=\"--awb-border-radius-top-left:0px;--awb-border-radius-top-right:0px;--awb-border-radius-bottom-right:0px;--awb-border-radius-bottom-left:0px;--awb-margin-top:30px;--awb-flex-wrap:wrap;\" ><div class=\"fusion-builder-row fusion-row\"><div class=\"fusion-layout-column fusion_builder_column fusion-builder-column-10 fusion_builder_column_1_2 1_2 fusion-one-half fusion-column-first\" style=\"--awb-bg-size:cover;width:50%;width:calc(50% - ( ( 4% ) * 0.5 ) );margin-right: 4%;\"><div class=\"fusion-column-wrapper fusion-flex-column-wrapper-legacy\"><div class=\"fusion-aligncenter\"><a class=\"fusion-button button-flat fusion-button-default-size button-default fusion-button-default button-1 fusion-button-default-span fusion-button-default-type\" target=\"_self\" href=\"\/de\/qualitaetszertifikate\/\"><span class=\"fusion-button-text awb-button__text awb-button__text--default\">Entdecken Sie unsere Qualit\u00e4tszertifizierungen<\/span><\/a><\/div><div class=\"fusion-clearfix\"><\/div><\/div><\/div><div class=\"fusion-layout-column fusion_builder_column fusion-builder-column-11 fusion_builder_column_1_2 1_2 fusion-one-half fusion-column-last\" style=\"--awb-bg-size:cover;width:50%;width:calc(50% - ( ( 4% ) * 0.5 ) );\"><div class=\"fusion-column-wrapper fusion-flex-column-wrapper-legacy\"><div class=\"fusion-aligncenter\"><a class=\"fusion-button button-flat fusion-button-default-size button-default fusion-button-default button-2 fusion-button-default-span fusion-button-default-type\" target=\"_self\" href=\"\/de\/qualitaetspolitik\/\"><span class=\"fusion-button-text awb-button__text awb-button__text--default\">BRUGAROLAS-QUALIT\u00c4TSPOLITIK<\/span><\/a><\/div><div class=\"fusion-clearfix\"><\/div><\/div><\/div><\/div><\/div><\/p>\n","protected":false},"excerpt":{"rendered":"","protected":false},"author":1,"featured_media":0,"parent":0,"menu_order":0,"comment_status":"closed","ping_status":"closed","template":"100-width.php","meta":{"footnotes":""},"class_list":["post-4095","page","type-page","status-publish","hentry"],"yoast_head":"<!-- This site is optimized with the Yoast SEO plugin v27.3 - https:\/\/yoast.com\/product\/yoast-seo-wordpress\/ -->\n<title>Qualit\u00e4tsschmierstoffe - Brugarolas fabricante de lubricantes industriales<\/title>\n<meta name=\"robots\" content=\"index, follow, max-snippet:-1, max-image-preview:large, max-video-preview:-1\" \/>\n<link rel=\"canonical\" href=\"https:\/\/brugarolas.com\/de\/qualitaetsschmierstoffe\/\" \/>\n<meta property=\"og:locale\" content=\"de_DE\" \/>\n<meta property=\"og:type\" content=\"article\" \/>\n<meta property=\"og:title\" content=\"Qualit\u00e4tsschmierstoffe - Brugarolas fabricante de lubricantes industriales\" \/>\n<meta property=\"og:url\" content=\"https:\/\/brugarolas.com\/de\/qualitaetsschmierstoffe\/\" \/>\n<meta property=\"og:site_name\" content=\"Brugarolas fabricante de lubricantes industriales\" \/>\n<meta property=\"article:modified_time\" content=\"2019-09-19T09:06:37+00:00\" \/>\n<meta name=\"twitter:card\" content=\"summary_large_image\" \/>\n<meta name=\"twitter:label1\" content=\"Gesch\u00e4tzte Lesezeit\" \/>\n\t<meta name=\"twitter:data1\" content=\"14\u00a0Minuten\" \/>\n<script type=\"application\/ld+json\" class=\"yoast-schema-graph\">{\"@context\":\"https:\\\/\\\/schema.org\",\"@graph\":[{\"@type\":\"WebPage\",\"@id\":\"https:\\\/\\\/brugarolas.com\\\/de\\\/qualitaetsschmierstoffe\\\/\",\"url\":\"https:\\\/\\\/brugarolas.com\\\/de\\\/qualitaetsschmierstoffe\\\/\",\"name\":\"Qualit\u00e4tsschmierstoffe - Brugarolas fabricante de lubricantes industriales\",\"isPartOf\":{\"@id\":\"https:\\\/\\\/brugarolas.com\\\/de\\\/#website\"},\"datePublished\":\"2019-01-24T12:50:34+00:00\",\"dateModified\":\"2019-09-19T09:06:37+00:00\",\"breadcrumb\":{\"@id\":\"https:\\\/\\\/brugarolas.com\\\/de\\\/qualitaetsschmierstoffe\\\/#breadcrumb\"},\"inLanguage\":\"de\",\"potentialAction\":[{\"@type\":\"ReadAction\",\"target\":[\"https:\\\/\\\/brugarolas.com\\\/de\\\/qualitaetsschmierstoffe\\\/\"]}]},{\"@type\":\"BreadcrumbList\",\"@id\":\"https:\\\/\\\/brugarolas.com\\\/de\\\/qualitaetsschmierstoffe\\\/#breadcrumb\",\"itemListElement\":[{\"@type\":\"ListItem\",\"position\":1,\"name\":\"Portada\",\"item\":\"https:\\\/\\\/brugarolas.com\\\/de\\\/\"},{\"@type\":\"ListItem\",\"position\":2,\"name\":\"Qualit\u00e4tsschmierstoffe\"}]},{\"@type\":\"WebSite\",\"@id\":\"https:\\\/\\\/brugarolas.com\\\/de\\\/#website\",\"url\":\"https:\\\/\\\/brugarolas.com\\\/de\\\/\",\"name\":\"Brugarolas fabricante de lubricantes industriales\",\"description\":\"\",\"publisher\":{\"@id\":\"https:\\\/\\\/brugarolas.com\\\/de\\\/#organization\"},\"potentialAction\":[{\"@type\":\"SearchAction\",\"target\":{\"@type\":\"EntryPoint\",\"urlTemplate\":\"https:\\\/\\\/brugarolas.com\\\/de\\\/?s={search_term_string}\"},\"query-input\":{\"@type\":\"PropertyValueSpecification\",\"valueRequired\":true,\"valueName\":\"search_term_string\"}}],\"inLanguage\":\"de\"},{\"@type\":\"Organization\",\"@id\":\"https:\\\/\\\/brugarolas.com\\\/de\\\/#organization\",\"name\":\"Brugarolas, S.A.\",\"url\":\"https:\\\/\\\/brugarolas.com\\\/de\\\/\",\"logo\":{\"@type\":\"ImageObject\",\"inLanguage\":\"de\",\"@id\":\"https:\\\/\\\/brugarolas.com\\\/de\\\/#\\\/schema\\\/logo\\\/image\\\/\",\"url\":\"https:\\\/\\\/brugarolas.com\\\/wp-content\\\/uploads\\\/brugarolas-retina-mobile-1.png\",\"contentUrl\":\"https:\\\/\\\/brugarolas.com\\\/wp-content\\\/uploads\\\/brugarolas-retina-mobile-1.png\",\"width\":640,\"height\":135,\"caption\":\"Brugarolas, S.A.\"},\"image\":{\"@id\":\"https:\\\/\\\/brugarolas.com\\\/de\\\/#\\\/schema\\\/logo\\\/image\\\/\"}}]}<\/script>\n<!-- \/ Yoast SEO plugin. -->","yoast_head_json":{"title":"Qualit\u00e4tsschmierstoffe - Brugarolas fabricante de lubricantes industriales","robots":{"index":"index","follow":"follow","max-snippet":"max-snippet:-1","max-image-preview":"max-image-preview:large","max-video-preview":"max-video-preview:-1"},"canonical":"https:\/\/brugarolas.com\/de\/qualitaetsschmierstoffe\/","og_locale":"de_DE","og_type":"article","og_title":"Qualit\u00e4tsschmierstoffe - Brugarolas fabricante de lubricantes industriales","og_url":"https:\/\/brugarolas.com\/de\/qualitaetsschmierstoffe\/","og_site_name":"Brugarolas fabricante de lubricantes industriales","article_modified_time":"2019-09-19T09:06:37+00:00","twitter_card":"summary_large_image","twitter_misc":{"Gesch\u00e4tzte Lesezeit":"14\u00a0Minuten"},"schema":{"@context":"https:\/\/schema.org","@graph":[{"@type":"WebPage","@id":"https:\/\/brugarolas.com\/de\/qualitaetsschmierstoffe\/","url":"https:\/\/brugarolas.com\/de\/qualitaetsschmierstoffe\/","name":"Qualit\u00e4tsschmierstoffe - Brugarolas fabricante de lubricantes industriales","isPartOf":{"@id":"https:\/\/brugarolas.com\/de\/#website"},"datePublished":"2019-01-24T12:50:34+00:00","dateModified":"2019-09-19T09:06:37+00:00","breadcrumb":{"@id":"https:\/\/brugarolas.com\/de\/qualitaetsschmierstoffe\/#breadcrumb"},"inLanguage":"de","potentialAction":[{"@type":"ReadAction","target":["https:\/\/brugarolas.com\/de\/qualitaetsschmierstoffe\/"]}]},{"@type":"BreadcrumbList","@id":"https:\/\/brugarolas.com\/de\/qualitaetsschmierstoffe\/#breadcrumb","itemListElement":[{"@type":"ListItem","position":1,"name":"Portada","item":"https:\/\/brugarolas.com\/de\/"},{"@type":"ListItem","position":2,"name":"Qualit\u00e4tsschmierstoffe"}]},{"@type":"WebSite","@id":"https:\/\/brugarolas.com\/de\/#website","url":"https:\/\/brugarolas.com\/de\/","name":"Brugarolas fabricante de lubricantes industriales","description":"","publisher":{"@id":"https:\/\/brugarolas.com\/de\/#organization"},"potentialAction":[{"@type":"SearchAction","target":{"@type":"EntryPoint","urlTemplate":"https:\/\/brugarolas.com\/de\/?s={search_term_string}"},"query-input":{"@type":"PropertyValueSpecification","valueRequired":true,"valueName":"search_term_string"}}],"inLanguage":"de"},{"@type":"Organization","@id":"https:\/\/brugarolas.com\/de\/#organization","name":"Brugarolas, S.A.","url":"https:\/\/brugarolas.com\/de\/","logo":{"@type":"ImageObject","inLanguage":"de","@id":"https:\/\/brugarolas.com\/de\/#\/schema\/logo\/image\/","url":"https:\/\/brugarolas.com\/wp-content\/uploads\/brugarolas-retina-mobile-1.png","contentUrl":"https:\/\/brugarolas.com\/wp-content\/uploads\/brugarolas-retina-mobile-1.png","width":640,"height":135,"caption":"Brugarolas, S.A."},"image":{"@id":"https:\/\/brugarolas.com\/de\/#\/schema\/logo\/image\/"}}]}},"_links":{"self":[{"href":"https:\/\/brugarolas.com\/de\/wp-json\/wp\/v2\/pages\/4095","targetHints":{"allow":["GET"]}}],"collection":[{"href":"https:\/\/brugarolas.com\/de\/wp-json\/wp\/v2\/pages"}],"about":[{"href":"https:\/\/brugarolas.com\/de\/wp-json\/wp\/v2\/types\/page"}],"author":[{"embeddable":true,"href":"https:\/\/brugarolas.com\/de\/wp-json\/wp\/v2\/users\/1"}],"replies":[{"embeddable":true,"href":"https:\/\/brugarolas.com\/de\/wp-json\/wp\/v2\/comments?post=4095"}],"version-history":[{"count":6,"href":"https:\/\/brugarolas.com\/de\/wp-json\/wp\/v2\/pages\/4095\/revisions"}],"predecessor-version":[{"id":7211,"href":"https:\/\/brugarolas.com\/de\/wp-json\/wp\/v2\/pages\/4095\/revisions\/7211"}],"wp:attachment":[{"href":"https:\/\/brugarolas.com\/de\/wp-json\/wp\/v2\/media?parent=4095"}],"curies":[{"name":"wp","href":"https:\/\/api.w.org\/{rel}","templated":true}]}}