{"id":4218,"date":"2019-03-12T16:15:46","date_gmt":"2019-03-12T15:15:46","guid":{"rendered":"https:\/\/brugarolas.com\/aviso-legal\/"},"modified":"2019-07-30T22:07:21","modified_gmt":"2019-07-30T20:07:21","slug":"impressum","status":"publish","type":"page","link":"https:\/\/brugarolas.com\/de\/impressum\/","title":{"rendered":"Impressum"},"content":{"rendered":"<div class=\"justificado\">Die Gesellschaft BRUGAROLAS, S.A. ist Inhaber dieser Webseite. In Erf\u00fcllung von Gesetz 34\/2002, \u00fcber Dienstleistungen der Informations- und e-Commerce-Gesellschaft, werden nachstehend folgende Daten angegeben: <strong>BRUGAROLAS, S.A.<\/strong><br \/>\nA08068306<br \/>\nCam\u00ed de la Riera, 36-44<br \/>\nPol\u00edgono Industrial Cova Solera<br \/>\n08191 Rub\u00ed \u2013 Barcelona<br \/>\nTel\u00e9fono +34 935 883 100<\/p>\n<p>Eingetragen im Handelsregister von Barcelona in Band 584-150, Abschnitt 2, Blatt 142, Seite 2067, 1. Eintrag am 26.4.1949<\/p>\n<div class=\"wpb_row vc_row-fluid\">\n<div class=\"vc_span12 wpb_column column_container\">\n<div class=\"wpb_wrapper\">\n<div class=\"row moduletitle\">\n<div class=\"titletext\">\n<h2>1.- Verwendungsbedingungen<\/h2>\n<\/div>\n<\/div>\n<\/div>\n<\/div>\n<\/div>\n<p>Der User verpflichtet sich die Information dieser Webseite ausschlie\u00dflich f\u00fcr eigene Zwecke zu verwenden, und weder direkt noch indirekt, etwaigen gewerblichen Gebrauch der Inhalte oder der verf\u00fcgbaren Dienstleistungen zu machen. Der User hat das Recht auf freien und kostenlosen Zugang zur \u00f6ffentlichen Information, die hierin enthalten ist, obwohl BRUGAROLAS sich das Recht vorbeh\u00e4lt, den Zugang zu bestimmten Bereichen und Dienstleistungen des Portals einzuschr\u00e4nken. BRUGAROLAS hat die Absicht stets wahre und aktuelle Informationen zu bieten. Diese Informationen k\u00f6nnen jedoch typographische oder sogar technische Fehler enthalten, und BRUGAROLAS \u00fcbernimmt keine Haftung f\u00fcr die Tauglichkeit der in der Webseite enthaltenen Informationen.<\/p>\n<div class=\"wpb_row vc_row-fluid\">\n<div class=\"vc_span12 wpb_column column_container\">\n<div class=\"wpb_wrapper\">\n<div class=\"row moduletitle\">\n<div class=\"titletext\">\n<h2>2.- Links<\/h2>\n<\/div>\n<\/div>\n<\/div>\n<\/div>\n<\/div>\n<p>Diese Webseite kann verschiedene Links zu Webseiten von Drittanbietern enthalten, deren Inhalte schnell ver\u00e4ndert werden k\u00f6nnen, angesichts der Eigenschaften des Internets. Folglich \u00fcbernimmt BRUGAROLAS keine Haftung f\u00fcr die Informationen, Dienstleistungen und Inhalte allgemein der Webseiten von Drittanbietern.<\/p>\n<p>Jegliche externe Seite, die \u00fcber die Seite von BRUGAROLAS erreicht wird, ist unabh\u00e4ngig und BRUGAROLAS COL\u00d3N hat keine Kontrolle \u00fcber den Inhalt dieser Seite. Zudem bedeutet ein Link auf eine Seite, die nicht von BRUGAROLAS ist, nicht, dass das Unternehmen den Inhalt oder die Verwendung unterst\u00fctzt oder daf\u00fcr haftet.<\/p>\n<p>Sollte BRUGAROLAS effektive Kenntnis dar\u00fcber haben, dass die Aktivit\u00e4ten oder die Informationen solcher Seiten verboten, strafbar sein, oder gegen die G\u00fcter oder Rechte Dritter versto\u00dfen und zur Schadensersatzpflicht f\u00fchren, so wird das Unternehmen mit der erforderlichen Sorgfalt handeln, und den Link so schnell wie m\u00f6glich entfernen oder blockieren. <\/p>\n<div class=\"wpb_row vc_row-fluid\">\n<div class=\"vc_span12 wpb_column column_container\">\n<div class=\"wpb_wrapper\">\n<div class=\"row moduletitle\">\n<div class=\"titletext\">\n<h2>3.- Intellektuelle und industrielle Eigentumsrechte<\/h2>\n<\/div>\n<\/div>\n<\/div>\n<\/div>\n<\/div>\n<p>Die intellektuellen und industriellen Eigentumsrechte (allgemein und nicht nur auf Marken, Logos, Texte, Bilder, Symbole, Abbildungen, usw. begrenzt und auch nicht nur Graphikdesign, Quellcode und sonstige Softwareelemente die in dieser Webseite enthalten sind), sind Eigentum von BRUGAROLAS. Folglich unterliegen Sie intellektuellen und industriellen Eigentumsrechten, die von der spanischen und internationalen Gesetzgebung gesch\u00fctzt sind.<\/p>\n<p>Ohne ausdr\u00fccklicher schriftlicher Vorabgenehmigung von BRUGAROLAS ist es untersagt die Webseite zu verwenden, wiederzugeben, zu \u00fcbertragen, zu manipulieren, oder auf sonstiger Art zu verwenden, die \u00fcber die erforderliche Verwendung geht, um die Seite zu besuchen und die angebotenen Dienstleistungen zu verwenden. Der Zugang zu den angebotenen Dienstleistungen bedeutet seitens BRUGAROLAS nicht, dass deshalb auf die intellektuellen und industriellen Eigentumsrechte verzichtet wird, diese vollst\u00e4ndig oder teilweise \u00fcbertragen werden, und gibt auch keine Rechte zur Verwendung, Ver\u00e4nderung, Nutzung, Wiedergabe, Vertrieb oder \u00f6ffentliche Mitteilung der Inhalte, ohne vorheriger, ausdr\u00fccklicher, schriftlicher Genehmigung der entsprechenden Eigent\u00fcmer, unbeschadet der Recht auf Visualisierung und Erhalt einer privaten Sicherheitskopie dieser Inhalte, solange diese Rechte in Anlehnung an die Grundlagen des guten Willens verwendet werden und die intellektuellen und industriellen Rechte des Eigent\u00fcmers dieser Rechte erhalten bleiben, und die Verwendung nicht f\u00fcr gewerbliche Zwecke und ausschlie\u00dflich zur pers\u00f6nlichen Information des Users erfolgt. Die Verantwortung, die sich aus der Verwendung des durch intellektuelle und industrielle Eigentumsrechte gesch\u00fctztem Material ergibt, liegt ausschlie\u00dflich beim User.<\/p>\n<div class=\"wpb_row vc_row-fluid\">\n<div class=\"vc_span12 wpb_column column_container\">\n<div class=\"wpb_wrapper\">\n<div class=\"row moduletitle\">\n<div class=\"titletext\">\n<h2>4.- Ethik und Verantwortung des Users der Unternehmenswebseite:<\/h2>\n<\/div>\n<\/div>\n<\/div>\n<\/div>\n<\/div>\n<p>BRUGAROLAS \u00fcbernimmt auf keinen Fall Haftung f\u00fcr die Verwendung der Unternehmenswebseite durch den User. Der User wird sich enthalten, jegliches Verhalten bei der Verwendung der Unternehmenswebsite oder der zur Verf\u00fcgung gestellten Mittel zu haben, das gegen die intellektuellen oder industriellen Eigentumsrecht von BRUGAROLAS oder von Drittanbietern versto\u00dfen, das gegen die Ehre, die pers\u00f6nliche oder famili\u00e4re Intimsph\u00e4re verst\u00f6\u00dft oder das verboten, gegen die Sittlichkeit verst\u00f6\u00dft, und wird in jedem Fall BRUGAROLAS schadlos halten im Falle einer Reklamation, gerichtlich oder au\u00dfergerichtlich, die gegen das Unternehmen als Folge dieser Verwendung erhoben werden k\u00f6nnte.  Der User wird sich enthalten, durch jegliches Mittel, die Daten, Programme oder elektronische Dokument, die Eigentum von BRUGAROLAS sind, zu zerst\u00f6ren, \u00e4ndern, unbrauchbar machen oder besch\u00e4digen, und auch Viren, Applets oder sonstige physikalische oder elektronische Instrumente einf\u00fchren oder verbreiten, die jegliche Art von \u00c4nderungen im Netz, im System oder in den Ger\u00e4ten Dritter, verursachen oder verursachen k\u00f6nnten.<\/p>\n<div class=\"wpb_row vc_row-fluid\">\n<div class=\"vc_span12 wpb_column column_container\">\n<div class=\"wpb_wrapper\">\n<div class=\"row moduletitle\">\n<div class=\"titletext\">\n<h2>5.- Anwendbares Recht &#8211; Gerichtsbarkeit<\/h2>\n<\/div>\n<\/div>\n<\/div>\n<\/div>\n<\/div>\n<p>Die L\u00f6sung jeglicher Streitigkeit oder Uneinigkeit in Bezug zu dieser Webseite, unterliegt spanischem Recht, wobei die Zust\u00e4ndigkeit bei den Gerichten der Stadt Barcelona liegt.<\/p>\n<\/div>\n","protected":false},"excerpt":{"rendered":"<p>Die Gesellschaft BRUGAROLAS, S.A. ist Inhaber dieser Webseite. In Erf\u00fcllung von Gesetz 34\/2002, \u00fcber Dienstleistungen der Informations- und e-Commerce-Gesellschaft, werden nachstehend folgende Daten angegeben: BRUGAROLAS,  [&#8230;]<\/p>\n","protected":false},"author":1,"featured_media":0,"parent":0,"menu_order":0,"comment_status":"closed","ping_status":"closed","template":"","meta":{"footnotes":""},"class_list":["post-4218","page","type-page","status-publish","hentry"],"yoast_head":"<!-- This site is optimized with the Yoast SEO plugin v27.3 - https:\/\/yoast.com\/product\/yoast-seo-wordpress\/ -->\n<title>Impressum - Brugarolas fabricante de lubricantes industriales<\/title>\n<meta name=\"robots\" content=\"index, follow, max-snippet:-1, max-image-preview:large, max-video-preview:-1\" \/>\n<link rel=\"canonical\" href=\"https:\/\/brugarolas.com\/de\/impressum\/\" \/>\n<meta property=\"og:locale\" content=\"de_DE\" \/>\n<meta property=\"og:type\" content=\"article\" \/>\n<meta property=\"og:title\" content=\"Impressum - Brugarolas fabricante de lubricantes industriales\" \/>\n<meta property=\"og:description\" content=\"Die Gesellschaft BRUGAROLAS, S.A. ist Inhaber dieser Webseite. In Erf\u00fcllung von Gesetz 34\/2002, \u00fcber Dienstleistungen der Informations- und e-Commerce-Gesellschaft, werden nachstehend folgende Daten angegeben: BRUGAROLAS, [...]\" \/>\n<meta property=\"og:url\" content=\"https:\/\/brugarolas.com\/de\/impressum\/\" \/>\n<meta property=\"og:site_name\" content=\"Brugarolas fabricante de lubricantes industriales\" \/>\n<meta property=\"article:modified_time\" content=\"2019-07-30T20:07:21+00:00\" \/>\n<meta name=\"twitter:card\" content=\"summary_large_image\" \/>\n<meta name=\"twitter:label1\" content=\"Gesch\u00e4tzte Lesezeit\" \/>\n\t<meta name=\"twitter:data1\" content=\"4\u00a0Minuten\" \/>\n<script type=\"application\/ld+json\" class=\"yoast-schema-graph\">{\"@context\":\"https:\\\/\\\/schema.org\",\"@graph\":[{\"@type\":\"WebPage\",\"@id\":\"https:\\\/\\\/brugarolas.com\\\/de\\\/impressum\\\/\",\"url\":\"https:\\\/\\\/brugarolas.com\\\/de\\\/impressum\\\/\",\"name\":\"Impressum - Brugarolas fabricante de lubricantes industriales\",\"isPartOf\":{\"@id\":\"https:\\\/\\\/brugarolas.com\\\/de\\\/#website\"},\"datePublished\":\"2019-03-12T15:15:46+00:00\",\"dateModified\":\"2019-07-30T20:07:21+00:00\",\"breadcrumb\":{\"@id\":\"https:\\\/\\\/brugarolas.com\\\/de\\\/impressum\\\/#breadcrumb\"},\"inLanguage\":\"de\",\"potentialAction\":[{\"@type\":\"ReadAction\",\"target\":[\"https:\\\/\\\/brugarolas.com\\\/de\\\/impressum\\\/\"]}]},{\"@type\":\"BreadcrumbList\",\"@id\":\"https:\\\/\\\/brugarolas.com\\\/de\\\/impressum\\\/#breadcrumb\",\"itemListElement\":[{\"@type\":\"ListItem\",\"position\":1,\"name\":\"Portada\",\"item\":\"https:\\\/\\\/brugarolas.com\\\/de\\\/\"},{\"@type\":\"ListItem\",\"position\":2,\"name\":\"Impressum\"}]},{\"@type\":\"WebSite\",\"@id\":\"https:\\\/\\\/brugarolas.com\\\/de\\\/#website\",\"url\":\"https:\\\/\\\/brugarolas.com\\\/de\\\/\",\"name\":\"Brugarolas fabricante de lubricantes industriales\",\"description\":\"\",\"publisher\":{\"@id\":\"https:\\\/\\\/brugarolas.com\\\/de\\\/#organization\"},\"potentialAction\":[{\"@type\":\"SearchAction\",\"target\":{\"@type\":\"EntryPoint\",\"urlTemplate\":\"https:\\\/\\\/brugarolas.com\\\/de\\\/?s={search_term_string}\"},\"query-input\":{\"@type\":\"PropertyValueSpecification\",\"valueRequired\":true,\"valueName\":\"search_term_string\"}}],\"inLanguage\":\"de\"},{\"@type\":\"Organization\",\"@id\":\"https:\\\/\\\/brugarolas.com\\\/de\\\/#organization\",\"name\":\"Brugarolas, S.A.\",\"url\":\"https:\\\/\\\/brugarolas.com\\\/de\\\/\",\"logo\":{\"@type\":\"ImageObject\",\"inLanguage\":\"de\",\"@id\":\"https:\\\/\\\/brugarolas.com\\\/de\\\/#\\\/schema\\\/logo\\\/image\\\/\",\"url\":\"https:\\\/\\\/brugarolas.com\\\/wp-content\\\/uploads\\\/brugarolas-retina-mobile-1.png\",\"contentUrl\":\"https:\\\/\\\/brugarolas.com\\\/wp-content\\\/uploads\\\/brugarolas-retina-mobile-1.png\",\"width\":640,\"height\":135,\"caption\":\"Brugarolas, S.A.\"},\"image\":{\"@id\":\"https:\\\/\\\/brugarolas.com\\\/de\\\/#\\\/schema\\\/logo\\\/image\\\/\"}}]}<\/script>\n<!-- \/ Yoast SEO plugin. -->","yoast_head_json":{"title":"Impressum - Brugarolas fabricante de lubricantes industriales","robots":{"index":"index","follow":"follow","max-snippet":"max-snippet:-1","max-image-preview":"max-image-preview:large","max-video-preview":"max-video-preview:-1"},"canonical":"https:\/\/brugarolas.com\/de\/impressum\/","og_locale":"de_DE","og_type":"article","og_title":"Impressum - Brugarolas fabricante de lubricantes industriales","og_description":"Die Gesellschaft BRUGAROLAS, S.A. ist Inhaber dieser Webseite. In Erf\u00fcllung von Gesetz 34\/2002, \u00fcber Dienstleistungen der Informations- und e-Commerce-Gesellschaft, werden nachstehend folgende Daten angegeben: BRUGAROLAS, [...]","og_url":"https:\/\/brugarolas.com\/de\/impressum\/","og_site_name":"Brugarolas fabricante de lubricantes industriales","article_modified_time":"2019-07-30T20:07:21+00:00","twitter_card":"summary_large_image","twitter_misc":{"Gesch\u00e4tzte Lesezeit":"4\u00a0Minuten"},"schema":{"@context":"https:\/\/schema.org","@graph":[{"@type":"WebPage","@id":"https:\/\/brugarolas.com\/de\/impressum\/","url":"https:\/\/brugarolas.com\/de\/impressum\/","name":"Impressum - Brugarolas fabricante de lubricantes industriales","isPartOf":{"@id":"https:\/\/brugarolas.com\/de\/#website"},"datePublished":"2019-03-12T15:15:46+00:00","dateModified":"2019-07-30T20:07:21+00:00","breadcrumb":{"@id":"https:\/\/brugarolas.com\/de\/impressum\/#breadcrumb"},"inLanguage":"de","potentialAction":[{"@type":"ReadAction","target":["https:\/\/brugarolas.com\/de\/impressum\/"]}]},{"@type":"BreadcrumbList","@id":"https:\/\/brugarolas.com\/de\/impressum\/#breadcrumb","itemListElement":[{"@type":"ListItem","position":1,"name":"Portada","item":"https:\/\/brugarolas.com\/de\/"},{"@type":"ListItem","position":2,"name":"Impressum"}]},{"@type":"WebSite","@id":"https:\/\/brugarolas.com\/de\/#website","url":"https:\/\/brugarolas.com\/de\/","name":"Brugarolas fabricante de lubricantes industriales","description":"","publisher":{"@id":"https:\/\/brugarolas.com\/de\/#organization"},"potentialAction":[{"@type":"SearchAction","target":{"@type":"EntryPoint","urlTemplate":"https:\/\/brugarolas.com\/de\/?s={search_term_string}"},"query-input":{"@type":"PropertyValueSpecification","valueRequired":true,"valueName":"search_term_string"}}],"inLanguage":"de"},{"@type":"Organization","@id":"https:\/\/brugarolas.com\/de\/#organization","name":"Brugarolas, S.A.","url":"https:\/\/brugarolas.com\/de\/","logo":{"@type":"ImageObject","inLanguage":"de","@id":"https:\/\/brugarolas.com\/de\/#\/schema\/logo\/image\/","url":"https:\/\/brugarolas.com\/wp-content\/uploads\/brugarolas-retina-mobile-1.png","contentUrl":"https:\/\/brugarolas.com\/wp-content\/uploads\/brugarolas-retina-mobile-1.png","width":640,"height":135,"caption":"Brugarolas, S.A."},"image":{"@id":"https:\/\/brugarolas.com\/de\/#\/schema\/logo\/image\/"}}]}},"_links":{"self":[{"href":"https:\/\/brugarolas.com\/de\/wp-json\/wp\/v2\/pages\/4218","targetHints":{"allow":["GET"]}}],"collection":[{"href":"https:\/\/brugarolas.com\/de\/wp-json\/wp\/v2\/pages"}],"about":[{"href":"https:\/\/brugarolas.com\/de\/wp-json\/wp\/v2\/types\/page"}],"author":[{"embeddable":true,"href":"https:\/\/brugarolas.com\/de\/wp-json\/wp\/v2\/users\/1"}],"replies":[{"embeddable":true,"href":"https:\/\/brugarolas.com\/de\/wp-json\/wp\/v2\/comments?post=4218"}],"version-history":[{"count":3,"href":"https:\/\/brugarolas.com\/de\/wp-json\/wp\/v2\/pages\/4218\/revisions"}],"predecessor-version":[{"id":4221,"href":"https:\/\/brugarolas.com\/de\/wp-json\/wp\/v2\/pages\/4218\/revisions\/4221"}],"wp:attachment":[{"href":"https:\/\/brugarolas.com\/de\/wp-json\/wp\/v2\/media?parent=4218"}],"curies":[{"name":"wp","href":"https:\/\/api.w.org\/{rel}","templated":true}]}}