{"id":4224,"date":"2019-03-12T16:36:18","date_gmt":"2019-03-12T15:36:18","guid":{"rendered":"https:\/\/brugarolas.com\/politica-de-cookies\/"},"modified":"2019-08-07T15:39:49","modified_gmt":"2019-08-07T13:39:49","slug":"cookiepolitik","status":"publish","type":"page","link":"https:\/\/brugarolas.com\/de\/cookiepolitik\/","title":{"rendered":"Cookiepolitik"},"content":{"rendered":"<div class=\"justificado\">\n<h3>Verwendung von Cookies<\/h3>\n<p>Auf unserer Website werden eigene Cookies und Cookies Dritter (Google Analytics) verwendet, um die Benutzererfahrung zu verbessern und Statistikdaten \u00fcber die Verwendung unserer Website durch die Besucher zu sammeln. Die Cookies werden ausschlie\u00dflich dem verwendeten Browser zugeordnet, so dass keine personenbezogenen Daten des Benutzers gespeichert werden, der unsere Site besucht. Sie k\u00f6nnen Ihren Browser so einstellen, dass dieser Sie \u00fcber den Einsatz von Cookies benachrichtigt und\/oder die Cookies verweigert, ohne dass Ihnen dadurch den Zugang zu den verschiedenen Bereichen der Website verweigert wird. Sie werden lediglich den Chat f\u00fcr den technischen Support nicht verwenden k\u00f6nnen.<\/p>\n<p>Wenn Sie in unserer Website surfen, akzeptieren Sie die Verwendung von Cookies unter den Bedingungen, dieser <strong>Cookie-Politik.<\/strong> Diese Politik kann aktualisiert werden, weshalb wir Ihnen empfehlen diese regelm\u00e4\u00dfig zu pr\u00fcfen.<\/p>\n<h3>Was sind Cookies?<\/h3>\n<p>Cookies sind kleine Datendateien, die der Internetserver an das Ger\u00e4t schickt, mit dem Sie unsere Websites besuchen, und dort gespeichert werden. Sie werden ausschlie\u00dflich dem Browser zugeordnet und geben keine personenbezogenen Daten weiter. Cookies k\u00f6nnen Ihr Ger\u00e4t nicht besch\u00e4digen und sie sind zudem besonders n\u00fctzlich, da sie uns dabei helfen, Fehler zu identifizieren und sie zu l\u00f6sen.<\/p>\n<p>Wenn Sie weitere Information \u00fcber Cookies w\u00fcnschen, empfehlen wir Ihnen, folgende Seite zu besuchen <a href=\"http:\/\/www.allaboutcookies.org\" target=\"_blank\" rel=\"noopener noreferrer\"><strong>www.allaboutcookies.org <\/strong><\/a>y <a href=\"http:\/\/www.youronlinechoices.eu\/es\/\" target=\"_blank\" rel=\"noopener noreferrer\"><strong>www.youronlinechoices.eu<\/strong><\/a><\/p>\n<h3>Cookie-Konfiguration<\/h3>\n<p>Im Bereich &#8222;Hilfe&#8220; Ihres Browsers, k\u00f6nnen Sie die Schritte erfahren, die erforderlich sind, um die Installation von Cookies zu verhindern. Microsoft Internet Explorer, Google Chrome, Safari, Mozilla Firefox und Opera.<\/p>\n<p>Viele Browser erlauben die Aktivierung einer privaten Einstellung, durch welche die Cookies immer nach dem Besuch einer Website gel\u00f6scht werden. Je nach Browser kann diese Privateinstellung einen unterschiedlichen Namen haben. Nachstehend finden Sie eine Liste der \u00fcblichsten Browser und der verschiedenen Namen dieser &#8222;Privateinstellung&#8220;:<\/p>\n<ul>\n<li>Internet Explorer 8 und h\u00f6her \u2013 InPrivate<\/li>\n<li>Opera 10.5 und h\u00f6her \u2013 Privates Surfen<\/li>\n<li>Google Chrome 10 und h\u00f6her \u2013 Incognito<\/li>\n<li>Safari 2 und h\u00f6her \u2013 Privates Surfen<\/li>\n<li>Firefox 3.5 und h\u00f6her \u2013 Privates Surfen<\/li>\n<\/ul>\n<p>Nachstehend listen wir die Cookies auf, die von <a href=\"http:\/\/brugarolas.com\" target=\"_blank\" rel=\"noopener noreferrer\"><strong>brugarolas.com <\/strong> verwendet werden:<\/a>:<\/p>\n<\/div>\n<table class=\"tabla\" width=\"100%\">\n<thead>\n<tr>\n<th>Cookie<\/th>\n<th>Typ<\/th>\n<th>Dauer<\/th>\n<th>Beschreibung<\/th>\n<\/tr>\n<\/thead>\n<tbody>\n<tr>\n<td>_utma<\/td>\n<td>Von Dritten<\/td>\n<td>2 Jahre<\/td>\n<td>Von Google Analytics verwendet.<\/td>\n<\/tr>\n<tr>\n<td>_utmb<\/td>\n<td>Von Dritten<\/td>\n<td>30 Minuten<\/td>\n<td>Von Google Analytics verwendet.<\/td>\n<\/tr>\n<tr>\n<td>_utmc<\/td>\n<td>Von Dritten<\/td>\n<td>Am Ende der Browsersitzung<\/td>\n<td>Von Google Analytics verwendet.<\/td>\n<\/tr>\n<tr>\n<td>_utmt<\/td>\n<td>Von Dritten<\/td>\n<td>30 Minuten<\/td>\n<td>Von Google Analytics verwendet.<\/td>\n<\/tr>\n<tr>\n<td>_utmv<\/td>\n<td>Von Dritten<\/td>\n<td>30 Minuten<\/td>\n<td>Von Google Analytics verwendet.<\/td>\n<\/tr>\n<tr>\n<td>_utmz<\/td>\n<td>Von Dritten<\/td>\n<td>30 Minuten<\/td>\n<td>Von Google Analytics verwendet.<\/td>\n<\/tr>\n<tr>\n<td>_icl_current_admin_language<\/td>\n<td>Von Dritten<\/td>\n<td>1 Tag<\/td>\n<td>Verwaltung der auf der Website verwendeten Sprachen<\/td>\n<\/tr>\n<tr>\n<td>_icl_current_language<\/td>\n<td>Von Dritten<\/td>\n<td>1 Tag<\/td>\n<td>Verwaltung der auf der Website verwendeten Sprachen<\/td>\n<\/tr>\n<tr>\n<td>_icl_visitor_lang_is<\/td>\n<td>Von Dritten<\/td>\n<td>24 Stunden<\/td>\n<td>Verwaltung der Sprachen, speichert die Standardsprache der Webseite.<\/td>\n<\/tr>\n<tr>\n<td>viewed_cookie_policy<\/td>\n<td>Eigen<\/td>\n<td>1 Jahr<\/td>\n<td>Wird verwendet, um festzustellen, ob Sie der Verwendung von Cookies auf unserer Webseite zugestimmt haben.<\/td>\n<\/tr>\n<tr>\n<td>wordpress_logged_in[hash]<\/td>\n<td>Von Dritten<\/td>\n<td>Sitzung<\/td>\n<td>Gibt an, ob der User online ist und wer er ist<\/td>\n<\/tr>\n<tr>\n<td>wordpress_sec-<\/td>\n<td>Von Dritten<\/td>\n<td>Am Ende der Session<\/td>\n<td>Hiermit k\u00f6nnen wir die Sprache des Users identifizieren, um die Webseite auf der richtigen Sprache zu zeigen<\/td>\n<\/tr>\n<tr>\n<td>wordpress_test_cookie<\/td>\n<td>Von Dritten<\/td>\n<td>Sitzung<\/td>\n<td>Dieses Cookie wird daf\u00fcr verwendet, damit der Inhaltmanager von WordPress feststellen kann, ob der Browser die Cookies aktiviert hat.<\/td>\n<\/tr>\n<tr>\n<td>wp-settings-1<\/td>\n<td>Von Dritten<\/td>\n<td>Beim Schlie\u00dfen des Browsers<\/td>\n<td>Wird verwendet, um die User-Schnittstelle zu personalisieren<\/td>\n<\/tr>\n<tr>\n<td>wp-settings-time-1<\/td>\n<td>Eigen<\/td>\n<td>1 Jahr<\/td>\n<td>Personalisierung der Schnittstelle<\/td>\n<\/tr>\n<tr>\n<td>wpml_browser_redirect_test<\/td>\n<td>Von Dritten<\/td>\n<td>Am Ende der Session<\/td>\n<td>Identifizieren, ob die Webseite auf einer anderen Sprache gezeigt werden soll.<\/td>\n<\/tr>\n<\/tbody>\n<\/table>\n","protected":false},"excerpt":{"rendered":"<p>Verwendung von Cookies Auf unserer Website werden eigene Cookies und Cookies Dritter (Google Analytics) verwendet, um die Benutzererfahrung zu verbessern und Statistikdaten \u00fcber die Verwendung  [&#8230;]<\/p>\n","protected":false},"author":1,"featured_media":0,"parent":0,"menu_order":0,"comment_status":"closed","ping_status":"closed","template":"","meta":{"footnotes":""},"class_list":["post-4224","page","type-page","status-publish","hentry"],"yoast_head":"<!-- This site is optimized with the Yoast SEO plugin v27.4 - https:\/\/yoast.com\/product\/yoast-seo-wordpress\/ -->\n<title>Cookiepolitik - Brugarolas fabricante de lubricantes industriales<\/title>\n<meta name=\"robots\" content=\"index, follow, max-snippet:-1, max-image-preview:large, max-video-preview:-1\" \/>\n<link rel=\"canonical\" href=\"https:\/\/brugarolas.com\/de\/cookiepolitik\/\" \/>\n<meta property=\"og:locale\" content=\"de_DE\" \/>\n<meta property=\"og:type\" content=\"article\" \/>\n<meta property=\"og:title\" content=\"Cookiepolitik - Brugarolas fabricante de lubricantes industriales\" \/>\n<meta property=\"og:description\" content=\"Verwendung von Cookies Auf unserer Website werden eigene Cookies und Cookies Dritter (Google Analytics) verwendet, um die Benutzererfahrung zu verbessern und Statistikdaten \u00fcber die Verwendung [...]\" \/>\n<meta property=\"og:url\" content=\"https:\/\/brugarolas.com\/de\/cookiepolitik\/\" \/>\n<meta property=\"og:site_name\" content=\"Brugarolas fabricante de lubricantes industriales\" \/>\n<meta property=\"article:modified_time\" content=\"2019-08-07T13:39:49+00:00\" \/>\n<meta name=\"twitter:card\" content=\"summary_large_image\" \/>\n<meta name=\"twitter:label1\" content=\"Gesch\u00e4tzte Lesezeit\" \/>\n\t<meta name=\"twitter:data1\" content=\"3\u00a0Minuten\" \/>\n<script type=\"application\/ld+json\" class=\"yoast-schema-graph\">{\"@context\":\"https:\\\/\\\/schema.org\",\"@graph\":[{\"@type\":\"WebPage\",\"@id\":\"https:\\\/\\\/brugarolas.com\\\/de\\\/cookiepolitik\\\/\",\"url\":\"https:\\\/\\\/brugarolas.com\\\/de\\\/cookiepolitik\\\/\",\"name\":\"Cookiepolitik - Brugarolas fabricante de lubricantes industriales\",\"isPartOf\":{\"@id\":\"https:\\\/\\\/brugarolas.com\\\/de\\\/#website\"},\"datePublished\":\"2019-03-12T15:36:18+00:00\",\"dateModified\":\"2019-08-07T13:39:49+00:00\",\"breadcrumb\":{\"@id\":\"https:\\\/\\\/brugarolas.com\\\/de\\\/cookiepolitik\\\/#breadcrumb\"},\"inLanguage\":\"de\",\"potentialAction\":[{\"@type\":\"ReadAction\",\"target\":[\"https:\\\/\\\/brugarolas.com\\\/de\\\/cookiepolitik\\\/\"]}]},{\"@type\":\"BreadcrumbList\",\"@id\":\"https:\\\/\\\/brugarolas.com\\\/de\\\/cookiepolitik\\\/#breadcrumb\",\"itemListElement\":[{\"@type\":\"ListItem\",\"position\":1,\"name\":\"Portada\",\"item\":\"https:\\\/\\\/brugarolas.com\\\/de\\\/\"},{\"@type\":\"ListItem\",\"position\":2,\"name\":\"Cookiepolitik\"}]},{\"@type\":\"WebSite\",\"@id\":\"https:\\\/\\\/brugarolas.com\\\/de\\\/#website\",\"url\":\"https:\\\/\\\/brugarolas.com\\\/de\\\/\",\"name\":\"Brugarolas fabricante de lubricantes industriales\",\"description\":\"\",\"publisher\":{\"@id\":\"https:\\\/\\\/brugarolas.com\\\/de\\\/#organization\"},\"potentialAction\":[{\"@type\":\"SearchAction\",\"target\":{\"@type\":\"EntryPoint\",\"urlTemplate\":\"https:\\\/\\\/brugarolas.com\\\/de\\\/?s={search_term_string}\"},\"query-input\":{\"@type\":\"PropertyValueSpecification\",\"valueRequired\":true,\"valueName\":\"search_term_string\"}}],\"inLanguage\":\"de\"},{\"@type\":\"Organization\",\"@id\":\"https:\\\/\\\/brugarolas.com\\\/de\\\/#organization\",\"name\":\"Brugarolas, S.A.\",\"url\":\"https:\\\/\\\/brugarolas.com\\\/de\\\/\",\"logo\":{\"@type\":\"ImageObject\",\"inLanguage\":\"de\",\"@id\":\"https:\\\/\\\/brugarolas.com\\\/de\\\/#\\\/schema\\\/logo\\\/image\\\/\",\"url\":\"https:\\\/\\\/brugarolas.com\\\/wp-content\\\/uploads\\\/brugarolas-retina-mobile-1.png\",\"contentUrl\":\"https:\\\/\\\/brugarolas.com\\\/wp-content\\\/uploads\\\/brugarolas-retina-mobile-1.png\",\"width\":640,\"height\":135,\"caption\":\"Brugarolas, S.A.\"},\"image\":{\"@id\":\"https:\\\/\\\/brugarolas.com\\\/de\\\/#\\\/schema\\\/logo\\\/image\\\/\"}}]}<\/script>\n<!-- \/ Yoast SEO plugin. -->","yoast_head_json":{"title":"Cookiepolitik - Brugarolas fabricante de lubricantes industriales","robots":{"index":"index","follow":"follow","max-snippet":"max-snippet:-1","max-image-preview":"max-image-preview:large","max-video-preview":"max-video-preview:-1"},"canonical":"https:\/\/brugarolas.com\/de\/cookiepolitik\/","og_locale":"de_DE","og_type":"article","og_title":"Cookiepolitik - Brugarolas fabricante de lubricantes industriales","og_description":"Verwendung von Cookies Auf unserer Website werden eigene Cookies und Cookies Dritter (Google Analytics) verwendet, um die Benutzererfahrung zu verbessern und Statistikdaten \u00fcber die Verwendung [...]","og_url":"https:\/\/brugarolas.com\/de\/cookiepolitik\/","og_site_name":"Brugarolas fabricante de lubricantes industriales","article_modified_time":"2019-08-07T13:39:49+00:00","twitter_card":"summary_large_image","twitter_misc":{"Gesch\u00e4tzte Lesezeit":"3\u00a0Minuten"},"schema":{"@context":"https:\/\/schema.org","@graph":[{"@type":"WebPage","@id":"https:\/\/brugarolas.com\/de\/cookiepolitik\/","url":"https:\/\/brugarolas.com\/de\/cookiepolitik\/","name":"Cookiepolitik - Brugarolas fabricante de lubricantes industriales","isPartOf":{"@id":"https:\/\/brugarolas.com\/de\/#website"},"datePublished":"2019-03-12T15:36:18+00:00","dateModified":"2019-08-07T13:39:49+00:00","breadcrumb":{"@id":"https:\/\/brugarolas.com\/de\/cookiepolitik\/#breadcrumb"},"inLanguage":"de","potentialAction":[{"@type":"ReadAction","target":["https:\/\/brugarolas.com\/de\/cookiepolitik\/"]}]},{"@type":"BreadcrumbList","@id":"https:\/\/brugarolas.com\/de\/cookiepolitik\/#breadcrumb","itemListElement":[{"@type":"ListItem","position":1,"name":"Portada","item":"https:\/\/brugarolas.com\/de\/"},{"@type":"ListItem","position":2,"name":"Cookiepolitik"}]},{"@type":"WebSite","@id":"https:\/\/brugarolas.com\/de\/#website","url":"https:\/\/brugarolas.com\/de\/","name":"Brugarolas fabricante de lubricantes industriales","description":"","publisher":{"@id":"https:\/\/brugarolas.com\/de\/#organization"},"potentialAction":[{"@type":"SearchAction","target":{"@type":"EntryPoint","urlTemplate":"https:\/\/brugarolas.com\/de\/?s={search_term_string}"},"query-input":{"@type":"PropertyValueSpecification","valueRequired":true,"valueName":"search_term_string"}}],"inLanguage":"de"},{"@type":"Organization","@id":"https:\/\/brugarolas.com\/de\/#organization","name":"Brugarolas, S.A.","url":"https:\/\/brugarolas.com\/de\/","logo":{"@type":"ImageObject","inLanguage":"de","@id":"https:\/\/brugarolas.com\/de\/#\/schema\/logo\/image\/","url":"https:\/\/brugarolas.com\/wp-content\/uploads\/brugarolas-retina-mobile-1.png","contentUrl":"https:\/\/brugarolas.com\/wp-content\/uploads\/brugarolas-retina-mobile-1.png","width":640,"height":135,"caption":"Brugarolas, S.A."},"image":{"@id":"https:\/\/brugarolas.com\/de\/#\/schema\/logo\/image\/"}}]}},"_links":{"self":[{"href":"https:\/\/brugarolas.com\/de\/wp-json\/wp\/v2\/pages\/4224","targetHints":{"allow":["GET"]}}],"collection":[{"href":"https:\/\/brugarolas.com\/de\/wp-json\/wp\/v2\/pages"}],"about":[{"href":"https:\/\/brugarolas.com\/de\/wp-json\/wp\/v2\/types\/page"}],"author":[{"embeddable":true,"href":"https:\/\/brugarolas.com\/de\/wp-json\/wp\/v2\/users\/1"}],"replies":[{"embeddable":true,"href":"https:\/\/brugarolas.com\/de\/wp-json\/wp\/v2\/comments?post=4224"}],"version-history":[{"count":2,"href":"https:\/\/brugarolas.com\/de\/wp-json\/wp\/v2\/pages\/4224\/revisions"}],"predecessor-version":[{"id":4227,"href":"https:\/\/brugarolas.com\/de\/wp-json\/wp\/v2\/pages\/4224\/revisions\/4227"}],"wp:attachment":[{"href":"https:\/\/brugarolas.com\/de\/wp-json\/wp\/v2\/media?parent=4224"}],"curies":[{"name":"wp","href":"https:\/\/api.w.org\/{rel}","templated":true}]}}