{"id":4323,"date":"2019-03-11T18:10:35","date_gmt":"2019-03-11T17:10:35","guid":{"rendered":"https:\/\/brugarolas.com\/lubricantes-maquinas-inyeccion-plastico\/"},"modified":"2019-08-01T18:14:11","modified_gmt":"2019-08-01T16:14:11","slug":"schmierstoffe-fuer-kunststoffspritzmaschinen","status":"publish","type":"page","link":"https:\/\/brugarolas.com\/de\/schmierstoffe-fuer-kunststoffspritzmaschinen\/","title":{"rendered":"Schmierstoffe f\u00fcr Kunststoffspritzmaschinen"},"content":{"rendered":"<p><div class=\"fusion-fullwidth fullwidth-box fusion-builder-row-1 nonhundred-percent-fullwidth non-hundred-percent-height-scrolling\" style=\"--awb-border-radius-top-left:0px;--awb-border-radius-top-right:0px;--awb-border-radius-bottom-right:0px;--awb-border-radius-bottom-left:0px;--awb-flex-wrap:wrap;\" ><div class=\"fusion-builder-row fusion-row\"><div class=\"fusion-layout-column fusion_builder_column fusion-builder-column-0 fusion_builder_column_1_2 1_2 fusion-one-half fusion-column-first\" style=\"--awb-bg-size:cover;width:50%;width:calc(50% - ( ( 4% ) * 0.5 ) );margin-right: 4%;\"><div class=\"fusion-column-wrapper fusion-flex-column-wrapper-legacy\"><div class=\"fusion-text fusion-text-1 justificado\"><p><span style=\"font-weight: 400;\">Die Sonder\u00f6le f\u00fcr Spritzmaschinen und Extrudern f\u00fcr die Kunststoffverarbeitung m\u00fcssen besondere Anforderungen und Spezifikationen erf\u00fcllen, um bereits bei der Inbetriebnahme eine korrekte Funktion zu garantieren.<\/span><\/p>\n<p><span style=\"font-weight: 400;\">Die Dauerhaftigkeit der Fl\u00fcssigkeit und die verschlei\u00dfhemmende Kraft f\u00fcr Pumpen und hydraulischen Komponenten ist grunds\u00e4tzlich, um eine gute Leistung zu sichern.<\/span><\/p>\n<\/div><div class=\"fusion-clearfix\"><\/div><\/div><\/div><div class=\"fusion-layout-column fusion_builder_column fusion-builder-column-1 fusion_builder_column_1_2 1_2 fusion-one-half fusion-column-last\" style=\"--awb-bg-size:cover;width:50%;width:calc(50% - ( ( 4% ) * 0.5 ) );\"><div class=\"fusion-column-wrapper fusion-flex-column-wrapper-legacy\"><div class=\"fusion-text fusion-text-2\"><div class=\"sdm_download_item \"><div class=\"sdm_download_item_top\"><div class=\"sdm_download_thumbnail\"><img decoding=\"async\" class=\"lazyload sdm_download_thumbnail_image\" src=\"data:image\/svg+xml,%3Csvg%20xmlns%3D%27http%3A%2F%2Fwww.w3.org%2F2000%2Fsvg%27%20width%3D%27208%27%20height%3D%27300%27%20viewBox%3D%270%200%20208%20300%27%3E%3Crect%20width%3D%27208%27%20height%3D%27300%27%20fill-opacity%3D%220%22%2F%3E%3C%2Fsvg%3E\" data-orig-src=\"https:\/\/brugarolas.com\/wp-content\/uploads\/29-fluidos-hidraulicos.jpg\" alt = \" Hydraulikfl\u00fcssigkeiten\" \/><\/div><div class=\"sdm_download_title\"> Hydraulikfl\u00fcssigkeiten<\/div><\/div><div style=\"clear:both;\"><\/div><div class=\"sdm_download_description\"><h4>Kunststoffspritzmaschinen<\/h4>\n<p>Format: PDF<br \/>\nGr\u00f6\u00dfe: 1,3MB<\/p>\n<\/div><div class=\"sdm_download_link\"><span class=\"sdm_download_button\"><span class=\"sdm_enter_password_label_text\">Passwort zum Herunterladen eingeben:<\/span><form action=\"https:\/\/brugarolas.com\/de\/\/?sdm_process_download=1&download_id=5984\" method=\"post\" id=\"sdm-pass-69d3fe06b68d4\" class=\"sdm-download-form\" target=\"_blank\"><input type=\"password\" name=\"pass_text\" class=\"sdm_pass_text\" value=\"\" \/> <span class=\"sdm-download-button\"><a href=\"#\" name=\"sdm_dl_pass_submit\" class=\"pass_sumbit sdm_pass_protected_download sdm_download_with_condition sdm_download green\">Jetzt herunterladen!<\/a><\/span><input type=\"hidden\" name=\"download_id\" value=\"5984\" \/><\/form><\/span><\/div><\/div><div class=\"sdm_clear_float\"><\/div>\n<\/div><div class=\"fusion-clearfix\"><\/div><\/div><\/div><\/div><\/div><div class=\"fusion-fullwidth fullwidth-box fusion-builder-row-2 nonhundred-percent-fullwidth non-hundred-percent-height-scrolling\" style=\"--awb-border-radius-top-left:0px;--awb-border-radius-top-right:0px;--awb-border-radius-bottom-right:0px;--awb-border-radius-bottom-left:0px;--awb-flex-wrap:wrap;\" ><div class=\"fusion-builder-row fusion-row\"><div class=\"fusion-layout-column fusion_builder_column fusion-builder-column-2 fusion_builder_column_1_4 1_4 fusion-one-fourth fusion-column-first\" style=\"--awb-bg-size:cover;width:25%;width:calc(25% - ( ( 4% + 4% ) * 0.25 ) );margin-right: 4%;\"><div class=\"fusion-column-wrapper fusion-flex-column-wrapper-legacy\"><div class=\"fusion-clearfix\"><\/div><\/div><\/div><div class=\"fusion-layout-column fusion_builder_column fusion-builder-column-3 fusion_builder_column_1_2 1_2 fusion-one-half\" style=\"--awb-bg-size:cover;width:50%;width:calc(50% - ( ( 4% + 4% ) * 0.5 ) );margin-right: 4%;\"><div class=\"fusion-column-wrapper fusion-flex-column-wrapper-legacy\"><div class=\"fusion-column-content-centered\"><div class=\"fusion-column-content\"><div class=\"fusion-reading-box-container reading-box-container-1 fusion-animated\" style=\"--awb-title-color:#333333;--awb-margin-top:0px;--awb-margin-bottom:84px;\" data-animationType=\"fadeInUp\" data-animationDuration=\"0.3\" data-animationOffset=\"top-into-view\"><div class=\"reading-box reading-box-center\" style=\"background-color:#f6f6f6;border-width:1px;border-color:#009a44;border-bottom-width:3px;border-bottom-color:var(--primary_color);border-style:solid;\"><h2>Wenn Sie weitere Information w\u00fcnschen<\/h2><a class=\"button fusion-button button-default fusion-button-default-size button-default-size button-flat fusion-mobile-button continue-center\" style=\"-webkit-box-shadow:none;-moz-box-shadow:none;box-shadow:none;border-radius:0px 0px 0px 0px\" href=\"\/de\/kundendienst\/\" target=\"_self\"><span>Kontaktieren Sie uns<\/span><\/a><\/div><\/div><\/div><\/div><div class=\"fusion-clearfix\"><\/div><\/div><\/div><div class=\"fusion-layout-column fusion_builder_column fusion-builder-column-4 fusion_builder_column_1_4 1_4 fusion-one-fourth fusion-column-last\" style=\"--awb-bg-size:cover;width:25%;width:calc(25% - ( ( 4% + 4% ) * 0.25 ) );\"><div class=\"fusion-column-wrapper fusion-flex-column-wrapper-legacy\"><div class=\"fusion-clearfix\"><\/div><\/div><\/div><\/div><\/div><\/p>\n","protected":false},"excerpt":{"rendered":"","protected":false},"author":1,"featured_media":0,"parent":0,"menu_order":0,"comment_status":"closed","ping_status":"closed","template":"","meta":{"footnotes":""},"class_list":["post-4323","page","type-page","status-publish","hentry"],"yoast_head":"<!-- This site is optimized with the Yoast SEO plugin v27.3 - https:\/\/yoast.com\/product\/yoast-seo-wordpress\/ -->\n<title>Schmierstoffe f\u00fcr Kunststoffspritzmaschinen - Brugarolas fabricante de lubricantes industriales<\/title>\n<meta name=\"robots\" content=\"index, follow, max-snippet:-1, max-image-preview:large, max-video-preview:-1\" \/>\n<link rel=\"canonical\" href=\"https:\/\/brugarolas.com\/de\/schmierstoffe-fuer-kunststoffspritzmaschinen\/\" \/>\n<meta property=\"og:locale\" content=\"de_DE\" \/>\n<meta property=\"og:type\" content=\"article\" \/>\n<meta property=\"og:title\" content=\"Schmierstoffe f\u00fcr Kunststoffspritzmaschinen - Brugarolas fabricante de lubricantes industriales\" \/>\n<meta property=\"og:url\" content=\"https:\/\/brugarolas.com\/de\/schmierstoffe-fuer-kunststoffspritzmaschinen\/\" \/>\n<meta property=\"og:site_name\" content=\"Brugarolas fabricante de lubricantes industriales\" \/>\n<meta property=\"article:modified_time\" content=\"2019-08-01T16:14:11+00:00\" \/>\n<meta name=\"twitter:card\" content=\"summary_large_image\" \/>\n<meta name=\"twitter:label1\" content=\"Gesch\u00e4tzte Lesezeit\" \/>\n\t<meta name=\"twitter:data1\" content=\"4\u00a0Minuten\" \/>\n<script type=\"application\/ld+json\" class=\"yoast-schema-graph\">{\"@context\":\"https:\\\/\\\/schema.org\",\"@graph\":[{\"@type\":\"WebPage\",\"@id\":\"https:\\\/\\\/brugarolas.com\\\/de\\\/schmierstoffe-fuer-kunststoffspritzmaschinen\\\/\",\"url\":\"https:\\\/\\\/brugarolas.com\\\/de\\\/schmierstoffe-fuer-kunststoffspritzmaschinen\\\/\",\"name\":\"Schmierstoffe f\u00fcr Kunststoffspritzmaschinen - Brugarolas fabricante de lubricantes industriales\",\"isPartOf\":{\"@id\":\"https:\\\/\\\/brugarolas.com\\\/de\\\/#website\"},\"datePublished\":\"2019-03-11T17:10:35+00:00\",\"dateModified\":\"2019-08-01T16:14:11+00:00\",\"breadcrumb\":{\"@id\":\"https:\\\/\\\/brugarolas.com\\\/de\\\/schmierstoffe-fuer-kunststoffspritzmaschinen\\\/#breadcrumb\"},\"inLanguage\":\"de\",\"potentialAction\":[{\"@type\":\"ReadAction\",\"target\":[\"https:\\\/\\\/brugarolas.com\\\/de\\\/schmierstoffe-fuer-kunststoffspritzmaschinen\\\/\"]}]},{\"@type\":\"BreadcrumbList\",\"@id\":\"https:\\\/\\\/brugarolas.com\\\/de\\\/schmierstoffe-fuer-kunststoffspritzmaschinen\\\/#breadcrumb\",\"itemListElement\":[{\"@type\":\"ListItem\",\"position\":1,\"name\":\"Portada\",\"item\":\"https:\\\/\\\/brugarolas.com\\\/de\\\/\"},{\"@type\":\"ListItem\",\"position\":2,\"name\":\"Schmierstoffe f\u00fcr Kunststoffspritzmaschinen\"}]},{\"@type\":\"WebSite\",\"@id\":\"https:\\\/\\\/brugarolas.com\\\/de\\\/#website\",\"url\":\"https:\\\/\\\/brugarolas.com\\\/de\\\/\",\"name\":\"Brugarolas fabricante de lubricantes industriales\",\"description\":\"\",\"publisher\":{\"@id\":\"https:\\\/\\\/brugarolas.com\\\/de\\\/#organization\"},\"potentialAction\":[{\"@type\":\"SearchAction\",\"target\":{\"@type\":\"EntryPoint\",\"urlTemplate\":\"https:\\\/\\\/brugarolas.com\\\/de\\\/?s={search_term_string}\"},\"query-input\":{\"@type\":\"PropertyValueSpecification\",\"valueRequired\":true,\"valueName\":\"search_term_string\"}}],\"inLanguage\":\"de\"},{\"@type\":\"Organization\",\"@id\":\"https:\\\/\\\/brugarolas.com\\\/de\\\/#organization\",\"name\":\"Brugarolas, S.A.\",\"url\":\"https:\\\/\\\/brugarolas.com\\\/de\\\/\",\"logo\":{\"@type\":\"ImageObject\",\"inLanguage\":\"de\",\"@id\":\"https:\\\/\\\/brugarolas.com\\\/de\\\/#\\\/schema\\\/logo\\\/image\\\/\",\"url\":\"https:\\\/\\\/brugarolas.com\\\/wp-content\\\/uploads\\\/brugarolas-retina-mobile-1.png\",\"contentUrl\":\"https:\\\/\\\/brugarolas.com\\\/wp-content\\\/uploads\\\/brugarolas-retina-mobile-1.png\",\"width\":640,\"height\":135,\"caption\":\"Brugarolas, S.A.\"},\"image\":{\"@id\":\"https:\\\/\\\/brugarolas.com\\\/de\\\/#\\\/schema\\\/logo\\\/image\\\/\"}}]}<\/script>\n<!-- \/ Yoast SEO plugin. -->","yoast_head_json":{"title":"Schmierstoffe f\u00fcr Kunststoffspritzmaschinen - Brugarolas fabricante de lubricantes industriales","robots":{"index":"index","follow":"follow","max-snippet":"max-snippet:-1","max-image-preview":"max-image-preview:large","max-video-preview":"max-video-preview:-1"},"canonical":"https:\/\/brugarolas.com\/de\/schmierstoffe-fuer-kunststoffspritzmaschinen\/","og_locale":"de_DE","og_type":"article","og_title":"Schmierstoffe f\u00fcr Kunststoffspritzmaschinen - Brugarolas fabricante de lubricantes industriales","og_url":"https:\/\/brugarolas.com\/de\/schmierstoffe-fuer-kunststoffspritzmaschinen\/","og_site_name":"Brugarolas fabricante de lubricantes industriales","article_modified_time":"2019-08-01T16:14:11+00:00","twitter_card":"summary_large_image","twitter_misc":{"Gesch\u00e4tzte Lesezeit":"4\u00a0Minuten"},"schema":{"@context":"https:\/\/schema.org","@graph":[{"@type":"WebPage","@id":"https:\/\/brugarolas.com\/de\/schmierstoffe-fuer-kunststoffspritzmaschinen\/","url":"https:\/\/brugarolas.com\/de\/schmierstoffe-fuer-kunststoffspritzmaschinen\/","name":"Schmierstoffe f\u00fcr Kunststoffspritzmaschinen - Brugarolas fabricante de lubricantes industriales","isPartOf":{"@id":"https:\/\/brugarolas.com\/de\/#website"},"datePublished":"2019-03-11T17:10:35+00:00","dateModified":"2019-08-01T16:14:11+00:00","breadcrumb":{"@id":"https:\/\/brugarolas.com\/de\/schmierstoffe-fuer-kunststoffspritzmaschinen\/#breadcrumb"},"inLanguage":"de","potentialAction":[{"@type":"ReadAction","target":["https:\/\/brugarolas.com\/de\/schmierstoffe-fuer-kunststoffspritzmaschinen\/"]}]},{"@type":"BreadcrumbList","@id":"https:\/\/brugarolas.com\/de\/schmierstoffe-fuer-kunststoffspritzmaschinen\/#breadcrumb","itemListElement":[{"@type":"ListItem","position":1,"name":"Portada","item":"https:\/\/brugarolas.com\/de\/"},{"@type":"ListItem","position":2,"name":"Schmierstoffe f\u00fcr Kunststoffspritzmaschinen"}]},{"@type":"WebSite","@id":"https:\/\/brugarolas.com\/de\/#website","url":"https:\/\/brugarolas.com\/de\/","name":"Brugarolas fabricante de lubricantes industriales","description":"","publisher":{"@id":"https:\/\/brugarolas.com\/de\/#organization"},"potentialAction":[{"@type":"SearchAction","target":{"@type":"EntryPoint","urlTemplate":"https:\/\/brugarolas.com\/de\/?s={search_term_string}"},"query-input":{"@type":"PropertyValueSpecification","valueRequired":true,"valueName":"search_term_string"}}],"inLanguage":"de"},{"@type":"Organization","@id":"https:\/\/brugarolas.com\/de\/#organization","name":"Brugarolas, S.A.","url":"https:\/\/brugarolas.com\/de\/","logo":{"@type":"ImageObject","inLanguage":"de","@id":"https:\/\/brugarolas.com\/de\/#\/schema\/logo\/image\/","url":"https:\/\/brugarolas.com\/wp-content\/uploads\/brugarolas-retina-mobile-1.png","contentUrl":"https:\/\/brugarolas.com\/wp-content\/uploads\/brugarolas-retina-mobile-1.png","width":640,"height":135,"caption":"Brugarolas, S.A."},"image":{"@id":"https:\/\/brugarolas.com\/de\/#\/schema\/logo\/image\/"}}]}},"_links":{"self":[{"href":"https:\/\/brugarolas.com\/de\/wp-json\/wp\/v2\/pages\/4323","targetHints":{"allow":["GET"]}}],"collection":[{"href":"https:\/\/brugarolas.com\/de\/wp-json\/wp\/v2\/pages"}],"about":[{"href":"https:\/\/brugarolas.com\/de\/wp-json\/wp\/v2\/types\/page"}],"author":[{"embeddable":true,"href":"https:\/\/brugarolas.com\/de\/wp-json\/wp\/v2\/users\/1"}],"replies":[{"embeddable":true,"href":"https:\/\/brugarolas.com\/de\/wp-json\/wp\/v2\/comments?post=4323"}],"version-history":[{"count":4,"href":"https:\/\/brugarolas.com\/de\/wp-json\/wp\/v2\/pages\/4323\/revisions"}],"predecessor-version":[{"id":6424,"href":"https:\/\/brugarolas.com\/de\/wp-json\/wp\/v2\/pages\/4323\/revisions\/6424"}],"wp:attachment":[{"href":"https:\/\/brugarolas.com\/de\/wp-json\/wp\/v2\/media?parent=4323"}],"curies":[{"name":"wp","href":"https:\/\/api.w.org\/{rel}","templated":true}]}}