{"id":4351,"date":"2019-03-11T17:44:08","date_gmt":"2019-03-11T16:44:08","guid":{"rendered":"https:\/\/brugarolas.com\/proyectos-desarrollo-nuevos-lubricantes\/"},"modified":"2019-08-01T22:02:59","modified_gmt":"2019-08-01T20:02:59","slug":"projekte-entwicklung-neuer-schmierstoffe","status":"publish","type":"page","link":"https:\/\/brugarolas.com\/de\/projekte-entwicklung-neuer-schmierstoffe\/","title":{"rendered":"Projekte zur Entwicklung neuer Schmierstoffe"},"content":{"rendered":"<p><div class=\"fusion-fullwidth fullwidth-box fusion-builder-row-1 hundred-percent-fullwidth non-hundred-percent-height-scrolling\" style=\"--awb-border-radius-top-left:0px;--awb-border-radius-top-right:0px;--awb-border-radius-bottom-right:0px;--awb-border-radius-bottom-left:0px;--awb-margin-bottom:50px;--awb-flex-wrap:wrap;\" ><div class=\"fusion-builder-row fusion-row\"><div class=\"fusion-layout-column fusion_builder_column fusion-builder-column-0 fusion_builder_column_1_2 1_2 fusion-one-half fusion-column-first fusion-animated\" style=\"--awb-bg-size:cover;width:50%;width:calc(50% - ( ( 4% ) * 0.5 ) );margin-right: 4%;\" data-animationType=\"fadeInLeft\" data-animationDuration=\"0.3\" data-animationOffset=\"top-into-view\"><div class=\"fusion-column-wrapper fusion-flex-column-wrapper-legacy\"><div class=\"fusion-text fusion-text-1 justificado\"><h2>F+E-PROJEKTE<\/h2>\n<p>Unter den in- und ausl\u00e4ndischen Zentren, mit denen wir zusammenarbeiten, befinden sich <a href=\"http:\/\/www.tekniker.es\/es\" target=\"_blank\" rel=\"noopener noreferrer\">TEKNIKER<\/a> im Baskenland, <a href=\"https:\/\/www.leitat.org\/\" target=\"_blank\" rel=\"noopener noreferrer\">LEITAT<\/a> und <a href=\"https:\/\/eurecat.org\/\" target=\"_blank\" rel=\"noopener noreferrer\">CTM<\/a> in Katalonien, <a href=\"http:\/\/iterg.com\/\" target=\"_blank\" rel=\"noopener noreferrer\">ITERG<\/a> in Frankreich, <a href=\"https:\/\/www.profactor.at\/\" target=\"_blank\" rel=\"noopener noreferrer\">PROFACTOR<\/a> in \u00d6sterreich, <a href=\"https:\/\/www.tno.nl\" target=\"_blank\" rel=\"noopener noreferrer\">TNO<\/a> in den Niederlanden und <a href=\"https:\/\/www.perainternational.com\/\" target=\"_blank\" rel=\"noopener noreferrer\">PERA<\/a> in England.<\/p>\n<\/div><div class=\"fusion-sep-clear\"><\/div><div class=\"fusion-separator fusion-full-width-sep\" style=\"margin-left: auto;margin-right: auto;margin-bottom:30px;width:100%;\"><div class=\"fusion-separator-border sep-single\" style=\"--awb-height:20px;--awb-amount:20px;border-color:#009a44;border-top-width:0px;\"><\/div><\/div><div class=\"fusion-sep-clear\"><\/div><div class=\"fusion-image-element fusion-image-align-center in-legacy-container\" style=\"text-align:center;--awb-caption-title-font-family:var(--h2_typography-font-family);--awb-caption-title-font-weight:var(--h2_typography-font-weight);--awb-caption-title-font-style:var(--h2_typography-font-style);--awb-caption-title-size:var(--h2_typography-font-size);--awb-caption-title-transform:var(--h2_typography-text-transform);--awb-caption-title-line-height:var(--h2_typography-line-height);--awb-caption-title-letter-spacing:var(--h2_typography-letter-spacing);\"><div class=\"imageframe-align-center\"><span class=\" fusion-imageframe imageframe-none imageframe-1 hover-type-none\"><img decoding=\"async\" width=\"850\" height=\"167\" alt=\"Laboratorios colaboradores\" title=\"logos laboratorios\" src=\"https:\/\/brugarolas.com\/wp-content\/uploads\/logos-laboratorios.jpg\" data-orig-src=\"https:\/\/brugarolas.com\/wp-content\/uploads\/logos-laboratorios.jpg\" class=\"lazyload img-responsive wp-image-4352\" srcset=\"data:image\/svg+xml,%3Csvg%20xmlns%3D%27http%3A%2F%2Fwww.w3.org%2F2000%2Fsvg%27%20width%3D%27850%27%20height%3D%27167%27%20viewBox%3D%270%200%20850%20167%27%3E%3Crect%20width%3D%27850%27%20height%3D%27167%27%20fill-opacity%3D%220%22%2F%3E%3C%2Fsvg%3E\" data-srcset=\"https:\/\/brugarolas.com\/wp-content\/uploads\/logos-laboratorios-200x39.jpg 200w, https:\/\/brugarolas.com\/wp-content\/uploads\/logos-laboratorios-400x79.jpg 400w, https:\/\/brugarolas.com\/wp-content\/uploads\/logos-laboratorios-600x118.jpg 600w, https:\/\/brugarolas.com\/wp-content\/uploads\/logos-laboratorios-800x157.jpg 800w, https:\/\/brugarolas.com\/wp-content\/uploads\/logos-laboratorios.jpg 850w\" data-sizes=\"auto\" data-orig-sizes=\"(max-width: 800px) 100vw, 600px\" \/><\/span><\/div><\/div><div class=\"fusion-clearfix\"><\/div><\/div><\/div><div class=\"fusion-layout-column fusion_builder_column fusion-builder-column-1 fusion_builder_column_1_2 1_2 fusion-one-half fusion-column-last fusion-animated\" style=\"--awb-bg-size:cover;width:50%;width:calc(50% - ( ( 4% ) * 0.5 ) );\" data-animationType=\"fadeInRight\" data-animationDuration=\"0.3\" data-animationOffset=\"top-into-view\"><div class=\"fusion-column-wrapper fusion-flex-column-wrapper-legacy\"><div class=\"fusion-image-element in-legacy-container\" style=\"--awb-caption-title-font-family:var(--h2_typography-font-family);--awb-caption-title-font-weight:var(--h2_typography-font-weight);--awb-caption-title-font-style:var(--h2_typography-font-style);--awb-caption-title-size:var(--h2_typography-font-size);--awb-caption-title-transform:var(--h2_typography-text-transform);--awb-caption-title-line-height:var(--h2_typography-line-height);--awb-caption-title-letter-spacing:var(--h2_typography-letter-spacing);\"><span class=\" fusion-imageframe imageframe-none imageframe-2 hover-type-none\"><img decoding=\"async\" width=\"880\" height=\"420\" alt=\"Colaboraciones en investigaci\u00f3n\" title=\"Colaboraciones en investigaci\u00f3n\" src=\"https:\/\/brugarolas.com\/wp-content\/uploads\/laboratorio-colaboracion.jpg\" data-orig-src=\"https:\/\/brugarolas.com\/wp-content\/uploads\/laboratorio-colaboracion.jpg\" class=\"lazyload img-responsive wp-image-4354\" srcset=\"data:image\/svg+xml,%3Csvg%20xmlns%3D%27http%3A%2F%2Fwww.w3.org%2F2000%2Fsvg%27%20width%3D%27880%27%20height%3D%27420%27%20viewBox%3D%270%200%20880%20420%27%3E%3Crect%20width%3D%27880%27%20height%3D%27420%27%20fill-opacity%3D%220%22%2F%3E%3C%2Fsvg%3E\" data-srcset=\"https:\/\/brugarolas.com\/wp-content\/uploads\/laboratorio-colaboracion-200x95.jpg 200w, https:\/\/brugarolas.com\/wp-content\/uploads\/laboratorio-colaboracion-400x191.jpg 400w, https:\/\/brugarolas.com\/wp-content\/uploads\/laboratorio-colaboracion-600x286.jpg 600w, https:\/\/brugarolas.com\/wp-content\/uploads\/laboratorio-colaboracion-800x382.jpg 800w, https:\/\/brugarolas.com\/wp-content\/uploads\/laboratorio-colaboracion.jpg 880w\" data-sizes=\"auto\" data-orig-sizes=\"(max-width: 800px) 100vw, 600px\" \/><\/span><\/div><div class=\"fusion-clearfix\"><\/div><\/div><\/div><\/div><\/div><div class=\"fusion-fullwidth fullwidth-box fusion-builder-row-2 hundred-percent-fullwidth non-hundred-percent-height-scrolling\" style=\"--awb-border-radius-top-left:0px;--awb-border-radius-top-right:0px;--awb-border-radius-bottom-right:0px;--awb-border-radius-bottom-left:0px;--awb-flex-wrap:wrap;\" ><div class=\"fusion-builder-row fusion-row\"><div class=\"fusion-layout-column fusion_builder_column fusion-builder-column-2 fusion_builder_column_1_3 1_3 fusion-one-third fusion-column-first\" style=\"--awb-bg-size:cover;width:33.333333333333%;width:calc(33.333333333333% - ( ( 4% + 4% ) * 0.33333333333333 ) );margin-right: 4%;\"><div class=\"fusion-column-wrapper fusion-flex-column-wrapper-legacy\"><div class=\"fusion-text fusion-text-2 justificado\"><h3 class=\"titulo-raya\"><a href=\"\/?p=4232\">Projekt NANOINTECH<\/a><\/h3>\n<p>Von 2015 bis 2018 besch\u00e4ftigte sich das Projekt Nanointech mit der Entwicklung von Nano-Materialien, die sich zur sicheren und wirksamen Anwendung in verschiedenen Branchen eignen. Brugarolas, S.A. war dabei f\u00fcr die Auswertung der Anwendung dieser entwickelten Nano-Materialien in \u00d6len und Schmierfetten zust\u00e4ndig, und auch f\u00fcr die Entwicklung von Formulierungen mit diesen Materialien.<br \/>\n<a href=\"\/?p=4232\">Mehr Informationen \u00bb<\/a><\/p>\n<\/div><div class=\"fusion-clearfix\"><\/div><\/div><\/div><div class=\"fusion-layout-column fusion_builder_column fusion-builder-column-3 fusion_builder_column_1_3 1_3 fusion-one-third\" style=\"--awb-bg-size:cover;width:33.333333333333%;width:calc(33.333333333333% - ( ( 4% + 4% ) * 0.33333333333333 ) );margin-right: 4%;\"><div class=\"fusion-column-wrapper fusion-flex-column-wrapper-legacy\"><div class=\"fusion-text fusion-text-3 justificado\"><h3 class=\"titulo-raya\"><a href=\"\/?p=4242\">Projekt GLUBAA<\/a><\/h3>\n<p>Zwischen den Jahren 2015 und 2018, besch\u00e4ftigte sich dieses Projekt mit der Forschung und Entwicklung neuer biologisch abbaubarer, selbstl\u00f6schende und vibrationsbest\u00e4ndige Schmierfette, haupts\u00e4chlich f\u00fcr die Eisenbahnindustrie.<br \/>\n<a href=\"\/?p=4242\">Mehr Informationen \u00bb<\/a><\/p>\n<\/div><div class=\"fusion-clearfix\"><\/div><\/div><\/div><div class=\"fusion-layout-column fusion_builder_column fusion-builder-column-4 fusion_builder_column_1_3 1_3 fusion-one-third fusion-column-last\" style=\"--awb-bg-size:cover;width:33.333333333333%;width:calc(33.333333333333% - ( ( 4% + 4% ) * 0.33333333333333 ) );\"><div class=\"fusion-column-wrapper fusion-flex-column-wrapper-legacy\"><div class=\"fusion-text fusion-text-4 justificado\"><h3 class=\"titulo-raya\"><a href=\"\/?p=4256\">Projekt HiEfBe<\/a><\/h3>\n<p>Unser neuestes Projekt, das im Jahre 2016 begann und noch nicht abgeschlossen ist, hat als Ziel die Entwicklung von Hochleistungs-W\u00e4lzlagern durch die Verwendung von Geh\u00e4usen aus neuheitlichen Kunststoffen mit geringer Reibung und Fette neuester Technologie mit einem niedrigen Reibungskoeffizienten.<br \/>\n<a href=\"\/?p=4256\">Mehr Informationen \u00bb<\/a><\/p>\n<\/div><div class=\"fusion-clearfix\"><\/div><\/div><\/div><\/div><\/div><\/p>\n","protected":false},"excerpt":{"rendered":"","protected":false},"author":1,"featured_media":0,"parent":0,"menu_order":0,"comment_status":"closed","ping_status":"closed","template":"100-width.php","meta":{"footnotes":""},"class_list":["post-4351","page","type-page","status-publish","hentry"],"yoast_head":"<!-- This site is optimized with the Yoast SEO plugin v27.4 - https:\/\/yoast.com\/product\/yoast-seo-wordpress\/ -->\n<title>Projekte zur Entwicklung neuer Schmierstoffe - Brugarolas fabricante de lubricantes industriales<\/title>\n<meta name=\"robots\" content=\"index, follow, max-snippet:-1, max-image-preview:large, max-video-preview:-1\" \/>\n<link rel=\"canonical\" href=\"https:\/\/brugarolas.com\/de\/projekte-entwicklung-neuer-schmierstoffe\/\" \/>\n<meta property=\"og:locale\" content=\"de_DE\" \/>\n<meta property=\"og:type\" content=\"article\" \/>\n<meta property=\"og:title\" content=\"Projekte zur Entwicklung neuer Schmierstoffe - Brugarolas fabricante de lubricantes industriales\" \/>\n<meta property=\"og:url\" content=\"https:\/\/brugarolas.com\/de\/projekte-entwicklung-neuer-schmierstoffe\/\" \/>\n<meta property=\"og:site_name\" content=\"Brugarolas fabricante de lubricantes industriales\" \/>\n<meta property=\"article:modified_time\" content=\"2019-08-01T20:02:59+00:00\" \/>\n<meta name=\"twitter:card\" content=\"summary_large_image\" \/>\n<meta name=\"twitter:label1\" content=\"Gesch\u00e4tzte Lesezeit\" \/>\n\t<meta name=\"twitter:data1\" content=\"5\u00a0Minuten\" \/>\n<script type=\"application\/ld+json\" class=\"yoast-schema-graph\">{\"@context\":\"https:\\\/\\\/schema.org\",\"@graph\":[{\"@type\":\"WebPage\",\"@id\":\"https:\\\/\\\/brugarolas.com\\\/de\\\/projekte-entwicklung-neuer-schmierstoffe\\\/\",\"url\":\"https:\\\/\\\/brugarolas.com\\\/de\\\/projekte-entwicklung-neuer-schmierstoffe\\\/\",\"name\":\"Projekte zur Entwicklung neuer Schmierstoffe - Brugarolas fabricante de lubricantes industriales\",\"isPartOf\":{\"@id\":\"https:\\\/\\\/brugarolas.com\\\/de\\\/#website\"},\"datePublished\":\"2019-03-11T16:44:08+00:00\",\"dateModified\":\"2019-08-01T20:02:59+00:00\",\"breadcrumb\":{\"@id\":\"https:\\\/\\\/brugarolas.com\\\/de\\\/projekte-entwicklung-neuer-schmierstoffe\\\/#breadcrumb\"},\"inLanguage\":\"de\",\"potentialAction\":[{\"@type\":\"ReadAction\",\"target\":[\"https:\\\/\\\/brugarolas.com\\\/de\\\/projekte-entwicklung-neuer-schmierstoffe\\\/\"]}]},{\"@type\":\"BreadcrumbList\",\"@id\":\"https:\\\/\\\/brugarolas.com\\\/de\\\/projekte-entwicklung-neuer-schmierstoffe\\\/#breadcrumb\",\"itemListElement\":[{\"@type\":\"ListItem\",\"position\":1,\"name\":\"Portada\",\"item\":\"https:\\\/\\\/brugarolas.com\\\/de\\\/\"},{\"@type\":\"ListItem\",\"position\":2,\"name\":\"Projekte zur Entwicklung neuer Schmierstoffe\"}]},{\"@type\":\"WebSite\",\"@id\":\"https:\\\/\\\/brugarolas.com\\\/de\\\/#website\",\"url\":\"https:\\\/\\\/brugarolas.com\\\/de\\\/\",\"name\":\"Brugarolas fabricante de lubricantes industriales\",\"description\":\"\",\"publisher\":{\"@id\":\"https:\\\/\\\/brugarolas.com\\\/de\\\/#organization\"},\"potentialAction\":[{\"@type\":\"SearchAction\",\"target\":{\"@type\":\"EntryPoint\",\"urlTemplate\":\"https:\\\/\\\/brugarolas.com\\\/de\\\/?s={search_term_string}\"},\"query-input\":{\"@type\":\"PropertyValueSpecification\",\"valueRequired\":true,\"valueName\":\"search_term_string\"}}],\"inLanguage\":\"de\"},{\"@type\":\"Organization\",\"@id\":\"https:\\\/\\\/brugarolas.com\\\/de\\\/#organization\",\"name\":\"Brugarolas, S.A.\",\"url\":\"https:\\\/\\\/brugarolas.com\\\/de\\\/\",\"logo\":{\"@type\":\"ImageObject\",\"inLanguage\":\"de\",\"@id\":\"https:\\\/\\\/brugarolas.com\\\/de\\\/#\\\/schema\\\/logo\\\/image\\\/\",\"url\":\"https:\\\/\\\/brugarolas.com\\\/wp-content\\\/uploads\\\/brugarolas-retina-mobile-1.png\",\"contentUrl\":\"https:\\\/\\\/brugarolas.com\\\/wp-content\\\/uploads\\\/brugarolas-retina-mobile-1.png\",\"width\":640,\"height\":135,\"caption\":\"Brugarolas, S.A.\"},\"image\":{\"@id\":\"https:\\\/\\\/brugarolas.com\\\/de\\\/#\\\/schema\\\/logo\\\/image\\\/\"}}]}<\/script>\n<!-- \/ Yoast SEO plugin. -->","yoast_head_json":{"title":"Projekte zur Entwicklung neuer Schmierstoffe - Brugarolas fabricante de lubricantes industriales","robots":{"index":"index","follow":"follow","max-snippet":"max-snippet:-1","max-image-preview":"max-image-preview:large","max-video-preview":"max-video-preview:-1"},"canonical":"https:\/\/brugarolas.com\/de\/projekte-entwicklung-neuer-schmierstoffe\/","og_locale":"de_DE","og_type":"article","og_title":"Projekte zur Entwicklung neuer Schmierstoffe - Brugarolas fabricante de lubricantes industriales","og_url":"https:\/\/brugarolas.com\/de\/projekte-entwicklung-neuer-schmierstoffe\/","og_site_name":"Brugarolas fabricante de lubricantes industriales","article_modified_time":"2019-08-01T20:02:59+00:00","twitter_card":"summary_large_image","twitter_misc":{"Gesch\u00e4tzte Lesezeit":"5\u00a0Minuten"},"schema":{"@context":"https:\/\/schema.org","@graph":[{"@type":"WebPage","@id":"https:\/\/brugarolas.com\/de\/projekte-entwicklung-neuer-schmierstoffe\/","url":"https:\/\/brugarolas.com\/de\/projekte-entwicklung-neuer-schmierstoffe\/","name":"Projekte zur Entwicklung neuer Schmierstoffe - Brugarolas fabricante de lubricantes industriales","isPartOf":{"@id":"https:\/\/brugarolas.com\/de\/#website"},"datePublished":"2019-03-11T16:44:08+00:00","dateModified":"2019-08-01T20:02:59+00:00","breadcrumb":{"@id":"https:\/\/brugarolas.com\/de\/projekte-entwicklung-neuer-schmierstoffe\/#breadcrumb"},"inLanguage":"de","potentialAction":[{"@type":"ReadAction","target":["https:\/\/brugarolas.com\/de\/projekte-entwicklung-neuer-schmierstoffe\/"]}]},{"@type":"BreadcrumbList","@id":"https:\/\/brugarolas.com\/de\/projekte-entwicklung-neuer-schmierstoffe\/#breadcrumb","itemListElement":[{"@type":"ListItem","position":1,"name":"Portada","item":"https:\/\/brugarolas.com\/de\/"},{"@type":"ListItem","position":2,"name":"Projekte zur Entwicklung neuer Schmierstoffe"}]},{"@type":"WebSite","@id":"https:\/\/brugarolas.com\/de\/#website","url":"https:\/\/brugarolas.com\/de\/","name":"Brugarolas fabricante de lubricantes industriales","description":"","publisher":{"@id":"https:\/\/brugarolas.com\/de\/#organization"},"potentialAction":[{"@type":"SearchAction","target":{"@type":"EntryPoint","urlTemplate":"https:\/\/brugarolas.com\/de\/?s={search_term_string}"},"query-input":{"@type":"PropertyValueSpecification","valueRequired":true,"valueName":"search_term_string"}}],"inLanguage":"de"},{"@type":"Organization","@id":"https:\/\/brugarolas.com\/de\/#organization","name":"Brugarolas, S.A.","url":"https:\/\/brugarolas.com\/de\/","logo":{"@type":"ImageObject","inLanguage":"de","@id":"https:\/\/brugarolas.com\/de\/#\/schema\/logo\/image\/","url":"https:\/\/brugarolas.com\/wp-content\/uploads\/brugarolas-retina-mobile-1.png","contentUrl":"https:\/\/brugarolas.com\/wp-content\/uploads\/brugarolas-retina-mobile-1.png","width":640,"height":135,"caption":"Brugarolas, S.A."},"image":{"@id":"https:\/\/brugarolas.com\/de\/#\/schema\/logo\/image\/"}}]}},"_links":{"self":[{"href":"https:\/\/brugarolas.com\/de\/wp-json\/wp\/v2\/pages\/4351","targetHints":{"allow":["GET"]}}],"collection":[{"href":"https:\/\/brugarolas.com\/de\/wp-json\/wp\/v2\/pages"}],"about":[{"href":"https:\/\/brugarolas.com\/de\/wp-json\/wp\/v2\/types\/page"}],"author":[{"embeddable":true,"href":"https:\/\/brugarolas.com\/de\/wp-json\/wp\/v2\/users\/1"}],"replies":[{"embeddable":true,"href":"https:\/\/brugarolas.com\/de\/wp-json\/wp\/v2\/comments?post=4351"}],"version-history":[{"count":5,"href":"https:\/\/brugarolas.com\/de\/wp-json\/wp\/v2\/pages\/4351\/revisions"}],"predecessor-version":[{"id":6546,"href":"https:\/\/brugarolas.com\/de\/wp-json\/wp\/v2\/pages\/4351\/revisions\/6546"}],"wp:attachment":[{"href":"https:\/\/brugarolas.com\/de\/wp-json\/wp\/v2\/media?parent=4351"}],"curies":[{"name":"wp","href":"https:\/\/api.w.org\/{rel}","templated":true}]}}