{"id":3584,"date":"2018-11-22T16:48:43","date_gmt":"2018-11-22T15:48:43","guid":{"rendered":"https:\/\/brugarolas.com\/productos-quimicos\/"},"modified":"2022-07-04T16:08:37","modified_gmt":"2022-07-04T14:08:37","slug":"produits-chimiques","status":"publish","type":"page","link":"https:\/\/brugarolas.com\/fr\/produits-chimiques\/","title":{"rendered":"Produits chimiques pour l\u2019industrie"},"content":{"rendered":"<p><div class=\"fusion-fullwidth fullwidth-box fusion-builder-row-1 nonhundred-percent-fullwidth non-hundred-percent-height-scrolling\" style=\"--awb-border-radius-top-left:0px;--awb-border-radius-top-right:0px;--awb-border-radius-bottom-right:0px;--awb-border-radius-bottom-left:0px;--awb-margin-top:60px;--awb-margin-bottom:-20px;--awb-flex-wrap:wrap;\" ><div class=\"fusion-builder-row fusion-row\"><div class=\"fusion-layout-column fusion_builder_column fusion-builder-column-0 fusion_builder_column_1_1 1_1 fusion-one-full fusion-column-first fusion-column-last\" style=\"--awb-bg-size:cover;\"><div class=\"fusion-column-wrapper fusion-flex-column-wrapper-legacy\"><div class=\"fusion-text fusion-text-1 awb-text-cols fusion-text-columns-2 justificado\" style=\"--awb-columns:2;--awb-column-spacing:2em;--awb-column-min-width:300px;--awb-rule-style:1px solid #e0dede;\"><p><strong>Brugarolas S.A.<\/strong> est une <a href=\"#empresa\">entreprise chimique<\/a> avec une grande exp\u00e9rience dans la production de tout type de graisses et lubrifiants, liquides pour l\u2019industrie m\u00e9tallurgique, liquides pour la d\u00e9formation de m\u00e9taux et, en g\u00e9n\u00e9ral, de produits chimiques destin\u00e9s \u00e0 des utilisations industrielles.<\/p>\n<p>Depuis 1885, <strong>Brugarolas <\/strong>continue de gagner de l\u2019exp\u00e9rience et des connaissances dans toutes les activit\u00e9s industrielles et est parvenu \u00e0 cr\u00e9er le portefeuille de produits et de solutions le plus large du march\u00e9. Plus de 3 000 produits charg\u00e9s d\u2019histoire et de technologie. Ces produits ont \u00e9t\u00e9 d\u00e9velopp\u00e9s <a href=\"#laboratorio\">dans notre laboratoire<\/a> pour r\u00e9pondre aux applications les plus fr\u00e9quentes, aux applications plus particuli\u00e8res et aux nouveaux d\u00e9veloppements. Actuellement, les produits et services de Brugarolas sont pr\u00e9sents dans plus de 60 pays.<\/p>\n<p><a href=\"#fabrica\">L\u2019usine de fabrication<\/a> de Brugarolas se trouve \u00e0 Rub\u00ed. Situ\u00e9e \u00e0 26 km de Barcelone, elle est tr\u00e8s bien desservie par la route et la voie ferr\u00e9e, ce qui lui permet de communiquer rapidement avec le port de Barcelone, avec l\u2019Europe et le reste du monde.<\/p>\n<p>Le <a href=\"#logistica\">Entrep\u00f4t de logistique et de distribution<\/a> se trouve annex\u00e9 a l\u2019usine, dans une enclave facilement accessible par la route. Avec une surface de plus de 35 000 m\u00b2 (dont 33 000 construits), Brugarolas dispose d\u2019une capacit\u00e9 de production sup\u00e9rieure \u00e0 50 000 tonnes par an.<\/p>\n<p><strong>Brugarolas<\/strong> continue <a href=\"#avanzando\">de se d\u00e9velopper<\/a> dans un march\u00e9 comp\u00e9titif et mondial au sein duquel la satisfaction de nos clients reste le point central de nos objectifs. La force de Brugarolas r\u00e9side dans son \u00e9quipe humaine dot\u00e9e d\u2019une grande exp\u00e9rience et d\u2019une bonne formation qui, avec de larges ressources techniques, reste dispos\u00e9e \u00e0 travailler sur l\u2019am\u00e9lioration des processus industriels et de ses produits et services.<\/p>\n<\/div><div class=\"fusion-sep-clear\"><\/div><div class=\"fusion-separator fusion-full-width-sep\" style=\"margin-left: auto;margin-right: auto;margin-bottom:50px;width:100%;\"><\/div><div class=\"fusion-sep-clear\"><\/div><div style=\"text-align: center;\">\n<a class=\"fusion-modal-text-link fusion-button button-flat fusion-button-default-shape fusion-button-default-size button-default button-1 fusion-button-default-span fusion-button-default-type\" data-toggle=\"modal\" data-target=\".fusion-modal.video\" href=\"#\">\nRegarder la vid\u00e9o d'entreprise\n<\/a>\n<\/div><div class=\"fusion-modal modal fade modal-1 video has-light-close\" tabindex=\"-1\" role=\"dialog\" aria-labelledby=\"modal-heading-1\" aria-hidden=\"true\" style=\"--awb-border-color:#ebebeb;--awb-background:#009a44;\"><div class=\"modal-dialog modal-lg\" role=\"document\"><div class=\"modal-content fusion-modal-content\"><div class=\"modal-header\"><button class=\"close\" type=\"button\" data-dismiss=\"modal\" aria-hidden=\"true\" aria-label=\"Close\">&times;<\/button><h3 class=\"modal-title\" id=\"modal-heading-1\" data-dismiss=\"modal\" aria-hidden=\"true\"><\/h3><\/div><div class=\"modal-body fusion-clearfix\">\n<div class=\"fusion-video fusion-youtube fusion-aligncenter\" style=\"--awb-max-width:1280px;--awb-max-height:720px;--awb-width:100%;\"><div class=\"video-shortcode\"><div class=\"fluid-width-video-wrapper\" style=\"padding-top:56.25%;\" ><iframe title=\"YouTube video player 1\" src=\"https:\/\/www.youtube.com\/embed\/Iq-buaJOS-s?wmode=transparent&autoplay=0&amp;rel=0\" width=\"1280\" height=\"720\" allowfullscreen allow=\"autoplay; clipboard-write; encrypted-media; gyroscope; picture-in-picture;\"><\/iframe><\/div><\/div><\/div>\n<\/div><\/div><\/div><\/div><div class=\"fusion-sep-clear\"><\/div><div class=\"fusion-separator fusion-full-width-sep\" style=\"margin-left: auto;margin-right: auto;margin-bottom:50px;width:100%;\"><\/div><div class=\"fusion-sep-clear\"><\/div><div class=\"fusion-section-separator section-separator triangle fusion-section-separator-1\" style=\"--awb-border-bottom:0px solid #ffffff;--awb-spacer-height:0px;--awb-svg-margin-left:0;--awb-svg-margin-right:0;--awb-icon-color:#ffffff;\"><div class=\"fusion-section-separator-svg\"><div class=\"divider-candy-arrow bottom\" style=\"top:0px;border-top-color: #ffffff;\"><\/div><div class=\"divider-candy bottom\" style=\"bottom:-20px;border-bottom:1px solid #ffffff;border-left:1px solid #ffffff;\"><\/div><\/div><div class=\"fusion-section-separator-spacer\"><div class=\"fusion-section-separator-spacer-height\"><\/div><\/div><\/div><div class=\"fusion-clearfix\"><\/div><\/div><\/div><\/div><\/div><div id=\"empresa\" class=\"fusion-container-anchor\"><div class=\"fusion-fullwidth fullwidth-box fusion-builder-row-2 fusion-parallax-fixed hundred-percent-fullwidth hundred-percent-height hundred-percent-height-center-content non-hundred-percent-height-scrolling lazyload\" style=\"--awb-border-radius-top-left:0px;--awb-border-radius-top-right:0px;--awb-border-radius-bottom-right:0px;--awb-border-radius-bottom-left:0px;--awb-margin-top:0px;--awb-margin-bottom:0px;--awb-background-size:cover;--awb-flex-wrap:wrap;background-attachment:fixed;\" data-bg=\"https:\/\/brugarolas.com\/wp-content\/uploads\/productos-quimicos-para-la-industria.jpg\" ><div class=\"fusion-fullwidth-center-content\"><div class=\"fusion-builder-row fusion-row\"><div class=\"fusion-layout-column fusion_builder_column fusion-builder-column-1 fusion_builder_column_1_1 1_1 fusion-one-full fusion-column-first fusion-column-last fusion-column-inner-bg-wrapper\" style=\"--awb-inner-bg-size:cover;\"><span class=\"fusion-column-inner-bg hover-type-none\"><a class=\"fusion-column-anchor\" href=\"\/fr\/histoire-evolution-brugarolas\/\"><span class=\"fusion-column-inner-bg-image\"><\/span><\/a><\/span><div class=\"fusion-column-wrapper fusion-column-has-shadow fusion-flex-column-wrapper-legacy\"><div class=\"fusion-text fusion-text-2 tituloEmpresa\"><p><span style=\"color: #ffffff;\">notre histoire<\/span><\/p>\n<\/div><div class=\"fusion-clearfix\"><\/div><\/div><\/div><\/div><\/div><\/div><\/div><div id=\"laboratorio\" class=\"fusion-container-anchor\"><div class=\"fusion-fullwidth fullwidth-box fusion-builder-row-3 fusion-parallax-fixed hundred-percent-fullwidth hundred-percent-height hundred-percent-height-center-content non-hundred-percent-height-scrolling lazyload\" style=\"--awb-border-radius-top-left:0px;--awb-border-radius-top-right:0px;--awb-border-radius-bottom-right:0px;--awb-border-radius-bottom-left:0px;--awb-background-size:cover;--awb-flex-wrap:wrap;background-attachment:fixed;\" data-bg=\"https:\/\/brugarolas.com\/wp-content\/uploads\/grasas-aceites-industriales.jpg\" ><div class=\"fusion-fullwidth-center-content\"><div class=\"fusion-builder-row fusion-row\"><div class=\"fusion-layout-column fusion_builder_column fusion-builder-column-2 fusion_builder_column_1_1 1_1 fusion-one-full fusion-column-first fusion-column-last fusion-column-inner-bg-wrapper\" style=\"--awb-inner-bg-size:cover;\"><span class=\"fusion-column-inner-bg hover-type-none\"><a class=\"fusion-column-anchor\" href=\"\/fr\/lubrifiants-de-qualite\/\"><span class=\"fusion-column-inner-bg-image\"><\/span><\/a><\/span><div class=\"fusion-column-wrapper fusion-column-has-shadow fusion-flex-column-wrapper-legacy\"><div class=\"fusion-text fusion-text-3 tituloEmpresa\"><p><span style=\"color: #ffffff;\">mission, vision, valeurs<\/span><\/p>\n<\/div><div class=\"fusion-clearfix\"><\/div><\/div><\/div><\/div><\/div><\/div><\/div><div id=\"fabrica\" class=\"fusion-container-anchor\"><div class=\"fusion-fullwidth fullwidth-box fusion-builder-row-4 fusion-parallax-fixed hundred-percent-fullwidth hundred-percent-height hundred-percent-height-center-content non-hundred-percent-height-scrolling lazyload\" style=\"--awb-border-radius-top-left:0px;--awb-border-radius-top-right:0px;--awb-border-radius-bottom-right:0px;--awb-border-radius-bottom-left:0px;--awb-margin-top:0px;--awb-margin-bottom:0px;--awb-background-size:cover;--awb-flex-wrap:wrap;background-attachment:fixed;\" data-bg=\"https:\/\/brugarolas.com\/wp-content\/uploads\/fabrica-grasas-industriales.jpg\" ><div class=\"fusion-fullwidth-center-content\"><div class=\"fusion-builder-row fusion-row\"><div class=\"fusion-layout-column fusion_builder_column fusion-builder-column-3 fusion_builder_column_1_1 1_1 fusion-one-full fusion-column-first fusion-column-last fusion-column-inner-bg-wrapper\" style=\"--awb-inner-bg-size:cover;\"><span class=\"fusion-column-inner-bg hover-type-none\"><a class=\"fusion-column-anchor\" href=\"\/fr\/certificats-de-qualite\/\"><span class=\"fusion-column-inner-bg-image\"><\/span><\/a><\/span><div class=\"fusion-column-wrapper fusion-column-has-shadow fusion-flex-column-wrapper-legacy\"><div class=\"fusion-text fusion-text-4 tituloEmpresa\"><p><span style=\"color: #ffffff;\">qualit\u00e9 certifi\u00e9e<\/span><\/p>\n<\/div><div class=\"fusion-clearfix\"><\/div><\/div><\/div><\/div><\/div><\/div><\/div><div id=\"logistica\" class=\"fusion-container-anchor\"><div class=\"fusion-fullwidth fullwidth-box fusion-builder-row-5 fusion-parallax-fixed hundred-percent-fullwidth hundred-percent-height hundred-percent-height-center-content non-hundred-percent-height-scrolling lazyload\" style=\"--awb-border-radius-top-left:0px;--awb-border-radius-top-right:0px;--awb-border-radius-bottom-right:0px;--awb-border-radius-bottom-left:0px;--awb-background-size:cover;--awb-flex-wrap:wrap;background-attachment:fixed;\" data-bg=\"https:\/\/brugarolas.com\/wp-content\/uploads\/nueva-nave-logistica-brugarolas.jpg\" ><div class=\"fusion-fullwidth-center-content\"><div class=\"fusion-builder-row fusion-row\"><div class=\"fusion-layout-column fusion_builder_column fusion-builder-column-4 fusion_builder_column_1_1 1_1 fusion-one-full fusion-column-first fusion-column-last fusion-column-inner-bg-wrapper\" style=\"--awb-inner-bg-size:cover;\"><span class=\"fusion-column-inner-bg hover-type-none\"><a class=\"fusion-column-anchor\" href=\"\/fr\/localisation\/\"><span class=\"fusion-column-inner-bg-image\"><\/span><\/a><\/span><div class=\"fusion-column-wrapper fusion-column-has-shadow fusion-flex-column-wrapper-legacy\"><div class=\"fusion-text fusion-text-5 tituloEmpresa\"><p><span style=\"color: #ffffff;\">logistique<\/span><\/p>\n<\/div><div class=\"fusion-clearfix\"><\/div><\/div><\/div><\/div><\/div><\/div><\/div><div id=\"avanzando\" class=\"fusion-container-anchor\"><div class=\"fusion-fullwidth fullwidth-box fusion-builder-row-6 fusion-parallax-fixed hundred-percent-fullwidth hundred-percent-height hundred-percent-height-center-content non-hundred-percent-height-scrolling lazyload\" style=\"--awb-border-radius-top-left:0px;--awb-border-radius-top-right:0px;--awb-border-radius-bottom-right:0px;--awb-border-radius-bottom-left:0px;--awb-margin-top:0px;--awb-margin-bottom:0px;--awb-background-size:cover;--awb-flex-wrap:wrap;background-attachment:fixed;\" data-bg=\"https:\/\/brugarolas.com\/wp-content\/uploads\/laboratorios-brugarolas.jpg\" ><div class=\"fusion-fullwidth-center-content\"><div class=\"fusion-builder-row fusion-row\"><div class=\"fusion-layout-column fusion_builder_column fusion-builder-column-5 fusion_builder_column_1_1 1_1 fusion-one-full fusion-column-first fusion-column-last fusion-column-inner-bg-wrapper\" style=\"--awb-inner-bg-size:cover;\"><span class=\"fusion-column-inner-bg hover-type-none\"><a class=\"fusion-column-anchor\" href=\"\/fr\/developpement-de-lubrifiants\/\"><span class=\"fusion-column-inner-bg-image\"><\/span><\/a><\/span><div class=\"fusion-column-wrapper fusion-column-has-shadow fusion-flex-column-wrapper-legacy\"><div class=\"fusion-text fusion-text-6 tituloEmpresa\"><p><span style=\"color: #ffffff;\">aller de l&rsquo;avant<\/span><\/p>\n<\/div><div class=\"fusion-clearfix\"><\/div><\/div><\/div><\/div><\/div><\/div><\/div><\/p>\n","protected":false},"excerpt":{"rendered":"","protected":false},"author":1,"featured_media":0,"parent":0,"menu_order":0,"comment_status":"closed","ping_status":"closed","template":"100-width.php","meta":{"footnotes":""},"class_list":["post-3584","page","type-page","status-publish","hentry"],"yoast_head":"<!-- This site is optimized with the Yoast SEO plugin v27.5 - https:\/\/yoast.com\/product\/yoast-seo-wordpress\/ -->\n<title>Produits chimiques pour l\u2019industrie - Brugarolas fabricante de lubricantes industriales<\/title>\n<meta name=\"robots\" content=\"index, follow, max-snippet:-1, max-image-preview:large, max-video-preview:-1\" \/>\n<link rel=\"canonical\" href=\"https:\/\/brugarolas.com\/fr\/produits-chimiques\/\" \/>\n<meta property=\"og:locale\" content=\"fr_FR\" \/>\n<meta property=\"og:type\" content=\"article\" \/>\n<meta property=\"og:title\" content=\"Produits chimiques pour l\u2019industrie - Brugarolas fabricante de lubricantes industriales\" \/>\n<meta property=\"og:url\" content=\"https:\/\/brugarolas.com\/fr\/produits-chimiques\/\" \/>\n<meta property=\"og:site_name\" content=\"Brugarolas fabricante de lubricantes industriales\" \/>\n<meta property=\"article:modified_time\" content=\"2022-07-04T14:08:37+00:00\" \/>\n<meta name=\"twitter:card\" content=\"summary_large_image\" \/>\n<meta name=\"twitter:label1\" content=\"Dur\u00e9e de lecture estim\u00e9e\" \/>\n\t<meta name=\"twitter:data1\" content=\"12 minutes\" \/>\n<script type=\"application\/ld+json\" class=\"yoast-schema-graph\">{\"@context\":\"https:\\\/\\\/schema.org\",\"@graph\":[{\"@type\":\"WebPage\",\"@id\":\"https:\\\/\\\/brugarolas.com\\\/fr\\\/produits-chimiques\\\/\",\"url\":\"https:\\\/\\\/brugarolas.com\\\/fr\\\/produits-chimiques\\\/\",\"name\":\"Produits chimiques pour l\u2019industrie - Brugarolas fabricante de lubricantes industriales\",\"isPartOf\":{\"@id\":\"https:\\\/\\\/brugarolas.com\\\/fr\\\/#website\"},\"datePublished\":\"2018-11-22T15:48:43+00:00\",\"dateModified\":\"2022-07-04T14:08:37+00:00\",\"breadcrumb\":{\"@id\":\"https:\\\/\\\/brugarolas.com\\\/fr\\\/produits-chimiques\\\/#breadcrumb\"},\"inLanguage\":\"fr-FR\",\"potentialAction\":[{\"@type\":\"ReadAction\",\"target\":[\"https:\\\/\\\/brugarolas.com\\\/fr\\\/produits-chimiques\\\/\"]}]},{\"@type\":\"BreadcrumbList\",\"@id\":\"https:\\\/\\\/brugarolas.com\\\/fr\\\/produits-chimiques\\\/#breadcrumb\",\"itemListElement\":[{\"@type\":\"ListItem\",\"position\":1,\"name\":\"Portada\",\"item\":\"https:\\\/\\\/brugarolas.com\\\/fr\\\/\"},{\"@type\":\"ListItem\",\"position\":2,\"name\":\"Produits chimiques pour l\u2019industrie\"}]},{\"@type\":\"WebSite\",\"@id\":\"https:\\\/\\\/brugarolas.com\\\/fr\\\/#website\",\"url\":\"https:\\\/\\\/brugarolas.com\\\/fr\\\/\",\"name\":\"Brugarolas fabricante de lubricantes industriales\",\"description\":\"\",\"publisher\":{\"@id\":\"https:\\\/\\\/brugarolas.com\\\/fr\\\/#organization\"},\"potentialAction\":[{\"@type\":\"SearchAction\",\"target\":{\"@type\":\"EntryPoint\",\"urlTemplate\":\"https:\\\/\\\/brugarolas.com\\\/fr\\\/?s={search_term_string}\"},\"query-input\":{\"@type\":\"PropertyValueSpecification\",\"valueRequired\":true,\"valueName\":\"search_term_string\"}}],\"inLanguage\":\"fr-FR\"},{\"@type\":\"Organization\",\"@id\":\"https:\\\/\\\/brugarolas.com\\\/fr\\\/#organization\",\"name\":\"Brugarolas, S.A.\",\"url\":\"https:\\\/\\\/brugarolas.com\\\/fr\\\/\",\"logo\":{\"@type\":\"ImageObject\",\"inLanguage\":\"fr-FR\",\"@id\":\"https:\\\/\\\/brugarolas.com\\\/fr\\\/#\\\/schema\\\/logo\\\/image\\\/\",\"url\":\"https:\\\/\\\/brugarolas.com\\\/wp-content\\\/uploads\\\/brugarolas-retina-mobile-1.png\",\"contentUrl\":\"https:\\\/\\\/brugarolas.com\\\/wp-content\\\/uploads\\\/brugarolas-retina-mobile-1.png\",\"width\":640,\"height\":135,\"caption\":\"Brugarolas, S.A.\"},\"image\":{\"@id\":\"https:\\\/\\\/brugarolas.com\\\/fr\\\/#\\\/schema\\\/logo\\\/image\\\/\"}}]}<\/script>\n<!-- \/ Yoast SEO plugin. -->","yoast_head_json":{"title":"Produits chimiques pour l\u2019industrie - Brugarolas fabricante de lubricantes industriales","robots":{"index":"index","follow":"follow","max-snippet":"max-snippet:-1","max-image-preview":"max-image-preview:large","max-video-preview":"max-video-preview:-1"},"canonical":"https:\/\/brugarolas.com\/fr\/produits-chimiques\/","og_locale":"fr_FR","og_type":"article","og_title":"Produits chimiques pour l\u2019industrie - Brugarolas fabricante de lubricantes industriales","og_url":"https:\/\/brugarolas.com\/fr\/produits-chimiques\/","og_site_name":"Brugarolas fabricante de lubricantes industriales","article_modified_time":"2022-07-04T14:08:37+00:00","twitter_card":"summary_large_image","twitter_misc":{"Dur\u00e9e de lecture estim\u00e9e":"12 minutes"},"schema":{"@context":"https:\/\/schema.org","@graph":[{"@type":"WebPage","@id":"https:\/\/brugarolas.com\/fr\/produits-chimiques\/","url":"https:\/\/brugarolas.com\/fr\/produits-chimiques\/","name":"Produits chimiques pour l\u2019industrie - Brugarolas fabricante de lubricantes industriales","isPartOf":{"@id":"https:\/\/brugarolas.com\/fr\/#website"},"datePublished":"2018-11-22T15:48:43+00:00","dateModified":"2022-07-04T14:08:37+00:00","breadcrumb":{"@id":"https:\/\/brugarolas.com\/fr\/produits-chimiques\/#breadcrumb"},"inLanguage":"fr-FR","potentialAction":[{"@type":"ReadAction","target":["https:\/\/brugarolas.com\/fr\/produits-chimiques\/"]}]},{"@type":"BreadcrumbList","@id":"https:\/\/brugarolas.com\/fr\/produits-chimiques\/#breadcrumb","itemListElement":[{"@type":"ListItem","position":1,"name":"Portada","item":"https:\/\/brugarolas.com\/fr\/"},{"@type":"ListItem","position":2,"name":"Produits chimiques pour l\u2019industrie"}]},{"@type":"WebSite","@id":"https:\/\/brugarolas.com\/fr\/#website","url":"https:\/\/brugarolas.com\/fr\/","name":"Brugarolas fabricante de lubricantes industriales","description":"","publisher":{"@id":"https:\/\/brugarolas.com\/fr\/#organization"},"potentialAction":[{"@type":"SearchAction","target":{"@type":"EntryPoint","urlTemplate":"https:\/\/brugarolas.com\/fr\/?s={search_term_string}"},"query-input":{"@type":"PropertyValueSpecification","valueRequired":true,"valueName":"search_term_string"}}],"inLanguage":"fr-FR"},{"@type":"Organization","@id":"https:\/\/brugarolas.com\/fr\/#organization","name":"Brugarolas, S.A.","url":"https:\/\/brugarolas.com\/fr\/","logo":{"@type":"ImageObject","inLanguage":"fr-FR","@id":"https:\/\/brugarolas.com\/fr\/#\/schema\/logo\/image\/","url":"https:\/\/brugarolas.com\/wp-content\/uploads\/brugarolas-retina-mobile-1.png","contentUrl":"https:\/\/brugarolas.com\/wp-content\/uploads\/brugarolas-retina-mobile-1.png","width":640,"height":135,"caption":"Brugarolas, S.A."},"image":{"@id":"https:\/\/brugarolas.com\/fr\/#\/schema\/logo\/image\/"}}]}},"_links":{"self":[{"href":"https:\/\/brugarolas.com\/fr\/wp-json\/wp\/v2\/pages\/3584","targetHints":{"allow":["GET"]}}],"collection":[{"href":"https:\/\/brugarolas.com\/fr\/wp-json\/wp\/v2\/pages"}],"about":[{"href":"https:\/\/brugarolas.com\/fr\/wp-json\/wp\/v2\/types\/page"}],"author":[{"embeddable":true,"href":"https:\/\/brugarolas.com\/fr\/wp-json\/wp\/v2\/users\/1"}],"replies":[{"embeddable":true,"href":"https:\/\/brugarolas.com\/fr\/wp-json\/wp\/v2\/comments?post=3584"}],"version-history":[{"count":11,"href":"https:\/\/brugarolas.com\/fr\/wp-json\/wp\/v2\/pages\/3584\/revisions"}],"predecessor-version":[{"id":11089,"href":"https:\/\/brugarolas.com\/fr\/wp-json\/wp\/v2\/pages\/3584\/revisions\/11089"}],"wp:attachment":[{"href":"https:\/\/brugarolas.com\/fr\/wp-json\/wp\/v2\/media?parent=3584"}],"curies":[{"name":"wp","href":"https:\/\/api.w.org\/{rel}","templated":true}]}}