{"id":3625,"date":"2019-01-24T13:50:34","date_gmt":"2019-01-24T12:50:34","guid":{"rendered":"https:\/\/brugarolas.com\/lubricantes-de-calidad\/"},"modified":"2019-09-19T11:04:38","modified_gmt":"2019-09-19T09:04:38","slug":"lubrifiants-de-qualite","status":"publish","type":"page","link":"https:\/\/brugarolas.com\/fr\/lubrifiants-de-qualite\/","title":{"rendered":"Lubrifiants de qualit\u00e9"},"content":{"rendered":"<p><div class=\"fusion-fullwidth fullwidth-box fusion-builder-row-1 hundred-percent-fullwidth non-hundred-percent-height-scrolling fusion-equal-height-columns\" style=\"--awb-border-radius-top-left:0px;--awb-border-radius-top-right:0px;--awb-border-radius-bottom-right:0px;--awb-border-radius-bottom-left:0px;--awb-padding-right:0px;--awb-padding-left:0px;--awb-margin-bottom:30px;--awb-flex-wrap:wrap;\" ><div class=\"fusion-builder-row fusion-row\"><div class=\"fusion-layout-column fusion_builder_column fusion-builder-column-0 fusion_builder_column_1_2 1_2 fusion-one-half fusion-column-first\" style=\"--awb-padding-top:10%;--awb-padding-right:10%;--awb-padding-bottom:10%;--awb-padding-left:10%;--awb-bg-color:#00833a;--awb-bg-color-hover:#00833a;--awb-bg-size:cover;--awb-border-color:#accfcc;--awb-border-style:solid;width:50%;width:calc(50% - ( ( 0 ) * 0.5 ) );margin-right: 0px;\"><div class=\"fusion-column-wrapper fusion-flex-column-wrapper-legacy\"><div class=\"fusion-column-content-centered\"><div class=\"fusion-column-content\"><div class=\"fusion-text fusion-text-1 justificado\"><h2 style=\"font-size: 2em;\"><span style=\"color: #ffffff;\">Mission<\/span><\/h2>\n<p><span style=\"color: #ffffff;\">Brugarolas est une entreprise sp\u00e9cialis\u00e9e dans le d\u00e9veloppement, la production et la commercialisation de lubrifiants pour le secteur de l\u2019automobile et d\u2019autres secteurs industriels, et qui s\u2019efforce de r\u00e9pondre aux besoins et aux attentes de ses clients, employ\u00e9s, actionnaires, fournisseurs et la soci\u00e9t\u00e9 en g\u00e9n\u00e9ral, \u00e0 travers un engagement pour la Qualit\u00e9, la S\u00e9curit\u00e9 et l\u2019Environnement.<br \/>\n<\/span><\/p>\n<\/div><\/div><\/div><div class=\"fusion-clearfix\"><\/div><\/div><\/div><div class=\"fusion-layout-column fusion_builder_column fusion-builder-column-1 fusion_builder_column_1_2 1_2 fusion-one-half fusion-column-last\" style=\"--awb-padding-top:10%;--awb-padding-right:10%;--awb-padding-bottom:10%;--awb-padding-left:10%;--awb-bg-color:#009a44;--awb-bg-color-hover:#009a44;--awb-bg-size:cover;--awb-border-color:#accfcc;--awb-border-style:solid;width:50%;width:calc(50% - ( ( 0 ) * 0.5 ) );\"><div class=\"fusion-column-wrapper fusion-flex-column-wrapper-legacy\"><div class=\"fusion-column-content-centered\"><div class=\"fusion-column-content\"><div class=\"fusion-text fusion-text-2 justificado\"><h2 style=\"font-size: 2em;\"><span style=\"color: #ffffff;\">Vision<\/span><\/h2>\n<p><span style=\"color: #ffffff;\">Notre objectif est d\u2019\u00eatre consid\u00e9r\u00e9s par les parties int\u00e9ress\u00e9es strat\u00e9giques comme un groupe de r\u00e9f\u00e9rence dans le d\u00e9veloppement et la production de lubrifiants, soutenu par un d\u00e9sir d\u2019am\u00e9lioration continue dans tous les domaines de l\u2019entreprise, encourag\u00e9 \u00e0 travers l\u2019innovation, le service, la qualit\u00e9, la s\u00e9curit\u00e9 au travail et le respect de l\u2019environnement.<\/span><\/p>\n<\/div><\/div><\/div><div class=\"fusion-clearfix\"><\/div><\/div><\/div><\/div><\/div><div class=\"fusion-fullwidth fullwidth-box fusion-builder-row-2 nonhundred-percent-fullwidth non-hundred-percent-height-scrolling\" style=\"--awb-border-radius-top-left:0px;--awb-border-radius-top-right:0px;--awb-border-radius-bottom-right:0px;--awb-border-radius-bottom-left:0px;--awb-flex-wrap:wrap;\" ><div class=\"fusion-builder-row fusion-row\"><div class=\"fusion-layout-column fusion_builder_column fusion-builder-column-2 fusion_builder_column_1_1 1_1 fusion-one-full fusion-column-first fusion-column-last\" style=\"--awb-bg-size:cover;\"><div class=\"fusion-column-wrapper fusion-flex-column-wrapper-legacy\"><div class=\"fusion-text fusion-text-3\"><h2 style=\"font-size: 2em; text-align: center;\">Valeurs<\/h2>\n<p style=\"text-align: center;\">Des valeurs qui inspirent et orientent la strat\u00e9gie de <strong>Brugarolas<\/strong>\u00a0et ses actions:<\/p>\n<\/div><div class=\"fusion-clearfix\"><\/div><\/div><\/div><\/div><\/div><div class=\"fusion-fullwidth fullwidth-box fusion-builder-row-3 nonhundred-percent-fullwidth non-hundred-percent-height-scrolling fusion-equal-height-columns\" style=\"--awb-border-radius-top-left:0px;--awb-border-radius-top-right:0px;--awb-border-radius-bottom-right:0px;--awb-border-radius-bottom-left:0px;--awb-flex-wrap:wrap;\" ><div class=\"fusion-builder-row fusion-row\"><div class=\"fusion-layout-column fusion_builder_column fusion-builder-column-3 fusion_builder_column_1_2 1_2 fusion-one-half fusion-column-first\" style=\"--awb-bg-size:cover;width:50%;width:calc(50% - ( ( 4% ) * 0.5 ) );margin-right: 4%;\"><div class=\"fusion-column-wrapper fusion-flex-column-wrapper-legacy\"><div class=\"fusion-fa-align-center\"><i class=\"fb-icon-element-1 fb-icon-element fontawesome-icon fa-users fas circle-no fusion-animated\" style=\"--awb-iconcolor:#009a44;--awb-iconcolor-hover:#009a44;--awb-font-size:100px;\" data-animationType=\"fadeInDown\" data-animationDuration=\"0.1\" data-animationOffset=\"top-into-view\"><\/i><\/div><div class=\"fusion-text fusion-text-4 justificado\"><h3 class=\"titulo-raya\">\u00c9QUIPE HUMAINE<\/h3>\n<p>Notre \u00e9quipe humaine est compos\u00e9e de professionnels dynamiques avec une forte formation et une solide exp\u00e9rience qui accompagnent les installations modernes dont dispose Brugarolas, et devient le v\u00e9ritable moteur de l\u2019entreprise.<\/p>\n<p>Nous pla\u00e7ons les individus au centre de notre mod\u00e8le de gestion en favorisant la formation, la participation et la transparence, qui incite \u00e0 assumer de nouvelles responsabilit\u00e9s dans un climat de confiance mutuelle.<\/p>\n<\/div><div class=\"fusion-clearfix\"><\/div><\/div><\/div><div class=\"fusion-layout-column fusion_builder_column fusion-builder-column-4 fusion_builder_column_1_2 1_2 fusion-one-half fusion-column-last\" style=\"--awb-bg-size:cover;width:50%;width:calc(50% - ( ( 4% ) * 0.5 ) );\"><div class=\"fusion-column-wrapper fusion-flex-column-wrapper-legacy\"><div class=\"fusion-fa-align-center\"><i class=\"fb-icon-element-2 fb-icon-element fontawesome-icon fa-eye far circle-no fusion-animated\" style=\"--awb-iconcolor:#009a44;--awb-iconcolor-hover:#009a44;--awb-font-size:100px;\" data-animationType=\"fadeInDown\" data-animationDuration=\"0.1\" data-animationOffset=\"top-into-view\"><\/i><\/div><div class=\"fusion-text fusion-text-5 justificado\"><h3 class=\"titulo-raya\">\u00c9COUTE DU CLIENT<\/h3>\n<p>\u00c9tablir et construire des relations de confiance avec nos clients, en r\u00e9pondant \u00e0 leurs attentes, et en comprenant et en anticipant leurs besoins.<\/p>\n<p>Introduire sur le march\u00e9, des produits et services de grande qualit\u00e9 qui r\u00e9pondent, dans tous les sens du terme, les demandes de nos clients. Pour cela, nous recherchons activement la mise en oeuvre de strat\u00e9gies qui nous permettent de progresser sur ce chemin vers l\u2019excellence.<\/p>\n<\/div><div class=\"fusion-clearfix\"><\/div><\/div><\/div><\/div><\/div><div class=\"fusion-fullwidth fullwidth-box fusion-builder-row-4 nonhundred-percent-fullwidth non-hundred-percent-height-scrolling fusion-equal-height-columns\" style=\"--awb-border-radius-top-left:0px;--awb-border-radius-top-right:0px;--awb-border-radius-bottom-right:0px;--awb-border-radius-bottom-left:0px;--awb-margin-bottom:30px;--awb-flex-wrap:wrap;\" ><div class=\"fusion-builder-row fusion-row\"><div class=\"fusion-layout-column fusion_builder_column fusion-builder-column-5 fusion_builder_column_1_2 1_2 fusion-one-half fusion-column-first\" style=\"--awb-bg-size:cover;width:50%;width:calc(50% - ( ( 4% ) * 0.5 ) );margin-right: 4%;\"><div class=\"fusion-column-wrapper fusion-flex-column-wrapper-legacy\"><div class=\"fusion-fa-align-center\"><i class=\"fb-icon-element-3 fb-icon-element fontawesome-icon fa-balance-scale fas circle-no fusion-animated\" style=\"--awb-iconcolor:#009a44;--awb-iconcolor-hover:#009a44;--awb-font-size:100px;\" data-animationType=\"fadeInDown\" data-animationDuration=\"0.1\" data-animationOffset=\"top-into-view\"><\/i><\/div><div class=\"fusion-text fusion-text-6 justificado\"><h3 class=\"titulo-raya\">CODE \u00c9THIQUE<\/h3>\n<p>Brugarolas, avec son histoire de plus de 130\u00a0ans, a toujours mis en avant une culture d\u2019entreprise \u00e9thique qui r\u00e9affirme notre transparence et notre int\u00e9grit\u00e9 dans la prise de d\u00e9cisions dans le cadre de notre travail professionnel.<\/p>\n<\/div><div class=\"fusion-clearfix\"><\/div><\/div><\/div><div class=\"fusion-layout-column fusion_builder_column fusion-builder-column-6 fusion_builder_column_1_2 1_2 fusion-one-half fusion-column-last\" style=\"--awb-bg-size:cover;width:50%;width:calc(50% - ( ( 4% ) * 0.5 ) );\"><div class=\"fusion-column-wrapper fusion-flex-column-wrapper-legacy\"><div class=\"fusion-fa-align-center\"><i class=\"fb-icon-element-4 fb-icon-element fontawesome-icon fa-shield-alt fas circle-no fusion-animated\" style=\"--awb-iconcolor:#009a44;--awb-iconcolor-hover:#009a44;--awb-font-size:100px;\" data-animationType=\"fadeInDown\" data-animationDuration=\"0.1\" data-animationOffset=\"top-into-view\"><\/i><\/div><div class=\"fusion-text fusion-text-7 justificado\"><h3 class=\"titulo-raya\">S\u00c9CURIT\u00c9 ET ENVIRONNEMENT<\/h3>\n<p>Nous d\u00e9veloppons notre activit\u00e9 avec une grande responsabilit\u00e9 en prenant en compte la durabilit\u00e9 dans le d\u00e9veloppement et la production de nos produits afin de respecter l\u2019environnement et garantir de bonnes conditions de s\u00e9curit\u00e9 et sant\u00e9 sur le lieu de travail, ainsi qu\u2019un impact positif sur la soci\u00e9t\u00e9.<\/p>\n<\/div><div class=\"fusion-clearfix\"><\/div><\/div><\/div><\/div><\/div><div class=\"fusion-fullwidth fullwidth-box fusion-builder-row-5 hundred-percent-fullwidth non-hundred-percent-height-scrolling fusion-equal-height-columns\" style=\"--awb-border-radius-top-left:0px;--awb-border-radius-top-right:0px;--awb-border-radius-bottom-right:0px;--awb-border-radius-bottom-left:0px;--awb-margin-bottom:30px;--awb-flex-wrap:wrap;\" ><div class=\"fusion-builder-row fusion-row\"><div class=\"fusion-layout-column fusion_builder_column fusion-builder-column-7 fusion_builder_column_1_3 1_3 fusion-one-third fusion-column-first\" style=\"--awb-bg-size:cover;width:33.333333333333%;width:calc(33.333333333333% - ( ( 4% + 4% ) * 0.33333333333333 ) );margin-right: 4%;\"><div class=\"fusion-column-wrapper fusion-flex-column-wrapper-legacy\"><div class=\"fusion-fa-align-center\"><i class=\"fb-icon-element-5 fb-icon-element fontawesome-icon fa-bullhorn fas circle-no fusion-animated\" style=\"--awb-iconcolor:#009a44;--awb-iconcolor-hover:#009a44;--awb-font-size:100px;\" data-animationType=\"fadeInDown\" data-animationDuration=\"0.1\" data-animationOffset=\"top-into-view\"><\/i><\/div><div class=\"fusion-text fusion-text-8 justificado\"><h3 class=\"titulo-raya\">LEADERSHIP<\/h3>\n<p>Notre leadership est \u00e9tabli sur la confiance en l\u2019\u00e9quipe humaine de Brugarolas, qui re\u00e7oit toujours le soutien de la Direction pour effectuer sa t\u00e2che professionnelle.<\/p>\n<p>D\u00e9l\u00e9guer et se fier aux capacit\u00e9s du personnel est indispensable au bon d\u00e9veloppement de la soci\u00e9t\u00e9, tout en conservant une vision strat\u00e9gique bas\u00e9e sur la minimisation des risques identifi\u00e9s et la promotion de l\u2019am\u00e9lioration continue. Cela permet de d\u00e9velopper la r\u00e9ussite \u00e0 moyen et long terme.<\/p>\n<\/div><div class=\"fusion-clearfix\"><\/div><\/div><\/div><div class=\"fusion-layout-column fusion_builder_column fusion-builder-column-8 fusion_builder_column_1_3 1_3 fusion-one-third\" style=\"--awb-bg-size:cover;width:33.333333333333%;width:calc(33.333333333333% - ( ( 4% + 4% ) * 0.33333333333333 ) );margin-right: 4%;\"><div class=\"fusion-column-wrapper fusion-flex-column-wrapper-legacy\"><div class=\"fusion-fa-align-center\"><i class=\"fb-icon-element-6 fb-icon-element fontawesome-icon fa-flask fas circle-no fusion-animated\" style=\"--awb-iconcolor:#009a44;--awb-iconcolor-hover:#009a44;--awb-font-size:100px;\" data-animationType=\"fadeInDown\" data-animationDuration=\"0.1\" data-animationOffset=\"top-into-view\"><\/i><\/div><div class=\"fusion-text fusion-text-9 justificado\"><h3 class=\"titulo-raya\">RECHERCHE ET D\u00c9VELOPPEMENT<\/h3>\n<p>Nos professionnels disposent des moyens pour rechercher et d\u00e9velopper des produits adapt\u00e9s \u00e0 des applications multiples. L\u2019esprit cr\u00e9atif et la grande connaissance des techniques les plus avanc\u00e9es nous permettent de cr\u00e9er des produits \u00e0 haute valeur ajout\u00e9e.<\/p>\n<p>Aussi, Brugarolas parie sur l\u2019ajout des derni\u00e8res technologies et investit dans le perfectionnement et le d\u00e9veloppement du capital humain qui permet d\u2019acqu\u00e9rir une grande connaissance des tendances qui affectent notre secteur et r\u00e9pondre facilement aux attentes de nos clients.<\/p>\n<\/div><div class=\"fusion-clearfix\"><\/div><\/div><\/div><div class=\"fusion-layout-column fusion_builder_column fusion-builder-column-9 fusion_builder_column_1_3 1_3 fusion-one-third fusion-column-last\" style=\"--awb-bg-size:cover;width:33.333333333333%;width:calc(33.333333333333% - ( ( 4% + 4% ) * 0.33333333333333 ) );\"><div class=\"fusion-column-wrapper fusion-flex-column-wrapper-legacy\"><div class=\"fusion-fa-align-center\"><i class=\"fb-icon-element-7 fb-icon-element fontawesome-icon fa-thumbs-up far circle-no fusion-animated\" style=\"--awb-iconcolor:#009a44;--awb-iconcolor-hover:#009a44;--awb-font-size:100px;\" data-animationType=\"fadeInDown\" data-animationDuration=\"0.1\" data-animationOffset=\"top-into-view\"><\/i><\/div><div class=\"fusion-text fusion-text-10 justificado\"><h3 class=\"titulo-raya\">QUALIT\u00c9<\/h3>\n<p>Notre engagement pour la qualit\u00e9 est permanent gr\u00e2ce au processus d\u2019am\u00e9lioration continue appliqu\u00e9 \u00e0 tous les domaines de l\u2019entreprise. La pers\u00e9v\u00e9rance, l\u2019enthousiasme et la capacit\u00e9 \u00e0 se d\u00e9passer sont la base d\u2019un travail bien fait.<\/p>\n<p>En vue de garantir la progression de la soci\u00e9t\u00e9, nous nous appuyons sur l\u2019optimisation des ressources et processus, la gestion efficace de notre \u00e9quipe humaine et l\u2019application de politiques et strat\u00e9gies adapt\u00e9es.<\/p>\n<\/div><div class=\"fusion-clearfix\"><\/div><\/div><\/div><\/div><\/div><div class=\"fusion-fullwidth fullwidth-box fusion-builder-row-6 nonhundred-percent-fullwidth non-hundred-percent-height-scrolling\" style=\"--awb-border-radius-top-left:0px;--awb-border-radius-top-right:0px;--awb-border-radius-bottom-right:0px;--awb-border-radius-bottom-left:0px;--awb-margin-top:30px;--awb-flex-wrap:wrap;\" ><div class=\"fusion-builder-row fusion-row\"><div class=\"fusion-layout-column fusion_builder_column fusion-builder-column-10 fusion_builder_column_1_2 1_2 fusion-one-half fusion-column-first\" style=\"--awb-bg-size:cover;width:50%;width:calc(50% - ( ( 4% ) * 0.5 ) );margin-right: 4%;\"><div class=\"fusion-column-wrapper fusion-flex-column-wrapper-legacy\"><div class=\"fusion-button-wrapper fusion-aligncenter\"><a class=\"fusion-button button-flat fusion-button-default-size button-default fusion-button-default button-1 fusion-button-default-span fusion-button-default-type\" target=\"_self\" href=\"\/fr\/certificats-de-qualite\/\"><span class=\"fusion-button-text awb-button__text awb-button__text--default\">D\u00e9couvrez nos certificats de qualit\u00e9.<\/span><\/a><\/div><div class=\"fusion-clearfix\"><\/div><\/div><\/div><div class=\"fusion-layout-column fusion_builder_column fusion-builder-column-11 fusion_builder_column_1_2 1_2 fusion-one-half fusion-column-last\" style=\"--awb-bg-size:cover;width:50%;width:calc(50% - ( ( 4% ) * 0.5 ) );\"><div class=\"fusion-column-wrapper fusion-flex-column-wrapper-legacy\"><div class=\"fusion-button-wrapper fusion-aligncenter\"><a class=\"fusion-button button-flat fusion-button-default-size button-default fusion-button-default button-2 fusion-button-default-span fusion-button-default-type\" target=\"_self\" href=\"\/fr\/politique-qualite\/\"><span class=\"fusion-button-text awb-button__text awb-button__text--default\">POLITIQUE DE QUALIT\u00c9 DE BRUGAROLAS<\/span><\/a><\/div><div class=\"fusion-clearfix\"><\/div><\/div><\/div><\/div><\/div><\/p>\n","protected":false},"excerpt":{"rendered":"","protected":false},"author":1,"featured_media":0,"parent":0,"menu_order":0,"comment_status":"closed","ping_status":"closed","template":"100-width.php","meta":{"footnotes":""},"class_list":["post-3625","page","type-page","status-publish","hentry"],"yoast_head":"<!-- This site is optimized with the Yoast SEO plugin v27.4 - https:\/\/yoast.com\/product\/yoast-seo-wordpress\/ -->\n<title>Lubrifiants de qualit\u00e9 - Brugarolas fabricante de lubricantes industriales<\/title>\n<meta name=\"robots\" content=\"index, follow, max-snippet:-1, max-image-preview:large, max-video-preview:-1\" \/>\n<link rel=\"canonical\" href=\"https:\/\/brugarolas.com\/fr\/lubrifiants-de-qualite\/\" \/>\n<meta property=\"og:locale\" content=\"fr_FR\" \/>\n<meta property=\"og:type\" content=\"article\" \/>\n<meta property=\"og:title\" content=\"Lubrifiants de qualit\u00e9 - Brugarolas fabricante de lubricantes industriales\" \/>\n<meta property=\"og:url\" content=\"https:\/\/brugarolas.com\/fr\/lubrifiants-de-qualite\/\" \/>\n<meta property=\"og:site_name\" content=\"Brugarolas fabricante de lubricantes industriales\" \/>\n<meta property=\"article:modified_time\" content=\"2019-09-19T09:04:38+00:00\" \/>\n<meta name=\"twitter:card\" content=\"summary_large_image\" \/>\n<meta name=\"twitter:label1\" content=\"Dur\u00e9e de lecture estim\u00e9e\" \/>\n\t<meta name=\"twitter:data1\" content=\"14 minutes\" \/>\n<script type=\"application\/ld+json\" class=\"yoast-schema-graph\">{\"@context\":\"https:\\\/\\\/schema.org\",\"@graph\":[{\"@type\":\"WebPage\",\"@id\":\"https:\\\/\\\/brugarolas.com\\\/fr\\\/lubrifiants-de-qualite\\\/\",\"url\":\"https:\\\/\\\/brugarolas.com\\\/fr\\\/lubrifiants-de-qualite\\\/\",\"name\":\"Lubrifiants de qualit\u00e9 - Brugarolas fabricante de lubricantes industriales\",\"isPartOf\":{\"@id\":\"https:\\\/\\\/brugarolas.com\\\/fr\\\/#website\"},\"datePublished\":\"2019-01-24T12:50:34+00:00\",\"dateModified\":\"2019-09-19T09:04:38+00:00\",\"breadcrumb\":{\"@id\":\"https:\\\/\\\/brugarolas.com\\\/fr\\\/lubrifiants-de-qualite\\\/#breadcrumb\"},\"inLanguage\":\"fr-FR\",\"potentialAction\":[{\"@type\":\"ReadAction\",\"target\":[\"https:\\\/\\\/brugarolas.com\\\/fr\\\/lubrifiants-de-qualite\\\/\"]}]},{\"@type\":\"BreadcrumbList\",\"@id\":\"https:\\\/\\\/brugarolas.com\\\/fr\\\/lubrifiants-de-qualite\\\/#breadcrumb\",\"itemListElement\":[{\"@type\":\"ListItem\",\"position\":1,\"name\":\"Portada\",\"item\":\"https:\\\/\\\/brugarolas.com\\\/fr\\\/\"},{\"@type\":\"ListItem\",\"position\":2,\"name\":\"Lubrifiants de qualit\u00e9\"}]},{\"@type\":\"WebSite\",\"@id\":\"https:\\\/\\\/brugarolas.com\\\/fr\\\/#website\",\"url\":\"https:\\\/\\\/brugarolas.com\\\/fr\\\/\",\"name\":\"Brugarolas fabricante de lubricantes industriales\",\"description\":\"\",\"publisher\":{\"@id\":\"https:\\\/\\\/brugarolas.com\\\/fr\\\/#organization\"},\"potentialAction\":[{\"@type\":\"SearchAction\",\"target\":{\"@type\":\"EntryPoint\",\"urlTemplate\":\"https:\\\/\\\/brugarolas.com\\\/fr\\\/?s={search_term_string}\"},\"query-input\":{\"@type\":\"PropertyValueSpecification\",\"valueRequired\":true,\"valueName\":\"search_term_string\"}}],\"inLanguage\":\"fr-FR\"},{\"@type\":\"Organization\",\"@id\":\"https:\\\/\\\/brugarolas.com\\\/fr\\\/#organization\",\"name\":\"Brugarolas, S.A.\",\"url\":\"https:\\\/\\\/brugarolas.com\\\/fr\\\/\",\"logo\":{\"@type\":\"ImageObject\",\"inLanguage\":\"fr-FR\",\"@id\":\"https:\\\/\\\/brugarolas.com\\\/fr\\\/#\\\/schema\\\/logo\\\/image\\\/\",\"url\":\"https:\\\/\\\/brugarolas.com\\\/wp-content\\\/uploads\\\/brugarolas-retina-mobile-1.png\",\"contentUrl\":\"https:\\\/\\\/brugarolas.com\\\/wp-content\\\/uploads\\\/brugarolas-retina-mobile-1.png\",\"width\":640,\"height\":135,\"caption\":\"Brugarolas, S.A.\"},\"image\":{\"@id\":\"https:\\\/\\\/brugarolas.com\\\/fr\\\/#\\\/schema\\\/logo\\\/image\\\/\"}}]}<\/script>\n<!-- \/ Yoast SEO plugin. -->","yoast_head_json":{"title":"Lubrifiants de qualit\u00e9 - Brugarolas fabricante de lubricantes industriales","robots":{"index":"index","follow":"follow","max-snippet":"max-snippet:-1","max-image-preview":"max-image-preview:large","max-video-preview":"max-video-preview:-1"},"canonical":"https:\/\/brugarolas.com\/fr\/lubrifiants-de-qualite\/","og_locale":"fr_FR","og_type":"article","og_title":"Lubrifiants de qualit\u00e9 - Brugarolas fabricante de lubricantes industriales","og_url":"https:\/\/brugarolas.com\/fr\/lubrifiants-de-qualite\/","og_site_name":"Brugarolas fabricante de lubricantes industriales","article_modified_time":"2019-09-19T09:04:38+00:00","twitter_card":"summary_large_image","twitter_misc":{"Dur\u00e9e de lecture estim\u00e9e":"14 minutes"},"schema":{"@context":"https:\/\/schema.org","@graph":[{"@type":"WebPage","@id":"https:\/\/brugarolas.com\/fr\/lubrifiants-de-qualite\/","url":"https:\/\/brugarolas.com\/fr\/lubrifiants-de-qualite\/","name":"Lubrifiants de qualit\u00e9 - Brugarolas fabricante de lubricantes industriales","isPartOf":{"@id":"https:\/\/brugarolas.com\/fr\/#website"},"datePublished":"2019-01-24T12:50:34+00:00","dateModified":"2019-09-19T09:04:38+00:00","breadcrumb":{"@id":"https:\/\/brugarolas.com\/fr\/lubrifiants-de-qualite\/#breadcrumb"},"inLanguage":"fr-FR","potentialAction":[{"@type":"ReadAction","target":["https:\/\/brugarolas.com\/fr\/lubrifiants-de-qualite\/"]}]},{"@type":"BreadcrumbList","@id":"https:\/\/brugarolas.com\/fr\/lubrifiants-de-qualite\/#breadcrumb","itemListElement":[{"@type":"ListItem","position":1,"name":"Portada","item":"https:\/\/brugarolas.com\/fr\/"},{"@type":"ListItem","position":2,"name":"Lubrifiants de qualit\u00e9"}]},{"@type":"WebSite","@id":"https:\/\/brugarolas.com\/fr\/#website","url":"https:\/\/brugarolas.com\/fr\/","name":"Brugarolas fabricante de lubricantes industriales","description":"","publisher":{"@id":"https:\/\/brugarolas.com\/fr\/#organization"},"potentialAction":[{"@type":"SearchAction","target":{"@type":"EntryPoint","urlTemplate":"https:\/\/brugarolas.com\/fr\/?s={search_term_string}"},"query-input":{"@type":"PropertyValueSpecification","valueRequired":true,"valueName":"search_term_string"}}],"inLanguage":"fr-FR"},{"@type":"Organization","@id":"https:\/\/brugarolas.com\/fr\/#organization","name":"Brugarolas, S.A.","url":"https:\/\/brugarolas.com\/fr\/","logo":{"@type":"ImageObject","inLanguage":"fr-FR","@id":"https:\/\/brugarolas.com\/fr\/#\/schema\/logo\/image\/","url":"https:\/\/brugarolas.com\/wp-content\/uploads\/brugarolas-retina-mobile-1.png","contentUrl":"https:\/\/brugarolas.com\/wp-content\/uploads\/brugarolas-retina-mobile-1.png","width":640,"height":135,"caption":"Brugarolas, S.A."},"image":{"@id":"https:\/\/brugarolas.com\/fr\/#\/schema\/logo\/image\/"}}]}},"_links":{"self":[{"href":"https:\/\/brugarolas.com\/fr\/wp-json\/wp\/v2\/pages\/3625","targetHints":{"allow":["GET"]}}],"collection":[{"href":"https:\/\/brugarolas.com\/fr\/wp-json\/wp\/v2\/pages"}],"about":[{"href":"https:\/\/brugarolas.com\/fr\/wp-json\/wp\/v2\/types\/page"}],"author":[{"embeddable":true,"href":"https:\/\/brugarolas.com\/fr\/wp-json\/wp\/v2\/users\/1"}],"replies":[{"embeddable":true,"href":"https:\/\/brugarolas.com\/fr\/wp-json\/wp\/v2\/comments?post=3625"}],"version-history":[{"count":8,"href":"https:\/\/brugarolas.com\/fr\/wp-json\/wp\/v2\/pages\/3625\/revisions"}],"predecessor-version":[{"id":7209,"href":"https:\/\/brugarolas.com\/fr\/wp-json\/wp\/v2\/pages\/3625\/revisions\/7209"}],"wp:attachment":[{"href":"https:\/\/brugarolas.com\/fr\/wp-json\/wp\/v2\/media?parent=3625"}],"curies":[{"name":"wp","href":"https:\/\/api.w.org\/{rel}","templated":true}]}}