{"id":3826,"date":"2019-03-11T17:44:08","date_gmt":"2019-03-11T16:44:08","guid":{"rendered":"https:\/\/brugarolas.com\/proyectos-desarrollo-nuevos-lubricantes\/"},"modified":"2019-08-01T20:47:07","modified_gmt":"2019-08-01T18:47:07","slug":"projets-developpement-nouveaux-lubrifiants","status":"publish","type":"page","link":"https:\/\/brugarolas.com\/fr\/projets-developpement-nouveaux-lubrifiants\/","title":{"rendered":"Projets de d\u00e9veloppement de nouveaux lubrifiants"},"content":{"rendered":"<p><div class=\"fusion-fullwidth fullwidth-box fusion-builder-row-1 hundred-percent-fullwidth non-hundred-percent-height-scrolling\" style=\"--awb-border-radius-top-left:0px;--awb-border-radius-top-right:0px;--awb-border-radius-bottom-right:0px;--awb-border-radius-bottom-left:0px;--awb-margin-bottom:50px;--awb-flex-wrap:wrap;\" ><div class=\"fusion-builder-row fusion-row\"><div class=\"fusion-layout-column fusion_builder_column fusion-builder-column-0 fusion_builder_column_1_2 1_2 fusion-one-half fusion-column-first fusion-animated\" style=\"--awb-bg-size:cover;width:50%;width:calc(50% - ( ( 4% ) * 0.5 ) );margin-right: 4%;\" data-animationType=\"fadeInLeft\" data-animationDuration=\"0.3\" data-animationOffset=\"top-into-view\"><div class=\"fusion-column-wrapper fusion-flex-column-wrapper-legacy\"><div class=\"fusion-text fusion-text-1 justificado\"><h2>PROJETS DE R&amp;D<\/h2>\n<p>Parmi les centres nationaux et internationaux avec lesquels nous collaborons, il convient de souligner <a href=\"http:\/\/www.tekniker.es\/es\" target=\"_blank\" rel=\"noopener noreferrer\">TEKNIKER<\/a> dans le Pays Basque, <a href=\"https:\/\/www.leitat.org\/\" target=\"_blank\" rel=\"noopener noreferrer\">LEITAT<\/a> et <a href=\"https:\/\/eurecat.org\/\" target=\"_blank\" rel=\"noopener noreferrer\">CTM<\/a> en Catalogne, <a href=\"http:\/\/iterg.com\/\" target=\"_blank\" rel=\"noopener noreferrer\">ITERG<\/a> en France, <a href=\"https:\/\/www.profactor.at\/\" target=\"_blank\" rel=\"noopener noreferrer\">PROFACTOR<\/a> en Autriche, <a href=\"https:\/\/www.tno.nl\" target=\"_blank\" rel=\"noopener noreferrer\">TNO<\/a> au Pays-Bas et <a href=\"https:\/\/www.perainternational.com\/\" target=\"_blank\" rel=\"noopener noreferrer\">PERA<\/a> en Angleterre.<\/p>\n<\/div><div class=\"fusion-sep-clear\"><\/div><div class=\"fusion-separator fusion-full-width-sep\" style=\"margin-left: auto;margin-right: auto;margin-bottom:30px;width:100%;\"><div class=\"fusion-separator-border sep-single\" style=\"--awb-height:20px;--awb-amount:20px;border-color:#009a44;border-top-width:0px;\"><\/div><\/div><div class=\"fusion-sep-clear\"><\/div><div class=\"fusion-image-element fusion-image-align-center in-legacy-container\" style=\"text-align:center;--awb-caption-title-font-family:var(--h2_typography-font-family);--awb-caption-title-font-weight:var(--h2_typography-font-weight);--awb-caption-title-font-style:var(--h2_typography-font-style);--awb-caption-title-size:var(--h2_typography-font-size);--awb-caption-title-transform:var(--h2_typography-text-transform);--awb-caption-title-line-height:var(--h2_typography-line-height);--awb-caption-title-letter-spacing:var(--h2_typography-letter-spacing);\"><div class=\"imageframe-align-center\"><span class=\" fusion-imageframe imageframe-none imageframe-1 hover-type-none\"><img decoding=\"async\" width=\"850\" height=\"167\" alt=\"Laboratorios colaboradores\" title=\"logos laboratorios\" src=\"https:\/\/brugarolas.com\/wp-content\/uploads\/logos-laboratorios.jpg\" data-orig-src=\"https:\/\/brugarolas.com\/wp-content\/uploads\/logos-laboratorios.jpg\" class=\"lazyload img-responsive wp-image-3827\" srcset=\"data:image\/svg+xml,%3Csvg%20xmlns%3D%27http%3A%2F%2Fwww.w3.org%2F2000%2Fsvg%27%20width%3D%27850%27%20height%3D%27167%27%20viewBox%3D%270%200%20850%20167%27%3E%3Crect%20width%3D%27850%27%20height%3D%27167%27%20fill-opacity%3D%220%22%2F%3E%3C%2Fsvg%3E\" data-srcset=\"https:\/\/brugarolas.com\/wp-content\/uploads\/logos-laboratorios-200x39.jpg 200w, https:\/\/brugarolas.com\/wp-content\/uploads\/logos-laboratorios-400x79.jpg 400w, https:\/\/brugarolas.com\/wp-content\/uploads\/logos-laboratorios-600x118.jpg 600w, https:\/\/brugarolas.com\/wp-content\/uploads\/logos-laboratorios-800x157.jpg 800w, https:\/\/brugarolas.com\/wp-content\/uploads\/logos-laboratorios.jpg 850w\" data-sizes=\"auto\" data-orig-sizes=\"(max-width: 800px) 100vw, 600px\" \/><\/span><\/div><\/div><div class=\"fusion-clearfix\"><\/div><\/div><\/div><div class=\"fusion-layout-column fusion_builder_column fusion-builder-column-1 fusion_builder_column_1_2 1_2 fusion-one-half fusion-column-last fusion-animated\" style=\"--awb-bg-size:cover;width:50%;width:calc(50% - ( ( 4% ) * 0.5 ) );\" data-animationType=\"fadeInRight\" data-animationDuration=\"0.3\" data-animationOffset=\"top-into-view\"><div class=\"fusion-column-wrapper fusion-flex-column-wrapper-legacy\"><div class=\"fusion-image-element in-legacy-container\" style=\"--awb-caption-title-font-family:var(--h2_typography-font-family);--awb-caption-title-font-weight:var(--h2_typography-font-weight);--awb-caption-title-font-style:var(--h2_typography-font-style);--awb-caption-title-size:var(--h2_typography-font-size);--awb-caption-title-transform:var(--h2_typography-text-transform);--awb-caption-title-line-height:var(--h2_typography-line-height);--awb-caption-title-letter-spacing:var(--h2_typography-letter-spacing);\"><span class=\" fusion-imageframe imageframe-none imageframe-2 hover-type-none\"><img decoding=\"async\" width=\"880\" height=\"420\" alt=\"Colaboraciones en investigaci\u00f3n\" title=\"Colaboraciones en investigaci\u00f3n\" src=\"https:\/\/brugarolas.com\/wp-content\/uploads\/laboratorio-colaboracion.jpg\" data-orig-src=\"https:\/\/brugarolas.com\/wp-content\/uploads\/laboratorio-colaboracion.jpg\" class=\"lazyload img-responsive wp-image-3829\" srcset=\"data:image\/svg+xml,%3Csvg%20xmlns%3D%27http%3A%2F%2Fwww.w3.org%2F2000%2Fsvg%27%20width%3D%27880%27%20height%3D%27420%27%20viewBox%3D%270%200%20880%20420%27%3E%3Crect%20width%3D%27880%27%20height%3D%27420%27%20fill-opacity%3D%220%22%2F%3E%3C%2Fsvg%3E\" data-srcset=\"https:\/\/brugarolas.com\/wp-content\/uploads\/laboratorio-colaboracion-200x95.jpg 200w, https:\/\/brugarolas.com\/wp-content\/uploads\/laboratorio-colaboracion-400x191.jpg 400w, https:\/\/brugarolas.com\/wp-content\/uploads\/laboratorio-colaboracion-600x286.jpg 600w, https:\/\/brugarolas.com\/wp-content\/uploads\/laboratorio-colaboracion-800x382.jpg 800w, https:\/\/brugarolas.com\/wp-content\/uploads\/laboratorio-colaboracion.jpg 880w\" data-sizes=\"auto\" data-orig-sizes=\"(max-width: 800px) 100vw, 600px\" \/><\/span><\/div><div class=\"fusion-clearfix\"><\/div><\/div><\/div><\/div><\/div><div class=\"fusion-fullwidth fullwidth-box fusion-builder-row-2 hundred-percent-fullwidth non-hundred-percent-height-scrolling\" style=\"--awb-border-radius-top-left:0px;--awb-border-radius-top-right:0px;--awb-border-radius-bottom-right:0px;--awb-border-radius-bottom-left:0px;--awb-flex-wrap:wrap;\" ><div class=\"fusion-builder-row fusion-row\"><div class=\"fusion-layout-column fusion_builder_column fusion-builder-column-2 fusion_builder_column_1_3 1_3 fusion-one-third fusion-column-first\" style=\"--awb-bg-size:cover;width:33.333333333333%;width:calc(33.333333333333% - ( ( 4% + 4% ) * 0.33333333333333 ) );margin-right: 4%;\"><div class=\"fusion-column-wrapper fusion-flex-column-wrapper-legacy\"><div class=\"fusion-text fusion-text-2 justificado\"><h3 class=\"titulo-raya\"><a href=\"\/?p=1\">Projet NANOINTECH<\/a><\/h3>\n<p>Entre 2015 et 2018, le Projet Nanointech concernait l&rsquo;\u00e9laboration de nanomat\u00e9riaux applicables dans diff\u00e9rents secteurs de mani\u00e8re fiable et efficace. Brugarolas S.A. A \u00e9t\u00e9 charg\u00e9e d\u2019\u00e9valuer l\u2019application des nanomat\u00e9riaux d\u00e9velopp\u00e9s sous forme d\u2019huiles et graisses lubrifiantes, ainsi que de d\u00e9velopper des formules avec lesdits mat\u00e9riaux.<br \/>\n<a href=\"\/?p=4002\">Plus d&rsquo;informations\u00a0\u00bb<\/a><\/p>\n<\/div><div class=\"fusion-clearfix\"><\/div><\/div><\/div><div class=\"fusion-layout-column fusion_builder_column fusion-builder-column-3 fusion_builder_column_1_3 1_3 fusion-one-third\" style=\"--awb-bg-size:cover;width:33.333333333333%;width:calc(33.333333333333% - ( ( 4% + 4% ) * 0.33333333333333 ) );margin-right: 4%;\"><div class=\"fusion-column-wrapper fusion-flex-column-wrapper-legacy\"><div class=\"fusion-text fusion-text-3 justificado\"><h3 class=\"titulo-raya\"><a href=\"\/?p=437\">Projet GLUBAA<\/a><\/h3>\n<p>Entre 2015 et 2018, ce projet se focalisait sur la recherche et le d\u00e9veloppement de nouvelles graisses lubrifiantes biod\u00e9gradables, auto-extinguibles et antivibratoires, destin\u00e9es principalement \u00e0 l\u2019industrie ferroviaire.<br \/>\n<a href=\"\/?p=4010\">Plus d&rsquo;informations\u00a0\u00bb<\/a><\/p>\n<\/div><div class=\"fusion-clearfix\"><\/div><\/div><\/div><div class=\"fusion-layout-column fusion_builder_column fusion-builder-column-4 fusion_builder_column_1_3 1_3 fusion-one-third fusion-column-last\" style=\"--awb-bg-size:cover;width:33.333333333333%;width:calc(33.333333333333% - ( ( 4% + 4% ) * 0.33333333333333 ) );\"><div class=\"fusion-column-wrapper fusion-flex-column-wrapper-legacy\"><div class=\"fusion-text fusion-text-4 justificado\"><h3 class=\"titulo-raya\"><a href=\"\/?p=445\">Projet HiEfBe<\/a><\/h3>\n<p>Otre plus r\u00e9cent projet, d\u00e9but\u00e9 en 2016 et non finalis\u00e9 \u00e0 ce jour, a pour objectif de d\u00e9velopper des roulements de grande efficacit\u00e9 gr\u00e2ce \u00e0 l\u2019utilisation de nouveaux boitiers en mati\u00e8res plastiques \u00e0 faible frottement et de graisses utilisant les derni\u00e8res technologies avec des propri\u00e9t\u00e9s \u00e0 faible coefficient de frottement.<br \/>\n<a href=\"\/?p=4021\">Plus d&rsquo;informations\u00a0\u00bb<\/a><\/p>\n<\/div><div class=\"fusion-clearfix\"><\/div><\/div><\/div><\/div><\/div><\/p>\n","protected":false},"excerpt":{"rendered":"","protected":false},"author":1,"featured_media":0,"parent":0,"menu_order":0,"comment_status":"closed","ping_status":"closed","template":"100-width.php","meta":{"footnotes":""},"class_list":["post-3826","page","type-page","status-publish","hentry"],"yoast_head":"<!-- This site is optimized with the Yoast SEO plugin v27.4 - https:\/\/yoast.com\/product\/yoast-seo-wordpress\/ -->\n<title>Projets de d\u00e9veloppement de nouveaux lubrifiants - Brugarolas fabricante de lubricantes industriales<\/title>\n<meta name=\"robots\" content=\"index, follow, max-snippet:-1, max-image-preview:large, max-video-preview:-1\" \/>\n<link rel=\"canonical\" href=\"https:\/\/brugarolas.com\/fr\/projets-developpement-nouveaux-lubrifiants\/\" \/>\n<meta property=\"og:locale\" content=\"fr_FR\" \/>\n<meta property=\"og:type\" content=\"article\" \/>\n<meta property=\"og:title\" content=\"Projets de d\u00e9veloppement de nouveaux lubrifiants - Brugarolas fabricante de lubricantes industriales\" \/>\n<meta property=\"og:url\" content=\"https:\/\/brugarolas.com\/fr\/projets-developpement-nouveaux-lubrifiants\/\" \/>\n<meta property=\"og:site_name\" content=\"Brugarolas fabricante de lubricantes industriales\" \/>\n<meta property=\"article:modified_time\" content=\"2019-08-01T18:47:07+00:00\" \/>\n<meta name=\"twitter:card\" content=\"summary_large_image\" \/>\n<meta name=\"twitter:label1\" content=\"Dur\u00e9e de lecture estim\u00e9e\" \/>\n\t<meta name=\"twitter:data1\" content=\"5 minutes\" \/>\n<script type=\"application\/ld+json\" class=\"yoast-schema-graph\">{\"@context\":\"https:\\\/\\\/schema.org\",\"@graph\":[{\"@type\":\"WebPage\",\"@id\":\"https:\\\/\\\/brugarolas.com\\\/fr\\\/projets-developpement-nouveaux-lubrifiants\\\/\",\"url\":\"https:\\\/\\\/brugarolas.com\\\/fr\\\/projets-developpement-nouveaux-lubrifiants\\\/\",\"name\":\"Projets de d\u00e9veloppement de nouveaux lubrifiants - Brugarolas fabricante de lubricantes industriales\",\"isPartOf\":{\"@id\":\"https:\\\/\\\/brugarolas.com\\\/fr\\\/#website\"},\"datePublished\":\"2019-03-11T16:44:08+00:00\",\"dateModified\":\"2019-08-01T18:47:07+00:00\",\"breadcrumb\":{\"@id\":\"https:\\\/\\\/brugarolas.com\\\/fr\\\/projets-developpement-nouveaux-lubrifiants\\\/#breadcrumb\"},\"inLanguage\":\"fr-FR\",\"potentialAction\":[{\"@type\":\"ReadAction\",\"target\":[\"https:\\\/\\\/brugarolas.com\\\/fr\\\/projets-developpement-nouveaux-lubrifiants\\\/\"]}]},{\"@type\":\"BreadcrumbList\",\"@id\":\"https:\\\/\\\/brugarolas.com\\\/fr\\\/projets-developpement-nouveaux-lubrifiants\\\/#breadcrumb\",\"itemListElement\":[{\"@type\":\"ListItem\",\"position\":1,\"name\":\"Portada\",\"item\":\"https:\\\/\\\/brugarolas.com\\\/fr\\\/\"},{\"@type\":\"ListItem\",\"position\":2,\"name\":\"Projets de d\u00e9veloppement de nouveaux lubrifiants\"}]},{\"@type\":\"WebSite\",\"@id\":\"https:\\\/\\\/brugarolas.com\\\/fr\\\/#website\",\"url\":\"https:\\\/\\\/brugarolas.com\\\/fr\\\/\",\"name\":\"Brugarolas fabricante de lubricantes industriales\",\"description\":\"\",\"publisher\":{\"@id\":\"https:\\\/\\\/brugarolas.com\\\/fr\\\/#organization\"},\"potentialAction\":[{\"@type\":\"SearchAction\",\"target\":{\"@type\":\"EntryPoint\",\"urlTemplate\":\"https:\\\/\\\/brugarolas.com\\\/fr\\\/?s={search_term_string}\"},\"query-input\":{\"@type\":\"PropertyValueSpecification\",\"valueRequired\":true,\"valueName\":\"search_term_string\"}}],\"inLanguage\":\"fr-FR\"},{\"@type\":\"Organization\",\"@id\":\"https:\\\/\\\/brugarolas.com\\\/fr\\\/#organization\",\"name\":\"Brugarolas, S.A.\",\"url\":\"https:\\\/\\\/brugarolas.com\\\/fr\\\/\",\"logo\":{\"@type\":\"ImageObject\",\"inLanguage\":\"fr-FR\",\"@id\":\"https:\\\/\\\/brugarolas.com\\\/fr\\\/#\\\/schema\\\/logo\\\/image\\\/\",\"url\":\"https:\\\/\\\/brugarolas.com\\\/wp-content\\\/uploads\\\/brugarolas-retina-mobile-1.png\",\"contentUrl\":\"https:\\\/\\\/brugarolas.com\\\/wp-content\\\/uploads\\\/brugarolas-retina-mobile-1.png\",\"width\":640,\"height\":135,\"caption\":\"Brugarolas, S.A.\"},\"image\":{\"@id\":\"https:\\\/\\\/brugarolas.com\\\/fr\\\/#\\\/schema\\\/logo\\\/image\\\/\"}}]}<\/script>\n<!-- \/ Yoast SEO plugin. -->","yoast_head_json":{"title":"Projets de d\u00e9veloppement de nouveaux lubrifiants - Brugarolas fabricante de lubricantes industriales","robots":{"index":"index","follow":"follow","max-snippet":"max-snippet:-1","max-image-preview":"max-image-preview:large","max-video-preview":"max-video-preview:-1"},"canonical":"https:\/\/brugarolas.com\/fr\/projets-developpement-nouveaux-lubrifiants\/","og_locale":"fr_FR","og_type":"article","og_title":"Projets de d\u00e9veloppement de nouveaux lubrifiants - Brugarolas fabricante de lubricantes industriales","og_url":"https:\/\/brugarolas.com\/fr\/projets-developpement-nouveaux-lubrifiants\/","og_site_name":"Brugarolas fabricante de lubricantes industriales","article_modified_time":"2019-08-01T18:47:07+00:00","twitter_card":"summary_large_image","twitter_misc":{"Dur\u00e9e de lecture estim\u00e9e":"5 minutes"},"schema":{"@context":"https:\/\/schema.org","@graph":[{"@type":"WebPage","@id":"https:\/\/brugarolas.com\/fr\/projets-developpement-nouveaux-lubrifiants\/","url":"https:\/\/brugarolas.com\/fr\/projets-developpement-nouveaux-lubrifiants\/","name":"Projets de d\u00e9veloppement de nouveaux lubrifiants - Brugarolas fabricante de lubricantes industriales","isPartOf":{"@id":"https:\/\/brugarolas.com\/fr\/#website"},"datePublished":"2019-03-11T16:44:08+00:00","dateModified":"2019-08-01T18:47:07+00:00","breadcrumb":{"@id":"https:\/\/brugarolas.com\/fr\/projets-developpement-nouveaux-lubrifiants\/#breadcrumb"},"inLanguage":"fr-FR","potentialAction":[{"@type":"ReadAction","target":["https:\/\/brugarolas.com\/fr\/projets-developpement-nouveaux-lubrifiants\/"]}]},{"@type":"BreadcrumbList","@id":"https:\/\/brugarolas.com\/fr\/projets-developpement-nouveaux-lubrifiants\/#breadcrumb","itemListElement":[{"@type":"ListItem","position":1,"name":"Portada","item":"https:\/\/brugarolas.com\/fr\/"},{"@type":"ListItem","position":2,"name":"Projets de d\u00e9veloppement de nouveaux lubrifiants"}]},{"@type":"WebSite","@id":"https:\/\/brugarolas.com\/fr\/#website","url":"https:\/\/brugarolas.com\/fr\/","name":"Brugarolas fabricante de lubricantes industriales","description":"","publisher":{"@id":"https:\/\/brugarolas.com\/fr\/#organization"},"potentialAction":[{"@type":"SearchAction","target":{"@type":"EntryPoint","urlTemplate":"https:\/\/brugarolas.com\/fr\/?s={search_term_string}"},"query-input":{"@type":"PropertyValueSpecification","valueRequired":true,"valueName":"search_term_string"}}],"inLanguage":"fr-FR"},{"@type":"Organization","@id":"https:\/\/brugarolas.com\/fr\/#organization","name":"Brugarolas, S.A.","url":"https:\/\/brugarolas.com\/fr\/","logo":{"@type":"ImageObject","inLanguage":"fr-FR","@id":"https:\/\/brugarolas.com\/fr\/#\/schema\/logo\/image\/","url":"https:\/\/brugarolas.com\/wp-content\/uploads\/brugarolas-retina-mobile-1.png","contentUrl":"https:\/\/brugarolas.com\/wp-content\/uploads\/brugarolas-retina-mobile-1.png","width":640,"height":135,"caption":"Brugarolas, S.A."},"image":{"@id":"https:\/\/brugarolas.com\/fr\/#\/schema\/logo\/image\/"}}]}},"_links":{"self":[{"href":"https:\/\/brugarolas.com\/fr\/wp-json\/wp\/v2\/pages\/3826","targetHints":{"allow":["GET"]}}],"collection":[{"href":"https:\/\/brugarolas.com\/fr\/wp-json\/wp\/v2\/pages"}],"about":[{"href":"https:\/\/brugarolas.com\/fr\/wp-json\/wp\/v2\/types\/page"}],"author":[{"embeddable":true,"href":"https:\/\/brugarolas.com\/fr\/wp-json\/wp\/v2\/users\/1"}],"replies":[{"embeddable":true,"href":"https:\/\/brugarolas.com\/fr\/wp-json\/wp\/v2\/comments?post=3826"}],"version-history":[{"count":5,"href":"https:\/\/brugarolas.com\/fr\/wp-json\/wp\/v2\/pages\/3826\/revisions"}],"predecessor-version":[{"id":6510,"href":"https:\/\/brugarolas.com\/fr\/wp-json\/wp\/v2\/pages\/3826\/revisions\/6510"}],"wp:attachment":[{"href":"https:\/\/brugarolas.com\/fr\/wp-json\/wp\/v2\/media?parent=3826"}],"curies":[{"name":"wp","href":"https:\/\/api.w.org\/{rel}","templated":true}]}}