{"id":3959,"date":"2019-03-11T18:09:42","date_gmt":"2019-03-11T17:09:42","guid":{"rendered":"https:\/\/brugarolas.com\/lubricantes-industria-papelera\/"},"modified":"2021-02-05T15:17:32","modified_gmt":"2021-02-05T14:17:32","slug":"lubrifiants-industrie-papier","status":"publish","type":"page","link":"https:\/\/brugarolas.com\/fr\/lubrifiants-industrie-papier\/","title":{"rendered":"Lubrifiants pour l\u2019industrie du papier"},"content":{"rendered":"<p><div class=\"fusion-fullwidth fullwidth-box fusion-builder-row-1 nonhundred-percent-fullwidth non-hundred-percent-height-scrolling\" style=\"--awb-border-radius-top-left:0px;--awb-border-radius-top-right:0px;--awb-border-radius-bottom-right:0px;--awb-border-radius-bottom-left:0px;--awb-flex-wrap:wrap;\" ><div class=\"fusion-builder-row fusion-row\"><div class=\"fusion-layout-column fusion_builder_column fusion-builder-column-0 fusion_builder_column_1_2 1_2 fusion-one-half fusion-column-first\" style=\"--awb-bg-size:cover;width:50%;width:calc(50% - ( ( 4% ) * 0.5 ) );margin-right: 4%;\"><div class=\"fusion-column-wrapper fusion-flex-column-wrapper-legacy\"><div class=\"fusion-text fusion-text-1 justificado\"><p><span style=\"font-weight: 400;\">La fabrication du papier est un processus complexe int\u00e9grant un grand nombre d\u2019\u00e9l\u00e9ments m\u00e9caniques \u00e0 lubrifier, soumis \u00e0 des conditions exigeantes, des hautes temp\u00e9ratures, la pr\u00e9sence d\u2019eau et de vapeur d\u2019eau, des charges, des vitesses, etc.<\/span><\/p>\n<p><span style=\"font-weight: 400;\">Brugarolas recherche et d\u00e9veloppe des lubrifiants offrant une solution sp\u00e9cifique \u00e0 ce type d\u2019installation avec un grand nombre de roulements, guides, engrenages ouverts, etc., soumis \u00e0 des conditions de fonctionnement extr\u00eames.<\/span><\/p>\n<\/div><div class=\"fusion-clearfix\"><\/div><\/div><\/div><div class=\"fusion-layout-column fusion_builder_column fusion-builder-column-1 fusion_builder_column_1_2 1_2 fusion-one-half fusion-column-last\" style=\"--awb-bg-size:cover;width:50%;width:calc(50% - ( ( 4% ) * 0.5 ) );\"><div class=\"fusion-column-wrapper fusion-flex-column-wrapper-legacy\"><div class=\"fusion-text fusion-text-2\"><div class=\"sdm_download_item \"><div class=\"sdm_download_item_top\"><div class=\"sdm_download_thumbnail\"><img decoding=\"async\" class=\"lazyload sdm_download_thumbnail_image\" src=\"data:image\/svg+xml,%3Csvg%20xmlns%3D%27http%3A%2F%2Fwww.w3.org%2F2000%2Fsvg%27%20width%3D%27208%27%20height%3D%27300%27%20viewBox%3D%270%200%20208%20300%27%3E%3Crect%20width%3D%27208%27%20height%3D%27300%27%20fill-opacity%3D%220%22%2F%3E%3C%2Fsvg%3E\" data-orig-src=\"https:\/\/brugarolas.com\/wp-content\/uploads\/002-carton.jpg\" alt = \"Onduleuses\" \/><\/div><div class=\"sdm_download_title\">Onduleuses<\/div><\/div><div style=\"clear:both;\"><\/div><div class=\"sdm_download_description\"><h4><\/h4>\n<p>Format: PDF<br \/>\nTaille: 1.93 MB<\/p>\n<\/div><div class=\"sdm_download_link\"><span class=\"sdm_download_button\"><span class=\"sdm_enter_password_label_text\">Saisir le mot de passe pour t\u00e9l\u00e9charger\u00a0:<\/span><form action=\"https:\/\/brugarolas.com\/fr\/\/?sdm_process_download=1&download_id=3912\" method=\"post\" id=\"sdm-pass-69e2a943774ed\" class=\"sdm-download-form\" target=\"_blank\"><input type=\"password\" name=\"pass_text\" class=\"sdm_pass_text\" value=\"\" \/> <span class=\"sdm-download-button\"><a href=\"#\" name=\"sdm_dl_pass_submit\" class=\"pass_sumbit sdm_pass_protected_download sdm_download_with_condition sdm_download green\">T\u00e9l\u00e9charger<\/a><\/span><input type=\"hidden\" name=\"download_id\" value=\"3912\" \/><\/form><\/span><\/div><\/div><div class=\"sdm_clear_float\"><\/div>\n<\/div><div class=\"fusion-clearfix\"><\/div><\/div><\/div><\/div><\/div><div class=\"fusion-fullwidth fullwidth-box fusion-builder-row-2 nonhundred-percent-fullwidth non-hundred-percent-height-scrolling fusion-equal-height-columns\" style=\"--awb-border-radius-top-left:0px;--awb-border-radius-top-right:0px;--awb-border-radius-bottom-right:0px;--awb-border-radius-bottom-left:0px;--awb-flex-wrap:wrap;\" ><div class=\"fusion-builder-row fusion-row\"><div class=\"fusion-layout-column fusion_builder_column fusion-builder-column-2 fusion_builder_column_1_2 1_2 fusion-one-half fusion-column-first\" style=\"--awb-bg-size:cover;width:50%;width:calc(50% - ( ( 4% ) * 0.5 ) );margin-right: 4%;\"><div class=\"fusion-column-wrapper fusion-flex-column-wrapper-legacy\"><div class=\"fusion-column-content-centered\"><div class=\"fusion-column-content\"><div class=\"fusion-text fusion-text-3\"><div class=\"sdm_download_item \"><div class=\"sdm_download_item_top\"><div class=\"sdm_download_thumbnail\"><img decoding=\"async\" class=\"lazyload sdm_download_thumbnail_image\" src=\"data:image\/svg+xml,%3Csvg%20xmlns%3D%27http%3A%2F%2Fwww.w3.org%2F2000%2Fsvg%27%20width%3D%27208%27%20height%3D%27300%27%20viewBox%3D%270%200%20208%20300%27%3E%3Crect%20width%3D%27208%27%20height%3D%27300%27%20fill-opacity%3D%220%22%2F%3E%3C%2Fsvg%3E\" data-orig-src=\"https:\/\/brugarolas.com\/wp-content\/uploads\/016-industria-papelera.jpg\" alt = \"Graisses pour l\u2019industrie du papier\" \/><\/div><div class=\"sdm_download_title\">Graisses pour l\u2019industrie du papier<\/div><\/div><div style=\"clear:both;\"><\/div><div class=\"sdm_download_description\"><h4><\/h4>\n<p>Format: PDF<br \/>\nTaille: 1,6MB<\/p>\n<\/div><div class=\"sdm_download_link\"><span class=\"sdm_download_button\"><span class=\"sdm_enter_password_label_text\">Saisir le mot de passe pour t\u00e9l\u00e9charger\u00a0:<\/span><form action=\"https:\/\/brugarolas.com\/fr\/\/?sdm_process_download=1&download_id=3885\" method=\"post\" id=\"sdm-pass-69e2a943791ac\" class=\"sdm-download-form\" target=\"_blank\"><input type=\"password\" name=\"pass_text\" class=\"sdm_pass_text\" value=\"\" \/> <span class=\"sdm-download-button\"><a href=\"#\" name=\"sdm_dl_pass_submit\" class=\"pass_sumbit sdm_pass_protected_download sdm_download_with_condition sdm_download green\">T\u00e9l\u00e9charger<\/a><\/span><input type=\"hidden\" name=\"download_id\" value=\"3885\" \/><\/form><\/span><\/div><\/div><div class=\"sdm_clear_float\"><\/div>\n<\/div><\/div><\/div><div class=\"fusion-clearfix\"><\/div><\/div><\/div><div class=\"fusion-layout-column fusion_builder_column fusion-builder-column-3 fusion_builder_column_1_2 1_2 fusion-one-half fusion-column-last\" style=\"--awb-bg-size:cover;width:50%;width:calc(50% - ( ( 4% ) * 0.5 ) );\"><div class=\"fusion-column-wrapper fusion-flex-column-wrapper-legacy\"><div class=\"fusion-column-content-centered\"><div class=\"fusion-column-content\"><div class=\"fusion-text fusion-text-4\"><div class=\"sdm_download_item \"><div class=\"sdm_download_item_top\"><div class=\"sdm_download_thumbnail\"><img decoding=\"async\" class=\"lazyload sdm_download_thumbnail_image\" src=\"data:image\/svg+xml,%3Csvg%20xmlns%3D%27http%3A%2F%2Fwww.w3.org%2F2000%2Fsvg%27%20width%3D%27302%27%20height%3D%27436%27%20viewBox%3D%270%200%20302%20436%27%3E%3Crect%20width%3D%27302%27%20height%3D%27436%27%20fill-opacity%3D%220%22%2F%3E%3C%2Fsvg%3E\" data-orig-src=\"https:\/\/brugarolas.com\/wp-content\/uploads\/beslux-fluor-en-1.jpg\" alt = \"Beslux Fluor\" \/><\/div><div class=\"sdm_download_title\">Beslux Fluor<\/div><\/div><div style=\"clear:both;\"><\/div><div class=\"sdm_download_description\"><h4>Lubricating the future<\/h4>\n<p>Format: PDF<br \/>\nTaille: 1,61 MB<\/p>\n<\/div><div class=\"sdm_download_link\"><span class=\"sdm_download_button\"><span class=\"sdm_enter_password_label_text\">Saisir le mot de passe pour t\u00e9l\u00e9charger\u00a0:<\/span><form action=\"https:\/\/brugarolas.com\/fr\/\/?sdm_process_download=1&download_id=9203\" method=\"post\" id=\"sdm-pass-69e2a9437a52a\" class=\"sdm-download-form\" target=\"_blank\"><input type=\"password\" name=\"pass_text\" class=\"sdm_pass_text\" value=\"\" \/> <span class=\"sdm-download-button\"><a href=\"#\" name=\"sdm_dl_pass_submit\" class=\"pass_sumbit sdm_pass_protected_download sdm_download_with_condition sdm_download green\">T\u00e9l\u00e9charger<\/a><\/span><input type=\"hidden\" name=\"download_id\" value=\"9203\" \/><\/form><\/span><\/div><\/div><div class=\"sdm_clear_float\"><\/div>\n<\/div><\/div><\/div><div class=\"fusion-clearfix\"><\/div><\/div><\/div><\/div><\/div><div class=\"fusion-fullwidth fullwidth-box fusion-builder-row-3 fusion-flex-container nonhundred-percent-fullwidth non-hundred-percent-height-scrolling\" style=\"--awb-border-radius-top-left:0px;--awb-border-radius-top-right:0px;--awb-border-radius-bottom-right:0px;--awb-border-radius-bottom-left:0px;--awb-flex-wrap:wrap;\" ><div class=\"fusion-builder-row fusion-row fusion-flex-align-items-flex-start fusion-flex-content-wrap\" style=\"max-width:1216.8px;margin-left: calc(-4% \/ 2 );margin-right: calc(-4% \/ 2 );\"><div class=\"fusion-layout-column fusion_builder_column fusion-builder-column-4 fusion_builder_column_1_4 1_4 fusion-flex-column\" style=\"--awb-bg-size:cover;--awb-width-large:25%;--awb-margin-top-large:0px;--awb-spacing-right-large:7.68%;--awb-margin-bottom-large:20px;--awb-spacing-left-large:7.68%;--awb-width-medium:100%;--awb-order-medium:0;--awb-spacing-right-medium:1.92%;--awb-spacing-left-medium:1.92%;--awb-width-small:100%;--awb-order-small:0;--awb-spacing-right-small:1.92%;--awb-spacing-left-small:1.92%;\"><div class=\"fusion-column-wrapper fusion-column-has-shadow fusion-flex-justify-content-flex-start fusion-content-layout-column\"><\/div><\/div><div class=\"fusion-layout-column fusion_builder_column fusion-builder-column-5 fusion_builder_column_1_2 1_2 fusion-flex-column\" style=\"--awb-bg-size:cover;--awb-width-large:50%;--awb-margin-top-large:0px;--awb-spacing-right-large:3.84%;--awb-margin-bottom-large:20px;--awb-spacing-left-large:3.84%;--awb-width-medium:100%;--awb-order-medium:0;--awb-spacing-right-medium:1.92%;--awb-spacing-left-medium:1.92%;--awb-width-small:100%;--awb-order-small:0;--awb-spacing-right-small:1.92%;--awb-spacing-left-small:1.92%;\"><div class=\"fusion-column-wrapper fusion-column-has-shadow fusion-flex-justify-content-flex-start fusion-content-layout-column\"><div class=\"fusion-reading-box-container reading-box-container-1 fusion-animated\" style=\"--awb-title-color:#333333;--awb-margin-top:0px;--awb-margin-bottom:84px;\" data-animationType=\"fadeInUp\" data-animationDuration=\"0.3\" data-animationOffset=\"top-into-view\"><div class=\"reading-box reading-box-center\" style=\"background-color:#f6f6f6;border-width:1px;border-color:#009a44;border-bottom-width:3px;border-bottom-color:var(--primary_color);border-style:solid;\"><h2>Si vous d\u00e9sirez plus d\u2019informations<\/h2><a class=\"button fusion-button button-default fusion-button-default-size button-default-size button-flat fusion-mobile-button continue-center\" style=\"-webkit-box-shadow:none;-moz-box-shadow:none;box-shadow:none;border-radius:2px 2px 2px 2px\" href=\"\/fr\/service-qualite\/\" target=\"_self\"><span>Contactez-nous<\/span><\/a><\/div><\/div><\/div><\/div><div class=\"fusion-layout-column fusion_builder_column fusion-builder-column-6 fusion_builder_column_1_4 1_4 fusion-flex-column\" style=\"--awb-bg-size:cover;--awb-width-large:25%;--awb-margin-top-large:0px;--awb-spacing-right-large:7.68%;--awb-margin-bottom-large:20px;--awb-spacing-left-large:7.68%;--awb-width-medium:100%;--awb-order-medium:0;--awb-spacing-right-medium:1.92%;--awb-spacing-left-medium:1.92%;--awb-width-small:100%;--awb-order-small:0;--awb-spacing-right-small:1.92%;--awb-spacing-left-small:1.92%;\"><div class=\"fusion-column-wrapper fusion-column-has-shadow fusion-flex-justify-content-flex-start fusion-content-layout-column\"><\/div><\/div><\/div><\/div><\/p>\n","protected":false},"excerpt":{"rendered":"","protected":false},"author":1,"featured_media":0,"parent":0,"menu_order":0,"comment_status":"closed","ping_status":"closed","template":"","meta":{"footnotes":""},"class_list":["post-3959","page","type-page","status-publish","hentry"],"yoast_head":"<!-- This site is optimized with the Yoast SEO plugin v27.4 - https:\/\/yoast.com\/product\/yoast-seo-wordpress\/ -->\n<title>Lubrifiants pour l\u2019industrie du papier - Brugarolas fabricante de lubricantes industriales<\/title>\n<meta name=\"robots\" content=\"index, follow, max-snippet:-1, max-image-preview:large, max-video-preview:-1\" \/>\n<link rel=\"canonical\" href=\"https:\/\/brugarolas.com\/fr\/lubrifiants-industrie-papier\/\" \/>\n<meta property=\"og:locale\" content=\"fr_FR\" \/>\n<meta property=\"og:type\" content=\"article\" \/>\n<meta property=\"og:title\" content=\"Lubrifiants pour l\u2019industrie du papier - Brugarolas fabricante de lubricantes industriales\" \/>\n<meta property=\"og:url\" content=\"https:\/\/brugarolas.com\/fr\/lubrifiants-industrie-papier\/\" \/>\n<meta property=\"og:site_name\" content=\"Brugarolas fabricante de lubricantes industriales\" \/>\n<meta property=\"article:modified_time\" content=\"2021-02-05T14:17:32+00:00\" \/>\n<meta name=\"twitter:card\" content=\"summary_large_image\" \/>\n<meta name=\"twitter:label1\" content=\"Dur\u00e9e de lecture estim\u00e9e\" \/>\n\t<meta name=\"twitter:data1\" content=\"9 minutes\" \/>\n<script type=\"application\/ld+json\" class=\"yoast-schema-graph\">{\"@context\":\"https:\\\/\\\/schema.org\",\"@graph\":[{\"@type\":\"WebPage\",\"@id\":\"https:\\\/\\\/brugarolas.com\\\/fr\\\/lubrifiants-industrie-papier\\\/\",\"url\":\"https:\\\/\\\/brugarolas.com\\\/fr\\\/lubrifiants-industrie-papier\\\/\",\"name\":\"Lubrifiants pour l\u2019industrie du papier - Brugarolas fabricante de lubricantes industriales\",\"isPartOf\":{\"@id\":\"https:\\\/\\\/brugarolas.com\\\/fr\\\/#website\"},\"datePublished\":\"2019-03-11T17:09:42+00:00\",\"dateModified\":\"2021-02-05T14:17:32+00:00\",\"breadcrumb\":{\"@id\":\"https:\\\/\\\/brugarolas.com\\\/fr\\\/lubrifiants-industrie-papier\\\/#breadcrumb\"},\"inLanguage\":\"fr-FR\",\"potentialAction\":[{\"@type\":\"ReadAction\",\"target\":[\"https:\\\/\\\/brugarolas.com\\\/fr\\\/lubrifiants-industrie-papier\\\/\"]}]},{\"@type\":\"BreadcrumbList\",\"@id\":\"https:\\\/\\\/brugarolas.com\\\/fr\\\/lubrifiants-industrie-papier\\\/#breadcrumb\",\"itemListElement\":[{\"@type\":\"ListItem\",\"position\":1,\"name\":\"Portada\",\"item\":\"https:\\\/\\\/brugarolas.com\\\/fr\\\/\"},{\"@type\":\"ListItem\",\"position\":2,\"name\":\"Lubrifiants pour l\u2019industrie du papier\"}]},{\"@type\":\"WebSite\",\"@id\":\"https:\\\/\\\/brugarolas.com\\\/fr\\\/#website\",\"url\":\"https:\\\/\\\/brugarolas.com\\\/fr\\\/\",\"name\":\"Brugarolas fabricante de lubricantes industriales\",\"description\":\"\",\"publisher\":{\"@id\":\"https:\\\/\\\/brugarolas.com\\\/fr\\\/#organization\"},\"potentialAction\":[{\"@type\":\"SearchAction\",\"target\":{\"@type\":\"EntryPoint\",\"urlTemplate\":\"https:\\\/\\\/brugarolas.com\\\/fr\\\/?s={search_term_string}\"},\"query-input\":{\"@type\":\"PropertyValueSpecification\",\"valueRequired\":true,\"valueName\":\"search_term_string\"}}],\"inLanguage\":\"fr-FR\"},{\"@type\":\"Organization\",\"@id\":\"https:\\\/\\\/brugarolas.com\\\/fr\\\/#organization\",\"name\":\"Brugarolas, S.A.\",\"url\":\"https:\\\/\\\/brugarolas.com\\\/fr\\\/\",\"logo\":{\"@type\":\"ImageObject\",\"inLanguage\":\"fr-FR\",\"@id\":\"https:\\\/\\\/brugarolas.com\\\/fr\\\/#\\\/schema\\\/logo\\\/image\\\/\",\"url\":\"https:\\\/\\\/brugarolas.com\\\/wp-content\\\/uploads\\\/brugarolas-retina-mobile-1.png\",\"contentUrl\":\"https:\\\/\\\/brugarolas.com\\\/wp-content\\\/uploads\\\/brugarolas-retina-mobile-1.png\",\"width\":640,\"height\":135,\"caption\":\"Brugarolas, S.A.\"},\"image\":{\"@id\":\"https:\\\/\\\/brugarolas.com\\\/fr\\\/#\\\/schema\\\/logo\\\/image\\\/\"}}]}<\/script>\n<!-- \/ Yoast SEO plugin. -->","yoast_head_json":{"title":"Lubrifiants pour l\u2019industrie du papier - Brugarolas fabricante de lubricantes industriales","robots":{"index":"index","follow":"follow","max-snippet":"max-snippet:-1","max-image-preview":"max-image-preview:large","max-video-preview":"max-video-preview:-1"},"canonical":"https:\/\/brugarolas.com\/fr\/lubrifiants-industrie-papier\/","og_locale":"fr_FR","og_type":"article","og_title":"Lubrifiants pour l\u2019industrie du papier - Brugarolas fabricante de lubricantes industriales","og_url":"https:\/\/brugarolas.com\/fr\/lubrifiants-industrie-papier\/","og_site_name":"Brugarolas fabricante de lubricantes industriales","article_modified_time":"2021-02-05T14:17:32+00:00","twitter_card":"summary_large_image","twitter_misc":{"Dur\u00e9e de lecture estim\u00e9e":"9 minutes"},"schema":{"@context":"https:\/\/schema.org","@graph":[{"@type":"WebPage","@id":"https:\/\/brugarolas.com\/fr\/lubrifiants-industrie-papier\/","url":"https:\/\/brugarolas.com\/fr\/lubrifiants-industrie-papier\/","name":"Lubrifiants pour l\u2019industrie du papier - Brugarolas fabricante de lubricantes industriales","isPartOf":{"@id":"https:\/\/brugarolas.com\/fr\/#website"},"datePublished":"2019-03-11T17:09:42+00:00","dateModified":"2021-02-05T14:17:32+00:00","breadcrumb":{"@id":"https:\/\/brugarolas.com\/fr\/lubrifiants-industrie-papier\/#breadcrumb"},"inLanguage":"fr-FR","potentialAction":[{"@type":"ReadAction","target":["https:\/\/brugarolas.com\/fr\/lubrifiants-industrie-papier\/"]}]},{"@type":"BreadcrumbList","@id":"https:\/\/brugarolas.com\/fr\/lubrifiants-industrie-papier\/#breadcrumb","itemListElement":[{"@type":"ListItem","position":1,"name":"Portada","item":"https:\/\/brugarolas.com\/fr\/"},{"@type":"ListItem","position":2,"name":"Lubrifiants pour l\u2019industrie du papier"}]},{"@type":"WebSite","@id":"https:\/\/brugarolas.com\/fr\/#website","url":"https:\/\/brugarolas.com\/fr\/","name":"Brugarolas fabricante de lubricantes industriales","description":"","publisher":{"@id":"https:\/\/brugarolas.com\/fr\/#organization"},"potentialAction":[{"@type":"SearchAction","target":{"@type":"EntryPoint","urlTemplate":"https:\/\/brugarolas.com\/fr\/?s={search_term_string}"},"query-input":{"@type":"PropertyValueSpecification","valueRequired":true,"valueName":"search_term_string"}}],"inLanguage":"fr-FR"},{"@type":"Organization","@id":"https:\/\/brugarolas.com\/fr\/#organization","name":"Brugarolas, S.A.","url":"https:\/\/brugarolas.com\/fr\/","logo":{"@type":"ImageObject","inLanguage":"fr-FR","@id":"https:\/\/brugarolas.com\/fr\/#\/schema\/logo\/image\/","url":"https:\/\/brugarolas.com\/wp-content\/uploads\/brugarolas-retina-mobile-1.png","contentUrl":"https:\/\/brugarolas.com\/wp-content\/uploads\/brugarolas-retina-mobile-1.png","width":640,"height":135,"caption":"Brugarolas, S.A."},"image":{"@id":"https:\/\/brugarolas.com\/fr\/#\/schema\/logo\/image\/"}}]}},"_links":{"self":[{"href":"https:\/\/brugarolas.com\/fr\/wp-json\/wp\/v2\/pages\/3959","targetHints":{"allow":["GET"]}}],"collection":[{"href":"https:\/\/brugarolas.com\/fr\/wp-json\/wp\/v2\/pages"}],"about":[{"href":"https:\/\/brugarolas.com\/fr\/wp-json\/wp\/v2\/types\/page"}],"author":[{"embeddable":true,"href":"https:\/\/brugarolas.com\/fr\/wp-json\/wp\/v2\/users\/1"}],"replies":[{"embeddable":true,"href":"https:\/\/brugarolas.com\/fr\/wp-json\/wp\/v2\/comments?post=3959"}],"version-history":[{"count":3,"href":"https:\/\/brugarolas.com\/fr\/wp-json\/wp\/v2\/pages\/3959\/revisions"}],"predecessor-version":[{"id":9296,"href":"https:\/\/brugarolas.com\/fr\/wp-json\/wp\/v2\/pages\/3959\/revisions\/9296"}],"wp:attachment":[{"href":"https:\/\/brugarolas.com\/fr\/wp-json\/wp\/v2\/media?parent=3959"}],"curies":[{"name":"wp","href":"https:\/\/api.w.org\/{rel}","templated":true}]}}