{"id":3990,"date":"2019-03-12T16:15:46","date_gmt":"2019-03-12T15:15:46","guid":{"rendered":"https:\/\/brugarolas.com\/aviso-legal\/"},"modified":"2019-07-30T18:19:00","modified_gmt":"2019-07-30T16:19:00","slug":"note-legale","status":"publish","type":"page","link":"https:\/\/brugarolas.com\/fr\/note-legale\/","title":{"rendered":"Note l\u00e9gale"},"content":{"rendered":"<div class=\"fusion-fullwidth fullwidth-box fusion-builder-row-1 nonhundred-percent-fullwidth non-hundred-percent-height-scrolling\" style=\"--awb-border-radius-top-left:0px;--awb-border-radius-top-right:0px;--awb-border-radius-bottom-right:0px;--awb-border-radius-bottom-left:0px;--awb-flex-wrap:wrap;\" ><div class=\"fusion-builder-row fusion-row\"><div class=\"fusion-layout-column fusion_builder_column fusion-builder-column-0 fusion_builder_column_1_1 1_1 fusion-one-full fusion-column-first fusion-column-last\" style=\"--awb-bg-size:cover;--awb-margin-bottom:0px;\"><div class=\"fusion-column-wrapper fusion-flex-column-wrapper-legacy\"><div class=\"fusion-text fusion-text-1\"><div class=\"justificado\">\n<p>BRUGAROLAS, S.A. Est la soci\u00e9t\u00e9 titulaire de ce site internet. Afin de respecter la loi 34\/2002 relatif au Services de la Soci\u00e9t\u00e9 d&rsquo;Information et de Commerce \u00e9lectronique, les donn\u00e9es d&rsquo;identification de l&rsquo;Etreprise sont expos\u00e9es ci-apr\u00e8s: <strong>BRUGAROLAS, S.A.<\/strong><br \/>\nA08068306<br \/>\nCam\u00ed de la Riera, 36-44<br \/>\nPol\u00edgono Industrial Cova Solera<br \/>\n08191 Rub\u00ed \u2013 Barcelone, Espagne<br \/>\nT\u00e9l\u00e9phone +34 935 883 100<\/p>\n<p>Inscrite au registre du commerce de Barcelone, Livre 584-150, Section\u00a02, Feuillet\u00a0142, Feuille\u00a02067, Premi\u00e8re inscription le 26\/04\/1949<\/p>\n<div class=\"wpb_row vc_row-fluid\">\n<div class=\"vc_span12 wpb_column column_container\">\n<div class=\"wpb_wrapper\">\n<div class=\"row moduletitle\">\n<div class=\"titletext\">\n<h2>1.- Conditions d\u2019utilisation<\/h2>\n<\/div>\n<\/div>\n<\/div>\n<\/div>\n<\/div>\n<p>L\u2019utilisateur s\u2019engage \u00e0 utiliser exclusivement les informations contenues sur le pr\u00e9sent site internet pour ses besoins et \u00e0 ne pas exploiter, directement ou indirectement, \u00e0 des fins commerciales, le contenu et les services auxquels il a acc\u00e8s. L\u2019utilisateur a le droit d\u2019acc\u00e9der librement t gratuitement aux informations publiques que celui-ci contient, mais BRUGAROLAS se r\u00e9serve le droit de restreindre l\u2019acc\u00e8s \u00e0 certaines sections et services du Portail. BRUGAROLAS \u00e0 l\u2019intention d\u2019offrir, \u00e0 tout moment, des informations v\u00e9ridiques et actualis\u00e9es. Cependant, ces informations peuvent contenir des incorrections typographiques ou techniques, et BRUGAROLAS n\u2019est pas responsable de la justesse des informations contenues sur le site internet.<\/p>\n<div class=\"wpb_row vc_row-fluid\">\n<div class=\"vc_span12 wpb_column column_container\">\n<div class=\"wpb_wrapper\">\n<div class=\"row moduletitle\">\n<div class=\"titletext\">\n<h2>2.- Liens (Links)<\/h2>\n<\/div>\n<\/div>\n<\/div>\n<\/div>\n<\/div>\n<p>Ce site internet peut proposer diff\u00e9rents liens vers d\u2019autres pages internet de tiers, dont le contenu peut varier, rapidement, en raison des caract\u00e9ristiques d\u2019Internet. Par cons\u00e9quent, BRUGAROLAS n\u2019est pas tenu responsable des informations, services et du contenu en g\u00e9n\u00e9ral desdites pages internet de tiers.<\/p>\n<p>Toute page externe \u00e0 laquelle l\u2019utilisateur acc\u00e8de depuis la page de BRUGAROLAS est ind\u00e9pendante, et BRUGAROLAS COLON n\u2019a aucun contr\u00f4le sur le contenu de cette page. Qui plus est, un lien vers toute autre page n\u2019appartenant pas \u00e0 BRUGAROLAS ne signifie pas que l\u2019entreprise endosse ou accepte la responsabilit\u00e9 de son contenu ou utilisation.<\/p>\n<p>Si BRUGAROLAS avait connaissance que l\u2019activit\u00e9 ou l\u2019information vers laquelle renvoient ces liens est illicite, constitue un d\u00e9lit ou peut porter pr\u00e9judice aux biens et droits de tiers susceptibles d\u2019entra\u00eener une indemnisation, BRUGAROLAS agirait avec la diligence n\u00e9cessaire pour supprimer ou d\u00e9sactiver le lien correspondant dans les plus brefs d\u00e9lais.<\/p>\n<div class=\"wpb_row vc_row-fluid\">\n<div class=\"vc_span12 wpb_column column_container\">\n<div class=\"wpb_wrapper\">\n<div class=\"row moduletitle\">\n<div class=\"titletext\">\n<h2>3.- Droits de propri\u00e9t\u00e9 intellectuelle et industrielle<\/h2>\n<\/div>\n<\/div>\n<\/div>\n<\/div>\n<\/div>\n<p>Les droits relatifs \u00e0 la propri\u00e9t\u00e9 industrielle et intellectuelle (comme, \u00e0 titre indicatif, mais non limitatif, les marques, les logos, les textes, les photos, les ic\u00f4nes, les images, etc., ainsi que le design, le code source et tous les \u00e9l\u00e9ments qui composent cette page internet), sont la propri\u00e9t\u00e9 de BRUGAROLAS. Par cons\u00e9quent, ils sont soumis aux droits de propri\u00e9t\u00e9 intellectuelle et industrielle prot\u00e9g\u00e9s par la loi espagnole et internationale.<\/p>\n<p>Sans autorisation pr\u00e9alable \u00e9crite de BRUGAROLAS, il est interdit d\u2019utiliser, reproduire, transmettre, manipuler ou faire un autre usage que l\u2019utilisation n\u00e9cessaire \u00e0 la visite de la page et l\u2019utilisation des services propos\u00e9s. L\u2019acc\u00e8s aux services fournis ne suppose pas que BRUGAROLAS renonce, transmet, c\u00e8de totalement ou partiellement les droits d\u00e9riv\u00e9s de la propri\u00e9t\u00e9 intellectuelle et industrielle, accorde des droits d\u2019utilisation, modification, exploitation, reproduction, distribution ou communication publique de leurs contenus sans une autorisation \u00e9crite, expresse et pr\u00e9alable des titulaires respectifs desdits droits, sans pr\u00e9judice aucun du droit de visualisation et d\u2019obtention d\u2019une copie de s\u00e9curit\u00e9 priv\u00e9e des contenus, \u00e0 condition que ce droit s\u2019exerce selon les principes de bonne foi et que la propri\u00e9t\u00e9 intellectuelle et industrielle du titulaire des droits soit pr\u00e9serv\u00e9e, et qu\u2019il soit utilis\u00e9 sans fins commerciales et exclusivement pour l\u2019information personnelle de l\u2019utilisateur. La responsabilit\u00e9 d\u00e9riv\u00e9e de l\u2019utilisation des \u00e9l\u00e9ments prot\u00e9g\u00e9s par les droits de propri\u00e9t\u00e9 intellectuelle et industrielle contenus sur cette page reviendra uniquement \u00e0 l\u2019utilisateur.<\/p>\n<div class=\"wpb_row vc_row-fluid\">\n<div class=\"vc_span12 wpb_column column_container\">\n<div class=\"wpb_wrapper\">\n<div class=\"row moduletitle\">\n<div class=\"titletext\">\n<h2>4.- \u00c9thique et responsabilit\u00e9 de l\u2019utilisateur de la page internet de l\u2019entreprise:<\/h2>\n<\/div>\n<\/div>\n<\/div>\n<\/div>\n<\/div>\n<p>BRUGAROLAS ne sera en aucun cas tenu responsable de l\u2019utilisation du site internet de l\u2019entreprise qu\u2019en fait l\u2019utilisateur. L\u2019utilisateur s&rsquo;abstiendra de r\u00e9aliser quelconque activit\u00e9 dans l\u2019utilisation du site internet ou des ressources mises \u00e0 sa disposition qui pourrait porter atteinte aux droits de propri\u00e9t\u00e9 intellectuelle ou industrielle de BRUGAROLAS ou de tiers, qui enfreindrait l\u2019honneur, la vie priv\u00e9e ou familiale ou l\u2019image de tiers, ou qui serait illicite ou porterait atteinte \u00e0 la moralit\u00e9, et d\u00e9gagera quoi qu\u2019il en soit BRUGAROLAS de toute r\u00e9clamation, l\u00e9gale ou extra-l\u00e9gale qui pourrait se pr\u00e9senter \u00e0 la suite de ladite utilisation. L\u2019utilisateur s\u2019abstiendra d&rsquo;effectuer par quelque moyen que ce soit toute destruction, alt\u00e9ration, inutilisation ou dommage des donn\u00e9es, programmes et documents \u00e9lectroniques appartenant \u00e0 BRUGAROLAS, ainsi que l\u2019introduction ou la diffusion sur le R\u00e9seau de programmes, virus, applets ou tout instrument physique ou \u00e9lectronique entra\u00eenant ou susceptibles d\u2019entra\u00eener une alt\u00e9ration du R\u00e9seau, du syst\u00e8me ou des \u00e9quipements de tiers.<\/p>\n<div class=\"wpb_row vc_row-fluid\">\n<div class=\"vc_span12 wpb_column column_container\">\n<div class=\"wpb_wrapper\">\n<div class=\"row moduletitle\">\n<div class=\"titletext\">\n<h2>5.- Loi applicable \u2013 Jurisdiction<\/h2>\n<\/div>\n<\/div>\n<\/div>\n<\/div>\n<\/div>\n<p>Toute controverse ou divergence li\u00e9e au pr\u00e9sent site internet sera soumise \u00e0 la l\u00e9gislation espagnole et port\u00e9e exclusivement devant les tribunaux de Barcelone.<\/p>\n<\/div>\n<\/div><div class=\"fusion-clearfix\"><\/div><\/div><\/div><\/div><\/div>\n","protected":false},"excerpt":{"rendered":"","protected":false},"author":1,"featured_media":0,"parent":0,"menu_order":0,"comment_status":"closed","ping_status":"closed","template":"","meta":{"footnotes":""},"class_list":["post-3990","page","type-page","status-publish","hentry"],"yoast_head":"<!-- This site is optimized with the Yoast SEO plugin v27.4 - https:\/\/yoast.com\/product\/yoast-seo-wordpress\/ -->\n<title>Note l\u00e9gale - Brugarolas fabricante de lubricantes industriales<\/title>\n<meta name=\"robots\" content=\"index, follow, max-snippet:-1, max-image-preview:large, max-video-preview:-1\" \/>\n<link rel=\"canonical\" href=\"https:\/\/brugarolas.com\/fr\/note-legale\/\" \/>\n<meta property=\"og:locale\" content=\"fr_FR\" \/>\n<meta property=\"og:type\" content=\"article\" \/>\n<meta property=\"og:title\" content=\"Note l\u00e9gale - Brugarolas fabricante de lubricantes industriales\" \/>\n<meta property=\"og:url\" content=\"https:\/\/brugarolas.com\/fr\/note-legale\/\" \/>\n<meta property=\"og:site_name\" content=\"Brugarolas fabricante de lubricantes industriales\" \/>\n<meta property=\"article:modified_time\" content=\"2019-07-30T16:19:00+00:00\" \/>\n<meta name=\"twitter:card\" content=\"summary_large_image\" \/>\n<meta name=\"twitter:label1\" content=\"Dur\u00e9e de lecture estim\u00e9e\" \/>\n\t<meta name=\"twitter:data1\" content=\"5 minutes\" \/>\n<script type=\"application\/ld+json\" class=\"yoast-schema-graph\">{\"@context\":\"https:\\\/\\\/schema.org\",\"@graph\":[{\"@type\":\"WebPage\",\"@id\":\"https:\\\/\\\/brugarolas.com\\\/fr\\\/note-legale\\\/\",\"url\":\"https:\\\/\\\/brugarolas.com\\\/fr\\\/note-legale\\\/\",\"name\":\"Note l\u00e9gale - Brugarolas fabricante de lubricantes industriales\",\"isPartOf\":{\"@id\":\"https:\\\/\\\/brugarolas.com\\\/fr\\\/#website\"},\"datePublished\":\"2019-03-12T15:15:46+00:00\",\"dateModified\":\"2019-07-30T16:19:00+00:00\",\"breadcrumb\":{\"@id\":\"https:\\\/\\\/brugarolas.com\\\/fr\\\/note-legale\\\/#breadcrumb\"},\"inLanguage\":\"fr-FR\",\"potentialAction\":[{\"@type\":\"ReadAction\",\"target\":[\"https:\\\/\\\/brugarolas.com\\\/fr\\\/note-legale\\\/\"]}]},{\"@type\":\"BreadcrumbList\",\"@id\":\"https:\\\/\\\/brugarolas.com\\\/fr\\\/note-legale\\\/#breadcrumb\",\"itemListElement\":[{\"@type\":\"ListItem\",\"position\":1,\"name\":\"Portada\",\"item\":\"https:\\\/\\\/brugarolas.com\\\/fr\\\/\"},{\"@type\":\"ListItem\",\"position\":2,\"name\":\"Note l\u00e9gale\"}]},{\"@type\":\"WebSite\",\"@id\":\"https:\\\/\\\/brugarolas.com\\\/fr\\\/#website\",\"url\":\"https:\\\/\\\/brugarolas.com\\\/fr\\\/\",\"name\":\"Brugarolas fabricante de lubricantes industriales\",\"description\":\"\",\"publisher\":{\"@id\":\"https:\\\/\\\/brugarolas.com\\\/fr\\\/#organization\"},\"potentialAction\":[{\"@type\":\"SearchAction\",\"target\":{\"@type\":\"EntryPoint\",\"urlTemplate\":\"https:\\\/\\\/brugarolas.com\\\/fr\\\/?s={search_term_string}\"},\"query-input\":{\"@type\":\"PropertyValueSpecification\",\"valueRequired\":true,\"valueName\":\"search_term_string\"}}],\"inLanguage\":\"fr-FR\"},{\"@type\":\"Organization\",\"@id\":\"https:\\\/\\\/brugarolas.com\\\/fr\\\/#organization\",\"name\":\"Brugarolas, S.A.\",\"url\":\"https:\\\/\\\/brugarolas.com\\\/fr\\\/\",\"logo\":{\"@type\":\"ImageObject\",\"inLanguage\":\"fr-FR\",\"@id\":\"https:\\\/\\\/brugarolas.com\\\/fr\\\/#\\\/schema\\\/logo\\\/image\\\/\",\"url\":\"https:\\\/\\\/brugarolas.com\\\/wp-content\\\/uploads\\\/brugarolas-retina-mobile-1.png\",\"contentUrl\":\"https:\\\/\\\/brugarolas.com\\\/wp-content\\\/uploads\\\/brugarolas-retina-mobile-1.png\",\"width\":640,\"height\":135,\"caption\":\"Brugarolas, S.A.\"},\"image\":{\"@id\":\"https:\\\/\\\/brugarolas.com\\\/fr\\\/#\\\/schema\\\/logo\\\/image\\\/\"}}]}<\/script>\n<!-- \/ Yoast SEO plugin. -->","yoast_head_json":{"title":"Note l\u00e9gale - Brugarolas fabricante de lubricantes industriales","robots":{"index":"index","follow":"follow","max-snippet":"max-snippet:-1","max-image-preview":"max-image-preview:large","max-video-preview":"max-video-preview:-1"},"canonical":"https:\/\/brugarolas.com\/fr\/note-legale\/","og_locale":"fr_FR","og_type":"article","og_title":"Note l\u00e9gale - Brugarolas fabricante de lubricantes industriales","og_url":"https:\/\/brugarolas.com\/fr\/note-legale\/","og_site_name":"Brugarolas fabricante de lubricantes industriales","article_modified_time":"2019-07-30T16:19:00+00:00","twitter_card":"summary_large_image","twitter_misc":{"Dur\u00e9e de lecture estim\u00e9e":"5 minutes"},"schema":{"@context":"https:\/\/schema.org","@graph":[{"@type":"WebPage","@id":"https:\/\/brugarolas.com\/fr\/note-legale\/","url":"https:\/\/brugarolas.com\/fr\/note-legale\/","name":"Note l\u00e9gale - Brugarolas fabricante de lubricantes industriales","isPartOf":{"@id":"https:\/\/brugarolas.com\/fr\/#website"},"datePublished":"2019-03-12T15:15:46+00:00","dateModified":"2019-07-30T16:19:00+00:00","breadcrumb":{"@id":"https:\/\/brugarolas.com\/fr\/note-legale\/#breadcrumb"},"inLanguage":"fr-FR","potentialAction":[{"@type":"ReadAction","target":["https:\/\/brugarolas.com\/fr\/note-legale\/"]}]},{"@type":"BreadcrumbList","@id":"https:\/\/brugarolas.com\/fr\/note-legale\/#breadcrumb","itemListElement":[{"@type":"ListItem","position":1,"name":"Portada","item":"https:\/\/brugarolas.com\/fr\/"},{"@type":"ListItem","position":2,"name":"Note l\u00e9gale"}]},{"@type":"WebSite","@id":"https:\/\/brugarolas.com\/fr\/#website","url":"https:\/\/brugarolas.com\/fr\/","name":"Brugarolas fabricante de lubricantes industriales","description":"","publisher":{"@id":"https:\/\/brugarolas.com\/fr\/#organization"},"potentialAction":[{"@type":"SearchAction","target":{"@type":"EntryPoint","urlTemplate":"https:\/\/brugarolas.com\/fr\/?s={search_term_string}"},"query-input":{"@type":"PropertyValueSpecification","valueRequired":true,"valueName":"search_term_string"}}],"inLanguage":"fr-FR"},{"@type":"Organization","@id":"https:\/\/brugarolas.com\/fr\/#organization","name":"Brugarolas, S.A.","url":"https:\/\/brugarolas.com\/fr\/","logo":{"@type":"ImageObject","inLanguage":"fr-FR","@id":"https:\/\/brugarolas.com\/fr\/#\/schema\/logo\/image\/","url":"https:\/\/brugarolas.com\/wp-content\/uploads\/brugarolas-retina-mobile-1.png","contentUrl":"https:\/\/brugarolas.com\/wp-content\/uploads\/brugarolas-retina-mobile-1.png","width":640,"height":135,"caption":"Brugarolas, S.A."},"image":{"@id":"https:\/\/brugarolas.com\/fr\/#\/schema\/logo\/image\/"}}]}},"_links":{"self":[{"href":"https:\/\/brugarolas.com\/fr\/wp-json\/wp\/v2\/pages\/3990","targetHints":{"allow":["GET"]}}],"collection":[{"href":"https:\/\/brugarolas.com\/fr\/wp-json\/wp\/v2\/pages"}],"about":[{"href":"https:\/\/brugarolas.com\/fr\/wp-json\/wp\/v2\/types\/page"}],"author":[{"embeddable":true,"href":"https:\/\/brugarolas.com\/fr\/wp-json\/wp\/v2\/users\/1"}],"replies":[{"embeddable":true,"href":"https:\/\/brugarolas.com\/fr\/wp-json\/wp\/v2\/comments?post=3990"}],"version-history":[{"count":2,"href":"https:\/\/brugarolas.com\/fr\/wp-json\/wp\/v2\/pages\/3990\/revisions"}],"predecessor-version":[{"id":3992,"href":"https:\/\/brugarolas.com\/fr\/wp-json\/wp\/v2\/pages\/3990\/revisions\/3992"}],"wp:attachment":[{"href":"https:\/\/brugarolas.com\/fr\/wp-json\/wp\/v2\/media?parent=3990"}],"curies":[{"name":"wp","href":"https:\/\/api.w.org\/{rel}","templated":true}]}}