{"id":3995,"date":"2019-03-12T16:36:18","date_gmt":"2019-03-12T15:36:18","guid":{"rendered":"https:\/\/brugarolas.com\/politica-de-cookies\/"},"modified":"2019-07-30T18:31:40","modified_gmt":"2019-07-30T16:31:40","slug":"politique-de-cookies","status":"publish","type":"page","link":"https:\/\/brugarolas.com\/fr\/politique-de-cookies\/","title":{"rendered":"Politique de cookies"},"content":{"rendered":"<div class=\"justificado\">\n<h3>Utilisation des cookies<\/h3>\n<p>Notre site internet utilise ses propres cookies et ceux de tiers (Google Analytics) pour am\u00e9liorer l&rsquo;exp\u00e9rience de l&rsquo;utilisateur et recueillir des donn\u00e9es statistiques sur l&rsquo;utilisation que font les utilisateurs de notre site internet . Les cookies sont uniquement associ\u00e9s au navigateur que vous utilisez, de fa\u00e7on \u00e0 ce qu&rsquo;aucune donn\u00e9e personnelle concernant l&rsquo;utilisateur qui entre sur le site ne soit conserv\u00e9e. Vous pouvez configurer votre navigateur pour qu&rsquo;il vous notifie et\/ou refuse l&rsquo;installation des cookies sans que cela ait d&rsquo;incidence sur l&rsquo;acc\u00e8s aux diff\u00e9rentes parties du site web, \u00e0 l&rsquo;exception du chat du service technique.<\/p>\n<p>Si vous naviguez sur notre site, vous acceptez l&rsquo;utilisation des cookies aux conditions \u00e9tablies par cette Politique en mati\u00e8re de Cookies. Cette politique peut \u00eatre actualis\u00e9e \u00e0 tout moment, nous vous invitons donc \u00e0 la relire r\u00e9guli\u00e8rement.<\/p>\n<h3>Que sont les cookies\u00a0?<\/h3>\n<p>Les cookies sont des petits fichiers contenant des donn\u00e9es que le serveur internet envoie aux sites internet que vous visitez, et qui permettent de les conserver. Ils sont uniquement associ\u00e9s \u00e0 votre navigateur et ne fournissent aucune donn\u00e9e personnelle. Les cookies ne peuvent pas endommager votre appareil et sont \u00e9galement tr\u00e8s utiles puisqu&rsquo;ils nous permettent d&rsquo;identifier et de r\u00e9soudre des erreurs.<\/p>\n<p>Si vous souhaitez obtenir plus d&rsquo;informations sur leur fonctionnement, rendez-vous sur <a href=\"http:\/\/www.allaboutcookies.org\" target=\"_blank\" rel=\"noopener noreferrer\"><strong>www.allaboutcookies.org <\/strong><\/a>y <a href=\"http:\/\/www.youronlinechoices.eu\/es\/\" target=\"_blank\" rel=\"noopener noreferrer\"><strong>www.youronlinechoices.eu<\/strong><\/a><\/p>\n<h3>Configuration des cookies<\/h3>\n<p>Vous pouvez consulter les \u00e9tapes \u00e0 r\u00e9aliser pour d\u00e9sactiver l&rsquo;installation de cookies dans la section \u00ab\u00a0Aide\u00a0\u00bb de votre navigateur\u00a0: Microsoft Internet Explorer, Google Chrome, Safari, Mozilla Firefox et Opera.<\/p>\n<p>Beaucoup de navigateurs autorisent l&rsquo;activation d&rsquo;un mode priv\u00e9e gr\u00e2ce auquel les cookies sont toujours effac\u00e9s apr\u00e8s \u00eatre entr\u00e9 sur un site internet. Ce mode priv\u00e9 peut avoir diff\u00e9rents noms en fonction du navigateur que vous utilisez. Vous trouverez ci-apr\u00e8s une liste des navigateurs les plus utilis\u00e9s et les diff\u00e9rents noms de ce \u00ab\u00a0mode priv\u00e9\u00a0\u00bb\u00a0:<\/p>\n<ul>\n<li>Internet Explorer 8 et suivant \u2013 InPrivate<\/li>\n<li>Opera 10.5 et suivant \u2013 Navigation Priv\u00e9e<\/li>\n<li>Google Chrome 10 et suivant \u2013 Incognito<\/li>\n<li>Safari 2 et suivant \u2013 Navigation Priv\u00e9e<\/li>\n<li>Firefox 3.5 et suivant \u2013 Navigation Priv\u00e9e<\/li>\n<\/ul>\n<p>Vous trouverez ci-apr\u00e8s la relation des cookies utilis\u00e9s par <a href=\"http:\/\/brugarolas.com\" target=\"_blank\" rel=\"noopener noreferrer\"><strong>brugarolas.com <\/strong><\/a>:<\/p>\n<\/div>\n<table class=\"tabla\" width=\"100%\">\n<thead>\n<tr>\n<th>Cookie<\/th>\n<th>Type<\/th>\n<th>Dur\u00e9e<\/th>\n<th>Description<\/th>\n<\/tr>\n<\/thead>\n<tbody>\n<tr>\n<td>_utma<\/td>\n<td>De tiers<\/td>\n<td>2 ans<\/td>\n<td>Utilis\u00e9 par Google Analytics.<\/td>\n<\/tr>\n<tr>\n<td>_utmb<\/td>\n<td>De tiers<\/td>\n<td>30 minutes<\/td>\n<td>Utilis\u00e9 par Google Analytics.<\/td>\n<\/tr>\n<tr>\n<td>_utmc<\/td>\n<td>De tiers<\/td>\n<td>En terminant la session de navigation<\/td>\n<td>Utilis\u00e9 par Google Analytics.<\/td>\n<\/tr>\n<tr>\n<td>_utmt<\/td>\n<td>De tiers<\/td>\n<td>30 minutes<\/td>\n<td>Utilis\u00e9 par Google Analytics.<\/td>\n<\/tr>\n<tr>\n<td>_utmv<\/td>\n<td>De tiers<\/td>\n<td>30 minutes<\/td>\n<td>Utilis\u00e9 par Google Analytics.<\/td>\n<\/tr>\n<tr>\n<td>_utmz<\/td>\n<td>De tiers<\/td>\n<td>30 minutes<\/td>\n<td>Utilis\u00e9 par Google Analytics.<\/td>\n<\/tr>\n<tr>\n<td>_icl_current_admin_language<\/td>\n<td>De tiers<\/td>\n<td>1 journ\u00e9e<\/td>\n<td>Gestion des langues utilis\u00e9es sur le site internet<\/td>\n<\/tr>\n<tr>\n<td>_icl_current_language<\/td>\n<td>De tiers<\/td>\n<td>1 journ\u00e9e<\/td>\n<td>Gestion des langues utilis\u00e9es sur le site internet<\/td>\n<\/tr>\n<tr>\n<td>_icl_visitor_lang_is<\/td>\n<td>De tiers<\/td>\n<td>24\u00a0heures<\/td>\n<td>Gestion des langues, conserve la langue par d\u00e9faut du site internet.<\/td>\n<\/tr>\n<tr>\n<td>viewed_cookie_policy<\/td>\n<td>Propre<\/td>\n<td>1 an<\/td>\n<td>Utilis\u00e9 pour v\u00e9rifier si l\u2019utilisation de cookies sur notre site internet a \u00e9t\u00e9 accept\u00e9e.<\/td>\n<\/tr>\n<tr>\n<td>wordpress_logged_in[hash]<\/td>\n<td>De tiers<\/td>\n<td>Session<\/td>\n<td>Indique si l\u2019utilisateur est connect\u00e9 et de qui il s\u2019agit<\/td>\n<\/tr>\n<tr>\n<td>wordpress_sec-<\/td>\n<td>De tiers<\/td>\n<td>En terminant la session<\/td>\n<td>Nous permet d\u2019identifier la langue de l\u2019utilisateur afin de lui afficher la page internet dans la bonne langue<\/td>\n<\/tr>\n<tr>\n<td>wordpress_test_cookie<\/td>\n<td>De tiers<\/td>\n<td>Session<\/td>\n<td>Ce cookie est utilis\u00e9 pour que le gestionnaire de contenus WordPress v\u00e9rifie si le navigateur a des cookies activ\u00e9s<\/td>\n<\/tr>\n<tr>\n<td>wp-settings-1<\/td>\n<td>De tiers<\/td>\n<td>En fermant le navigateur<\/td>\n<td>Utilis\u00e9 pour personnaliser l\u2019interface utilisateur<\/td>\n<\/tr>\n<tr>\n<td>wp-settings-time-1<\/td>\n<td>Propre<\/td>\n<td>1 an<\/td>\n<td>Personnaliser l\u2019interface<\/td>\n<\/tr>\n<tr>\n<td>wpml_browser_redirect_test<\/td>\n<td>De tiers<\/td>\n<td>En terminant la session<\/td>\n<td>Identifier si la page doit \u00eatre redirig\u00e9e vers une autre langue<\/td>\n<\/tr>\n<\/tbody>\n<\/table>\n","protected":false},"excerpt":{"rendered":"<p>Utilisation des cookies Notre site internet utilise ses propres cookies et ceux de tiers (Google Analytics) pour am\u00e9liorer l&rsquo;exp\u00e9rience de l&rsquo;utilisateur et recueillir des donn\u00e9es  [&#8230;]<\/p>\n","protected":false},"author":1,"featured_media":0,"parent":0,"menu_order":0,"comment_status":"closed","ping_status":"closed","template":"","meta":{"footnotes":""},"class_list":["post-3995","page","type-page","status-publish","hentry"],"yoast_head":"<!-- This site is optimized with the Yoast SEO plugin v27.3 - https:\/\/yoast.com\/product\/yoast-seo-wordpress\/ -->\n<title>Politique de cookies - Brugarolas fabricante de lubricantes industriales<\/title>\n<meta name=\"robots\" content=\"index, follow, max-snippet:-1, max-image-preview:large, max-video-preview:-1\" \/>\n<link rel=\"canonical\" href=\"https:\/\/brugarolas.com\/fr\/politique-de-cookies\/\" \/>\n<meta property=\"og:locale\" content=\"fr_FR\" \/>\n<meta property=\"og:type\" content=\"article\" \/>\n<meta property=\"og:title\" content=\"Politique de cookies - Brugarolas fabricante de lubricantes industriales\" \/>\n<meta property=\"og:description\" content=\"Utilisation des cookies Notre site internet utilise ses propres cookies et ceux de tiers (Google Analytics) pour am\u00e9liorer l&rsquo;exp\u00e9rience de l&rsquo;utilisateur et recueillir des donn\u00e9es [...]\" \/>\n<meta property=\"og:url\" content=\"https:\/\/brugarolas.com\/fr\/politique-de-cookies\/\" \/>\n<meta property=\"og:site_name\" content=\"Brugarolas fabricante de lubricantes industriales\" \/>\n<meta property=\"article:modified_time\" content=\"2019-07-30T16:31:40+00:00\" \/>\n<meta name=\"twitter:card\" content=\"summary_large_image\" \/>\n<meta name=\"twitter:label1\" content=\"Dur\u00e9e de lecture estim\u00e9e\" \/>\n\t<meta name=\"twitter:data1\" content=\"3 minutes\" \/>\n<script type=\"application\/ld+json\" class=\"yoast-schema-graph\">{\"@context\":\"https:\\\/\\\/schema.org\",\"@graph\":[{\"@type\":\"WebPage\",\"@id\":\"https:\\\/\\\/brugarolas.com\\\/fr\\\/politique-de-cookies\\\/\",\"url\":\"https:\\\/\\\/brugarolas.com\\\/fr\\\/politique-de-cookies\\\/\",\"name\":\"Politique de cookies - Brugarolas fabricante de lubricantes industriales\",\"isPartOf\":{\"@id\":\"https:\\\/\\\/brugarolas.com\\\/fr\\\/#website\"},\"datePublished\":\"2019-03-12T15:36:18+00:00\",\"dateModified\":\"2019-07-30T16:31:40+00:00\",\"breadcrumb\":{\"@id\":\"https:\\\/\\\/brugarolas.com\\\/fr\\\/politique-de-cookies\\\/#breadcrumb\"},\"inLanguage\":\"fr-FR\",\"potentialAction\":[{\"@type\":\"ReadAction\",\"target\":[\"https:\\\/\\\/brugarolas.com\\\/fr\\\/politique-de-cookies\\\/\"]}]},{\"@type\":\"BreadcrumbList\",\"@id\":\"https:\\\/\\\/brugarolas.com\\\/fr\\\/politique-de-cookies\\\/#breadcrumb\",\"itemListElement\":[{\"@type\":\"ListItem\",\"position\":1,\"name\":\"Portada\",\"item\":\"https:\\\/\\\/brugarolas.com\\\/fr\\\/\"},{\"@type\":\"ListItem\",\"position\":2,\"name\":\"Politique de cookies\"}]},{\"@type\":\"WebSite\",\"@id\":\"https:\\\/\\\/brugarolas.com\\\/fr\\\/#website\",\"url\":\"https:\\\/\\\/brugarolas.com\\\/fr\\\/\",\"name\":\"Brugarolas fabricante de lubricantes industriales\",\"description\":\"\",\"publisher\":{\"@id\":\"https:\\\/\\\/brugarolas.com\\\/fr\\\/#organization\"},\"potentialAction\":[{\"@type\":\"SearchAction\",\"target\":{\"@type\":\"EntryPoint\",\"urlTemplate\":\"https:\\\/\\\/brugarolas.com\\\/fr\\\/?s={search_term_string}\"},\"query-input\":{\"@type\":\"PropertyValueSpecification\",\"valueRequired\":true,\"valueName\":\"search_term_string\"}}],\"inLanguage\":\"fr-FR\"},{\"@type\":\"Organization\",\"@id\":\"https:\\\/\\\/brugarolas.com\\\/fr\\\/#organization\",\"name\":\"Brugarolas, S.A.\",\"url\":\"https:\\\/\\\/brugarolas.com\\\/fr\\\/\",\"logo\":{\"@type\":\"ImageObject\",\"inLanguage\":\"fr-FR\",\"@id\":\"https:\\\/\\\/brugarolas.com\\\/fr\\\/#\\\/schema\\\/logo\\\/image\\\/\",\"url\":\"https:\\\/\\\/brugarolas.com\\\/wp-content\\\/uploads\\\/brugarolas-retina-mobile-1.png\",\"contentUrl\":\"https:\\\/\\\/brugarolas.com\\\/wp-content\\\/uploads\\\/brugarolas-retina-mobile-1.png\",\"width\":640,\"height\":135,\"caption\":\"Brugarolas, S.A.\"},\"image\":{\"@id\":\"https:\\\/\\\/brugarolas.com\\\/fr\\\/#\\\/schema\\\/logo\\\/image\\\/\"}}]}<\/script>\n<!-- \/ Yoast SEO plugin. -->","yoast_head_json":{"title":"Politique de cookies - Brugarolas fabricante de lubricantes industriales","robots":{"index":"index","follow":"follow","max-snippet":"max-snippet:-1","max-image-preview":"max-image-preview:large","max-video-preview":"max-video-preview:-1"},"canonical":"https:\/\/brugarolas.com\/fr\/politique-de-cookies\/","og_locale":"fr_FR","og_type":"article","og_title":"Politique de cookies - Brugarolas fabricante de lubricantes industriales","og_description":"Utilisation des cookies Notre site internet utilise ses propres cookies et ceux de tiers (Google Analytics) pour am\u00e9liorer l&rsquo;exp\u00e9rience de l&rsquo;utilisateur et recueillir des donn\u00e9es [...]","og_url":"https:\/\/brugarolas.com\/fr\/politique-de-cookies\/","og_site_name":"Brugarolas fabricante de lubricantes industriales","article_modified_time":"2019-07-30T16:31:40+00:00","twitter_card":"summary_large_image","twitter_misc":{"Dur\u00e9e de lecture estim\u00e9e":"3 minutes"},"schema":{"@context":"https:\/\/schema.org","@graph":[{"@type":"WebPage","@id":"https:\/\/brugarolas.com\/fr\/politique-de-cookies\/","url":"https:\/\/brugarolas.com\/fr\/politique-de-cookies\/","name":"Politique de cookies - Brugarolas fabricante de lubricantes industriales","isPartOf":{"@id":"https:\/\/brugarolas.com\/fr\/#website"},"datePublished":"2019-03-12T15:36:18+00:00","dateModified":"2019-07-30T16:31:40+00:00","breadcrumb":{"@id":"https:\/\/brugarolas.com\/fr\/politique-de-cookies\/#breadcrumb"},"inLanguage":"fr-FR","potentialAction":[{"@type":"ReadAction","target":["https:\/\/brugarolas.com\/fr\/politique-de-cookies\/"]}]},{"@type":"BreadcrumbList","@id":"https:\/\/brugarolas.com\/fr\/politique-de-cookies\/#breadcrumb","itemListElement":[{"@type":"ListItem","position":1,"name":"Portada","item":"https:\/\/brugarolas.com\/fr\/"},{"@type":"ListItem","position":2,"name":"Politique de cookies"}]},{"@type":"WebSite","@id":"https:\/\/brugarolas.com\/fr\/#website","url":"https:\/\/brugarolas.com\/fr\/","name":"Brugarolas fabricante de lubricantes industriales","description":"","publisher":{"@id":"https:\/\/brugarolas.com\/fr\/#organization"},"potentialAction":[{"@type":"SearchAction","target":{"@type":"EntryPoint","urlTemplate":"https:\/\/brugarolas.com\/fr\/?s={search_term_string}"},"query-input":{"@type":"PropertyValueSpecification","valueRequired":true,"valueName":"search_term_string"}}],"inLanguage":"fr-FR"},{"@type":"Organization","@id":"https:\/\/brugarolas.com\/fr\/#organization","name":"Brugarolas, S.A.","url":"https:\/\/brugarolas.com\/fr\/","logo":{"@type":"ImageObject","inLanguage":"fr-FR","@id":"https:\/\/brugarolas.com\/fr\/#\/schema\/logo\/image\/","url":"https:\/\/brugarolas.com\/wp-content\/uploads\/brugarolas-retina-mobile-1.png","contentUrl":"https:\/\/brugarolas.com\/wp-content\/uploads\/brugarolas-retina-mobile-1.png","width":640,"height":135,"caption":"Brugarolas, S.A."},"image":{"@id":"https:\/\/brugarolas.com\/fr\/#\/schema\/logo\/image\/"}}]}},"_links":{"self":[{"href":"https:\/\/brugarolas.com\/fr\/wp-json\/wp\/v2\/pages\/3995","targetHints":{"allow":["GET"]}}],"collection":[{"href":"https:\/\/brugarolas.com\/fr\/wp-json\/wp\/v2\/pages"}],"about":[{"href":"https:\/\/brugarolas.com\/fr\/wp-json\/wp\/v2\/types\/page"}],"author":[{"embeddable":true,"href":"https:\/\/brugarolas.com\/fr\/wp-json\/wp\/v2\/users\/1"}],"replies":[{"embeddable":true,"href":"https:\/\/brugarolas.com\/fr\/wp-json\/wp\/v2\/comments?post=3995"}],"version-history":[{"count":2,"href":"https:\/\/brugarolas.com\/fr\/wp-json\/wp\/v2\/pages\/3995\/revisions"}],"predecessor-version":[{"id":3997,"href":"https:\/\/brugarolas.com\/fr\/wp-json\/wp\/v2\/pages\/3995\/revisions\/3997"}],"wp:attachment":[{"href":"https:\/\/brugarolas.com\/fr\/wp-json\/wp\/v2\/media?parent=3995"}],"curies":[{"name":"wp","href":"https:\/\/api.w.org\/{rel}","templated":true}]}}