{"id":3998,"date":"2019-03-12T16:40:17","date_gmt":"2019-03-12T15:40:17","guid":{"rendered":"https:\/\/brugarolas.com\/politica-de-privacidad\/"},"modified":"2023-12-21T12:59:23","modified_gmt":"2023-12-21T11:59:23","slug":"politique-de-confidentialite","status":"publish","type":"page","link":"https:\/\/brugarolas.com\/fr\/politique-de-confidentialite\/","title":{"rendered":"Politique de confidentialit\u00e9"},"content":{"rendered":"<div class=\"fusion-fullwidth fullwidth-box fusion-builder-row-1 fusion-flex-container nonhundred-percent-fullwidth non-hundred-percent-height-scrolling\" style=\"--awb-border-radius-top-left:0px;--awb-border-radius-top-right:0px;--awb-border-radius-bottom-right:0px;--awb-border-radius-bottom-left:0px;--awb-flex-wrap:wrap;\" ><div class=\"fusion-builder-row fusion-row fusion-flex-align-items-flex-start fusion-flex-content-wrap\" style=\"max-width:1216.8px;margin-left: calc(-4% \/ 2 );margin-right: calc(-4% \/ 2 );\"><div class=\"fusion-layout-column fusion_builder_column fusion-builder-column-0 fusion_builder_column_1_1 1_1 fusion-flex-column\" style=\"--awb-bg-size:cover;--awb-width-large:100%;--awb-margin-top-large:0px;--awb-spacing-right-large:1.92%;--awb-margin-bottom-large:0px;--awb-spacing-left-large:1.92%;--awb-width-medium:100%;--awb-spacing-right-medium:1.92%;--awb-spacing-left-medium:1.92%;--awb-width-small:100%;--awb-spacing-right-small:1.92%;--awb-spacing-left-small:1.92%;\"><div class=\"fusion-column-wrapper fusion-flex-justify-content-flex-start fusion-content-layout-column\"><div class=\"fusion-text fusion-text-1\"><div class=\"justificado\">\n<h2>POLITICA DE PROTECCI\u00d3N DE DATOS PERSONALES<\/h2>\n<p><strong>Reglamento europeo 2016\/679 relativo a la protecci\u00f3n de las personas f\u00edsicas en lo que respecta al tratamiento de datos personales y a la libre circulaci\u00f3n de estos datos.<\/strong><\/p>\n<p>Tanto la privacidad de los datos como la confidencialidad de la informaci\u00f3n son aspectos importantes para BRUGAROLAS, S.A. Esta pol\u00edtica de protecci\u00f3n de datos establece la manera en qu\u00e9 se tratan los datos de car\u00e1cter personal obtenidos y podr\u00e1 variar con el tiempo debido a los posibles cambios legislativos, jurisprudenciales o de los criterios seguidos por la Agencia Espa\u00f1ola de Protecci\u00f3n de Datos y\/o la autoridad competente en cada momento. Es por ello que BRUGAROLAS se reserva el derecho a modificar la presente pol\u00edtica para adaptarlo a novedades legislativas o jurisprudenciales que se encuentran vigentes en el momento preciso en que se acceda a la web.<\/p>\n<p>Fecha \u00faltima actualizaci\u00f3n: 15\/12\/2023<\/p>\n<h3>1. \u00bfQui\u00e9n es el responsable del tratamiento de tus datos?:<\/h3>\n<p><strong>BRUGAROLAS, S.A.<\/strong><br \/>\nCIF: A08068306.<br \/>\nDirecci\u00f3n: Cam\u00ed de la Riera 36-44; Pol\u00edgono Industrial Cova Solera; 08191 Rubi (Barcelona).<br \/>\nDatos de contacto del Delegado de protecci\u00f3n de datos: <a href=\"mailto:protecciondatos@brugarolas.com\">protecciondatos@brugarolas.com<\/a><\/p>\n<h3>2. \u00bfCon qu\u00e9 finalidad tratamos tus datos, cu\u00e1l es la base legal para su tratamiento y durante cuanto tiempo los conservamos?<\/h3>\n<p>BRUGAROLAS recoge los datos necesarios para llevar a cabo tu solicitud y\/o el servicio contratado, siendo adecuados, pertinentes y limitados a lo necesario en relaci\u00f3n con los fines para los que son tratados.<\/p>\n<p>Rogamos qu\u00e9 para mantener los datos actuales, exactos y al d\u00eda, nos comuniques cualquier cambio o modificaci\u00f3n que pueda producirse.<\/p>\n<p>En BRUGAROLAS tratamos los datos personales recogidos para las siguientes finalidades:<\/p>\n<h3>1. DATOS OBTENIDOS A TRAV\u00c9S DE LA PRESENTE P\u00c1GINA WEB<\/h3>\n<p><strong>1.1 FORMULARIO CONTACTO:<\/strong><br \/>\nSus datos ser\u00e1n tratados \u00fanicamente para atender sus solicitudes.<\/p>\n<ul>\n<li>La base legal para el tratamiento es el consentimiento otorgado con el env\u00edo del presente formulario.<\/li>\n<li>El plazo de conservaci\u00f3n: los datos ser\u00e1n eliminados una vez atendida su solicitud.<\/li>\n<\/ul>\n<p><strong>1.2 FORMULARIO TRABAJA CON NOSOTROS:<\/strong><br \/>\nEn BRUGAROLAS tratamos los datos personales de nuestros candidatos a puesto de empleado recibidos a trav\u00e9s del formulario web o cualquier otro medio de comunicaci\u00f3n (como mail) para las siguientes finalidades:<\/p>\n<ul>\n<li>Para la selecci\u00f3n de personal durante los procesos que la empresa mantiene abiertos<\/li>\n<li>Para mantener un archivo con informaci\u00f3n curricular de los candidatos a prestar servicios a nuestra Compa\u00f1\u00eda y cuyo perfil requerido se ajusta a las caracter\u00edsticas de la empresa.<\/li>\n<li>La base legal para el tratamiento es el consentimiento otorgado con el env\u00edo del presente formulario.<\/li>\n<li>El plazo de conservaci\u00f3n: los datos se conservar\u00e1n durante el plazo m\u00e1ximo de 2 a\u00f1os.<\/li>\n<\/ul>\n<p>Tus datos de contacto se podr\u00e1n mantener hasta que nos solicites su supresi\u00f3n.<\/p>\n<p><strong>1.3 FORMULARIO CANAL DE DENUNCIAS:<\/strong><\/p>\n<p>Los datos recogidos a trav\u00e9s de este canal ser\u00e1n tratados con la finalidad de gestionar las denuncias que se formulen sobre los incumplimientos normativos o indicios de comisi\u00f3n de il\u00edcitos penales en la compa\u00f1\u00eda.<\/p>\n<p>Puede consultar la informaci\u00f3n completa del canal de denuncias en <a href=\"\/canal-de-denuncias\/\" target=\"_blank\" rel=\"noopener\">Canal de Denuncias<\/a><\/p>\n<p>La identidad de los informantes ser\u00e1 en todo caso confidencial y reservada.<\/p>\n<ul>\n<li>La base legal del tratamiento es el cumplimiento de una obligaci\u00f3n legal por parte de BRUGAROLAS.<\/li>\n<li>El plazo de conservaci\u00f3n: Los datos se conservar\u00e1n en el sistema de canal de denuncias s\u00f3lo durante el tiempo imprescindible para decidir sobre la procedencia de iniciar una investigaci\u00f3n sobre los hechos informados. En todo caso, transcurridos tres meses desde la recepci\u00f3n de la comunicaci\u00f3n sin que se hubieran iniciado actuaciones de investigaci\u00f3n, se proceder\u00e1 a su anonimizaci\u00f3n con la finalidad de dejar evidencias del funcionamiento del sistema.Si se decidiera iniciar una investigaci\u00f3n, los datos personales se conservar\u00e1n fuera del canal de denuncias durante el tiempo que dure la investigaci\u00f3n de los hechos. Una vez finalice la investigaci\u00f3n los datos ser\u00e1n debidamente bloqueados y conservados por un per\u00edodo no superior a diez a\u00f1os.<\/li>\n<\/ul>\n<p>Los datos se comunicar\u00e1n a terceros, cuando resulte necesario para la adopci\u00f3n de medidas correctoras en la entidad o la tramitaci\u00f3n de los procedimientos sancionadores o penales que, en su caso, procedan.<\/p>\n<p>El canal de denuncias est\u00e1 gestionado en parte por una empresa externa con la que se ha suscrito el contrato de encargado de tratamiento.<\/p>\n<h3>2. DATOS OBTENIDOS DE NUESTRAS RELACIONES PROFESIONALES<\/h3>\n<p><strong>2.1. POTENCIALES CLIENTES Y CONTACTOS:<\/strong><\/p>\n<p>Tratamos los datos de los potenciales clientes para la prospecci\u00f3n comercial, gesti\u00f3n de ofertas y presupuestos y el env\u00edo de informaci\u00f3n sobre los servicios y productos de la empresa.<\/p>\n<ul>\n<li>La base legal para dicho tratamiento es el inter\u00e9s leg\u00edtimo de la empresa para la prospecci\u00f3n comercial de sus productos y servicios o las relaciones precontractuales establecidas.<\/li>\n<li>El plazo de conservaci\u00f3n: los datos se conservar\u00e1n hasta que nos solicite su supresi\u00f3n.<\/li>\n<\/ul>\n<p><strong>2.2. CLIENTES:<\/strong><br \/>\nLa finalidad del tratamiento es la gesti\u00f3n de la relaci\u00f3n contractual establecida, as\u00ed como la gesti\u00f3n administrativa, econ\u00f3mica y contable. La empresa te mantendr\u00e1 informado sobre los servicios y productos que puedan ser de tu inter\u00e9s siempre relacionados con los inicialmente contratados.<\/p>\n<ul>\n<li>La base legal para el tratamiento es la existencia de una relaci\u00f3n contractual.<\/li>\n<li>El plazo de conservaci\u00f3n: los datos se conservar\u00e1n en todo caso durante el tiempo que dure la relaci\u00f3n contractual y posteriormente durante los plazos legales establecidos en la legislaci\u00f3n civil para la prescripci\u00f3n de las obligaciones contractuales y en la legislaci\u00f3n contable y fiscal.<br \/>\nSus datos de contacto se mantendr\u00e1n hasta que nos solicite su supresi\u00f3n<\/li>\n<\/ul>\n<p><strong>2.3. PROVEEDORES:<\/strong><br \/>\nLa finalidad del tratamiento es la gesti\u00f3n de proveedores: gesti\u00f3n de contratos, pedidos y pagos, as\u00ed como mantener una base de datos de contactos para posibles futuras contrataciones y\/o colaboraciones.<\/p>\n<ul>\n<li>La base legal para el tratamiento es la existencia de una relaci\u00f3n contractual.<\/li>\n<li>El plazo de conservaci\u00f3n: los datos se conservar\u00e1n en todo caso durante el tiempo que dure la relaci\u00f3n contractual y posteriormente durante los plazos legales establecidos en la legislaci\u00f3n civil para la prescripci\u00f3n de las obligaciones contractuales y en la legislaci\u00f3n contable y fiscal.<br \/>\nSus datos de contacto se mantendr\u00e1n hasta que nos solicite su supresi\u00f3n<\/li>\n<\/ul>\n<p><strong>2.4. SUBCONTRATAS:<\/strong><br \/>\nLa finalidad del tratamiento es la gesti\u00f3n e intercambio de documentaci\u00f3n t\u00e9cnica para el cumplimiento de la normativa laboral y la gesti\u00f3n de la seguridad y salud de los empleados en su puesto de trabajo y en sus desplazamientos.<\/p>\n<ul>\n<li>La base legal para el tratamiento es la existencia de una relaci\u00f3n contractual y la obligaci\u00f3n legal establecida en la ley de prevenci\u00f3n de riesgos laborales.<\/li>\n<li>El plazo de conservaci\u00f3n: los datos se conservar\u00e1n en todo caso durante el tiempo que dure la relaci\u00f3n contractual y posteriormente durante los plazos legales establecidos en la legislaci\u00f3n civil para la prescripci\u00f3n de las obligaciones contractuales y la legislaci\u00f3n laboral.<\/li>\n<\/ul>\n<p><strong>2.5. CONTROL DE ACCESOS Y VIDEOVIGILANCIA:<\/strong><br \/>\nLa empresa cuenta con un servicio de control de accesos y c\u00e1maras de videovigilancia con la finalidad de preservar la seguridad y la videovigilancia de las instalaciones, bienes y personas.<\/p>\n<ul>\n<li>La base legal para el tratamiento es el inter\u00e9s leg\u00edtimo de la empresa para garantizar la seguridad.<\/li>\n<li>El plazo de conservaci\u00f3n: las im\u00e1genes recabadas y los datos personales recogidos en los accesos de la empresa se conservar\u00e1n durante el plazo m\u00e1ximo de un mes siendo eliminados posteriormente.<\/li>\n<\/ul>\n<h3>3. <strong>\u00bfA qui\u00e9n comunicaremos sus datos?<\/strong><\/h3>\n<p>BRUGAROLAS comunicar\u00e1 sus datos a terceros en los siguientes supuestos:<\/p>\n<ul>\n<li>Por obligaci\u00f3n legal: a la administraci\u00f3n tributaria para pago de impuestos, a jueces, tribunales que lo soliciten por v\u00eda judicial.<\/li>\n<li>Cesi\u00f3n necesaria para la realizaci\u00f3n de servicios: como a las entidades financieras para efectuar los cobros y pagos oportunos, a las compa\u00f1\u00edas de seguros, a las empresas transportistas para la gesti\u00f3n log\u00edstica de pedidos.<\/li>\n<\/ul>\n<p>No est\u00e1 prevista la transferencia internacional de datos.<\/p>\n<h3>4. <strong>\u00bfCu\u00e1les son sus derechos?<\/strong><\/h3>\n<p>Cualquier persona tiene derecho a obtener informaci\u00f3n sobre qu\u00e9 datos est\u00e1 tratando.<br \/>\nA continuaci\u00f3n, te indicamos tus derechos:<\/p>\n<p><strong>Derecho de acceso<\/strong><br \/>\nDerecho de acceso a sus datos personales para saber si se est\u00e1n tratando datos personales y obtener una copia de los mismos.<\/p>\n<p><strong>Derecho de rectificaci\u00f3n<br \/>\n<\/strong>Derecho a solicitar la rectificaci\u00f3n de los datos inexactos.<\/p>\n<p><strong>Derecho de supresi\u00f3n<\/strong><br \/>\nDerecho a solicitar la supresi\u00f3n de sus datos cuando, entre otros motivos, los datos ya no sean necesarios para los fines que fueron recogidos.<\/p>\n<p><strong>Derecho a la limitaci\u00f3n<\/strong><br \/>\nPodr\u00e1s solicitar la limitaci\u00f3n del tratamiento de tus datos, en cuyo caso \u00fanicamente se conservar\u00e1n para el ejercicio o la defensa de reclamaciones.<\/p>\n<p><strong>Derecho de oposici\u00f3n<\/strong><br \/>\nEn determinadas circunstancias y por motivos relacionados con su situaci\u00f3n particular, podr\u00e1 oponerse al tratamiento de sus datos. La empresa dejar\u00e1 de tratar los datos, salvo por motivos leg\u00edtimos imperiosos, o el ejercicio o la defensa de posibles reclamaciones.<\/p>\n<p><strong>Derecho a la portabilidad<\/strong><br \/>\nTendr\u00e1 derecho a recibir los datos personales que le incumban, que haya facilitado en un formato estructurado, de uso com\u00fan y lectura mec\u00e1nica cuando: a) el tratamiento est\u00e9 basado en el consentimiento o en un contrato, y b) el tratamiento se efect\u00fae por medios automatizados.<\/p>\n<p><strong>Derecho a reclamar<\/strong><br \/>\nLe informamos de su derecho a presentar una reclamaci\u00f3n ante la autoridad de control (AEPD.- www.agpd.es) en el caso que no haya visto satisfecho el ejercicio de sus derechos aqu\u00ed indicados.<\/p>\n<p>Para ejercer los citados derechos puede ponerte en contacto con nuestro delegado de protecci\u00f3n de datos a trav\u00e9s del e-mail <a href=\"mailto:protecciondatos@brugarolas.com\">protecciondatos@brugarolas.com<\/a> indicando la siguiente informaci\u00f3n:<\/p>\n<ul>\n<li>Nombre y apellidos<\/li>\n<li>N\u00famero DNI<\/li>\n<li>E-mail de contacto<\/li>\n<li>Derecho que desea ejercitar<\/li>\n<li>Datos sobre los que realiza su solicitud<\/li>\n<\/ul>\n<p>En el plazo m\u00e1ximo de un mes resolveremos su solicitud notific\u00e1ndotelo al mail que nos haya indicado.<\/p>\n<h3><strong>5. Seguridad en el tratamiento<\/strong><\/h3>\n<p>Teniendo en cuenta el estado de la t\u00e9cnica, los costes de aplicaci\u00f3n, y la naturaleza, el alcance, el contexto y los fines del tratamiento, as\u00ed como riesgos de probabilidad y gravedad variables para los derechos y libertades de las personas f\u00edsicas, BRUGAROLAS aplicar\u00e1 medidas t\u00e9cnicas y organizativas apropiadas para garantizar un nivel de seguridad adecuado al riesgo, que eviten la destrucci\u00f3n, p\u00e9rdida o alteraci\u00f3n accidental o il\u00edcita de datos personales transmitidos, conservados o tratados de otra forma, o la comunicaci\u00f3n o acceso no autorizados a dichos datos.<\/p>\n<\/div>\n<\/div><\/div><\/div><\/div><\/div>\n","protected":false},"excerpt":{"rendered":"","protected":false},"author":1,"featured_media":0,"parent":0,"menu_order":0,"comment_status":"closed","ping_status":"closed","template":"","meta":{"footnotes":""},"class_list":["post-3998","page","type-page","status-publish","hentry"],"yoast_head":"<!-- This site is optimized with the Yoast SEO plugin v27.3 - https:\/\/yoast.com\/product\/yoast-seo-wordpress\/ -->\n<title>Politique de confidentialit\u00e9 - Brugarolas fabricante de lubricantes industriales<\/title>\n<meta name=\"robots\" content=\"index, follow, max-snippet:-1, max-image-preview:large, max-video-preview:-1\" \/>\n<link rel=\"canonical\" href=\"https:\/\/brugarolas.com\/fr\/politique-de-confidentialite\/\" \/>\n<meta property=\"og:locale\" content=\"fr_FR\" \/>\n<meta property=\"og:type\" content=\"article\" \/>\n<meta property=\"og:title\" content=\"Politique de confidentialit\u00e9 - Brugarolas fabricante de lubricantes industriales\" \/>\n<meta property=\"og:url\" content=\"https:\/\/brugarolas.com\/fr\/politique-de-confidentialite\/\" \/>\n<meta property=\"og:site_name\" content=\"Brugarolas fabricante de lubricantes industriales\" \/>\n<meta property=\"article:modified_time\" content=\"2023-12-21T11:59:23+00:00\" \/>\n<meta name=\"twitter:card\" content=\"summary_large_image\" \/>\n<meta name=\"twitter:label1\" content=\"Dur\u00e9e de lecture estim\u00e9e\" \/>\n\t<meta name=\"twitter:data1\" content=\"8 minutes\" \/>\n<script type=\"application\/ld+json\" class=\"yoast-schema-graph\">{\"@context\":\"https:\\\/\\\/schema.org\",\"@graph\":[{\"@type\":\"WebPage\",\"@id\":\"https:\\\/\\\/brugarolas.com\\\/fr\\\/politique-de-confidentialite\\\/\",\"url\":\"https:\\\/\\\/brugarolas.com\\\/fr\\\/politique-de-confidentialite\\\/\",\"name\":\"Politique de confidentialit\u00e9 - Brugarolas fabricante de lubricantes industriales\",\"isPartOf\":{\"@id\":\"https:\\\/\\\/brugarolas.com\\\/fr\\\/#website\"},\"datePublished\":\"2019-03-12T15:40:17+00:00\",\"dateModified\":\"2023-12-21T11:59:23+00:00\",\"breadcrumb\":{\"@id\":\"https:\\\/\\\/brugarolas.com\\\/fr\\\/politique-de-confidentialite\\\/#breadcrumb\"},\"inLanguage\":\"fr-FR\",\"potentialAction\":[{\"@type\":\"ReadAction\",\"target\":[\"https:\\\/\\\/brugarolas.com\\\/fr\\\/politique-de-confidentialite\\\/\"]}]},{\"@type\":\"BreadcrumbList\",\"@id\":\"https:\\\/\\\/brugarolas.com\\\/fr\\\/politique-de-confidentialite\\\/#breadcrumb\",\"itemListElement\":[{\"@type\":\"ListItem\",\"position\":1,\"name\":\"Portada\",\"item\":\"https:\\\/\\\/brugarolas.com\\\/fr\\\/\"},{\"@type\":\"ListItem\",\"position\":2,\"name\":\"Politique de confidentialit\u00e9\"}]},{\"@type\":\"WebSite\",\"@id\":\"https:\\\/\\\/brugarolas.com\\\/fr\\\/#website\",\"url\":\"https:\\\/\\\/brugarolas.com\\\/fr\\\/\",\"name\":\"Brugarolas fabricante de lubricantes industriales\",\"description\":\"\",\"publisher\":{\"@id\":\"https:\\\/\\\/brugarolas.com\\\/fr\\\/#organization\"},\"potentialAction\":[{\"@type\":\"SearchAction\",\"target\":{\"@type\":\"EntryPoint\",\"urlTemplate\":\"https:\\\/\\\/brugarolas.com\\\/fr\\\/?s={search_term_string}\"},\"query-input\":{\"@type\":\"PropertyValueSpecification\",\"valueRequired\":true,\"valueName\":\"search_term_string\"}}],\"inLanguage\":\"fr-FR\"},{\"@type\":\"Organization\",\"@id\":\"https:\\\/\\\/brugarolas.com\\\/fr\\\/#organization\",\"name\":\"Brugarolas, S.A.\",\"url\":\"https:\\\/\\\/brugarolas.com\\\/fr\\\/\",\"logo\":{\"@type\":\"ImageObject\",\"inLanguage\":\"fr-FR\",\"@id\":\"https:\\\/\\\/brugarolas.com\\\/fr\\\/#\\\/schema\\\/logo\\\/image\\\/\",\"url\":\"https:\\\/\\\/brugarolas.com\\\/wp-content\\\/uploads\\\/brugarolas-retina-mobile-1.png\",\"contentUrl\":\"https:\\\/\\\/brugarolas.com\\\/wp-content\\\/uploads\\\/brugarolas-retina-mobile-1.png\",\"width\":640,\"height\":135,\"caption\":\"Brugarolas, S.A.\"},\"image\":{\"@id\":\"https:\\\/\\\/brugarolas.com\\\/fr\\\/#\\\/schema\\\/logo\\\/image\\\/\"}}]}<\/script>\n<!-- \/ Yoast SEO plugin. -->","yoast_head_json":{"title":"Politique de confidentialit\u00e9 - Brugarolas fabricante de lubricantes industriales","robots":{"index":"index","follow":"follow","max-snippet":"max-snippet:-1","max-image-preview":"max-image-preview:large","max-video-preview":"max-video-preview:-1"},"canonical":"https:\/\/brugarolas.com\/fr\/politique-de-confidentialite\/","og_locale":"fr_FR","og_type":"article","og_title":"Politique de confidentialit\u00e9 - Brugarolas fabricante de lubricantes industriales","og_url":"https:\/\/brugarolas.com\/fr\/politique-de-confidentialite\/","og_site_name":"Brugarolas fabricante de lubricantes industriales","article_modified_time":"2023-12-21T11:59:23+00:00","twitter_card":"summary_large_image","twitter_misc":{"Dur\u00e9e de lecture estim\u00e9e":"8 minutes"},"schema":{"@context":"https:\/\/schema.org","@graph":[{"@type":"WebPage","@id":"https:\/\/brugarolas.com\/fr\/politique-de-confidentialite\/","url":"https:\/\/brugarolas.com\/fr\/politique-de-confidentialite\/","name":"Politique de confidentialit\u00e9 - Brugarolas fabricante de lubricantes industriales","isPartOf":{"@id":"https:\/\/brugarolas.com\/fr\/#website"},"datePublished":"2019-03-12T15:40:17+00:00","dateModified":"2023-12-21T11:59:23+00:00","breadcrumb":{"@id":"https:\/\/brugarolas.com\/fr\/politique-de-confidentialite\/#breadcrumb"},"inLanguage":"fr-FR","potentialAction":[{"@type":"ReadAction","target":["https:\/\/brugarolas.com\/fr\/politique-de-confidentialite\/"]}]},{"@type":"BreadcrumbList","@id":"https:\/\/brugarolas.com\/fr\/politique-de-confidentialite\/#breadcrumb","itemListElement":[{"@type":"ListItem","position":1,"name":"Portada","item":"https:\/\/brugarolas.com\/fr\/"},{"@type":"ListItem","position":2,"name":"Politique de confidentialit\u00e9"}]},{"@type":"WebSite","@id":"https:\/\/brugarolas.com\/fr\/#website","url":"https:\/\/brugarolas.com\/fr\/","name":"Brugarolas fabricante de lubricantes industriales","description":"","publisher":{"@id":"https:\/\/brugarolas.com\/fr\/#organization"},"potentialAction":[{"@type":"SearchAction","target":{"@type":"EntryPoint","urlTemplate":"https:\/\/brugarolas.com\/fr\/?s={search_term_string}"},"query-input":{"@type":"PropertyValueSpecification","valueRequired":true,"valueName":"search_term_string"}}],"inLanguage":"fr-FR"},{"@type":"Organization","@id":"https:\/\/brugarolas.com\/fr\/#organization","name":"Brugarolas, S.A.","url":"https:\/\/brugarolas.com\/fr\/","logo":{"@type":"ImageObject","inLanguage":"fr-FR","@id":"https:\/\/brugarolas.com\/fr\/#\/schema\/logo\/image\/","url":"https:\/\/brugarolas.com\/wp-content\/uploads\/brugarolas-retina-mobile-1.png","contentUrl":"https:\/\/brugarolas.com\/wp-content\/uploads\/brugarolas-retina-mobile-1.png","width":640,"height":135,"caption":"Brugarolas, S.A."},"image":{"@id":"https:\/\/brugarolas.com\/fr\/#\/schema\/logo\/image\/"}}]}},"_links":{"self":[{"href":"https:\/\/brugarolas.com\/fr\/wp-json\/wp\/v2\/pages\/3998","targetHints":{"allow":["GET"]}}],"collection":[{"href":"https:\/\/brugarolas.com\/fr\/wp-json\/wp\/v2\/pages"}],"about":[{"href":"https:\/\/brugarolas.com\/fr\/wp-json\/wp\/v2\/types\/page"}],"author":[{"embeddable":true,"href":"https:\/\/brugarolas.com\/fr\/wp-json\/wp\/v2\/users\/1"}],"replies":[{"embeddable":true,"href":"https:\/\/brugarolas.com\/fr\/wp-json\/wp\/v2\/comments?post=3998"}],"version-history":[{"count":5,"href":"https:\/\/brugarolas.com\/fr\/wp-json\/wp\/v2\/pages\/3998\/revisions"}],"predecessor-version":[{"id":12242,"href":"https:\/\/brugarolas.com\/fr\/wp-json\/wp\/v2\/pages\/3998\/revisions\/12242"}],"wp:attachment":[{"href":"https:\/\/brugarolas.com\/fr\/wp-json\/wp\/v2\/media?parent=3998"}],"curies":[{"name":"wp","href":"https:\/\/api.w.org\/{rel}","templated":true}]}}