{"id":12256,"date":"2023-12-21T12:35:34","date_gmt":"2023-12-21T11:35:34","guid":{"rendered":"https:\/\/brugarolas.com\/?page_id=12256"},"modified":"2023-12-21T12:35:47","modified_gmt":"2023-12-21T11:35:47","slug":"canal-de-denuncias","status":"publish","type":"page","link":"https:\/\/brugarolas.com\/it\/canal-de-denuncias\/","title":{"rendered":"Canal de Denuncias"},"content":{"rendered":"<div class=\"fusion-fullwidth fullwidth-box fusion-builder-row-1 fusion-flex-container has-pattern-background has-mask-background nonhundred-percent-fullwidth non-hundred-percent-height-scrolling\" style=\"--awb-border-radius-top-left:0px;--awb-border-radius-top-right:0px;--awb-border-radius-bottom-right:0px;--awb-border-radius-bottom-left:0px;--awb-flex-wrap:wrap;\" ><div class=\"fusion-builder-row fusion-row fusion-flex-align-items-flex-start fusion-flex-content-wrap\" style=\"max-width:1216.8px;margin-left: calc(-4% \/ 2 );margin-right: calc(-4% \/ 2 );\"><div class=\"fusion-layout-column fusion_builder_column fusion-builder-column-0 fusion_builder_column_1_1 1_1 fusion-flex-column\" style=\"--awb-bg-size:cover;--awb-width-large:100%;--awb-margin-top-large:0px;--awb-spacing-right-large:1.92%;--awb-margin-bottom-large:20px;--awb-spacing-left-large:1.92%;--awb-width-medium:100%;--awb-order-medium:0;--awb-spacing-right-medium:1.92%;--awb-spacing-left-medium:1.92%;--awb-width-small:100%;--awb-order-small:0;--awb-spacing-right-small:1.92%;--awb-spacing-left-small:1.92%;\"><div class=\"fusion-column-wrapper fusion-column-has-shadow fusion-flex-justify-content-flex-start fusion-content-layout-column\"><div class=\"fusion-text fusion-text-1\" style=\"--awb-content-alignment:justify;\"><h2>INFORMACI\u00d3N DEL CANAL DE DENUNCIAS<\/h2>\n<h3><strong>Introducci\u00f3n<\/strong><\/h3>\n<p>BRUGAROLAS, S.A., dispone de un canal de denuncias con el objeto de que aquellos conocedores de infracciones graves o delitos cometidos durante el ejercicio de su actividad o relaci\u00f3n con la compa\u00f1\u00eda lo pongan en conocimiento de la misma. El canal, es el instrumento de comunicaci\u00f3n que integra el sistema interno de informaci\u00f3n de la organizaci\u00f3n.<\/p>\n<h3><strong>Quien puede informar\/denunciar a trav\u00e9s del canal de denuncias<\/strong><\/h3>\n<p>Trabajadores de la compa\u00f1\u00eda, antiguos trabajadores, voluntarios, becarios, trabajadores en periodos de formaci\u00f3n, candidatos, aut\u00f3nomos, socios, personal de empresas contratistas, subcontratistas y proveedores, representantes legales de los trabajadores o personas f\u00edsicas que asesoren al informante,\u00a0personas f\u00edsicas que est\u00e9n relacionadas con el informante y que puedan sufrir represalias, como compa\u00f1eros de trabajo o familiares del informante, personas jur\u00eddicas, para las que trabaje o con las que mantenga cualquier otro tipo de relaci\u00f3n en un contexto laboral o en las que ostente una participaci\u00f3n significativa.<\/p>\n<h3><strong>Que se puede denunciar<\/strong><\/h3>\n<ul>\n<li>Acciones u omisiones que puedan constituir Infracciones del Derecho de la Uni\u00f3n Europea.<\/li>\n<li>Acciones u omisiones que puedan ser constitutivas de infracci\u00f3n penal o administrativa grave o muy grave<\/li>\n<li>Infracciones del Derecho laboral en materia de seguridad y salud en el trabajo.<\/li>\n<\/ul>\n<p><u>Este canal no es un instrumento de comunicaci\u00f3n de quejas laborales o mercantiles Inter partes.<\/u><\/p>\n<p>El canal debe utilizarse de buena f\u00e9, si la persona denunciante act\u00faa con consciencia de la falta de veracidad de los datos aportados, o con la \u00fanica finalidad de denigrar a la persona o a la instituci\u00f3n denunciadas, se le podr\u00e1n exigir las responsabilidades que correspondan.<\/p>\n<h3><strong>Confidencialidad y no represalia<\/strong><\/h3>\n<p>Este sistema garantiza la confidencialidad del denunciante y cualquier tercero que aparezca en la comunicaci\u00f3n tanto legal como t\u00e9cnicamente y permite el anonimato.<\/p>\n<p>Asimismo, el sistema se somete al principio de no represalia para cualquiera de los denunciantes o terceros. Cuando la organizaci\u00f3n tenga conocimiento de que la persona denunciante o informante ha sido objeto de actos de intimidaci\u00f3n o de represalias, promover\u00e1 o ejercer\u00e1 las acciones correctoras o restitutorias que sean oportunas.<\/p>\n<h3><strong>Denuncias an\u00f3nimas<\/strong><\/h3>\n<p>La denuncia puede ser an\u00f3nima; lo m\u00e1s importante es la verosimilitud de los hechos expuestos, no la persona que presenta dicha denuncia. El anonimato sin embargo dificulta la posibilidad de mantener un canal de comunicaci\u00f3n abierto con el denunciante lo que facilita el proceso de an\u00e1lisis e investigaci\u00f3n. Asimismo, dependiendo del tipo de infracci\u00f3n denunciada (especialmente si afecta directamente a la persona denunciante), el anonimato puede tambi\u00e9n dificultar notablemente la investigaci\u00f3n.<\/p>\n<h3><strong>Tramitaci\u00f3n de la denuncia<\/strong><\/h3>\n<p>El env\u00edo de la denuncia genera autom\u00e1ticamente un n\u00famero de recepci\u00f3n a disposici\u00f3n del denunciante. La denuncia se traslada al responsable de sistemas de la compa\u00f1\u00eda inici\u00e1ndose la fase de an\u00e1lisis e investigaci\u00f3n.<\/p>\n<p>Las tramitaciones se llevar\u00e1n a cabo con la m\u00e1xima reserva y confidencialidad, de acuerdo con la ley.<\/p>\n<p>En un plazo m\u00e1ximo de tres meses (prorrogable 3 meses m\u00e1s en caso de que la investigaci\u00f3n sea especialmente compleja) la empresa comunicar\u00e1 al denunciante el contenido de la resoluci\u00f3n que se deriva de su denuncia (siempre y cuando la denuncia no sea an\u00f3nima).<br \/>\nCabe la posibilidad de mantener la comunicaci\u00f3n con el denunciante o que se solicite informaci\u00f3n adicional.<\/p>\n<p>Si de sus investigaciones se desprenden indicios de delito, se trasladar\u00e1n los hechos a la Fiscal\u00eda o a la autoridad judicial y en su caso a la fiscal\u00eda europea.<\/p>\n<p>La persona afectada tendr\u00e1 el derecho a ser informada de las acciones u omisiones que se le atribuyen, respetando siempre su derecho al honor y la presunci\u00f3n de inocencia.<\/p>\n<h3><strong>Autoridad independiente de protecci\u00f3n del informante<\/strong><\/h3>\n<p>Le informamos de que puede realizar a cabo su denuncia a trav\u00e9s del canal habilitado en la p\u00e1gina web de la Oficina Antifrau de Catalunya, \u00f3rgano competente de la comunidad aut\u00f3noma habiltado para llevar a cabo las funciones descritas en el presente documento.<\/p>\n<h3><strong>Informaci\u00f3n sobre protecci\u00f3n de datos personales<\/strong><\/h3>\n<p>El tratamiento de datos personales se llevar\u00e1 a cabo de conformidad con lo dispuesto en el Reglamento (UE) 2016\/679 de 27 de abril de 2016, de protecci\u00f3n de las personas f\u00edsicas en lo que respecta al tratamiento de tus datos personales (en adelante, el \u201cRGPD\u201d), y en la Ley Org\u00e1nica 3\/2018, de 5 de diciembre, de Protecci\u00f3n de Datos Personales y garant\u00eda de los derechos digitales (en adelante, \u201cLOPDGDD\u201d) En este sentido BRUGAROLAS le informa de lo siguiente:<\/p>\n<p><u>Responable del tratamiento:<\/u><\/p>\n<p>BRUGAROLAS tratar\u00e1 los datos recabados a trav\u00e9s del Canal de denuncias como Responsable del tratamiento.<\/p>\n<p><u>Finalidades del tratamiento<\/u><\/p>\n<p>Trataremos sus datos personales, la informaci\u00f3n y los documentos que nos facilite con la finalidad de tramitar, investigar y proponer resoluciones sobre las comunicaciones y denuncias relacionadas con posibles hechos delictivos o incumplimientos normativos y \u00e9ticos recibidos a trav\u00e9s de este canal.<\/p>\n<p><u>Base de legitimaci\u00f3n del tratamiento<\/u><\/p>\n<p>La base legal que legitima el tratamiento de sus datos reside en el cumplimiento de una obligaci\u00f3n legal, en virtud de lo dispuesto en el art\u00edculo 30 de la Ley de Protecci\u00f3n del Informante.<\/p>\n<p><u>Plazo de conservaci\u00f3n de los datos en el Canal de denuncias.<\/u><\/p>\n<p>Los datos personales tratados con esta finalidad se conservar\u00e1n en el Canal de denuncias \u00fanicamente durante el tiempo imprescindible para decidir sobre la procedencia de iniciar una investigaci\u00f3n sobre los hechos denunciados. En todo caso, transcurridos tres meses desde la introducci\u00f3n de los datos sin que se hubieran iniciado actuaciones de investigaci\u00f3n, se proceder\u00e1 a su anonimizaci\u00f3n con la finalidad de dejar evidencias del funcionamiento del sistema.<\/p>\n<p>Si se decidiera iniciar una investigaci\u00f3n, los datos personales se conservar\u00e1n fuera del canal de denuncias durante el tiempo que dure la investigaci\u00f3n de los hechos. En caso de que de la investigaci\u00f3n se desprenda la adopci\u00f3n de determinadas medidas contra las personas investigadas, los datos se conservar\u00e1n en tanto persistan las acciones legales que procedan.<\/p>\n<p>Una vez finalice el plazo de conservaci\u00f3n correspondiente, los datos ser\u00e1n debidamente bloqueados y conservados con objeto de probar el cumplimiento de la normativa en lo referente a la disposici\u00f3n de un modelo de compliance conforme a los requisitos del art. 31 bis del C\u00f3digo Penal por un per\u00edodo no superior a diez a\u00f1os.<\/p>\n<p><u>Destinatarios de los datos personales<\/u><\/p>\n<p>En general, el acceso a los datos quedar\u00e1 limitado exclusivamente a quienes forman parte de \u00f3rganos de gobierno relacionados con funciones de cumplimiento, y\/o a los encargados de la investigaci\u00f3n internos o externos (estos \u00faltimos como encargados del tratamiento) que eventualmente sean designados.<\/p>\n<p>Tus datos no ser\u00e1n cedidos a ning\u00fan tercero, salvo a aquellos proveedores de servicios para la recepci\u00f3n de comunicaciones en el canal y, en su caso, gesti\u00f3n y realizaci\u00f3n de las investigaciones que resulten necesarias.<\/p>\n<p>Sin perjuicio de lo anterior, los datos personales de las denuncias podr\u00e1n ser comunicados a las fuerzas y cuerpos de seguridad, Jueces o Tribunales, as\u00ed como cualquier otro organismo competente en caso de ser requeridos en cumplimiento de la legislaci\u00f3n vigente.<\/p>\n<p><u>Transferencias internacionales<\/u><\/p>\n<p>No se realiza transferencia internacional de datos.<\/p>\n<p><u>Ejercicio de derechos<\/u><\/p>\n<p>Le informamos que tiene reconocidos en todo momento sus derechos de acceso, rectificaci\u00f3n, supresi\u00f3n, oposici\u00f3n, limitaci\u00f3n del tratamiento y portabilidad de los datos enviando un mail a <a href=\"mailto:protecciondatos@brugarolas.com\">protecciondatos@brugarolas.com<\/a><\/p>\n<p>En el plazo m\u00e1ximo de un mes resolveromos su solicitud.<\/p>\n<p>Tenga en cuenta, sin embargo, que los derechos de supresi\u00f3n y oposici\u00f3n pueden encontrarse limitados mientras se encuentre en curso la investigaci\u00f3n de los hechos denunciados o se est\u00e9n ejerciendo acciones judiciales o extrajudiciales sobre los mismos, debiendo conservar la identidad del denunciante para la satisfacci\u00f3n de los intereses de Brugarolas o para el cumplimiento de una obligaci\u00f3n legal.<\/p>\n<p>En todo caso, tiene derecho a presentar una reclamaci\u00f3n ante la Agencia Espa\u00f1ola de Protecci\u00f3n de Datos (www.aepd.es), sita en la C\/Jorge Juan n\u00fam. 6 de 28001 Madrid, en el caso que considere que Brugarolas ha vulnerado los derechos que le son reconocidos por la legislaci\u00f3n aplicable.<\/p>\n<\/div><div style=\"text-align:center;\"><a class=\"fusion-button button-flat fusion-button-default-size button-default fusion-button-default button-1 fusion-button-default-span fusion-button-default-type\" style=\"--button_text_transform:uppercase;--button_margin-top:20px;\" target=\"_blank\" rel=\"noopener noreferrer\" href=\"https:\/\/itsconsulting.es\/formulari-canal-denuncias-brugarolas\/\"><span class=\"fusion-button-text awb-button__text awb-button__text--default\">Formulario Canal de denuncias<\/span><\/a><\/div><\/div><\/div><\/div><\/div>\n","protected":false},"excerpt":{"rendered":"","protected":false},"author":1,"featured_media":0,"parent":0,"menu_order":0,"comment_status":"closed","ping_status":"closed","template":"","meta":{"footnotes":""},"class_list":["post-12256","page","type-page","status-publish","hentry"],"yoast_head":"<!-- This site is optimized with the Yoast SEO plugin v27.3 - https:\/\/yoast.com\/product\/yoast-seo-wordpress\/ -->\n<title>Canal de Denuncias - Brugarolas fabricante de lubricantes industriales<\/title>\n<meta name=\"robots\" content=\"index, follow, max-snippet:-1, max-image-preview:large, max-video-preview:-1\" \/>\n<link rel=\"canonical\" href=\"https:\/\/brugarolas.com\/it\/canal-de-denuncias\/\" \/>\n<meta property=\"og:locale\" content=\"it_IT\" \/>\n<meta property=\"og:type\" content=\"article\" \/>\n<meta property=\"og:title\" content=\"Canal de Denuncias - Brugarolas fabricante de lubricantes industriales\" \/>\n<meta property=\"og:url\" content=\"https:\/\/brugarolas.com\/it\/canal-de-denuncias\/\" \/>\n<meta property=\"og:site_name\" content=\"Brugarolas fabricante de lubricantes industriales\" \/>\n<meta property=\"article:modified_time\" content=\"2023-12-21T11:35:47+00:00\" \/>\n<meta name=\"twitter:card\" content=\"summary_large_image\" \/>\n<meta name=\"twitter:label1\" content=\"Tempo di lettura stimato\" \/>\n\t<meta name=\"twitter:data1\" content=\"6 minuti\" \/>\n<script type=\"application\/ld+json\" class=\"yoast-schema-graph\">{\"@context\":\"https:\\\/\\\/schema.org\",\"@graph\":[{\"@type\":\"WebPage\",\"@id\":\"https:\\\/\\\/brugarolas.com\\\/it\\\/canal-de-denuncias\\\/\",\"url\":\"https:\\\/\\\/brugarolas.com\\\/it\\\/canal-de-denuncias\\\/\",\"name\":\"Canal de Denuncias - Brugarolas fabricante de lubricantes industriales\",\"isPartOf\":{\"@id\":\"https:\\\/\\\/brugarolas.com\\\/it\\\/#website\"},\"datePublished\":\"2023-12-21T11:35:34+00:00\",\"dateModified\":\"2023-12-21T11:35:47+00:00\",\"breadcrumb\":{\"@id\":\"https:\\\/\\\/brugarolas.com\\\/it\\\/canal-de-denuncias\\\/#breadcrumb\"},\"inLanguage\":\"it-IT\",\"potentialAction\":[{\"@type\":\"ReadAction\",\"target\":[\"https:\\\/\\\/brugarolas.com\\\/it\\\/canal-de-denuncias\\\/\"]}]},{\"@type\":\"BreadcrumbList\",\"@id\":\"https:\\\/\\\/brugarolas.com\\\/it\\\/canal-de-denuncias\\\/#breadcrumb\",\"itemListElement\":[{\"@type\":\"ListItem\",\"position\":1,\"name\":\"Portada\",\"item\":\"https:\\\/\\\/brugarolas.com\\\/it\\\/\"},{\"@type\":\"ListItem\",\"position\":2,\"name\":\"Canal de Denuncias\"}]},{\"@type\":\"WebSite\",\"@id\":\"https:\\\/\\\/brugarolas.com\\\/it\\\/#website\",\"url\":\"https:\\\/\\\/brugarolas.com\\\/it\\\/\",\"name\":\"Brugarolas fabricante de lubricantes industriales\",\"description\":\"\",\"publisher\":{\"@id\":\"https:\\\/\\\/brugarolas.com\\\/it\\\/#organization\"},\"potentialAction\":[{\"@type\":\"SearchAction\",\"target\":{\"@type\":\"EntryPoint\",\"urlTemplate\":\"https:\\\/\\\/brugarolas.com\\\/it\\\/?s={search_term_string}\"},\"query-input\":{\"@type\":\"PropertyValueSpecification\",\"valueRequired\":true,\"valueName\":\"search_term_string\"}}],\"inLanguage\":\"it-IT\"},{\"@type\":\"Organization\",\"@id\":\"https:\\\/\\\/brugarolas.com\\\/it\\\/#organization\",\"name\":\"Brugarolas, S.A.\",\"url\":\"https:\\\/\\\/brugarolas.com\\\/it\\\/\",\"logo\":{\"@type\":\"ImageObject\",\"inLanguage\":\"it-IT\",\"@id\":\"https:\\\/\\\/brugarolas.com\\\/it\\\/#\\\/schema\\\/logo\\\/image\\\/\",\"url\":\"https:\\\/\\\/brugarolas.com\\\/wp-content\\\/uploads\\\/brugarolas-retina-mobile-1.png\",\"contentUrl\":\"https:\\\/\\\/brugarolas.com\\\/wp-content\\\/uploads\\\/brugarolas-retina-mobile-1.png\",\"width\":640,\"height\":135,\"caption\":\"Brugarolas, S.A.\"},\"image\":{\"@id\":\"https:\\\/\\\/brugarolas.com\\\/it\\\/#\\\/schema\\\/logo\\\/image\\\/\"}}]}<\/script>\n<!-- \/ Yoast SEO plugin. -->","yoast_head_json":{"title":"Canal de Denuncias - Brugarolas fabricante de lubricantes industriales","robots":{"index":"index","follow":"follow","max-snippet":"max-snippet:-1","max-image-preview":"max-image-preview:large","max-video-preview":"max-video-preview:-1"},"canonical":"https:\/\/brugarolas.com\/it\/canal-de-denuncias\/","og_locale":"it_IT","og_type":"article","og_title":"Canal de Denuncias - Brugarolas fabricante de lubricantes industriales","og_url":"https:\/\/brugarolas.com\/it\/canal-de-denuncias\/","og_site_name":"Brugarolas fabricante de lubricantes industriales","article_modified_time":"2023-12-21T11:35:47+00:00","twitter_card":"summary_large_image","twitter_misc":{"Tempo di lettura stimato":"6 minuti"},"schema":{"@context":"https:\/\/schema.org","@graph":[{"@type":"WebPage","@id":"https:\/\/brugarolas.com\/it\/canal-de-denuncias\/","url":"https:\/\/brugarolas.com\/it\/canal-de-denuncias\/","name":"Canal de Denuncias - Brugarolas fabricante de lubricantes industriales","isPartOf":{"@id":"https:\/\/brugarolas.com\/it\/#website"},"datePublished":"2023-12-21T11:35:34+00:00","dateModified":"2023-12-21T11:35:47+00:00","breadcrumb":{"@id":"https:\/\/brugarolas.com\/it\/canal-de-denuncias\/#breadcrumb"},"inLanguage":"it-IT","potentialAction":[{"@type":"ReadAction","target":["https:\/\/brugarolas.com\/it\/canal-de-denuncias\/"]}]},{"@type":"BreadcrumbList","@id":"https:\/\/brugarolas.com\/it\/canal-de-denuncias\/#breadcrumb","itemListElement":[{"@type":"ListItem","position":1,"name":"Portada","item":"https:\/\/brugarolas.com\/it\/"},{"@type":"ListItem","position":2,"name":"Canal de Denuncias"}]},{"@type":"WebSite","@id":"https:\/\/brugarolas.com\/it\/#website","url":"https:\/\/brugarolas.com\/it\/","name":"Brugarolas fabricante de lubricantes industriales","description":"","publisher":{"@id":"https:\/\/brugarolas.com\/it\/#organization"},"potentialAction":[{"@type":"SearchAction","target":{"@type":"EntryPoint","urlTemplate":"https:\/\/brugarolas.com\/it\/?s={search_term_string}"},"query-input":{"@type":"PropertyValueSpecification","valueRequired":true,"valueName":"search_term_string"}}],"inLanguage":"it-IT"},{"@type":"Organization","@id":"https:\/\/brugarolas.com\/it\/#organization","name":"Brugarolas, S.A.","url":"https:\/\/brugarolas.com\/it\/","logo":{"@type":"ImageObject","inLanguage":"it-IT","@id":"https:\/\/brugarolas.com\/it\/#\/schema\/logo\/image\/","url":"https:\/\/brugarolas.com\/wp-content\/uploads\/brugarolas-retina-mobile-1.png","contentUrl":"https:\/\/brugarolas.com\/wp-content\/uploads\/brugarolas-retina-mobile-1.png","width":640,"height":135,"caption":"Brugarolas, S.A."},"image":{"@id":"https:\/\/brugarolas.com\/it\/#\/schema\/logo\/image\/"}}]}},"_links":{"self":[{"href":"https:\/\/brugarolas.com\/it\/wp-json\/wp\/v2\/pages\/12256","targetHints":{"allow":["GET"]}}],"collection":[{"href":"https:\/\/brugarolas.com\/it\/wp-json\/wp\/v2\/pages"}],"about":[{"href":"https:\/\/brugarolas.com\/it\/wp-json\/wp\/v2\/types\/page"}],"author":[{"embeddable":true,"href":"https:\/\/brugarolas.com\/it\/wp-json\/wp\/v2\/users\/1"}],"replies":[{"embeddable":true,"href":"https:\/\/brugarolas.com\/it\/wp-json\/wp\/v2\/comments?post=12256"}],"version-history":[{"count":1,"href":"https:\/\/brugarolas.com\/it\/wp-json\/wp\/v2\/pages\/12256\/revisions"}],"predecessor-version":[{"id":12258,"href":"https:\/\/brugarolas.com\/it\/wp-json\/wp\/v2\/pages\/12256\/revisions\/12258"}],"wp:attachment":[{"href":"https:\/\/brugarolas.com\/it\/wp-json\/wp\/v2\/media?parent=12256"}],"curies":[{"name":"wp","href":"https:\/\/api.w.org\/{rel}","templated":true}]}}