{"id":3426,"date":"2019-03-12T16:24:17","date_gmt":"2019-03-12T15:24:17","guid":{"rendered":"https:\/\/brugarolas.com\/condiciones-de-venta\/"},"modified":"2019-07-29T12:46:39","modified_gmt":"2019-07-29T10:46:39","slug":"condizioni-di-vendita","status":"publish","type":"page","link":"https:\/\/brugarolas.com\/it\/condizioni-di-vendita\/","title":{"rendered":"Condizioni di vendita"},"content":{"rendered":"<div class=\"justificado\">\n<h1>CONDIZIONI GENERALI DI VENDITA E FORNITURA<\/h1>\n<p>&nbsp;<\/p>\n<h2>1.- DEFINIZIONI<\/h2>\n<p>1.1.- Si indica con \u201cL\u2019Impresa\u201d la societ\u00e0 BRUGAROLAS, S.A.<\/p>\n<p>1.2.- Si indica con \u201cIl Compratore\u201d o \u201cIl Cliente\u201d la persona fisica o giuridica che negozia con l\u2019Impresa per acquistare beni o servizi.<\/p>\n<p>1.3.- Si indica con \u201cProdotto\u201d o \u201cServizio\u201d l\u2019oggetto del rapporto commerciale stipulato tra l\u2019Impresa e il Cliente.<\/p>\n<p>1.4.- Si indica con \u201cOrdine\u201d l\u2019offerta di un prodotto o un servizio effettuata dall\u2019Impresa e che sia stata accettata dal Cliente per iscritto o verbalmente.<\/p>\n<p>1.5.- Si indica con \u201cListino prezzi\u201d l\u2019elenco dei prezzi per ogni prodotto redatta dall\u2019Impresa.<\/p>\n<p>&nbsp;<\/p>\n<h2>2.- CONDIZIONI DI VENDITA E FORNITURA<\/h2>\n<p>2.1.- Gli ordini formalizzati tra l\u2019Impresa e il Cliente saranno regolamentati dalle disposizioni delle presenti condizioni di vendita e fornitura, eccetto per quegli aspetti in cui eccezionalmente venga espressamente concordata una variazione.<\/p>\n<p>2.2.- L\u2019Ordine non sar\u00e0 effettivo finch\u00e9 il Cliente non avr\u00e0 espressamente e integralmente accettato l\u2019offerta effettuata dall\u2019Impresa. In tale offerta dovranno essere sempre contenuti almeno i seguenti dati: Riferimento dell\u2019offerta \u2013 nome del prodotto \u2013 tipo di contenitore \u2013 prezzo \u2013 termini di consegna \u2013 ordine minimo &#8211; trasporto \u2013 validit\u00e0 dell\u2019offerta.<\/p>\n<p>2.3.- L\u2019accettazione dell\u2019offerta da parte del Cliente comporter\u00e0 il rispetto di tutte e ciascuna delle condizioni dell\u2019offerta.<\/p>\n<p>2.4.- Qualsiasi variazione all\u2019offerta apportata dall\u2019Impresa dovr\u00e0 essere espressamente accettata per iscritto.<\/p>\n<p>2.5.- I prezzi inclusi nel Listino Prezzi dell\u2019Impresa includono i contenitori e il trasporto all\u2019interno del territorio peninsulare, ma non includono in alcun caso l\u2019 I.V.A.<\/p>\n<p>2.6.- L\u2019Impresa si riserva il diritto di modificare liberamente il Listino Prezzi quando le condizioni del mercato lo rendano necessario.<\/p>\n<p>2.7.- L\u2019ordine minimo ammonta a 121 euro. Nel caso di ordini di importo inferiore, l\u2019Impresa aggiunger\u00e0 al prezzo il costo di gestione dell\u2019ordine minimo, pari a___ ______.<\/p>\n<p>2.8.- I prodotti contenuti in piccoli contenitori sono confezionati in scatole che comprendono varie unit\u00e0, cos\u00ec come indicato in ciascun caso. L\u2019unit\u00e0 minima di vendita per questi prodotti \u00e8 la scatola completa. Non \u00e8 prevista la fornitura di unit\u00e0 singole.<\/p>\n<p>2.9.- Il termine di consegna dell\u2019Ordine potr\u00e0 essere concordato per come segue: \u2013 Consegna A o immediata: entro i dieci giorni successivi all\u2019accettazione dell\u2019offerta. \u2013 Consegna B: dopo dieci giorni a decorrere dall\u2019accettazione dell\u2019offerta. \u2013 Consegna C: dopo oltre quindici giorni a decorrere dall\u2019accettazione dell\u2019offerta.<\/p>\n<p>2.10.- A partire dal momento della consegna del Prodotto alla sede del Cliente, quest\u2019ultimo ne diventa l\u2019unico responsabile.<\/p>\n<p>2.11.- Il Cliente \u00e8 tenuto al rispetto delle condizioni di stoccaggio, uso e manipolazione del prodotto contenute nella relativa etichetta.<\/p>\n<p>&nbsp;<\/p>\n<h2>3.- RESI<\/h2>\n<p>3.1.- L\u2019Impresa ammetter\u00e0 esclusivamente i resi effettuati conformemente alle condizioni previste nel presente paragrafo.<\/p>\n<p>3.2.- Tutti i resi dovranno essere previamente comunicati per iscritto all\u2019Impresa specificandone le circostanze e indicando la ragione del reclamo.<\/p>\n<p>3.3.- In ogni caso, l\u2019Impresa si riserva il diritto di accettare o meno il reso dopo aver esaminato il prodotto restituito e verificato l\u2019autenticit\u00e0 del reclamo e la motivazione del reso. Nei casi in cui l\u2019Impresa abbia autorizzato il reso, effettuer\u00e0 un accredito per l\u2019importo dell\u2019Ordine.<\/p>\n<p>3.4.- Le restituzioni dovute a rotture o imperfezioni gravi nei contenitori del Prodotto determinate dal trasporto dello stesso, dovranno essere indicate nella bolla di consegna dello spedizioniere, o in mancanza di ci\u00f2, mediante comunicazione scritta indirizzata all\u2019Impresa entro il termine di quindici giorni dal ricevimento dell\u2019Ordine. Oltre i detti 15 giorni dalla consegna dell\u2019Ordine non sar\u00e0 pi\u00f9 ammesso alcun reso.<\/p>\n<p>3.5.- Come regola generale, non sar\u00e0 ammesso il reso di prodotti scaduti, obsoleti o in cattivo stato per stoccaggio inadeguato. Ci\u00f2 nonostante, in caso di accettazione in via eccezionale di un reso anche in uno dei casi sopra citati, l\u2019Impresa avr\u00e0 diritto a scontare dal relativo accredito il costo dello smaltimento del Prodotto restituito.<\/p>\n<p>3.6.- Il reso di un Prodotto dovuto alla cattiva qualit\u00e0 dello stesso dovr\u00e0 essere comunicato all\u2019Impresa nel termine massimo di 30 giorni a decorrere dalla consegna del prodotto.<\/p>\n<p>&nbsp;<\/p>\n<h2>4.- PREZZI<\/h2>\n<p>4.1.- Il prezzo dei Prodotti sar\u00e0 comunque quello indicato in ogni caso nell\u2019offerta dell\u2019Impresa accettata dal Cliente.<\/p>\n<p>4.2.- Qualora l\u2019offerta dell\u2019Impresa fosse corrispondente al prezzo presente sul Listino, sar\u00e0 applicato il prezzo in vigore al momento per il Prodotto in questione nel Listino Prezzi dell\u2019Impresa.<\/p>\n<p>4.3.- Nel caso di una variazione nel Listino Prezzi, quest\u2019ultima sar\u00e0 applicata agli Ordini formalizzati dopo la modifica, salvo nel caso previsto nel paragrafo seguente.<\/p>\n<p>4.4.- Qualora, una volta che l\u2019offerta sia stata accettata dal Cliente, si determini un aumento straordinario dei costi delle materie prime o delle imposte gravanti sui Prodotti, l\u2019Impresa avr\u00e0 il diritto di modificare il prezzo per adeguarlo alla nuova situazione, informandone immediatamente e per iscritto il Cliente, il quale, a sua volta, disporr\u00e0 di un termine di tre giorni per confermare, sempre per iscritto, l\u2019accettazione o il rifiuto dell\u2019offerta con il nuovo prezzo.<\/p>\n<p>&nbsp;<\/p>\n<h2>5.- PAGAMENTO<\/h2>\n<p>5.1.- Salvo accordi contrari, il pagamento del prezzo dell\u2019Ordine maggiorato dell\u2019IVA, dovr\u00e0 essere effettuato dal Cliente nel termine di 90 giorni a decorrere dalla data della fattura, mediante bonifico bancario.<\/p>\n<p>5.2.- Il ritardo nel pagamento da parte del Cliente dar\u00e0 diritto all\u2019Impresa di richiedere il pagamento di una penale ai sensi della Legge 3\/2004 del 29 dicembre, che stabilisce le misure di lotta contro la morosit\u00e0 nelle operazioni commerciali.<\/p>\n<p>&nbsp;<\/p>\n<h2>6.- RESPONSABILITA<\/h2>\n<p>6.1.- Responsabilit\u00e0 per i contenitori.- Salvo accordi contrari, i contenitori in cui \u00e8 fornito il Prodotto divengono di propriet\u00e0 del Cliente a partire dal momento della consegna del Prodotto. Di conseguenza, dal momento della consegna in avanti, il Cliente \u00e8 l\u2019unico responsabile del contenitore e del corretto smaltimento dello stesso in quanto rifiuto industriale, nell\u2019osservanza delle disposizioni della normativa in materia di sicurezza, ambiente e smaltimento dei rifiuti.<\/p>\n<p>6.2.- Responsabilit\u00e0 per i contenitori.- Salvo accordi contrari, i contenitori in cui \u00e8 fornito il Prodotto divengono di propriet\u00e0 del Cliente a partire dal momento della consegna del Prodotto. Di conseguenza, dal momento della consegna in avanti, il Cliente \u00e8 l\u2019unico responsabile del contenitore e del corretto smaltimento dello stesso in quanto rifiuto industriale, nell\u2019osservanza delle disposizioni della normativa in materia di sicurezza, ambiente e smaltimento dei rifiuti.<\/p>\n<p>6.3.- Responsabilit\u00e0 derivante da stoccaggio o manipolazione scorretti del Prodotto.- L\u2019Impresa non assumer\u00e0 nessuna responsabilit\u00e0 per i danni subiti dai Prodotti in conseguenza di una scorretta manipolazione o di un inadeguato stoccaggio degli stessi. Per manipolazione scorretta o stoccaggio inadeguato dei Prodotti si intendono la manipolazione e lo stoccaggio non conformi a quanto previsto in tal senso nelle specifiche tecniche e nell\u2019etichetta del Prodotto.<\/p>\n<p>6.4.- Responsabilit\u00e0 per prodotto difettoso o di cattiva qualit\u00e0. Nel caso di un Prodotto in cattivo stato o con un difetto di qualit\u00e0, l\u2019Impresa accetter\u00e0 il reso del Prodotto difettoso semprech\u00e9 il reso stesso sia previamente comunicato all\u2019Impresa entro il termine previsto nel precedente paragrafo 3.<\/p>\n<p>6.5.- Responsabilit\u00e0 per danni a terzi. L\u2019Impresa non assumer\u00e0 responsabilit\u00e0 per i danni eventualmente arrecati a terzi in conseguenza dell\u2019uso dei Prodotti, quando i suddetti danni siano la conseguenza di un uso scorretto o inadeguato del Prodotto stesso. Per uso scorretto o inadeguato del Prodotto si intende qualsiasi utilizzo dello stesso per fini diversi da quelli ai quali \u00e8 destinato, o qualsiasi utilizzo in condizioni non corrispondenti alle specifiche tecniche del Prodotto. L\u2019Impresa non sar\u00e0 responsabile neppure di eventuali danni causati a terzi dall\u2019uso del Prodotto, qualora il Prodotto sia in cattivo stato o contaminato per cause non imputabili all\u2019Impresa stessa.<\/p>\n<p>&nbsp;<\/p>\n<h2>7.- IMPOSTE SPECIALI<\/h2>\n<p>7.1.- I Prodotti commercializzati dall\u2019Impresa non sono fabbricati per essere utilizzati come carburanti n\u00e9 come combustibili.<\/p>\n<p>7.2.- Al fine di non gravare il Cliente con l\u2019Imposta Speciale corrispondente, l\u2019Impresa comunicher\u00e0 comunque al Cliente i prodotti che eventualmente potrebbero essere utilizzati come carburanti o combustibili e che, in tal caso, sarebbero soggetti alla tariffa 2a dei tributi speciali. In questi casi, sui Prodotti graver\u00e0 la relativa Imposta Speciale, a meno che il Cliente non dichiari per iscritto all\u2019Impresa di agire in qualit\u00e0 di consumatore finale e di non utilizzare il Prodotto come carburante o come combustibile.<\/p>\n<p>&nbsp;<\/p>\n<h2>8.- PROPRIETA<\/h2>\n<p>I marchi e i nomi commerciali dei Prodotti sono legalmente registrati e sono di propriet\u00e0 dell\u2019Impresa e pertanto tutelati dalla normativa sulla Propriet\u00e0 Industriale.<\/p>\n<p>&nbsp;<\/p>\n<h2>9.- PROTEZIONE DEI DATI PERSONALI<\/h2>\n<p>9.1.- I dati personali del Cliente potranno essere utilizzati dall\u2019Impresa nel modo seguente: \u2013 Potranno essere inclusi negli archivi informatizzati di propriet\u00e0 dell\u2019Impresa, utilizzati per effettuare il controllo contabile sugli Ordini e la relativa fatturazione, nonch\u00e9 nella corrispondenza commerciale tra Impresa e Cliente. \u2013 Potranno inoltre essere ceduti alle Autorit\u00e0 Pubbliche e Fiscali nei casi previsti dalla legge.<\/p>\n<p>9.2.- Il Cliente pu\u00f2 esercitare il diritto di accesso, rettifica, cancellazione e opposizione dinanzi alla Sezione Protezione Dati di Brugarolas al seguente indirizzo: Departamento de Protecci\u00f3n de Datos de BRUGAROLAS, S.A., Cam\u00ed de la Riera, 36, Pol\u00edgono Industrial Cova Solera, 08191 Rub\u00ed.<\/p>\n<p>&nbsp;<\/p>\n<h2>10.- GIURISDIZIONE<\/h2>\n<p>Nel caso di controversie sull\u2019interpretazione, sull\u2019applicazione o sull\u2019adempimento delle presenti Condizioni Generali, l\u2019Impresa e il Cliente, con espressa rinuncia al proprio foro qualora fosse necessario, si assoggettano alla Giurisdizione delle Corti e dei Tribunali della citt\u00e0 di Barcellona.<\/p>\n<\/div>\n","protected":false},"excerpt":{"rendered":"<p>CONDIZIONI GENERALI DI VENDITA E FORNITURA &nbsp; 1.- DEFINIZIONI 1.1.- Si indica con \u201cL\u2019Impresa\u201d la societ\u00e0 BRUGAROLAS, S.A. 1.2.- Si indica con \u201cIl Compratore\u201d o  [&#8230;]<\/p>\n","protected":false},"author":1,"featured_media":0,"parent":0,"menu_order":0,"comment_status":"closed","ping_status":"closed","template":"","meta":{"footnotes":""},"class_list":["post-3426","page","type-page","status-publish","hentry"],"yoast_head":"<!-- This site is optimized with the Yoast SEO plugin v27.3 - https:\/\/yoast.com\/product\/yoast-seo-wordpress\/ -->\n<title>Condizioni di vendita - Brugarolas fabricante de lubricantes industriales<\/title>\n<meta name=\"robots\" content=\"index, follow, max-snippet:-1, max-image-preview:large, max-video-preview:-1\" \/>\n<link rel=\"canonical\" href=\"https:\/\/brugarolas.com\/it\/condizioni-di-vendita\/\" \/>\n<meta property=\"og:locale\" content=\"it_IT\" \/>\n<meta property=\"og:type\" content=\"article\" \/>\n<meta property=\"og:title\" content=\"Condizioni di vendita - Brugarolas fabricante de lubricantes industriales\" \/>\n<meta property=\"og:description\" content=\"CONDIZIONI GENERALI DI VENDITA E FORNITURA &nbsp; 1.- DEFINIZIONI 1.1.- Si indica con \u201cL\u2019Impresa\u201d la societ\u00e0 BRUGAROLAS, S.A. 1.2.- Si indica con \u201cIl Compratore\u201d o [...]\" \/>\n<meta property=\"og:url\" content=\"https:\/\/brugarolas.com\/it\/condizioni-di-vendita\/\" \/>\n<meta property=\"og:site_name\" content=\"Brugarolas fabricante de lubricantes industriales\" \/>\n<meta property=\"article:modified_time\" content=\"2019-07-29T10:46:39+00:00\" \/>\n<meta name=\"twitter:card\" content=\"summary_large_image\" \/>\n<meta name=\"twitter:label1\" content=\"Tempo di lettura stimato\" \/>\n\t<meta name=\"twitter:data1\" content=\"8 minuti\" \/>\n<script type=\"application\/ld+json\" class=\"yoast-schema-graph\">{\"@context\":\"https:\\\/\\\/schema.org\",\"@graph\":[{\"@type\":\"WebPage\",\"@id\":\"https:\\\/\\\/brugarolas.com\\\/it\\\/condizioni-di-vendita\\\/\",\"url\":\"https:\\\/\\\/brugarolas.com\\\/it\\\/condizioni-di-vendita\\\/\",\"name\":\"Condizioni di vendita - Brugarolas fabricante de lubricantes industriales\",\"isPartOf\":{\"@id\":\"https:\\\/\\\/brugarolas.com\\\/it\\\/#website\"},\"datePublished\":\"2019-03-12T15:24:17+00:00\",\"dateModified\":\"2019-07-29T10:46:39+00:00\",\"breadcrumb\":{\"@id\":\"https:\\\/\\\/brugarolas.com\\\/it\\\/condizioni-di-vendita\\\/#breadcrumb\"},\"inLanguage\":\"it-IT\",\"potentialAction\":[{\"@type\":\"ReadAction\",\"target\":[\"https:\\\/\\\/brugarolas.com\\\/it\\\/condizioni-di-vendita\\\/\"]}]},{\"@type\":\"BreadcrumbList\",\"@id\":\"https:\\\/\\\/brugarolas.com\\\/it\\\/condizioni-di-vendita\\\/#breadcrumb\",\"itemListElement\":[{\"@type\":\"ListItem\",\"position\":1,\"name\":\"Portada\",\"item\":\"https:\\\/\\\/brugarolas.com\\\/it\\\/\"},{\"@type\":\"ListItem\",\"position\":2,\"name\":\"Condizioni di vendita\"}]},{\"@type\":\"WebSite\",\"@id\":\"https:\\\/\\\/brugarolas.com\\\/it\\\/#website\",\"url\":\"https:\\\/\\\/brugarolas.com\\\/it\\\/\",\"name\":\"Brugarolas fabricante de lubricantes industriales\",\"description\":\"\",\"publisher\":{\"@id\":\"https:\\\/\\\/brugarolas.com\\\/it\\\/#organization\"},\"potentialAction\":[{\"@type\":\"SearchAction\",\"target\":{\"@type\":\"EntryPoint\",\"urlTemplate\":\"https:\\\/\\\/brugarolas.com\\\/it\\\/?s={search_term_string}\"},\"query-input\":{\"@type\":\"PropertyValueSpecification\",\"valueRequired\":true,\"valueName\":\"search_term_string\"}}],\"inLanguage\":\"it-IT\"},{\"@type\":\"Organization\",\"@id\":\"https:\\\/\\\/brugarolas.com\\\/it\\\/#organization\",\"name\":\"Brugarolas, S.A.\",\"url\":\"https:\\\/\\\/brugarolas.com\\\/it\\\/\",\"logo\":{\"@type\":\"ImageObject\",\"inLanguage\":\"it-IT\",\"@id\":\"https:\\\/\\\/brugarolas.com\\\/it\\\/#\\\/schema\\\/logo\\\/image\\\/\",\"url\":\"https:\\\/\\\/brugarolas.com\\\/wp-content\\\/uploads\\\/brugarolas-retina-mobile-1.png\",\"contentUrl\":\"https:\\\/\\\/brugarolas.com\\\/wp-content\\\/uploads\\\/brugarolas-retina-mobile-1.png\",\"width\":640,\"height\":135,\"caption\":\"Brugarolas, S.A.\"},\"image\":{\"@id\":\"https:\\\/\\\/brugarolas.com\\\/it\\\/#\\\/schema\\\/logo\\\/image\\\/\"}}]}<\/script>\n<!-- \/ Yoast SEO plugin. -->","yoast_head_json":{"title":"Condizioni di vendita - Brugarolas fabricante de lubricantes industriales","robots":{"index":"index","follow":"follow","max-snippet":"max-snippet:-1","max-image-preview":"max-image-preview:large","max-video-preview":"max-video-preview:-1"},"canonical":"https:\/\/brugarolas.com\/it\/condizioni-di-vendita\/","og_locale":"it_IT","og_type":"article","og_title":"Condizioni di vendita - Brugarolas fabricante de lubricantes industriales","og_description":"CONDIZIONI GENERALI DI VENDITA E FORNITURA &nbsp; 1.- DEFINIZIONI 1.1.- Si indica con \u201cL\u2019Impresa\u201d la societ\u00e0 BRUGAROLAS, S.A. 1.2.- Si indica con \u201cIl Compratore\u201d o [...]","og_url":"https:\/\/brugarolas.com\/it\/condizioni-di-vendita\/","og_site_name":"Brugarolas fabricante de lubricantes industriales","article_modified_time":"2019-07-29T10:46:39+00:00","twitter_card":"summary_large_image","twitter_misc":{"Tempo di lettura stimato":"8 minuti"},"schema":{"@context":"https:\/\/schema.org","@graph":[{"@type":"WebPage","@id":"https:\/\/brugarolas.com\/it\/condizioni-di-vendita\/","url":"https:\/\/brugarolas.com\/it\/condizioni-di-vendita\/","name":"Condizioni di vendita - Brugarolas fabricante de lubricantes industriales","isPartOf":{"@id":"https:\/\/brugarolas.com\/it\/#website"},"datePublished":"2019-03-12T15:24:17+00:00","dateModified":"2019-07-29T10:46:39+00:00","breadcrumb":{"@id":"https:\/\/brugarolas.com\/it\/condizioni-di-vendita\/#breadcrumb"},"inLanguage":"it-IT","potentialAction":[{"@type":"ReadAction","target":["https:\/\/brugarolas.com\/it\/condizioni-di-vendita\/"]}]},{"@type":"BreadcrumbList","@id":"https:\/\/brugarolas.com\/it\/condizioni-di-vendita\/#breadcrumb","itemListElement":[{"@type":"ListItem","position":1,"name":"Portada","item":"https:\/\/brugarolas.com\/it\/"},{"@type":"ListItem","position":2,"name":"Condizioni di vendita"}]},{"@type":"WebSite","@id":"https:\/\/brugarolas.com\/it\/#website","url":"https:\/\/brugarolas.com\/it\/","name":"Brugarolas fabricante de lubricantes industriales","description":"","publisher":{"@id":"https:\/\/brugarolas.com\/it\/#organization"},"potentialAction":[{"@type":"SearchAction","target":{"@type":"EntryPoint","urlTemplate":"https:\/\/brugarolas.com\/it\/?s={search_term_string}"},"query-input":{"@type":"PropertyValueSpecification","valueRequired":true,"valueName":"search_term_string"}}],"inLanguage":"it-IT"},{"@type":"Organization","@id":"https:\/\/brugarolas.com\/it\/#organization","name":"Brugarolas, S.A.","url":"https:\/\/brugarolas.com\/it\/","logo":{"@type":"ImageObject","inLanguage":"it-IT","@id":"https:\/\/brugarolas.com\/it\/#\/schema\/logo\/image\/","url":"https:\/\/brugarolas.com\/wp-content\/uploads\/brugarolas-retina-mobile-1.png","contentUrl":"https:\/\/brugarolas.com\/wp-content\/uploads\/brugarolas-retina-mobile-1.png","width":640,"height":135,"caption":"Brugarolas, S.A."},"image":{"@id":"https:\/\/brugarolas.com\/it\/#\/schema\/logo\/image\/"}}]}},"_links":{"self":[{"href":"https:\/\/brugarolas.com\/it\/wp-json\/wp\/v2\/pages\/3426","targetHints":{"allow":["GET"]}}],"collection":[{"href":"https:\/\/brugarolas.com\/it\/wp-json\/wp\/v2\/pages"}],"about":[{"href":"https:\/\/brugarolas.com\/it\/wp-json\/wp\/v2\/types\/page"}],"author":[{"embeddable":true,"href":"https:\/\/brugarolas.com\/it\/wp-json\/wp\/v2\/users\/1"}],"replies":[{"embeddable":true,"href":"https:\/\/brugarolas.com\/it\/wp-json\/wp\/v2\/comments?post=3426"}],"version-history":[{"count":2,"href":"https:\/\/brugarolas.com\/it\/wp-json\/wp\/v2\/pages\/3426\/revisions"}],"predecessor-version":[{"id":3440,"href":"https:\/\/brugarolas.com\/it\/wp-json\/wp\/v2\/pages\/3426\/revisions\/3440"}],"wp:attachment":[{"href":"https:\/\/brugarolas.com\/it\/wp-json\/wp\/v2\/media?parent=3426"}],"curies":[{"name":"wp","href":"https:\/\/api.w.org\/{rel}","templated":true}]}}