{"id":4558,"date":"2019-03-12T16:36:18","date_gmt":"2019-03-12T15:36:18","guid":{"rendered":"https:\/\/brugarolas.com\/politica-de-cookies\/"},"modified":"2019-07-31T02:26:26","modified_gmt":"2019-07-31T00:26:26","slug":"politica-dei-cookie","status":"publish","type":"page","link":"https:\/\/brugarolas.com\/it\/politica-dei-cookie\/","title":{"rendered":"Politica dei cookie"},"content":{"rendered":"<div class=\"justificado\">\n<h3>Uso dei cookie<\/h3>\n<p>Nel nostro sito internet utilizziamo cookie propri e di terzi (Google Analytics) per migliorare la tua esperienza utente e raccogliere dati statistici sull\u2019uso della nostra pagina internet da parte degli utenti. I cookie sono associati unicamente al browser utilizzato, per cui non viene archiviato alcun tipo di dati personali sull\u2019utente che visita la nostra pagina internet. \u00c8 possibile configurare il browser affinch\u00e9 questo notifichi e\/o rifiuti l\u2019installazione dei cookie, senza che questo pregiudichi la possibilit\u00e0 dell\u2019utente di poter accedere alle diverse aree della pagina internet, ad eccezione del servizio di chat per il supporto tecnico.<\/p>\n<p>Se navighi all\u2019interno della nostra pagina internet, accetti l\u2019uso dei cookie nelle condizioni stabilite in questa Politica dei Cookie. Questo politica pu\u00f2 essere aggiornata, per cui ti invitiamo a rivederla regolarmente.<\/p>\n<h3>Cosa sono i cookie?<\/h3>\n<p>Sono piccoli archivi di dati che il server di Internet invia al dispositivo con il quale ti connetti alle nostre pagine internet, e che questo archivia. Sono associati unicamente al tuo browser e non forniscono da s\u00e9 dati personali. I cookie non possono danneggiare il tuo dispositivo e sono inoltre molto utili, dal momento che ci aiutano a identificare e a risolvere errori.<\/p>\n<p>Se desideri avere ulteriori informazioni sul loro funzionamento, ti consigliamo di visitare il sito <a href=\"http:\/\/www.allaboutcookies.org\" target=\"_blank\" rel=\"noopener noreferrer\"><strong>www.allaboutcookies.org <\/strong><\/a>E <a href=\"http:\/\/www.youronlinechoices.eu\/es\/\" target=\"_blank\" rel=\"noopener noreferrer\"><strong>www.youronlinechoices.eu<\/strong><\/a><\/p>\n<h3>Configurazione dei cookie<\/h3>\n<p>Puoi consultare i passaggi necessari per disabilitare l\u2019installazione dei cookie nella sezione \u201cAiuto\u201d del tuo browser: Microsoft Internet Explorer, Google Chrome, Safari, Mozilla Firefox e Opera.<\/p>\n<p>Molti browser consentono di attivare una modalit\u00e0 privata mediante la quale i cookie vengono sempre cancellati dopo la tua visita alla pagina internet. A seconda del browser utilizzato, questa modalit\u00e0 pu\u00f2 avere diversi nomi.  Di seguito troverai un elenco dei browser pi\u00f9 comuni e dei diversi nomi di questa \u201cmodalit\u00e0 privata\u201d:<\/p>\n<ul>\n<li>Internet Explorer 8 e superiore \u2013 InPrivate<\/li>\n<li>Opera 10.5 e superiore \u2013 Navigazione Privata<\/li>\n<li>Google Chrome 10 e superiore \u2013 Incognito<\/li>\n<li>Safari 2 e superiore \u2013 Navigazione Privata<\/li>\n<li>Firefox 3.5 e superiore \u2013 Navigazione Privata<\/li>\n<\/ul>\n<p>Di seguito, una descrizione dettagliata dei cookie utilizzati da <a href=\"http:\/\/brugarolas.com\" target=\"_blank\" rel=\"noopener noreferrer\"><strong>brugarolas.com <\/strong><\/a>:\n<\/div>\n<table class=\"tabla\" width=\"100%\">\n<thead>\n<tr>\n<th>Cookie<\/th>\n<th>Tipo<\/th>\n<th>Durata<\/th>\n<th>Descrizione<\/th>\n<\/tr>\n<\/thead>\n<tbody>\n<tr>\n<td>_utma<\/td>\n<td>Di terzi<\/td>\n<td>2 anni<\/td>\n<td>Utilizzato da Google Analytics.<\/td>\n<\/tr>\n<tr>\n<td>_utmb<\/td>\n<td>Di terzi<\/td>\n<td>30 minuti<\/td>\n<td>Utilizzato da Google Analytics.<\/td>\n<\/tr>\n<tr>\n<td>_utmc<\/td>\n<td>Di terzi<\/td>\n<td>Alla chiusura della sessione di navigazione<\/td>\n<td>Utilizzato da Google Analytics.<\/td>\n<\/tr>\n<tr>\n<td>_utmt<\/td>\n<td>Di terzi<\/td>\n<td>30 minuti<\/td>\n<td>Utilizzato da Google Analytics.<\/td>\n<\/tr>\n<tr>\n<td>_utmv<\/td>\n<td>Di terzi<\/td>\n<td>30 minuti<\/td>\n<td>Utilizzato da Google Analytics.<\/td>\n<\/tr>\n<tr>\n<td>_utmz<\/td>\n<td>Di terzi<\/td>\n<td>30 minuti<\/td>\n<td>Utilizzato da Google Analytics.<\/td>\n<\/tr>\n<tr>\n<td>_icl_current_admin_language<\/td>\n<td>Di terzi<\/td>\n<td>1 giorno<\/td>\n<td>Gestione delle lingue utilizzate nella pagina internet <\/td>\n<\/tr>\n<tr>\n<td>_icl_current_language<\/td>\n<td>Di terzi<\/td>\n<td>1 giorno<\/td>\n<td>Gestione delle lingue utilizzate nella pagina internet<\/td>\n<\/tr>\n<tr>\n<td>_icl_visitor_lang_is<\/td>\n<td>Di terzi<\/td>\n<td>24 ore<\/td>\n<td>Gestione delle lingue, memorizza la lingua di default della pagina internet.<\/td>\n<\/tr>\n<tr>\n<td>viewed_cookie_policy<\/td>\n<td>Proprio<\/td>\n<td>1 anno<\/td>\n<td>Utilizzato per verificare se \u00e8 stata data l\u2019accettazione all\u2019uso dei cookie sulla nostra pagina internet.<\/td>\n<\/tr>\n<tr>\n<td>wordpress_logged_in[hash]<\/td>\n<td>Di terzi<\/td>\n<td>Sessione<\/td>\n<td>Indica se l\u2019utente \u00e8 connesso e la sua identit\u00e0<\/td>\n<\/tr>\n<tr>\n<td>wordpress_sec-<\/td>\n<td>Di terzi<\/td>\n<td>Alla chiusura della sessione<\/td>\n<td>Ci consente di identificare la lingua dell\u2019utente al fine di mostrargli la pagina internet nella lingua corretta<\/td>\n<\/tr>\n<tr>\n<td>wordpress_test_cookie<\/td>\n<td>Di terzi<\/td>\n<td>Sessione<\/td>\n<td>Questo cookie si usa affinch\u00e9 il gestore di contenuti WordPress verifichi se il browser ha i cookie attivi<\/td>\n<\/tr>\n<tr>\n<td>wp-settings-1<\/td>\n<td>Di terzi<\/td>\n<td>Alla chiusura del browser<\/td>\n<td>Utilizzato per personalizzare l\u2019interfaccia utente <\/td>\n<\/tr>\n<tr>\n<td>wp-settings-time-1<\/td>\n<td>Proprio<\/td>\n<td>1 anno<\/td>\n<td>Personalizzare l\u2019interfaccia<\/td>\n<\/tr>\n<tr>\n<td>wpml_browser_redirect_test<\/td>\n<td>Di terzi<\/td>\n<td>Alla chiusura della sessione<\/td>\n<td>Identificare se \u00e8 necessario reindirizzare la pagina a un\u2019altra lingua <\/td>\n<\/tr>\n<\/tbody>\n<\/table>\n","protected":false},"excerpt":{"rendered":"<p>Uso dei cookie Nel nostro sito internet utilizziamo cookie propri e di terzi (Google Analytics) per migliorare la tua esperienza utente e raccogliere dati statistici  [&#8230;]<\/p>\n","protected":false},"author":1,"featured_media":0,"parent":0,"menu_order":0,"comment_status":"closed","ping_status":"closed","template":"","meta":{"footnotes":""},"class_list":["post-4558","page","type-page","status-publish","hentry"],"yoast_head":"<!-- This site is optimized with the Yoast SEO plugin v27.3 - https:\/\/yoast.com\/product\/yoast-seo-wordpress\/ -->\n<title>Politica dei cookie - Brugarolas fabricante de lubricantes industriales<\/title>\n<meta name=\"robots\" content=\"index, follow, max-snippet:-1, max-image-preview:large, max-video-preview:-1\" \/>\n<link rel=\"canonical\" href=\"https:\/\/brugarolas.com\/it\/politica-dei-cookie\/\" \/>\n<meta property=\"og:locale\" content=\"it_IT\" \/>\n<meta property=\"og:type\" content=\"article\" \/>\n<meta property=\"og:title\" content=\"Politica dei cookie - Brugarolas fabricante de lubricantes industriales\" \/>\n<meta property=\"og:description\" content=\"Uso dei cookie Nel nostro sito internet utilizziamo cookie propri e di terzi (Google Analytics) per migliorare la tua esperienza utente e raccogliere dati statistici [...]\" \/>\n<meta property=\"og:url\" content=\"https:\/\/brugarolas.com\/it\/politica-dei-cookie\/\" \/>\n<meta property=\"og:site_name\" content=\"Brugarolas fabricante de lubricantes industriales\" \/>\n<meta property=\"article:modified_time\" content=\"2019-07-31T00:26:26+00:00\" \/>\n<meta name=\"twitter:card\" content=\"summary_large_image\" \/>\n<meta name=\"twitter:label1\" content=\"Tempo di lettura stimato\" \/>\n\t<meta name=\"twitter:data1\" content=\"3 minuti\" \/>\n<script type=\"application\/ld+json\" class=\"yoast-schema-graph\">{\"@context\":\"https:\\\/\\\/schema.org\",\"@graph\":[{\"@type\":\"WebPage\",\"@id\":\"https:\\\/\\\/brugarolas.com\\\/it\\\/politica-dei-cookie\\\/\",\"url\":\"https:\\\/\\\/brugarolas.com\\\/it\\\/politica-dei-cookie\\\/\",\"name\":\"Politica dei cookie - Brugarolas fabricante de lubricantes industriales\",\"isPartOf\":{\"@id\":\"https:\\\/\\\/brugarolas.com\\\/it\\\/#website\"},\"datePublished\":\"2019-03-12T15:36:18+00:00\",\"dateModified\":\"2019-07-31T00:26:26+00:00\",\"breadcrumb\":{\"@id\":\"https:\\\/\\\/brugarolas.com\\\/it\\\/politica-dei-cookie\\\/#breadcrumb\"},\"inLanguage\":\"it-IT\",\"potentialAction\":[{\"@type\":\"ReadAction\",\"target\":[\"https:\\\/\\\/brugarolas.com\\\/it\\\/politica-dei-cookie\\\/\"]}]},{\"@type\":\"BreadcrumbList\",\"@id\":\"https:\\\/\\\/brugarolas.com\\\/it\\\/politica-dei-cookie\\\/#breadcrumb\",\"itemListElement\":[{\"@type\":\"ListItem\",\"position\":1,\"name\":\"Portada\",\"item\":\"https:\\\/\\\/brugarolas.com\\\/it\\\/\"},{\"@type\":\"ListItem\",\"position\":2,\"name\":\"Politica dei cookie\"}]},{\"@type\":\"WebSite\",\"@id\":\"https:\\\/\\\/brugarolas.com\\\/it\\\/#website\",\"url\":\"https:\\\/\\\/brugarolas.com\\\/it\\\/\",\"name\":\"Brugarolas fabricante de lubricantes industriales\",\"description\":\"\",\"publisher\":{\"@id\":\"https:\\\/\\\/brugarolas.com\\\/it\\\/#organization\"},\"potentialAction\":[{\"@type\":\"SearchAction\",\"target\":{\"@type\":\"EntryPoint\",\"urlTemplate\":\"https:\\\/\\\/brugarolas.com\\\/it\\\/?s={search_term_string}\"},\"query-input\":{\"@type\":\"PropertyValueSpecification\",\"valueRequired\":true,\"valueName\":\"search_term_string\"}}],\"inLanguage\":\"it-IT\"},{\"@type\":\"Organization\",\"@id\":\"https:\\\/\\\/brugarolas.com\\\/it\\\/#organization\",\"name\":\"Brugarolas, S.A.\",\"url\":\"https:\\\/\\\/brugarolas.com\\\/it\\\/\",\"logo\":{\"@type\":\"ImageObject\",\"inLanguage\":\"it-IT\",\"@id\":\"https:\\\/\\\/brugarolas.com\\\/it\\\/#\\\/schema\\\/logo\\\/image\\\/\",\"url\":\"https:\\\/\\\/brugarolas.com\\\/wp-content\\\/uploads\\\/brugarolas-retina-mobile-1.png\",\"contentUrl\":\"https:\\\/\\\/brugarolas.com\\\/wp-content\\\/uploads\\\/brugarolas-retina-mobile-1.png\",\"width\":640,\"height\":135,\"caption\":\"Brugarolas, S.A.\"},\"image\":{\"@id\":\"https:\\\/\\\/brugarolas.com\\\/it\\\/#\\\/schema\\\/logo\\\/image\\\/\"}}]}<\/script>\n<!-- \/ Yoast SEO plugin. -->","yoast_head_json":{"title":"Politica dei cookie - Brugarolas fabricante de lubricantes industriales","robots":{"index":"index","follow":"follow","max-snippet":"max-snippet:-1","max-image-preview":"max-image-preview:large","max-video-preview":"max-video-preview:-1"},"canonical":"https:\/\/brugarolas.com\/it\/politica-dei-cookie\/","og_locale":"it_IT","og_type":"article","og_title":"Politica dei cookie - Brugarolas fabricante de lubricantes industriales","og_description":"Uso dei cookie Nel nostro sito internet utilizziamo cookie propri e di terzi (Google Analytics) per migliorare la tua esperienza utente e raccogliere dati statistici [...]","og_url":"https:\/\/brugarolas.com\/it\/politica-dei-cookie\/","og_site_name":"Brugarolas fabricante de lubricantes industriales","article_modified_time":"2019-07-31T00:26:26+00:00","twitter_card":"summary_large_image","twitter_misc":{"Tempo di lettura stimato":"3 minuti"},"schema":{"@context":"https:\/\/schema.org","@graph":[{"@type":"WebPage","@id":"https:\/\/brugarolas.com\/it\/politica-dei-cookie\/","url":"https:\/\/brugarolas.com\/it\/politica-dei-cookie\/","name":"Politica dei cookie - Brugarolas fabricante de lubricantes industriales","isPartOf":{"@id":"https:\/\/brugarolas.com\/it\/#website"},"datePublished":"2019-03-12T15:36:18+00:00","dateModified":"2019-07-31T00:26:26+00:00","breadcrumb":{"@id":"https:\/\/brugarolas.com\/it\/politica-dei-cookie\/#breadcrumb"},"inLanguage":"it-IT","potentialAction":[{"@type":"ReadAction","target":["https:\/\/brugarolas.com\/it\/politica-dei-cookie\/"]}]},{"@type":"BreadcrumbList","@id":"https:\/\/brugarolas.com\/it\/politica-dei-cookie\/#breadcrumb","itemListElement":[{"@type":"ListItem","position":1,"name":"Portada","item":"https:\/\/brugarolas.com\/it\/"},{"@type":"ListItem","position":2,"name":"Politica dei cookie"}]},{"@type":"WebSite","@id":"https:\/\/brugarolas.com\/it\/#website","url":"https:\/\/brugarolas.com\/it\/","name":"Brugarolas fabricante de lubricantes industriales","description":"","publisher":{"@id":"https:\/\/brugarolas.com\/it\/#organization"},"potentialAction":[{"@type":"SearchAction","target":{"@type":"EntryPoint","urlTemplate":"https:\/\/brugarolas.com\/it\/?s={search_term_string}"},"query-input":{"@type":"PropertyValueSpecification","valueRequired":true,"valueName":"search_term_string"}}],"inLanguage":"it-IT"},{"@type":"Organization","@id":"https:\/\/brugarolas.com\/it\/#organization","name":"Brugarolas, S.A.","url":"https:\/\/brugarolas.com\/it\/","logo":{"@type":"ImageObject","inLanguage":"it-IT","@id":"https:\/\/brugarolas.com\/it\/#\/schema\/logo\/image\/","url":"https:\/\/brugarolas.com\/wp-content\/uploads\/brugarolas-retina-mobile-1.png","contentUrl":"https:\/\/brugarolas.com\/wp-content\/uploads\/brugarolas-retina-mobile-1.png","width":640,"height":135,"caption":"Brugarolas, S.A."},"image":{"@id":"https:\/\/brugarolas.com\/it\/#\/schema\/logo\/image\/"}}]}},"_links":{"self":[{"href":"https:\/\/brugarolas.com\/it\/wp-json\/wp\/v2\/pages\/4558","targetHints":{"allow":["GET"]}}],"collection":[{"href":"https:\/\/brugarolas.com\/it\/wp-json\/wp\/v2\/pages"}],"about":[{"href":"https:\/\/brugarolas.com\/it\/wp-json\/wp\/v2\/types\/page"}],"author":[{"embeddable":true,"href":"https:\/\/brugarolas.com\/it\/wp-json\/wp\/v2\/users\/1"}],"replies":[{"embeddable":true,"href":"https:\/\/brugarolas.com\/it\/wp-json\/wp\/v2\/comments?post=4558"}],"version-history":[{"count":2,"href":"https:\/\/brugarolas.com\/it\/wp-json\/wp\/v2\/pages\/4558\/revisions"}],"predecessor-version":[{"id":4560,"href":"https:\/\/brugarolas.com\/it\/wp-json\/wp\/v2\/pages\/4558\/revisions\/4560"}],"wp:attachment":[{"href":"https:\/\/brugarolas.com\/it\/wp-json\/wp\/v2\/media?parent=4558"}],"curies":[{"name":"wp","href":"https:\/\/api.w.org\/{rel}","templated":true}]}}