{"id":3441,"date":"2019-03-12T16:24:17","date_gmt":"2019-03-12T15:24:17","guid":{"rendered":"https:\/\/brugarolas.com\/condiciones-de-venta\/"},"modified":"2019-07-29T12:54:06","modified_gmt":"2019-07-29T10:54:06","slug":"condicoes-de-venda","status":"publish","type":"page","link":"https:\/\/brugarolas.com\/pt-pt\/condicoes-de-venda\/","title":{"rendered":"Condi\u00e7\u00f5es de venda"},"content":{"rendered":"<div class=\"justificado\">\n<h1>CONDI\u00c7\u00d5ES GERAIS DE VENDA E FORNECIMENTO<\/h1>\n<p>&nbsp;<\/p>\n<h2>1.- DEFINI\u00c7\u00d5ES<\/h2>\n<p>1.1.- Entende-se por \u201cEmpresa\u201d a sociedade BRUGAROLAS, S.A.<\/p>\n<p>1.2.- Entende-se por \u201cComprador\u201d ou \u201cCliente\u201d a pessoa singular ou colectiva que contrate com a Empresa o fornecimento de bens ou servi\u00e7os.<\/p>\n<p>1.3.- Entende-se por &#8220;Produto&#8221; ou &#8220;Servi\u00e7o&#8221; o objecto da rela\u00e7\u00e3o comercial estabelecida entre a Empresa e o Cliente.<\/p>\n<p>1.4.- Entende-se por &#8220;Encomenda&#8221; o fornecimento e a venda de bens ou a presta\u00e7\u00e3o de servi\u00e7os por parte da Empresa, aceites pelo Cliente por escrito ou verbalmente.<\/p>\n<p>1.5.- Entende-se por &#8220;Tabela de Pre\u00e7os&#8221; a lista de cota\u00e7\u00f5es dos produtos elaborada pela empresa.<\/p>\n<p>&nbsp;<\/p>\n<h2>2.- CONDI\u00c7\u00d5ES GERAIS DE VENDA E FORNECIMENTO<\/h2>\n<p>2.1.- As encomendas celebradas entre a Empresa e o Cliente ser\u00e3o regidas pelas cl\u00e1usulas constantes das presentes Condi\u00e7\u00f5es Gerais de Venda e Fornecimento, salvo se diferente e expressamente acordado por escrito.<\/p>\n<p>2.2.- A Encomenda s\u00f3 ser\u00e1 considerada v\u00e1lida ap\u00f3s a aceita\u00e7\u00e3o, expressa e expl\u00edcita, pelo Cliente da proposta enviada pela Empresa. Da proposta enviada ao Cliente, constar\u00e3o sempre os seguintes dados: Refer\u00eancia da proposta &#8211; nome do produto &#8211; tipo de embalagem &#8211; pre\u00e7o &#8211; prazo de entrega &#8211; montante m\u00ednimo &#8211; portes &#8211; validade da proposta.<\/p>\n<p>2.3.- A aceita\u00e7\u00e3o da proposta pelo Cliente implicar\u00e1 o cumprimento de todas e de cada uma das cl\u00e1usulas constantes das condi\u00e7\u00f5es mencionadas na proposta.<\/p>\n<p>2.4.- Qualquer altera\u00e7\u00e3o \u00e0 proposta enviada pela Empresa, dever\u00e1 ser expressamente aceite pela mesma, por escrito.<\/p>\n<p>2.5.- Nas cota\u00e7\u00f5es indicadas na Tabela de Pre\u00e7os da Empresa est\u00e1 inclu\u00eddo o pre\u00e7o das embalagens e os custos de envio dentro do territ\u00f3rio da Pen\u00ednsula Ib\u00e9rica, mas em caso algum, estar\u00e1 inclu\u00eddo o valor do IVA.<\/p>\n<p>2.6.- A Empresa reserva-se o direito de alterar unilateralmente e a seu exclusivo crit\u00e9rio a Tabela de Pre\u00e7os, sempre que as condi\u00e7\u00f5es do mercado o justifiquem.<\/p>\n<p>2.7.- O montante m\u00ednimo da encomenda ser\u00e1 de 121,00 euros. Para encomendas de montantes inferiores, a Empresa incluir\u00e1 no pre\u00e7o os custos de gest\u00e3o e processamento de encomenda m\u00ednima, no valor de _________.<\/p>\n<p>2.8.- Os produtos apresentados em embalagens pequenas ser\u00e3o acondicionados em caixas com v\u00e1rias unidades, tal como indicado conforme o caso. Para estes produtos, a unidade m\u00ednima de venda \u00e9 uma caixa completa, pelo que n\u00e3o se aceita a compra de unidades em separado.<\/p>\n<p>2.9.- O prazo de entrega da Encomenda poder\u00e1 ser acordado da seguinte forma: &#8211; Entrega A ou imediata: no prazo de dez (10) dias a contar da data de aceita\u00e7\u00e3o da proposta pelo Cliente. &#8211; Entrega B: Dez (10) dias a contar da data de aceita\u00e7\u00e3o da proposta pelo Cliente. &#8211; Entrega C: superior a quinze (15) dias a contar da data de aceita\u00e7\u00e3o da proposta pelo Cliente.<\/p>\n<p>2.10.- A partir do momento em que o Produto \u00e9 entregue nas instala\u00e7\u00f5es do Cliente, este passa a ser o seu \u00fanico respons\u00e1vel.<\/p>\n<p>2.11.- O Cliente dever\u00e1 respeitar as condi\u00e7\u00f5es de armazenamento, utiliza\u00e7\u00e3o e manipula\u00e7\u00e3o do Produto, indicadas no r\u00f3tulo.<\/p>\n<p>&nbsp;<\/p>\n<h2>3.- DEVOLU\u00c7\u00d5ES<\/h2>\n<p>3.1.- A Empresa s\u00f3 aceitar\u00e1 devolu\u00e7\u00f5es que se apresentem conformes \u00e0s condi\u00e7\u00f5es especificadas neste ponto.<\/p>\n<p>3.2.- Todas as devolu\u00e7\u00f5es carecem de comunica\u00e7\u00e3o pr\u00e9via e por escrito \u00e0 Empresa, e dela deve contar o tipo de problema e a respectiva causa.<\/p>\n<p>3.3.- Ainda assim, a Empresa reserva-se o direito de aceitar ou n\u00e3o o Produto devolvido depois de verificado e testado, e de comprovada a veracidade e extens\u00e3o da causa que est\u00e1 na origem da devolu\u00e7\u00e3o. No caso de aceita\u00e7\u00e3o da devolu\u00e7\u00e3o, a Empresa emitir\u00e1 uma nota de cr\u00e9dito no montante da Encomenda.<\/p>\n<p>3.4.- As devolu\u00e7\u00f5es resultantes de danos ou defeitos graves verificados nas embalagens do Produto no decurso do transporte, devem ser mencionados na nota de entrega da transportadora ou, em alternativa, comunicados por escrito \u00e0 Empresa, no prazo m\u00e1ximo de quinze (15) dias a contar da data de recep\u00e7\u00e3o da Encomenda. Decorridos quinze (15) dias da data de entrega da Encomenda, a devolu\u00e7\u00e3o n\u00e3o ser\u00e1 aceite.<\/p>\n<p>3.5.- Regra geral, n\u00e3o aceitaremos a devolu\u00e7\u00e3o de produtos que se apresentam fora do prazo de validade, obsoletos, ou em mau estado devido a armazenagem inadequada. N\u00e3o obstante, prevendo-se que a Empresa possa aceitar, a t\u00edtulo de excep\u00e7\u00e3o, determinado tipo de devolu\u00e7\u00f5es, esta ter\u00e1 o direito de deduzir \u00e0 nota de cr\u00e9dito os custos tidos com a reciclagem do Produto devolvido.<\/p>\n<p>3.6.- As devolu\u00e7\u00f5es decorrentes da m\u00e1 qualidade do Produto devem ser comunicadas \u00e0 Empresa no prazo m\u00e1ximo de trinta (30) dias a contar da data da sua entrega.<\/p>\n<p>&nbsp;<\/p>\n<h2>4.- COTA\u00c7\u00d5ES<\/h2>\n<p>4.1.- O pre\u00e7o dos Produtos ser\u00e1 o indicado na proposta enviada pela Empresa e aceite pelo Cliente.<\/p>\n<p>4.2.- Se a proposta da Empresa se referir ao pre\u00e7o\/tarifa, ser\u00e1 aplicado ao Produto em quest\u00e3o o pre\u00e7o indicado na Tabela de Pre\u00e7os da Empresa, em vigor \u00e0 data da Encomenda.<\/p>\n<p>4.3.- Salvo o disposto no n\u00famero seguinte, no caso da Tabela de Pre\u00e7os sofrer altera\u00e7\u00f5es, est\u00e1 s\u00f3 ser\u00e1 aplicada \u00e0s Encomendas efectuadas ap\u00f3s a data da altera\u00e7\u00e3o.<\/p>\n<p>4.4.- Se, depois de aceite a proposta pelo Cliente, se verificar um aumento extraordin\u00e1rio dos custos da mat\u00e9ria-prima e dos impostos que incidem sobre os Produtos, a Empresa reserva-se o direito de ajustar os pre\u00e7os de forma a reflectirem as altera\u00e7\u00f5es ocorridas. Neste caso, a Empresa dever\u00e1 informar imediatamente o Cliente por escrito, o qual, por sua vez, ter\u00e1 o prazo de tr\u00eas (3) dias para confirmar, tamb\u00e9m por escrito, a aceita\u00e7\u00e3o ou n\u00e3o da proposta com a nova Tabela de Pre\u00e7os.<\/p>\n<p>&nbsp;<\/p>\n<h2>5.- CONDI\u00c7\u00d5ES DE PAGAMENTO<\/h2>\n<p>5.1.- Salvo acordo em contr\u00e1rio, o pagamento do montante da Encomenda, ao qual acresce o IVA \u00e0 taxa legal em vigor, ser\u00e1 efectuado pelo Cliente, por transfer\u00eancia banc\u00e1ria, no prazo de noventa (90) dias a contar da data da factura.<\/p>\n<p>5.2.- No caso de atraso no pagamento da factura por parte do Cliente, a Empresa tem direito a reclamar uma penaliza\u00e7\u00e3o pecuni\u00e1ria, nos termos da Lei n.\u00ba 3\/2004, de 29 de Dezembro, que estabelece medidas de luta contra os atrasos de pagamento nas transac\u00e7\u00f5es comerciais.<\/p>\n<p>&nbsp;<\/p>\n<h2>6.- LIMITES DE RESPONSABILIDADE<\/h2>\n<p>6.1.- Produto danificado\/com defeito.- A Empresa declina toda e qualquer responsabilidade pelos danos, rupturas ou defeitos sofridos ou causados \u00e0s embalagens dos Produtos depois de terem sido entregues ao Cliente. Da mesma forma, a Empresa declina toda e qualquer responsabilidade pelos danos causados aos Produtos na sequ\u00eancia do manuseamento incorrecto durante a descarga do ve\u00edculo utilizado para os transportar, se esta opera\u00e7\u00e3o for efectuada pelo pessoal do pr\u00f3prio Cliente. Se os danos, rupturas ou defeitos forem causados durante o transporte, a Empresa aceitar\u00e1 a devolu\u00e7\u00e3o dos Produtos, desde que o Cliente cumpra as condi\u00e7\u00f5es de devolu\u00e7\u00e3o previstas no n\u00famero 3 destas Condi\u00e7\u00f5es Gerais.<\/p>\n<p>6.2.- Recipientes.- Salvo acordo em contr\u00e1rio, os recipientes onde o Produto \u00e9 fornecido passam a ser propriedade do Cliente a partir do momento da entrega. Assim, a partir do momento da entrega, o Cliente \u00e9 o \u00fanico respons\u00e1vel pelo recipiente e por utiliz\u00e1-lo como res\u00edduo industrial, devendo cumprir as disposi\u00e7\u00f5es da legisla\u00e7\u00e3o em mat\u00e9ria de seguran\u00e7a, ambiente e tratamento de res\u00edduos.<\/p>\n<p>6.3.- Armazenamento ou manipula\u00e7\u00e3o indevida do Produto.- A Empresa declina toda e qualquer responsabilidade pelos danos causados aos Produtos na sequ\u00eancia de manipula\u00e7\u00e3o ou armazenamento indevido dos mesmos. Entende-se por manipula\u00e7\u00e3o ou armazenamento indevido dos Produtos, todo o tipo de manipula\u00e7\u00e3o ou armazenamento diferente do indicado nas especifica\u00e7\u00f5es t\u00e9cnicas do produto e no respectivo r\u00f3tulo.<\/p>\n<p>6.4.- Produto com defeito ou de m\u00e1 qualidade. No caso de produtos em mau estado ou de m\u00e1 qualidade, a Empresa aceitar\u00e1 a devolu\u00e7\u00e3o do Produto desde que a sua devolu\u00e7\u00e3o seja previamente comunicada no prazo previsto no n\u00famero 3.<\/p>\n<p>6.5.- Danos causados a terceiros. A empresa n\u00e3o ser\u00e1 respons\u00e1vel, em nenhuma circunst\u00e2ncia, pelos danos causados a terceiros na sequ\u00eancia da utiliza\u00e7\u00e3o dos Produtos, quando esses danos resultarem do uso incorrecto ou indevido dos mesmos. Entende-se por utiliza\u00e7\u00e3o incorrecta ou indevida do Produto, toda e qualquer utiliza\u00e7\u00e3o para fins diferentes daquele a que se destinam, ou toda a utiliza\u00e7\u00e3o que n\u00e3o esteja em conformidade com as indica\u00e7\u00f5es fornecidas nas especifica\u00e7\u00f5es t\u00e9cnicas do Produto. A Empresa tamb\u00e9m n\u00e3o se responsabiliza pelos danos causados a terceiros na sequ\u00eancia da utiliza\u00e7\u00e3o do Produto, caso o Produto se encontre em mau estado ou contaminado por causa n\u00e3o imput\u00e1vel \u00e0 Empresa.<\/p>\n<p>&nbsp;<\/p>\n<h2>7.- IMPOSTOS ESPECIAIS DE CONSUMO<\/h2>\n<p>7.1.- Os Produtos comercializados pela Empresa n\u00e3o s\u00e3o fabricados para serem utilizados como carburante nem como combust\u00edvel.<\/p>\n<p>7.2.- De modo a n\u00e3o onerar o Cliente com o Imposto Especial de Consumo, a Empresa obriga-se a informar o Cliente sobre os produtos que podem ser utilizados como carburante ou combust\u00edvel e que, por isso, estariam sujeitos \u00e0 taxa do imposto especial de consumo. Nestes casos, os Produtos ser\u00e3o tributados com o imposto especial de consumo correspondente, a menos que o Cliente ateste, por escrito, agir na qualidade de consumidor final e que n\u00e3o utilizar\u00e1 o Produto como carburante nem como combust\u00edvel.<\/p>\n<p>&nbsp;<\/p>\n<h2>8.- PROPRIEDADE INDUSTRIAL<\/h2>\n<p>As marcas e as marcas comerciais dos Produtos est\u00e3o registadas e s\u00e3o propriedade da Empresa, estando por isso protegidas pelos direitos de Propriedade Industrial.<\/p>\n<p>&nbsp;<\/p>\n<h2>9.- PROTEC\u00c7\u00c3O DE DADOS<\/h2>\n<p>9.1.- Os dados pessoais do Cliente podem ser utilizados pela Empresa da seguinte forma: &#8211; Podem estar inclu\u00eddos em ficheiros automatizados propriedade da Empresa, e podem ser utilizados para fins de acompanhamento de Encomendas e respectiva factura\u00e7\u00e3o, bem como meio de comunica\u00e7\u00e3o comercial entre a Empresa e o Cliente. &#8211; Podem ser cedidos a \u00f3rg\u00e3os da Administra\u00e7\u00e3o P\u00fablica e \u00e0 Autoridade Tribut\u00e1ria nos casos em que a Lei assim o exija.<\/p>\n<p>9.2.- O Cliente tem o direito de, a qualquer momento, aceder, alterar, corrigir ou cancelar os seus dados pessoais e de exercer o direito de oposi\u00e7\u00e3o junto do Departamento de Protec\u00e7\u00e3o de Dados da BRUGAROLAS, S.A., sita em Cam\u00ed de la Riera, 36, Pol\u00edgono Industrial Cova Solera, 08191 Rub\u00ed.<\/p>\n<p>&nbsp;<\/p>\n<h2>10.- FORO COMPETENTE<\/h2>\n<p>Em caso de lit\u00edgios relacionados com a interpreta\u00e7\u00e3o, a aplica\u00e7\u00e3o ou a execu\u00e7\u00e3o das presentes Condi\u00e7\u00f5es Gerais de Venda, a Empresa e o Cliente concordam, com ren\u00fancia expressa do seu pr\u00f3prio foro, se tal for necess\u00e1rio, submeter-se \u00e0 jurisdi\u00e7\u00e3o dos tribunais da cidade de Barcelona.<\/p>\n<\/div>\n","protected":false},"excerpt":{"rendered":"<p>CONDI\u00c7\u00d5ES GERAIS DE VENDA E FORNECIMENTO &nbsp; 1.- DEFINI\u00c7\u00d5ES 1.1.- Entende-se por \u201cEmpresa\u201d a sociedade BRUGAROLAS, S.A. 1.2.- Entende-se por \u201cComprador\u201d ou \u201cCliente\u201d a pessoa  [&#8230;]<\/p>\n","protected":false},"author":1,"featured_media":0,"parent":0,"menu_order":0,"comment_status":"closed","ping_status":"closed","template":"","meta":{"footnotes":""},"class_list":["post-3441","page","type-page","status-publish","hentry"],"yoast_head":"<!-- This site is optimized with the Yoast SEO plugin v27.4 - https:\/\/yoast.com\/product\/yoast-seo-wordpress\/ -->\n<title>Condi\u00e7\u00f5es de venda - Brugarolas fabricante de lubricantes industriales<\/title>\n<meta name=\"robots\" content=\"index, follow, max-snippet:-1, max-image-preview:large, max-video-preview:-1\" \/>\n<link rel=\"canonical\" href=\"https:\/\/brugarolas.com\/pt-pt\/condicoes-de-venda\/\" \/>\n<meta property=\"og:locale\" content=\"pt_PT\" \/>\n<meta property=\"og:type\" content=\"article\" \/>\n<meta property=\"og:title\" content=\"Condi\u00e7\u00f5es de venda - Brugarolas fabricante de lubricantes industriales\" \/>\n<meta property=\"og:description\" content=\"CONDI\u00c7\u00d5ES GERAIS DE VENDA E FORNECIMENTO &nbsp; 1.- DEFINI\u00c7\u00d5ES 1.1.- Entende-se por \u201cEmpresa\u201d a sociedade BRUGAROLAS, S.A. 1.2.- Entende-se por \u201cComprador\u201d ou \u201cCliente\u201d a pessoa [...]\" \/>\n<meta property=\"og:url\" content=\"https:\/\/brugarolas.com\/pt-pt\/condicoes-de-venda\/\" \/>\n<meta property=\"og:site_name\" content=\"Brugarolas fabricante de lubricantes industriales\" \/>\n<meta property=\"article:modified_time\" content=\"2019-07-29T10:54:06+00:00\" \/>\n<meta name=\"twitter:card\" content=\"summary_large_image\" \/>\n<meta name=\"twitter:label1\" content=\"Tempo estimado de leitura\" \/>\n\t<meta name=\"twitter:data1\" content=\"9 minutes\" \/>\n<script type=\"application\/ld+json\" class=\"yoast-schema-graph\">{\"@context\":\"https:\\\/\\\/schema.org\",\"@graph\":[{\"@type\":\"WebPage\",\"@id\":\"https:\\\/\\\/brugarolas.com\\\/pt-pt\\\/condicoes-de-venda\\\/\",\"url\":\"https:\\\/\\\/brugarolas.com\\\/pt-pt\\\/condicoes-de-venda\\\/\",\"name\":\"Condi\u00e7\u00f5es de venda - Brugarolas fabricante de lubricantes industriales\",\"isPartOf\":{\"@id\":\"https:\\\/\\\/brugarolas.com\\\/pt-pt\\\/#website\"},\"datePublished\":\"2019-03-12T15:24:17+00:00\",\"dateModified\":\"2019-07-29T10:54:06+00:00\",\"breadcrumb\":{\"@id\":\"https:\\\/\\\/brugarolas.com\\\/pt-pt\\\/condicoes-de-venda\\\/#breadcrumb\"},\"inLanguage\":\"pt-PT\",\"potentialAction\":[{\"@type\":\"ReadAction\",\"target\":[\"https:\\\/\\\/brugarolas.com\\\/pt-pt\\\/condicoes-de-venda\\\/\"]}]},{\"@type\":\"BreadcrumbList\",\"@id\":\"https:\\\/\\\/brugarolas.com\\\/pt-pt\\\/condicoes-de-venda\\\/#breadcrumb\",\"itemListElement\":[{\"@type\":\"ListItem\",\"position\":1,\"name\":\"Portada\",\"item\":\"https:\\\/\\\/brugarolas.com\\\/pt-pt\\\/\"},{\"@type\":\"ListItem\",\"position\":2,\"name\":\"Condi\u00e7\u00f5es de venda\"}]},{\"@type\":\"WebSite\",\"@id\":\"https:\\\/\\\/brugarolas.com\\\/pt-pt\\\/#website\",\"url\":\"https:\\\/\\\/brugarolas.com\\\/pt-pt\\\/\",\"name\":\"Brugarolas fabricante de lubricantes industriales\",\"description\":\"\",\"publisher\":{\"@id\":\"https:\\\/\\\/brugarolas.com\\\/pt-pt\\\/#organization\"},\"potentialAction\":[{\"@type\":\"SearchAction\",\"target\":{\"@type\":\"EntryPoint\",\"urlTemplate\":\"https:\\\/\\\/brugarolas.com\\\/pt-pt\\\/?s={search_term_string}\"},\"query-input\":{\"@type\":\"PropertyValueSpecification\",\"valueRequired\":true,\"valueName\":\"search_term_string\"}}],\"inLanguage\":\"pt-PT\"},{\"@type\":\"Organization\",\"@id\":\"https:\\\/\\\/brugarolas.com\\\/pt-pt\\\/#organization\",\"name\":\"Brugarolas, S.A.\",\"url\":\"https:\\\/\\\/brugarolas.com\\\/pt-pt\\\/\",\"logo\":{\"@type\":\"ImageObject\",\"inLanguage\":\"pt-PT\",\"@id\":\"https:\\\/\\\/brugarolas.com\\\/pt-pt\\\/#\\\/schema\\\/logo\\\/image\\\/\",\"url\":\"https:\\\/\\\/brugarolas.com\\\/wp-content\\\/uploads\\\/brugarolas-retina-mobile-1.png\",\"contentUrl\":\"https:\\\/\\\/brugarolas.com\\\/wp-content\\\/uploads\\\/brugarolas-retina-mobile-1.png\",\"width\":640,\"height\":135,\"caption\":\"Brugarolas, S.A.\"},\"image\":{\"@id\":\"https:\\\/\\\/brugarolas.com\\\/pt-pt\\\/#\\\/schema\\\/logo\\\/image\\\/\"}}]}<\/script>\n<!-- \/ Yoast SEO plugin. -->","yoast_head_json":{"title":"Condi\u00e7\u00f5es de venda - Brugarolas fabricante de lubricantes industriales","robots":{"index":"index","follow":"follow","max-snippet":"max-snippet:-1","max-image-preview":"max-image-preview:large","max-video-preview":"max-video-preview:-1"},"canonical":"https:\/\/brugarolas.com\/pt-pt\/condicoes-de-venda\/","og_locale":"pt_PT","og_type":"article","og_title":"Condi\u00e7\u00f5es de venda - Brugarolas fabricante de lubricantes industriales","og_description":"CONDI\u00c7\u00d5ES GERAIS DE VENDA E FORNECIMENTO &nbsp; 1.- DEFINI\u00c7\u00d5ES 1.1.- Entende-se por \u201cEmpresa\u201d a sociedade BRUGAROLAS, S.A. 1.2.- Entende-se por \u201cComprador\u201d ou \u201cCliente\u201d a pessoa [...]","og_url":"https:\/\/brugarolas.com\/pt-pt\/condicoes-de-venda\/","og_site_name":"Brugarolas fabricante de lubricantes industriales","article_modified_time":"2019-07-29T10:54:06+00:00","twitter_card":"summary_large_image","twitter_misc":{"Tempo estimado de leitura":"9 minutes"},"schema":{"@context":"https:\/\/schema.org","@graph":[{"@type":"WebPage","@id":"https:\/\/brugarolas.com\/pt-pt\/condicoes-de-venda\/","url":"https:\/\/brugarolas.com\/pt-pt\/condicoes-de-venda\/","name":"Condi\u00e7\u00f5es de venda - Brugarolas fabricante de lubricantes industriales","isPartOf":{"@id":"https:\/\/brugarolas.com\/pt-pt\/#website"},"datePublished":"2019-03-12T15:24:17+00:00","dateModified":"2019-07-29T10:54:06+00:00","breadcrumb":{"@id":"https:\/\/brugarolas.com\/pt-pt\/condicoes-de-venda\/#breadcrumb"},"inLanguage":"pt-PT","potentialAction":[{"@type":"ReadAction","target":["https:\/\/brugarolas.com\/pt-pt\/condicoes-de-venda\/"]}]},{"@type":"BreadcrumbList","@id":"https:\/\/brugarolas.com\/pt-pt\/condicoes-de-venda\/#breadcrumb","itemListElement":[{"@type":"ListItem","position":1,"name":"Portada","item":"https:\/\/brugarolas.com\/pt-pt\/"},{"@type":"ListItem","position":2,"name":"Condi\u00e7\u00f5es de venda"}]},{"@type":"WebSite","@id":"https:\/\/brugarolas.com\/pt-pt\/#website","url":"https:\/\/brugarolas.com\/pt-pt\/","name":"Brugarolas fabricante de lubricantes industriales","description":"","publisher":{"@id":"https:\/\/brugarolas.com\/pt-pt\/#organization"},"potentialAction":[{"@type":"SearchAction","target":{"@type":"EntryPoint","urlTemplate":"https:\/\/brugarolas.com\/pt-pt\/?s={search_term_string}"},"query-input":{"@type":"PropertyValueSpecification","valueRequired":true,"valueName":"search_term_string"}}],"inLanguage":"pt-PT"},{"@type":"Organization","@id":"https:\/\/brugarolas.com\/pt-pt\/#organization","name":"Brugarolas, S.A.","url":"https:\/\/brugarolas.com\/pt-pt\/","logo":{"@type":"ImageObject","inLanguage":"pt-PT","@id":"https:\/\/brugarolas.com\/pt-pt\/#\/schema\/logo\/image\/","url":"https:\/\/brugarolas.com\/wp-content\/uploads\/brugarolas-retina-mobile-1.png","contentUrl":"https:\/\/brugarolas.com\/wp-content\/uploads\/brugarolas-retina-mobile-1.png","width":640,"height":135,"caption":"Brugarolas, S.A."},"image":{"@id":"https:\/\/brugarolas.com\/pt-pt\/#\/schema\/logo\/image\/"}}]}},"_links":{"self":[{"href":"https:\/\/brugarolas.com\/pt-pt\/wp-json\/wp\/v2\/pages\/3441","targetHints":{"allow":["GET"]}}],"collection":[{"href":"https:\/\/brugarolas.com\/pt-pt\/wp-json\/wp\/v2\/pages"}],"about":[{"href":"https:\/\/brugarolas.com\/pt-pt\/wp-json\/wp\/v2\/types\/page"}],"author":[{"embeddable":true,"href":"https:\/\/brugarolas.com\/pt-pt\/wp-json\/wp\/v2\/users\/1"}],"replies":[{"embeddable":true,"href":"https:\/\/brugarolas.com\/pt-pt\/wp-json\/wp\/v2\/comments?post=3441"}],"version-history":[{"count":2,"href":"https:\/\/brugarolas.com\/pt-pt\/wp-json\/wp\/v2\/pages\/3441\/revisions"}],"predecessor-version":[{"id":3446,"href":"https:\/\/brugarolas.com\/pt-pt\/wp-json\/wp\/v2\/pages\/3441\/revisions\/3446"}],"wp:attachment":[{"href":"https:\/\/brugarolas.com\/pt-pt\/wp-json\/wp\/v2\/media?parent=3441"}],"curies":[{"name":"wp","href":"https:\/\/api.w.org\/{rel}","templated":true}]}}