{"id":4669,"date":"2019-01-24T13:50:34","date_gmt":"2019-01-24T12:50:34","guid":{"rendered":"https:\/\/brugarolas.com\/lubricantes-de-calidad\/"},"modified":"2019-09-19T11:07:36","modified_gmt":"2019-09-19T09:07:36","slug":"lubrificantes-qualidade","status":"publish","type":"page","link":"https:\/\/brugarolas.com\/pt-pt\/lubrificantes-qualidade\/","title":{"rendered":"Lubrificantes de qualidade"},"content":{"rendered":"<p><div class=\"fusion-fullwidth fullwidth-box fusion-builder-row-1 hundred-percent-fullwidth non-hundred-percent-height-scrolling fusion-equal-height-columns\" style=\"--awb-border-radius-top-left:0px;--awb-border-radius-top-right:0px;--awb-border-radius-bottom-right:0px;--awb-border-radius-bottom-left:0px;--awb-padding-right:0px;--awb-padding-left:0px;--awb-margin-bottom:30px;--awb-flex-wrap:wrap;\" ><div class=\"fusion-builder-row fusion-row\"><div class=\"fusion-layout-column fusion_builder_column fusion-builder-column-0 fusion_builder_column_1_2 1_2 fusion-one-half fusion-column-first\" style=\"--awb-padding-top:10%;--awb-padding-right:10%;--awb-padding-bottom:10%;--awb-padding-left:10%;--awb-bg-color:#00833a;--awb-bg-color-hover:#00833a;--awb-bg-size:cover;--awb-border-color:#accfcc;--awb-border-style:solid;width:50%;width:calc(50% - ( ( 0 ) * 0.5 ) );margin-right: 0px;\"><div class=\"fusion-column-wrapper fusion-flex-column-wrapper-legacy\"><div class=\"fusion-column-content-centered\"><div class=\"fusion-column-content\"><div class=\"fusion-text fusion-text-1 justificado\"><h2 style=\"font-size: 2em;\"><span style=\"color: #ffffff;\">Miss\u00e3o<\/span><\/h2>\n<p><span style=\"color: #ffffff;\">A Brugarolas \u00e9 uma empresa que desenvolve, produz e comercializa lubrificantes para o setor autom\u00f3vel e outros setores industriais, centrando os seus esfor\u00e7os na satisfa\u00e7\u00e3o das necessidades e expetativas dos nossos clientes, empregados, acionistas, fornecedores e da sociedade em geral, sempre atrav\u00e9s do nosso compromisso com a Qualidade, a Seguran\u00e7a e o Ambiente.<\/span><\/p>\n<\/div><\/div><\/div><div class=\"fusion-clearfix\"><\/div><\/div><\/div><div class=\"fusion-layout-column fusion_builder_column fusion-builder-column-1 fusion_builder_column_1_2 1_2 fusion-one-half fusion-column-last\" style=\"--awb-padding-top:10%;--awb-padding-right:10%;--awb-padding-bottom:10%;--awb-padding-left:10%;--awb-bg-color:#009a44;--awb-bg-color-hover:#009a44;--awb-bg-size:cover;--awb-border-color:#accfcc;--awb-border-style:solid;width:50%;width:calc(50% - ( ( 0 ) * 0.5 ) );\"><div class=\"fusion-column-wrapper fusion-flex-column-wrapper-legacy\"><div class=\"fusion-column-content-centered\"><div class=\"fusion-column-content\"><div class=\"fusion-text fusion-text-2 justificado\"><h2 style=\"font-size: 2em;\"><span style=\"color: #ffffff;\">Vis\u00e3o<\/span><\/h2>\n<p><span style=\"color: #ffffff;\">O nosso objetivo \u00e9 sermos considerados pelos nossos parceiros interessados estrat\u00e9gicos com um grupo de refer\u00eancia no desenvolvimento e produ\u00e7\u00e3o de lubrificantes, sempre impulsionado pela vontade de melhoria cont\u00ednua em todas as \u00e1reas da empresa, promovida atrav\u00e9s da inova\u00e7\u00e3o, o servi\u00e7o, a qualidade, a seguran\u00e7a laboral e o respeito pelo ambiente.<\/span><\/p>\n<\/div><\/div><\/div><div class=\"fusion-clearfix\"><\/div><\/div><\/div><\/div><\/div><div class=\"fusion-fullwidth fullwidth-box fusion-builder-row-2 nonhundred-percent-fullwidth non-hundred-percent-height-scrolling\" style=\"--awb-border-radius-top-left:0px;--awb-border-radius-top-right:0px;--awb-border-radius-bottom-right:0px;--awb-border-radius-bottom-left:0px;--awb-flex-wrap:wrap;\" ><div class=\"fusion-builder-row fusion-row\"><div class=\"fusion-layout-column fusion_builder_column fusion-builder-column-2 fusion_builder_column_1_1 1_1 fusion-one-full fusion-column-first fusion-column-last\" style=\"--awb-bg-size:cover;\"><div class=\"fusion-column-wrapper fusion-flex-column-wrapper-legacy\"><div class=\"fusion-text fusion-text-3\"><h2 style=\"font-size: 2em; text-align: center;\">Valores<\/h2>\n<p style=\"text-align: center;\">Valores que inspiram e orientam a estrat\u00e9gia da Brugarolas e as suas atua\u00e7\u00f5es:<\/p>\n<\/div><div class=\"fusion-clearfix\"><\/div><\/div><\/div><\/div><\/div><div class=\"fusion-fullwidth fullwidth-box fusion-builder-row-3 nonhundred-percent-fullwidth non-hundred-percent-height-scrolling fusion-equal-height-columns\" style=\"--awb-border-radius-top-left:0px;--awb-border-radius-top-right:0px;--awb-border-radius-bottom-right:0px;--awb-border-radius-bottom-left:0px;--awb-flex-wrap:wrap;\" ><div class=\"fusion-builder-row fusion-row\"><div class=\"fusion-layout-column fusion_builder_column fusion-builder-column-3 fusion_builder_column_1_2 1_2 fusion-one-half fusion-column-first\" style=\"--awb-bg-size:cover;width:50%;width:calc(50% - ( ( 4% ) * 0.5 ) );margin-right: 4%;\"><div class=\"fusion-column-wrapper fusion-flex-column-wrapper-legacy\"><div class=\"fusion-fa-align-center\"><i class=\"fb-icon-element-1 fb-icon-element fontawesome-icon fa-users fas circle-no fusion-animated\" style=\"--awb-iconcolor:#009a44;--awb-iconcolor-hover:#009a44;--awb-font-size:100px;\" data-animationType=\"fadeInDown\" data-animationDuration=\"0.1\" data-animationOffset=\"top-into-view\"><\/i><\/div><div class=\"fusion-text fusion-text-4 justificado\"><h3 class=\"titulo-raya\">EQUIPA HUMANA<\/h3>\n<p>A nossa equipa humana comp\u00f5e-se de profissionais din\u00e2micos com uma elevada forma\u00e7\u00e3o e experi\u00eancia, em perfeita simbiose com as modernas instala\u00e7\u00f5es de que disp\u00f5e a Brugarolas, convertendo-se no aut\u00eantico motor da empresa.<\/p>\n<p>Colocamos as pessoas no centro do nosso modelo de gest\u00e3o, favorecendo a forma\u00e7\u00e3o, a participa\u00e7\u00e3o e a transpar\u00eancia, que estimule a assun\u00e7\u00e3o de novas responsabilidades, num clima de confian\u00e7a m\u00fatua.<\/p>\n<\/div><div class=\"fusion-clearfix\"><\/div><\/div><\/div><div class=\"fusion-layout-column fusion_builder_column fusion-builder-column-4 fusion_builder_column_1_2 1_2 fusion-one-half fusion-column-last\" style=\"--awb-bg-size:cover;width:50%;width:calc(50% - ( ( 4% ) * 0.5 ) );\"><div class=\"fusion-column-wrapper fusion-flex-column-wrapper-legacy\"><div class=\"fusion-fa-align-center\"><i class=\"fb-icon-element-2 fb-icon-element fontawesome-icon fa-eye far circle-no fusion-animated\" style=\"--awb-iconcolor:#009a44;--awb-iconcolor-hover:#009a44;--awb-font-size:100px;\" data-animationType=\"fadeInDown\" data-animationDuration=\"0.1\" data-animationOffset=\"top-into-view\"><\/i><\/div><div class=\"fusion-text fusion-text-5 justificado\"><h3 class=\"titulo-raya\">FOCO NO CLIENTE<\/h3>\n<p>Estabelecer e construir rela\u00e7\u00f5es de confian\u00e7a com os nossos clientes, atendendo \u00e0s suas expetativas, compreendendo e antecipando-nos \u00e0s suas necessidades.<\/p>\n<p>Oferecer ao mercado produtos e servi\u00e7os da m\u00e1xima qualidade, que satisfa\u00e7am, em todos os sentidos, os requisitos dos nossos clientes. Para isso, procuramos ativamente a constru\u00e7\u00e3o de estrat\u00e9gias que facilitem o avan\u00e7o neste caminho de excel\u00eancia.<\/p>\n<\/div><div class=\"fusion-clearfix\"><\/div><\/div><\/div><\/div><\/div><div class=\"fusion-fullwidth fullwidth-box fusion-builder-row-4 nonhundred-percent-fullwidth non-hundred-percent-height-scrolling fusion-equal-height-columns\" style=\"--awb-border-radius-top-left:0px;--awb-border-radius-top-right:0px;--awb-border-radius-bottom-right:0px;--awb-border-radius-bottom-left:0px;--awb-margin-bottom:30px;--awb-flex-wrap:wrap;\" ><div class=\"fusion-builder-row fusion-row\"><div class=\"fusion-layout-column fusion_builder_column fusion-builder-column-5 fusion_builder_column_1_2 1_2 fusion-one-half fusion-column-first\" style=\"--awb-bg-size:cover;width:50%;width:calc(50% - ( ( 4% ) * 0.5 ) );margin-right: 4%;\"><div class=\"fusion-column-wrapper fusion-flex-column-wrapper-legacy\"><div class=\"fusion-fa-align-center\"><i class=\"fb-icon-element-3 fb-icon-element fontawesome-icon fa-balance-scale fas circle-no fusion-animated\" style=\"--awb-iconcolor:#009a44;--awb-iconcolor-hover:#009a44;--awb-font-size:100px;\" data-animationType=\"fadeInDown\" data-animationDuration=\"0.1\" data-animationOffset=\"top-into-view\"><\/i><\/div><div class=\"fusion-text fusion-text-6 justificado\"><h3 class=\"titulo-raya\">C\u00d3DIGO DE \u00c9TICA<\/h3>\n<p>A Brugarolas, nos seus mais de 130 anos de hist\u00f3ria, promoveu sempre uma cultura de \u00e9tica empresarial que reafirma a nossa transpar\u00eancia e integridade na tomada de decis\u00f5es no \u00e2mbito das nossas atividades profissionais.<\/p>\n<\/div><div class=\"fusion-clearfix\"><\/div><\/div><\/div><div class=\"fusion-layout-column fusion_builder_column fusion-builder-column-6 fusion_builder_column_1_2 1_2 fusion-one-half fusion-column-last\" style=\"--awb-bg-size:cover;width:50%;width:calc(50% - ( ( 4% ) * 0.5 ) );\"><div class=\"fusion-column-wrapper fusion-flex-column-wrapper-legacy\"><div class=\"fusion-fa-align-center\"><i class=\"fb-icon-element-4 fb-icon-element fontawesome-icon fa-shield-alt fas circle-no fusion-animated\" style=\"--awb-iconcolor:#009a44;--awb-iconcolor-hover:#009a44;--awb-font-size:100px;\" data-animationType=\"fadeInDown\" data-animationDuration=\"0.1\" data-animationOffset=\"top-into-view\"><\/i><\/div><div class=\"fusion-text fusion-text-7 justificado\"><h3 class=\"titulo-raya\">SEGURAN\u00c7A E AMBIENTE<\/h3>\n<p>Desenvolvemos a nossa atividade com responsabilidade e tendo em conta a sustentabilidade no desenvolvimento e produ\u00e7\u00e3o dos nossos produtos, respeitando o ambiente, assegurando as boas condi\u00e7\u00f5es de seguran\u00e7a e sa\u00fade no trabalho e garantindo um impacto positivo na sociedade.<\/p>\n<\/div><div class=\"fusion-clearfix\"><\/div><\/div><\/div><\/div><\/div><div class=\"fusion-fullwidth fullwidth-box fusion-builder-row-5 hundred-percent-fullwidth non-hundred-percent-height-scrolling fusion-equal-height-columns\" style=\"--awb-border-radius-top-left:0px;--awb-border-radius-top-right:0px;--awb-border-radius-bottom-right:0px;--awb-border-radius-bottom-left:0px;--awb-margin-bottom:30px;--awb-flex-wrap:wrap;\" ><div class=\"fusion-builder-row fusion-row\"><div class=\"fusion-layout-column fusion_builder_column fusion-builder-column-7 fusion_builder_column_1_3 1_3 fusion-one-third fusion-column-first\" style=\"--awb-bg-size:cover;width:33.333333333333%;width:calc(33.333333333333% - ( ( 4% + 4% ) * 0.33333333333333 ) );margin-right: 4%;\"><div class=\"fusion-column-wrapper fusion-flex-column-wrapper-legacy\"><div class=\"fusion-fa-align-center\"><i class=\"fb-icon-element-5 fb-icon-element fontawesome-icon fa-bullhorn fas circle-no fusion-animated\" style=\"--awb-iconcolor:#009a44;--awb-iconcolor-hover:#009a44;--awb-font-size:100px;\" data-animationType=\"fadeInDown\" data-animationDuration=\"0.1\" data-animationOffset=\"top-into-view\"><\/i><\/div><div class=\"fusion-text fusion-text-8 justificado\"><h3 class=\"titulo-raya\">LIDERAN\u00c7A<\/h3>\n<p>A nossa lideran\u00e7a baseia-se na confian\u00e7a na equipa humana da Brugarolas, que recebe sempre o apoio da Dire\u00e7\u00e3o para levar a cabo as suas atividades profissionais.<\/p>\n<p>Delegar e confiar nas compet\u00eancias e capacita\u00e7\u00e3o do pessoal \u00e9 imprescind\u00edvel para o bom desenvolvimento da companhia, mantendo sempre uma vis\u00e3o estrat\u00e9gica orientada para minimizar os riscos identificados e promover a melhoria cont\u00ednua, o que assegura o \u00eaxito desenvolvido a m\u00e9dio e longo prazo.<\/p>\n<\/div><div class=\"fusion-clearfix\"><\/div><\/div><\/div><div class=\"fusion-layout-column fusion_builder_column fusion-builder-column-8 fusion_builder_column_1_3 1_3 fusion-one-third\" style=\"--awb-bg-size:cover;width:33.333333333333%;width:calc(33.333333333333% - ( ( 4% + 4% ) * 0.33333333333333 ) );margin-right: 4%;\"><div class=\"fusion-column-wrapper fusion-flex-column-wrapper-legacy\"><div class=\"fusion-fa-align-center\"><i class=\"fb-icon-element-6 fb-icon-element fontawesome-icon fa-flask fas circle-no fusion-animated\" style=\"--awb-iconcolor:#009a44;--awb-iconcolor-hover:#009a44;--awb-font-size:100px;\" data-animationType=\"fadeInDown\" data-animationDuration=\"0.1\" data-animationOffset=\"top-into-view\"><\/i><\/div><div class=\"fusion-text fusion-text-9 justificado\"><h3 class=\"titulo-raya\">INVESTIGA\u00c7\u00c3O E DESENVOLVIMENTO<\/h3>\n<p>Os nossos profissionais t\u00eam capacidade para investigar e desenvolver produtos adequados a m\u00faltiplas aplica\u00e7\u00f5es. O esp\u00edrito criativo e o vasto conhecimento das t\u00e9cnicas mais avan\u00e7adas permitem-nos criar produtos com alto valor acrescentado.<\/p>\n<p>A Brugarolas aposta, igualmente, na integra\u00e7\u00e3o das \u00faltimas tecnologias e investe na capacita\u00e7\u00e3o e desenvolvimento do capital humano, o que lhe permite ter um grande conhecimento das tend\u00eancias que percorrem o nosso setor e dar uma resposta \u00e1gil \u00e0s expetativas dos nossos clientes.<\/p>\n<\/div><div class=\"fusion-clearfix\"><\/div><\/div><\/div><div class=\"fusion-layout-column fusion_builder_column fusion-builder-column-9 fusion_builder_column_1_3 1_3 fusion-one-third fusion-column-last\" style=\"--awb-bg-size:cover;width:33.333333333333%;width:calc(33.333333333333% - ( ( 4% + 4% ) * 0.33333333333333 ) );\"><div class=\"fusion-column-wrapper fusion-flex-column-wrapper-legacy\"><div class=\"fusion-fa-align-center\"><i class=\"fb-icon-element-7 fb-icon-element fontawesome-icon fa-thumbs-up far circle-no fusion-animated\" style=\"--awb-iconcolor:#009a44;--awb-iconcolor-hover:#009a44;--awb-font-size:100px;\" data-animationType=\"fadeInDown\" data-animationDuration=\"0.1\" data-animationOffset=\"top-into-view\"><\/i><\/div><div class=\"fusion-text fusion-text-10 justificado\"><h3 class=\"titulo-raya\">QUALIDADE<\/h3>\n<p>O nosso compromisso com a qualidade \u00e9 permanente, gra\u00e7as ao processo de melhoria cont\u00ednua aplicado em todas as \u00e1reas da empresa. A perseveran\u00e7a, idealismo e capacidade de supera\u00e7\u00e3o s\u00e3o a base de um trabalho bem feito.<\/p>\n<p>Para garantir a progress\u00e3o ascendente da empresa, apoiamo-nos na otimiza\u00e7\u00e3o dos nossos recursos e processos, na gest\u00e3o eficiente da nossa equipa humana e na aplica\u00e7\u00e3o de pol\u00edticas e estrat\u00e9gias adequadas.<\/p>\n<\/div><div class=\"fusion-clearfix\"><\/div><\/div><\/div><\/div><\/div><div class=\"fusion-fullwidth fullwidth-box fusion-builder-row-6 nonhundred-percent-fullwidth non-hundred-percent-height-scrolling\" style=\"--awb-border-radius-top-left:0px;--awb-border-radius-top-right:0px;--awb-border-radius-bottom-right:0px;--awb-border-radius-bottom-left:0px;--awb-margin-top:30px;--awb-flex-wrap:wrap;\" ><div class=\"fusion-builder-row fusion-row\"><div class=\"fusion-layout-column fusion_builder_column fusion-builder-column-10 fusion_builder_column_1_2 1_2 fusion-one-half fusion-column-first\" style=\"--awb-bg-size:cover;width:50%;width:calc(50% - ( ( 4% ) * 0.5 ) );margin-right: 4%;\"><div class=\"fusion-column-wrapper fusion-flex-column-wrapper-legacy\"><div class=\"fusion-button-wrapper fusion-aligncenter\"><a class=\"fusion-button button-flat fusion-button-default-size button-default fusion-button-default button-1 fusion-button-default-span fusion-button-default-type\" target=\"_self\" href=\"\/certificados-de-calidad\/\"><span class=\"fusion-button-text awb-button__text awb-button__text--default\">Descubra as nossas certifica\u00e7\u00f5es de qualidade<\/span><\/a><\/div><div class=\"fusion-clearfix\"><\/div><\/div><\/div><div class=\"fusion-layout-column fusion_builder_column fusion-builder-column-11 fusion_builder_column_1_2 1_2 fusion-one-half fusion-column-last\" style=\"--awb-bg-size:cover;width:50%;width:calc(50% - ( ( 4% ) * 0.5 ) );\"><div class=\"fusion-column-wrapper fusion-flex-column-wrapper-legacy\"><div class=\"fusion-button-wrapper fusion-aligncenter\"><a class=\"fusion-button button-flat fusion-button-default-size button-default fusion-button-default button-2 fusion-button-default-span fusion-button-default-type\" target=\"_self\" href=\"\/pt-pt\/politica-de-qualidade\/\"><span class=\"fusion-button-text awb-button__text awb-button__text--default\">POL\u00cdTICA DE QUALIDADE BRUGAROLAS<\/span><\/a><\/div><div class=\"fusion-clearfix\"><\/div><\/div><\/div><\/div><\/div><\/p>\n","protected":false},"excerpt":{"rendered":"","protected":false},"author":1,"featured_media":0,"parent":0,"menu_order":0,"comment_status":"closed","ping_status":"closed","template":"100-width.php","meta":{"footnotes":""},"class_list":["post-4669","page","type-page","status-publish","hentry"],"yoast_head":"<!-- This site is optimized with the Yoast SEO plugin v27.4 - https:\/\/yoast.com\/product\/yoast-seo-wordpress\/ -->\n<title>Lubrificantes de qualidade - Brugarolas fabricante de lubricantes industriales<\/title>\n<meta name=\"robots\" content=\"index, follow, max-snippet:-1, max-image-preview:large, max-video-preview:-1\" \/>\n<link rel=\"canonical\" href=\"https:\/\/brugarolas.com\/pt-pt\/lubrificantes-qualidade\/\" \/>\n<meta property=\"og:locale\" content=\"pt_PT\" \/>\n<meta property=\"og:type\" content=\"article\" \/>\n<meta property=\"og:title\" content=\"Lubrificantes de qualidade - Brugarolas fabricante de lubricantes industriales\" \/>\n<meta property=\"og:url\" content=\"https:\/\/brugarolas.com\/pt-pt\/lubrificantes-qualidade\/\" \/>\n<meta property=\"og:site_name\" content=\"Brugarolas fabricante de lubricantes industriales\" \/>\n<meta property=\"article:modified_time\" content=\"2019-09-19T09:07:36+00:00\" \/>\n<meta name=\"twitter:card\" content=\"summary_large_image\" \/>\n<meta name=\"twitter:label1\" content=\"Tempo estimado de leitura\" \/>\n\t<meta name=\"twitter:data1\" content=\"14 minutes\" \/>\n<script type=\"application\/ld+json\" class=\"yoast-schema-graph\">{\"@context\":\"https:\\\/\\\/schema.org\",\"@graph\":[{\"@type\":\"WebPage\",\"@id\":\"https:\\\/\\\/brugarolas.com\\\/pt-pt\\\/lubrificantes-qualidade\\\/\",\"url\":\"https:\\\/\\\/brugarolas.com\\\/pt-pt\\\/lubrificantes-qualidade\\\/\",\"name\":\"Lubrificantes de qualidade - Brugarolas fabricante de lubricantes industriales\",\"isPartOf\":{\"@id\":\"https:\\\/\\\/brugarolas.com\\\/pt-pt\\\/#website\"},\"datePublished\":\"2019-01-24T12:50:34+00:00\",\"dateModified\":\"2019-09-19T09:07:36+00:00\",\"breadcrumb\":{\"@id\":\"https:\\\/\\\/brugarolas.com\\\/pt-pt\\\/lubrificantes-qualidade\\\/#breadcrumb\"},\"inLanguage\":\"pt-PT\",\"potentialAction\":[{\"@type\":\"ReadAction\",\"target\":[\"https:\\\/\\\/brugarolas.com\\\/pt-pt\\\/lubrificantes-qualidade\\\/\"]}]},{\"@type\":\"BreadcrumbList\",\"@id\":\"https:\\\/\\\/brugarolas.com\\\/pt-pt\\\/lubrificantes-qualidade\\\/#breadcrumb\",\"itemListElement\":[{\"@type\":\"ListItem\",\"position\":1,\"name\":\"Portada\",\"item\":\"https:\\\/\\\/brugarolas.com\\\/pt-pt\\\/\"},{\"@type\":\"ListItem\",\"position\":2,\"name\":\"Lubrificantes de qualidade\"}]},{\"@type\":\"WebSite\",\"@id\":\"https:\\\/\\\/brugarolas.com\\\/pt-pt\\\/#website\",\"url\":\"https:\\\/\\\/brugarolas.com\\\/pt-pt\\\/\",\"name\":\"Brugarolas fabricante de lubricantes industriales\",\"description\":\"\",\"publisher\":{\"@id\":\"https:\\\/\\\/brugarolas.com\\\/pt-pt\\\/#organization\"},\"potentialAction\":[{\"@type\":\"SearchAction\",\"target\":{\"@type\":\"EntryPoint\",\"urlTemplate\":\"https:\\\/\\\/brugarolas.com\\\/pt-pt\\\/?s={search_term_string}\"},\"query-input\":{\"@type\":\"PropertyValueSpecification\",\"valueRequired\":true,\"valueName\":\"search_term_string\"}}],\"inLanguage\":\"pt-PT\"},{\"@type\":\"Organization\",\"@id\":\"https:\\\/\\\/brugarolas.com\\\/pt-pt\\\/#organization\",\"name\":\"Brugarolas, S.A.\",\"url\":\"https:\\\/\\\/brugarolas.com\\\/pt-pt\\\/\",\"logo\":{\"@type\":\"ImageObject\",\"inLanguage\":\"pt-PT\",\"@id\":\"https:\\\/\\\/brugarolas.com\\\/pt-pt\\\/#\\\/schema\\\/logo\\\/image\\\/\",\"url\":\"https:\\\/\\\/brugarolas.com\\\/wp-content\\\/uploads\\\/brugarolas-retina-mobile-1.png\",\"contentUrl\":\"https:\\\/\\\/brugarolas.com\\\/wp-content\\\/uploads\\\/brugarolas-retina-mobile-1.png\",\"width\":640,\"height\":135,\"caption\":\"Brugarolas, S.A.\"},\"image\":{\"@id\":\"https:\\\/\\\/brugarolas.com\\\/pt-pt\\\/#\\\/schema\\\/logo\\\/image\\\/\"}}]}<\/script>\n<!-- \/ Yoast SEO plugin. -->","yoast_head_json":{"title":"Lubrificantes de qualidade - Brugarolas fabricante de lubricantes industriales","robots":{"index":"index","follow":"follow","max-snippet":"max-snippet:-1","max-image-preview":"max-image-preview:large","max-video-preview":"max-video-preview:-1"},"canonical":"https:\/\/brugarolas.com\/pt-pt\/lubrificantes-qualidade\/","og_locale":"pt_PT","og_type":"article","og_title":"Lubrificantes de qualidade - Brugarolas fabricante de lubricantes industriales","og_url":"https:\/\/brugarolas.com\/pt-pt\/lubrificantes-qualidade\/","og_site_name":"Brugarolas fabricante de lubricantes industriales","article_modified_time":"2019-09-19T09:07:36+00:00","twitter_card":"summary_large_image","twitter_misc":{"Tempo estimado de leitura":"14 minutes"},"schema":{"@context":"https:\/\/schema.org","@graph":[{"@type":"WebPage","@id":"https:\/\/brugarolas.com\/pt-pt\/lubrificantes-qualidade\/","url":"https:\/\/brugarolas.com\/pt-pt\/lubrificantes-qualidade\/","name":"Lubrificantes de qualidade - Brugarolas fabricante de lubricantes industriales","isPartOf":{"@id":"https:\/\/brugarolas.com\/pt-pt\/#website"},"datePublished":"2019-01-24T12:50:34+00:00","dateModified":"2019-09-19T09:07:36+00:00","breadcrumb":{"@id":"https:\/\/brugarolas.com\/pt-pt\/lubrificantes-qualidade\/#breadcrumb"},"inLanguage":"pt-PT","potentialAction":[{"@type":"ReadAction","target":["https:\/\/brugarolas.com\/pt-pt\/lubrificantes-qualidade\/"]}]},{"@type":"BreadcrumbList","@id":"https:\/\/brugarolas.com\/pt-pt\/lubrificantes-qualidade\/#breadcrumb","itemListElement":[{"@type":"ListItem","position":1,"name":"Portada","item":"https:\/\/brugarolas.com\/pt-pt\/"},{"@type":"ListItem","position":2,"name":"Lubrificantes de qualidade"}]},{"@type":"WebSite","@id":"https:\/\/brugarolas.com\/pt-pt\/#website","url":"https:\/\/brugarolas.com\/pt-pt\/","name":"Brugarolas fabricante de lubricantes industriales","description":"","publisher":{"@id":"https:\/\/brugarolas.com\/pt-pt\/#organization"},"potentialAction":[{"@type":"SearchAction","target":{"@type":"EntryPoint","urlTemplate":"https:\/\/brugarolas.com\/pt-pt\/?s={search_term_string}"},"query-input":{"@type":"PropertyValueSpecification","valueRequired":true,"valueName":"search_term_string"}}],"inLanguage":"pt-PT"},{"@type":"Organization","@id":"https:\/\/brugarolas.com\/pt-pt\/#organization","name":"Brugarolas, S.A.","url":"https:\/\/brugarolas.com\/pt-pt\/","logo":{"@type":"ImageObject","inLanguage":"pt-PT","@id":"https:\/\/brugarolas.com\/pt-pt\/#\/schema\/logo\/image\/","url":"https:\/\/brugarolas.com\/wp-content\/uploads\/brugarolas-retina-mobile-1.png","contentUrl":"https:\/\/brugarolas.com\/wp-content\/uploads\/brugarolas-retina-mobile-1.png","width":640,"height":135,"caption":"Brugarolas, S.A."},"image":{"@id":"https:\/\/brugarolas.com\/pt-pt\/#\/schema\/logo\/image\/"}}]}},"_links":{"self":[{"href":"https:\/\/brugarolas.com\/pt-pt\/wp-json\/wp\/v2\/pages\/4669","targetHints":{"allow":["GET"]}}],"collection":[{"href":"https:\/\/brugarolas.com\/pt-pt\/wp-json\/wp\/v2\/pages"}],"about":[{"href":"https:\/\/brugarolas.com\/pt-pt\/wp-json\/wp\/v2\/types\/page"}],"author":[{"embeddable":true,"href":"https:\/\/brugarolas.com\/pt-pt\/wp-json\/wp\/v2\/users\/1"}],"replies":[{"embeddable":true,"href":"https:\/\/brugarolas.com\/pt-pt\/wp-json\/wp\/v2\/comments?post=4669"}],"version-history":[{"count":6,"href":"https:\/\/brugarolas.com\/pt-pt\/wp-json\/wp\/v2\/pages\/4669\/revisions"}],"predecessor-version":[{"id":7212,"href":"https:\/\/brugarolas.com\/pt-pt\/wp-json\/wp\/v2\/pages\/4669\/revisions\/7212"}],"wp:attachment":[{"href":"https:\/\/brugarolas.com\/pt-pt\/wp-json\/wp\/v2\/media?parent=4669"}],"curies":[{"name":"wp","href":"https:\/\/api.w.org\/{rel}","templated":true}]}}