{"id":4813,"date":"2019-03-12T16:15:46","date_gmt":"2019-03-12T15:15:46","guid":{"rendered":"https:\/\/brugarolas.com\/aviso-legal\/"},"modified":"2019-07-31T16:16:02","modified_gmt":"2019-07-31T14:16:02","slug":"aviso-legal","status":"publish","type":"page","link":"https:\/\/brugarolas.com\/pt-pt\/aviso-legal\/","title":{"rendered":"Aviso legal"},"content":{"rendered":"<div class=\"justificado\">A BRUGAROLAS, S.A. \u00e9 a sociedade titular deste Website. Para dar cumprimento \u00e0 Lei n.\u00ba 34\/2002 de Servi\u00e7os da Sociedade de Informa\u00e7\u00e3o e Com\u00e9rcio Eletr\u00f3nico, comunicamos abaixo os dados seguintes: <strong>BRUGAROLAS, S.A.<\/strong><br \/>\nA08068306<br \/>\nCam\u00ed de la Riera, 36-44<br \/>\nPol\u00edgono Industrial Cova Solera<br \/>\n08191 Rub\u00ed \u2013 Barcelona<br \/>\nTelefone +34 935 883 100<br \/>\nInscrita no Registo Comercial de Barcelona, Tomo 584-150, 2.\u00aa Sec\u00e7\u00e3o, F\u00f3lio 142, Folha 2067, 1.\u00aa Inscri\u00e7\u00e3o em 26.04.1949.<\/p>\n<div class=\"wpb_row vc_row-fluid\">\n<div class=\"vc_span12 wpb_column column_container\">\n<div class=\"wpb_wrapper\">\n<div class=\"row moduletitle\">\n<div class=\"titletext\">\n<h2>1.- Termos de utiliza\u00e7\u00e3o<\/h2>\n<\/div>\n<\/div>\n<\/div>\n<\/div>\n<\/div>\n<p>O utilizador compromete-se a utilizar a informa\u00e7\u00e3o contida no presente Website exclusivamente para as suas pr\u00f3prias necessidades e a n\u00e3o realizar, direta ou indiretamente, qualquer tipo de explora\u00e7\u00e3o comercial dos conte\u00fados e servi\u00e7os aos quais tem acesso. O utilizador tem direito a aceder livre e gratuitamente \u00e0 informa\u00e7\u00e3o p\u00fablica reunida no mesmo, embora a BRUGAROLAS se reserve o direito de restringir o acesso a determinadas sec\u00e7\u00f5es e servi\u00e7os do Portal. \u00c9 inten\u00e7\u00e3o da BRUGAROLAS oferecer permanentemente uma informa\u00e7\u00e3o ver\u00eddica e atualizada. No entanto, esta informa\u00e7\u00e3o pode conter incorre\u00e7\u00f5es tipogr\u00e1ficas ou, inclusivamente, t\u00e9cnicas e a BRUGAROLAS n\u00e3o se responsabiliza pela idoneidade da informa\u00e7\u00e3o contida no Website.<\/p>\n<div class=\"wpb_row vc_row-fluid\">\n<div class=\"vc_span12 wpb_column column_container\">\n<div class=\"wpb_wrapper\">\n<div class=\"row moduletitle\">\n<div class=\"titletext\">\n<h2>2.- Liga\u00e7\u00f5es (Links)<\/h2>\n<\/div>\n<\/div>\n<\/div>\n<\/div>\n<\/div>\n<p>Este Website pode oferecer diferentes liga\u00e7\u00f5es com outras p\u00e1ginas Web de terceiros, cujo conte\u00fado pode variar rapidamente, pelas caracter\u00edsticas pr\u00f3prias da Internet. Portanto, a BRUGAROLAS declina toda a responsabilidade pelas informa\u00e7\u00f5es, servi\u00e7os e conte\u00fado em geral de tais p\u00e1ginas Web de terceiros.<\/p>\n<p>Qualquer p\u00e1gina externa \u00e0 qual se aceda atrav\u00e9s da p\u00e1gina da BRUGAROLAS \u00e9 independente, n\u00e3o tendo a BRUGAROLAS COLON nenhum controlo sobre o conte\u00fado dessa p\u00e1gina. Al\u00e9m disso, uma liga\u00e7\u00e3o com qualquer outra p\u00e1gina que n\u00e3o perten\u00e7a \u00e0 BRUGAROLAS n\u00e3o implica que esta adote ou aceite qualquer responsabilidade pelo seu conte\u00fado ou utiliza\u00e7\u00e3o.<\/p>\n<p>No caso em que a BRUGAROLAS tenha conhecimento efetivo de que a atividade ou informa\u00e7\u00e3o para a qual remetem estas liga\u00e7\u00f5es \u00e9 il\u00edcita, constitutiva de delito ou que possa lesar bens ou direitos de terceiros suscet\u00edveis de indemniza\u00e7\u00e3o, atuar\u00e1 com a dilig\u00eancia necess\u00e1ria para suprimir ou inutilizar a liga\u00e7\u00e3o correspondente com a maior brevidade poss\u00edvel.<\/p>\n<div class=\"wpb_row vc_row-fluid\">\n<div class=\"vc_span12 wpb_column column_container\">\n<div class=\"wpb_wrapper\">\n<div class=\"row moduletitle\">\n<div class=\"titletext\">\n<h2>3.- Direitos de propriedade intelectual e industrial<\/h2>\n<\/div>\n<\/div>\n<\/div>\n<\/div>\n<\/div>\n<p>Os direitos relativos \u00e0 propriedade industrial e intelectual (a t\u00edtulo enunciativo e n\u00e3o limitativo, as marcas, log\u00f3tipos, textos, fotografias, \u00edcones, imagens, etc., assim como o desenho gr\u00e1fico, o c\u00f3digo fonte e restantes elementos de software contidos no presente Website) s\u00e3o propriedade da BRUGAROLAS. Por conseguinte, est\u00e3o sujeitos a direitos de propriedade intelectual e industrial protegidos pela legisla\u00e7\u00e3o espanhola e internacional.<\/p>\n<p>Sem a pr\u00e9via autoriza\u00e7\u00e3o concedida por escrito e de forma fidedigna pela BRUGAROLAS, n\u00e3o \u00e9 permitido utilizar, reproduzir, transmitir, manipular ou fazer qualquer outro uso que exceda a utiliza\u00e7\u00e3o necess\u00e1ria para a visita \u00e0 p\u00e1gina e o uso dos servi\u00e7os oferecidos. O acesso aos servi\u00e7os prestados n\u00e3o implica, por parte da BRUGAROLAS, a ren\u00fancia, transmiss\u00e3o ou cess\u00e3o total ou parcial dos direitos derivados da propriedade intelectual e industrial, nem atribui direitos de utiliza\u00e7\u00e3o, altera\u00e7\u00e3o, explora\u00e7\u00e3o, reprodu\u00e7\u00e3o, distribui\u00e7\u00e3o ou comunica\u00e7\u00e3o p\u00fablica sobre estes conte\u00fados sem a pr\u00e9via autoriza\u00e7\u00e3o expressa por escrito dos respetivos titulares de tais direitos, sem preju\u00edzo do direito de visualiza\u00e7\u00e3o e obten\u00e7\u00e3o de c\u00f3pia de seguran\u00e7a privada de tais conte\u00fados, sempre que tal direito seja exercido segundo os princ\u00edpios de boa f\u00e9 e sempre que se mantenha inalterada a propriedade intelectual e industrial do titular de tais direitos, se utilize sem fins comerciais e exclusivamente para informa\u00e7\u00e3o pessoal do utilizador. A responsabilidade derivada da utiliza\u00e7\u00e3o de materiais protegidos pelos direitos de propriedade intelectual e industrial contidos nesta p\u00e1gina cabe exclusivamente ao utilizador.<\/p>\n<div class=\"wpb_row vc_row-fluid\">\n<div class=\"vc_span12 wpb_column column_container\">\n<div class=\"wpb_wrapper\">\n<div class=\"row moduletitle\">\n<div class=\"titletext\">\n<h2>4.- \u00c9tica e responsabilidade do utilizador do Website corporativo:<\/h2>\n<\/div>\n<\/div>\n<\/div>\n<\/div>\n<\/div>\n<p>A BRUGAROLAS n\u00e3o ser\u00e1, em caso algum, respons\u00e1vel pela utiliza\u00e7\u00e3o que o utilizador fa\u00e7a do Website corporativo. O utilizador deve abster-se de assumir qualquer conduta na utiliza\u00e7\u00e3o do Website corporativo ou dos recursos postos \u00e0 sua disposi\u00e7\u00e3o que atente contra os direitos de propriedade intelectual ou industrial da BRUGAROLAS ou de terceiros, que ofenda ou viole a honra, a intimidade pessoal ou familiar ou a imagem de terceiros, ou que seja il\u00edcita ou atente contra a moral, isentando a BRUGAROLAS, em todo o caso, de qualquer reclama\u00e7\u00e3o, judicial ou extrajudicial, que se instaure contra ela em consequ\u00eancia de tal utiliza\u00e7\u00e3o. O utilizador deve abster-se de realizar, por qualquer meio, qualquer destrui\u00e7\u00e3o, altera\u00e7\u00e3o, inutiliza\u00e7\u00e3o ou danos dos dados, programas ou documentos eletr\u00f3nicos pertencentes \u00e0 BRUGAROLAS, assim como de introduzir ou difundir na rede programas, v\u00edrus, applets ou qualquer instrumento f\u00edsico ou eletr\u00f3nico que causem ou sejam suscet\u00edveis de causar qualquer tipo de altera\u00e7\u00e3o na rede, no sistema ou nos equipamentos de terceiros.<\/p>\n<div class=\"wpb_row vc_row-fluid\">\n<div class=\"vc_span12 wpb_column column_container\">\n<div class=\"wpb_wrapper\">\n<div class=\"row moduletitle\">\n<div class=\"titletext\">\n<h2>5.- Lei aplic\u00e1vel \u2013 Jurisdi\u00e7\u00e3o<\/h2>\n<\/div>\n<\/div>\n<\/div>\n<\/div>\n<\/div>\n<p>A resolu\u00e7\u00e3o de qualquer controv\u00e9rsia ou diverg\u00eancia relacionada com o presente Website reger-se-\u00e1 pela legisla\u00e7\u00e3o espanhola, sendo competentes exclusivamente os Julgados e Tribunais da cidade de Barcelona.\n<\/p><\/div>\n","protected":false},"excerpt":{"rendered":"<p>A BRUGAROLAS, S.A. \u00e9 a sociedade titular deste Website. Para dar cumprimento \u00e0 Lei n.\u00ba 34\/2002 de Servi\u00e7os da Sociedade de Informa\u00e7\u00e3o e Com\u00e9rcio Eletr\u00f3nico,  [&#8230;]<\/p>\n","protected":false},"author":1,"featured_media":0,"parent":0,"menu_order":0,"comment_status":"closed","ping_status":"closed","template":"","meta":{"footnotes":""},"class_list":["post-4813","page","type-page","status-publish","hentry"],"yoast_head":"<!-- This site is optimized with the Yoast SEO plugin v27.4 - https:\/\/yoast.com\/product\/yoast-seo-wordpress\/ -->\n<title>Aviso legal - Brugarolas fabricante de lubricantes industriales<\/title>\n<meta name=\"robots\" content=\"index, follow, max-snippet:-1, max-image-preview:large, max-video-preview:-1\" \/>\n<link rel=\"canonical\" href=\"https:\/\/brugarolas.com\/pt-pt\/aviso-legal\/\" \/>\n<meta property=\"og:locale\" content=\"pt_PT\" \/>\n<meta property=\"og:type\" content=\"article\" \/>\n<meta property=\"og:title\" content=\"Aviso legal - Brugarolas fabricante de lubricantes industriales\" \/>\n<meta property=\"og:description\" content=\"A BRUGAROLAS, S.A. \u00e9 a sociedade titular deste Website. Para dar cumprimento \u00e0 Lei n.\u00ba 34\/2002 de Servi\u00e7os da Sociedade de Informa\u00e7\u00e3o e Com\u00e9rcio Eletr\u00f3nico, [...]\" \/>\n<meta property=\"og:url\" content=\"https:\/\/brugarolas.com\/pt-pt\/aviso-legal\/\" \/>\n<meta property=\"og:site_name\" content=\"Brugarolas fabricante de lubricantes industriales\" \/>\n<meta property=\"article:modified_time\" content=\"2019-07-31T14:16:02+00:00\" \/>\n<meta name=\"twitter:card\" content=\"summary_large_image\" \/>\n<meta name=\"twitter:label1\" content=\"Tempo estimado de leitura\" \/>\n\t<meta name=\"twitter:data1\" content=\"4 minutes\" \/>\n<script type=\"application\/ld+json\" class=\"yoast-schema-graph\">{\"@context\":\"https:\\\/\\\/schema.org\",\"@graph\":[{\"@type\":\"WebPage\",\"@id\":\"https:\\\/\\\/brugarolas.com\\\/pt-pt\\\/aviso-legal\\\/\",\"url\":\"https:\\\/\\\/brugarolas.com\\\/pt-pt\\\/aviso-legal\\\/\",\"name\":\"Aviso legal - Brugarolas fabricante de lubricantes industriales\",\"isPartOf\":{\"@id\":\"https:\\\/\\\/brugarolas.com\\\/pt-pt\\\/#website\"},\"datePublished\":\"2019-03-12T15:15:46+00:00\",\"dateModified\":\"2019-07-31T14:16:02+00:00\",\"breadcrumb\":{\"@id\":\"https:\\\/\\\/brugarolas.com\\\/pt-pt\\\/aviso-legal\\\/#breadcrumb\"},\"inLanguage\":\"pt-PT\",\"potentialAction\":[{\"@type\":\"ReadAction\",\"target\":[\"https:\\\/\\\/brugarolas.com\\\/pt-pt\\\/aviso-legal\\\/\"]}]},{\"@type\":\"BreadcrumbList\",\"@id\":\"https:\\\/\\\/brugarolas.com\\\/pt-pt\\\/aviso-legal\\\/#breadcrumb\",\"itemListElement\":[{\"@type\":\"ListItem\",\"position\":1,\"name\":\"Portada\",\"item\":\"https:\\\/\\\/brugarolas.com\\\/pt-pt\\\/\"},{\"@type\":\"ListItem\",\"position\":2,\"name\":\"Aviso legal\"}]},{\"@type\":\"WebSite\",\"@id\":\"https:\\\/\\\/brugarolas.com\\\/pt-pt\\\/#website\",\"url\":\"https:\\\/\\\/brugarolas.com\\\/pt-pt\\\/\",\"name\":\"Brugarolas fabricante de lubricantes industriales\",\"description\":\"\",\"publisher\":{\"@id\":\"https:\\\/\\\/brugarolas.com\\\/pt-pt\\\/#organization\"},\"potentialAction\":[{\"@type\":\"SearchAction\",\"target\":{\"@type\":\"EntryPoint\",\"urlTemplate\":\"https:\\\/\\\/brugarolas.com\\\/pt-pt\\\/?s={search_term_string}\"},\"query-input\":{\"@type\":\"PropertyValueSpecification\",\"valueRequired\":true,\"valueName\":\"search_term_string\"}}],\"inLanguage\":\"pt-PT\"},{\"@type\":\"Organization\",\"@id\":\"https:\\\/\\\/brugarolas.com\\\/pt-pt\\\/#organization\",\"name\":\"Brugarolas, S.A.\",\"url\":\"https:\\\/\\\/brugarolas.com\\\/pt-pt\\\/\",\"logo\":{\"@type\":\"ImageObject\",\"inLanguage\":\"pt-PT\",\"@id\":\"https:\\\/\\\/brugarolas.com\\\/pt-pt\\\/#\\\/schema\\\/logo\\\/image\\\/\",\"url\":\"https:\\\/\\\/brugarolas.com\\\/wp-content\\\/uploads\\\/brugarolas-retina-mobile-1.png\",\"contentUrl\":\"https:\\\/\\\/brugarolas.com\\\/wp-content\\\/uploads\\\/brugarolas-retina-mobile-1.png\",\"width\":640,\"height\":135,\"caption\":\"Brugarolas, S.A.\"},\"image\":{\"@id\":\"https:\\\/\\\/brugarolas.com\\\/pt-pt\\\/#\\\/schema\\\/logo\\\/image\\\/\"}}]}<\/script>\n<!-- \/ Yoast SEO plugin. -->","yoast_head_json":{"title":"Aviso legal - Brugarolas fabricante de lubricantes industriales","robots":{"index":"index","follow":"follow","max-snippet":"max-snippet:-1","max-image-preview":"max-image-preview:large","max-video-preview":"max-video-preview:-1"},"canonical":"https:\/\/brugarolas.com\/pt-pt\/aviso-legal\/","og_locale":"pt_PT","og_type":"article","og_title":"Aviso legal - Brugarolas fabricante de lubricantes industriales","og_description":"A BRUGAROLAS, S.A. \u00e9 a sociedade titular deste Website. Para dar cumprimento \u00e0 Lei n.\u00ba 34\/2002 de Servi\u00e7os da Sociedade de Informa\u00e7\u00e3o e Com\u00e9rcio Eletr\u00f3nico, [...]","og_url":"https:\/\/brugarolas.com\/pt-pt\/aviso-legal\/","og_site_name":"Brugarolas fabricante de lubricantes industriales","article_modified_time":"2019-07-31T14:16:02+00:00","twitter_card":"summary_large_image","twitter_misc":{"Tempo estimado de leitura":"4 minutes"},"schema":{"@context":"https:\/\/schema.org","@graph":[{"@type":"WebPage","@id":"https:\/\/brugarolas.com\/pt-pt\/aviso-legal\/","url":"https:\/\/brugarolas.com\/pt-pt\/aviso-legal\/","name":"Aviso legal - Brugarolas fabricante de lubricantes industriales","isPartOf":{"@id":"https:\/\/brugarolas.com\/pt-pt\/#website"},"datePublished":"2019-03-12T15:15:46+00:00","dateModified":"2019-07-31T14:16:02+00:00","breadcrumb":{"@id":"https:\/\/brugarolas.com\/pt-pt\/aviso-legal\/#breadcrumb"},"inLanguage":"pt-PT","potentialAction":[{"@type":"ReadAction","target":["https:\/\/brugarolas.com\/pt-pt\/aviso-legal\/"]}]},{"@type":"BreadcrumbList","@id":"https:\/\/brugarolas.com\/pt-pt\/aviso-legal\/#breadcrumb","itemListElement":[{"@type":"ListItem","position":1,"name":"Portada","item":"https:\/\/brugarolas.com\/pt-pt\/"},{"@type":"ListItem","position":2,"name":"Aviso legal"}]},{"@type":"WebSite","@id":"https:\/\/brugarolas.com\/pt-pt\/#website","url":"https:\/\/brugarolas.com\/pt-pt\/","name":"Brugarolas fabricante de lubricantes industriales","description":"","publisher":{"@id":"https:\/\/brugarolas.com\/pt-pt\/#organization"},"potentialAction":[{"@type":"SearchAction","target":{"@type":"EntryPoint","urlTemplate":"https:\/\/brugarolas.com\/pt-pt\/?s={search_term_string}"},"query-input":{"@type":"PropertyValueSpecification","valueRequired":true,"valueName":"search_term_string"}}],"inLanguage":"pt-PT"},{"@type":"Organization","@id":"https:\/\/brugarolas.com\/pt-pt\/#organization","name":"Brugarolas, S.A.","url":"https:\/\/brugarolas.com\/pt-pt\/","logo":{"@type":"ImageObject","inLanguage":"pt-PT","@id":"https:\/\/brugarolas.com\/pt-pt\/#\/schema\/logo\/image\/","url":"https:\/\/brugarolas.com\/wp-content\/uploads\/brugarolas-retina-mobile-1.png","contentUrl":"https:\/\/brugarolas.com\/wp-content\/uploads\/brugarolas-retina-mobile-1.png","width":640,"height":135,"caption":"Brugarolas, S.A."},"image":{"@id":"https:\/\/brugarolas.com\/pt-pt\/#\/schema\/logo\/image\/"}}]}},"_links":{"self":[{"href":"https:\/\/brugarolas.com\/pt-pt\/wp-json\/wp\/v2\/pages\/4813","targetHints":{"allow":["GET"]}}],"collection":[{"href":"https:\/\/brugarolas.com\/pt-pt\/wp-json\/wp\/v2\/pages"}],"about":[{"href":"https:\/\/brugarolas.com\/pt-pt\/wp-json\/wp\/v2\/types\/page"}],"author":[{"embeddable":true,"href":"https:\/\/brugarolas.com\/pt-pt\/wp-json\/wp\/v2\/users\/1"}],"replies":[{"embeddable":true,"href":"https:\/\/brugarolas.com\/pt-pt\/wp-json\/wp\/v2\/comments?post=4813"}],"version-history":[{"count":2,"href":"https:\/\/brugarolas.com\/pt-pt\/wp-json\/wp\/v2\/pages\/4813\/revisions"}],"predecessor-version":[{"id":4818,"href":"https:\/\/brugarolas.com\/pt-pt\/wp-json\/wp\/v2\/pages\/4813\/revisions\/4818"}],"wp:attachment":[{"href":"https:\/\/brugarolas.com\/pt-pt\/wp-json\/wp\/v2\/media?parent=4813"}],"curies":[{"name":"wp","href":"https:\/\/api.w.org\/{rel}","templated":true}]}}