{"id":4819,"date":"2019-03-12T16:36:18","date_gmt":"2019-03-12T15:36:18","guid":{"rendered":"https:\/\/brugarolas.com\/politica-de-cookies\/"},"modified":"2019-07-31T16:27:29","modified_gmt":"2019-07-31T14:27:29","slug":"politica-de-cookies","status":"publish","type":"page","link":"https:\/\/brugarolas.com\/pt-pt\/politica-de-cookies\/","title":{"rendered":"Pol\u00edtica de cookies"},"content":{"rendered":"<div class=\"justificado\">\n<h3>Utiliza\u00e7\u00e3o de cookies<\/h3>\n<p>No nosso website, utilizamos cookies pr\u00f3prios e de terceiros (Google Analytics) para melhorar a experi\u00eancia do utilizador e recolher dados estat\u00edsticos sobre a utiliza\u00e7\u00e3o do nosso website por parte dos utilizadores. Os cookies associam-se unicamente ao navegador que est\u00e1 a ser utilizado, de modo que n\u00e3o \u00e9 armazenado nenhum tipo de dados pessoais sobre o utilizador que visita o nosso website. O utilizador pode configurar o seu navegador para que o notifique e\/ou rejeite a instala\u00e7\u00e3o dos cookies, sem que isso prejudique a possibilidade de o utilizador aceder \u00e0s diferentes zonas do website, exceto ao servi\u00e7o de chat de suporte t\u00e9cnico.<\/p>\n<p>Ao continuar a navegar no nosso website, estar\u00e1 a aceitar a utiliza\u00e7\u00e3o dos cookies nas condi\u00e7\u00f5es estabelecidas nesta <strong>Pol\u00edtica de Cookies.<\/strong> Esta pol\u00edtica pode ser atualizada, pelo que sugerimos que a reveja de forma regular.<\/p>\n<h3>O que s\u00e3o os cookies?<\/h3>\n<p>S\u00e3o pequenos ficheiros de dados que o servidor de Internet envia para o dispositivo atrav\u00e9s do qual acede \u00e0s nossas p\u00e1ginas e que este arquiva. S\u00e3o associados unicamente ao seu navegador e, por si pr\u00f3prios, n\u00e3o proporcionam dados pessoais. Os cookies n\u00e3o podem danificar o seu dispositivo e, al\u00e9m disso, s\u00e3o muito \u00fateis, porque nos ajudam a identificar e resolver erros.<\/p>\n<p>Se desejar mais informa\u00e7\u00e3o sobre o seu funcionamento, recomendamos que visite <a href=\"http:\/\/www.allaboutcookies.org\" target=\"_blank\" rel=\"noopener noreferrer\"><strong>www.allaboutcookies.org <\/strong><\/a>e <a href=\"http:\/\/www.youronlinechoices.eu\/es\/\" target=\"_blank\" rel=\"noopener noreferrer\"><strong>www.youronlinechoices.eu<\/strong><\/a><\/p>\n<h3>Configura\u00e7\u00e3o dos cookies<\/h3>\n<p>Pode consultar os passos para desativar a instala\u00e7\u00e3o de cookies na sec\u00e7\u00e3o &#8220;Ajuda&#8221; do seu navegador: Microsoft Internet Explorer, Google Chrome, Safari, Mozilla Firefox e Opera.<\/p>\n<p>Muitos navegadores permitem ativar um modo privado mediante o qual os cookies s\u00e3o sempre eliminados ap\u00f3s a visita ao website. Dependendo de cada navegador, este modo privado pode ter diferentes nomes. Encontrar\u00e1 em seguida uma lista dos navegadores mais comuns e os diferentes nomes deste &#8220;modo privado&#8221;.<\/p>\n<ul>\n<li>Internet Explorer 8 e superior \u2013 InPrivate<\/li>\n<li>Opera 10.5 e superior \u2013 Navega\u00e7\u00e3o Privada<\/li>\n<li>Google Chrome 10 e superior \u2013 Inc\u00f3gnito<\/li>\n<li>Safari 2 esuperior \u2013 Navega\u00e7\u00e3o Privada<\/li>\n<li>Firefox 3.5 e superior \u2013 Navega\u00e7\u00e3o Privada<\/li>\n<\/ul>\n<p>Em seguida, apresentamos em detalhe a rela\u00e7\u00e3o dos cookies utilizados em <a href=\"http:\/\/brugarolas.com\" target=\"_blank\" rel=\"noopener noreferrer\"><strong>brugarolas.com <\/strong><\/a>:\n<\/div>\n<table class=\"tabla\" width=\"100%\">\n<thead>\n<tr>\n<th>Cookie<\/th>\n<th>Tipo<\/th>\n<th>Dura\u00e7\u00e3o<\/th>\n<th>Descri\u00e7\u00e3o<\/th>\n<\/tr>\n<\/thead>\n<tbody>\n<tr>\n<td>_utma<\/td>\n<td>De terceiros<\/td>\n<td>2 anos<\/td>\n<td>Utilizado por Google Analytics.<\/td>\n<\/tr>\n<tr>\n<td>_utmb<\/td>\n<td>De terceiros<\/td>\n<td>30 minutos<\/td>\n<td>Utilizado por Google Analytics.<\/td>\n<\/tr>\n<tr>\n<td>_utmc<\/td>\n<td>De terceiros<\/td>\n<td>Ao finalizar a sess\u00e3o de navega\u00e7\u00e3o<\/td>\n<td>Utilizado por Google Analytics.<\/td>\n<\/tr>\n<tr>\n<td>_utmt<\/td>\n<td>De terceiros<\/td>\n<td>30 minutos<\/td>\n<td>Utilizado por Google Analytics.<\/td>\n<\/tr>\n<tr>\n<td>_utmv<\/td>\n<td>De terceiros<\/td>\n<td>30 minutos<\/td>\n<td>Utilizado por Google Analytics.<\/td>\n<\/tr>\n<tr>\n<td>_utmz<\/td>\n<td>De terceiros<\/td>\n<td>30 minutos<\/td>\n<td>Utilizado por Google Analytics.<\/td>\n<\/tr>\n<tr>\n<td>_icl_current_admin_language<\/td>\n<td>De terceiros<\/td>\n<td>1 dia<\/td>\n<td>Gest\u00e3o dos idiomas utilizados no website<\/td>\n<\/tr>\n<tr>\n<td>_icl_current_language<\/td>\n<td>De terceiros<\/td>\n<td>1 dia<\/td>\n<td>Gest\u00e3o dos idiomas utilizados no website<\/td>\n<\/tr>\n<tr>\n<td>_icl_visitor_lang_is<\/td>\n<td>De terceiros<\/td>\n<td>24 Horas<\/td>\n<td>Gest\u00e3o dos idiomas; armazena o idioma predefinido do website.<\/td>\n<\/tr>\n<tr>\n<td>viewed_cookie_policy<\/td>\n<td>Pr\u00f3prio<\/td>\n<td>1 ano<\/td>\n<td>Utilizado para verificar se foi aceite a utiliza\u00e7\u00e3o de cookies no nosso website.<\/td>\n<\/tr>\n<tr>\n<td>wordpress_logged_in[hash]<\/td>\n<td>De terceiros<\/td>\n<td>Sess\u00e3o<\/td>\n<td>Indica se o utilizador est\u00e1 ligado e quem \u00e9<\/td>\n<\/tr>\n<tr>\n<td>wordpress_sec-<\/td>\n<td>De terceiros<\/td>\n<td>Ao finalizar a sess\u00e3o<\/td>\n<td>Permite identificar o idioma do utilizador para lhe mostrar o website no idioma correto<\/td>\n<\/tr>\n<tr>\n<td>wordpress_test_cookie<\/td>\n<td>De terceiros<\/td>\n<td>Sess\u00e3o<\/td>\n<td>Este cookie \u00e9 utilizado para que o gestor de conte\u00fados WordPress verifique se o navegador tem os cookies ativados<\/td>\n<\/tr>\n<tr>\n<td>wp-settings-1<\/td>\n<td>De terceiros<\/td>\n<td>Ao fechar o navegador<\/td>\n<td>Usa-se para personalizar a interface do utilizador<\/td>\n<\/tr>\n<tr>\n<td>wp-settings-time-1<\/td>\n<td>Pr\u00f3prio<\/td>\n<td>1 ano<\/td>\n<td>Personalizar a interface<\/td>\n<\/tr>\n<tr>\n<td>wpml_browser_redirect_test<\/td>\n<td>De terceiros<\/td>\n<td>Ao finalizar a sess\u00e3o<\/td>\n<td>Identificar se tem de redirecionar a p\u00e1gina para outro idioma<\/td>\n<\/tr>\n<\/tbody>\n<\/table>\n","protected":false},"excerpt":{"rendered":"<p>Utiliza\u00e7\u00e3o de cookies No nosso website, utilizamos cookies pr\u00f3prios e de terceiros (Google Analytics) para melhorar a experi\u00eancia do utilizador e recolher dados estat\u00edsticos sobre  [&#8230;]<\/p>\n","protected":false},"author":1,"featured_media":0,"parent":0,"menu_order":0,"comment_status":"closed","ping_status":"closed","template":"","meta":{"footnotes":""},"class_list":["post-4819","page","type-page","status-publish","hentry"],"yoast_head":"<!-- This site is optimized with the Yoast SEO plugin v27.3 - https:\/\/yoast.com\/product\/yoast-seo-wordpress\/ -->\n<title>Pol\u00edtica de cookies - Brugarolas fabricante de lubricantes industriales<\/title>\n<meta name=\"robots\" content=\"index, follow, max-snippet:-1, max-image-preview:large, max-video-preview:-1\" \/>\n<link rel=\"canonical\" href=\"https:\/\/brugarolas.com\/pt-pt\/politica-de-cookies\/\" \/>\n<meta property=\"og:locale\" content=\"pt_PT\" \/>\n<meta property=\"og:type\" content=\"article\" \/>\n<meta property=\"og:title\" content=\"Pol\u00edtica de cookies - Brugarolas fabricante de lubricantes industriales\" \/>\n<meta property=\"og:description\" content=\"Utiliza\u00e7\u00e3o de cookies No nosso website, utilizamos cookies pr\u00f3prios e de terceiros (Google Analytics) para melhorar a experi\u00eancia do utilizador e recolher dados estat\u00edsticos sobre [...]\" \/>\n<meta property=\"og:url\" content=\"https:\/\/brugarolas.com\/pt-pt\/politica-de-cookies\/\" \/>\n<meta property=\"og:site_name\" content=\"Brugarolas fabricante de lubricantes industriales\" \/>\n<meta property=\"article:modified_time\" content=\"2019-07-31T14:27:29+00:00\" \/>\n<meta name=\"twitter:card\" content=\"summary_large_image\" \/>\n<meta name=\"twitter:label1\" content=\"Tempo estimado de leitura\" \/>\n\t<meta name=\"twitter:data1\" content=\"3 minutes\" \/>\n<script type=\"application\/ld+json\" class=\"yoast-schema-graph\">{\"@context\":\"https:\\\/\\\/schema.org\",\"@graph\":[{\"@type\":\"WebPage\",\"@id\":\"https:\\\/\\\/brugarolas.com\\\/pt-pt\\\/politica-de-cookies\\\/\",\"url\":\"https:\\\/\\\/brugarolas.com\\\/pt-pt\\\/politica-de-cookies\\\/\",\"name\":\"Pol\u00edtica de cookies - Brugarolas fabricante de lubricantes industriales\",\"isPartOf\":{\"@id\":\"https:\\\/\\\/brugarolas.com\\\/pt-pt\\\/#website\"},\"datePublished\":\"2019-03-12T15:36:18+00:00\",\"dateModified\":\"2019-07-31T14:27:29+00:00\",\"breadcrumb\":{\"@id\":\"https:\\\/\\\/brugarolas.com\\\/pt-pt\\\/politica-de-cookies\\\/#breadcrumb\"},\"inLanguage\":\"pt-PT\",\"potentialAction\":[{\"@type\":\"ReadAction\",\"target\":[\"https:\\\/\\\/brugarolas.com\\\/pt-pt\\\/politica-de-cookies\\\/\"]}]},{\"@type\":\"BreadcrumbList\",\"@id\":\"https:\\\/\\\/brugarolas.com\\\/pt-pt\\\/politica-de-cookies\\\/#breadcrumb\",\"itemListElement\":[{\"@type\":\"ListItem\",\"position\":1,\"name\":\"Portada\",\"item\":\"https:\\\/\\\/brugarolas.com\\\/pt-pt\\\/\"},{\"@type\":\"ListItem\",\"position\":2,\"name\":\"Pol\u00edtica de cookies\"}]},{\"@type\":\"WebSite\",\"@id\":\"https:\\\/\\\/brugarolas.com\\\/pt-pt\\\/#website\",\"url\":\"https:\\\/\\\/brugarolas.com\\\/pt-pt\\\/\",\"name\":\"Brugarolas fabricante de lubricantes industriales\",\"description\":\"\",\"publisher\":{\"@id\":\"https:\\\/\\\/brugarolas.com\\\/pt-pt\\\/#organization\"},\"potentialAction\":[{\"@type\":\"SearchAction\",\"target\":{\"@type\":\"EntryPoint\",\"urlTemplate\":\"https:\\\/\\\/brugarolas.com\\\/pt-pt\\\/?s={search_term_string}\"},\"query-input\":{\"@type\":\"PropertyValueSpecification\",\"valueRequired\":true,\"valueName\":\"search_term_string\"}}],\"inLanguage\":\"pt-PT\"},{\"@type\":\"Organization\",\"@id\":\"https:\\\/\\\/brugarolas.com\\\/pt-pt\\\/#organization\",\"name\":\"Brugarolas, S.A.\",\"url\":\"https:\\\/\\\/brugarolas.com\\\/pt-pt\\\/\",\"logo\":{\"@type\":\"ImageObject\",\"inLanguage\":\"pt-PT\",\"@id\":\"https:\\\/\\\/brugarolas.com\\\/pt-pt\\\/#\\\/schema\\\/logo\\\/image\\\/\",\"url\":\"https:\\\/\\\/brugarolas.com\\\/wp-content\\\/uploads\\\/brugarolas-retina-mobile-1.png\",\"contentUrl\":\"https:\\\/\\\/brugarolas.com\\\/wp-content\\\/uploads\\\/brugarolas-retina-mobile-1.png\",\"width\":640,\"height\":135,\"caption\":\"Brugarolas, S.A.\"},\"image\":{\"@id\":\"https:\\\/\\\/brugarolas.com\\\/pt-pt\\\/#\\\/schema\\\/logo\\\/image\\\/\"}}]}<\/script>\n<!-- \/ Yoast SEO plugin. -->","yoast_head_json":{"title":"Pol\u00edtica de cookies - Brugarolas fabricante de lubricantes industriales","robots":{"index":"index","follow":"follow","max-snippet":"max-snippet:-1","max-image-preview":"max-image-preview:large","max-video-preview":"max-video-preview:-1"},"canonical":"https:\/\/brugarolas.com\/pt-pt\/politica-de-cookies\/","og_locale":"pt_PT","og_type":"article","og_title":"Pol\u00edtica de cookies - Brugarolas fabricante de lubricantes industriales","og_description":"Utiliza\u00e7\u00e3o de cookies No nosso website, utilizamos cookies pr\u00f3prios e de terceiros (Google Analytics) para melhorar a experi\u00eancia do utilizador e recolher dados estat\u00edsticos sobre [...]","og_url":"https:\/\/brugarolas.com\/pt-pt\/politica-de-cookies\/","og_site_name":"Brugarolas fabricante de lubricantes industriales","article_modified_time":"2019-07-31T14:27:29+00:00","twitter_card":"summary_large_image","twitter_misc":{"Tempo estimado de leitura":"3 minutes"},"schema":{"@context":"https:\/\/schema.org","@graph":[{"@type":"WebPage","@id":"https:\/\/brugarolas.com\/pt-pt\/politica-de-cookies\/","url":"https:\/\/brugarolas.com\/pt-pt\/politica-de-cookies\/","name":"Pol\u00edtica de cookies - Brugarolas fabricante de lubricantes industriales","isPartOf":{"@id":"https:\/\/brugarolas.com\/pt-pt\/#website"},"datePublished":"2019-03-12T15:36:18+00:00","dateModified":"2019-07-31T14:27:29+00:00","breadcrumb":{"@id":"https:\/\/brugarolas.com\/pt-pt\/politica-de-cookies\/#breadcrumb"},"inLanguage":"pt-PT","potentialAction":[{"@type":"ReadAction","target":["https:\/\/brugarolas.com\/pt-pt\/politica-de-cookies\/"]}]},{"@type":"BreadcrumbList","@id":"https:\/\/brugarolas.com\/pt-pt\/politica-de-cookies\/#breadcrumb","itemListElement":[{"@type":"ListItem","position":1,"name":"Portada","item":"https:\/\/brugarolas.com\/pt-pt\/"},{"@type":"ListItem","position":2,"name":"Pol\u00edtica de cookies"}]},{"@type":"WebSite","@id":"https:\/\/brugarolas.com\/pt-pt\/#website","url":"https:\/\/brugarolas.com\/pt-pt\/","name":"Brugarolas fabricante de lubricantes industriales","description":"","publisher":{"@id":"https:\/\/brugarolas.com\/pt-pt\/#organization"},"potentialAction":[{"@type":"SearchAction","target":{"@type":"EntryPoint","urlTemplate":"https:\/\/brugarolas.com\/pt-pt\/?s={search_term_string}"},"query-input":{"@type":"PropertyValueSpecification","valueRequired":true,"valueName":"search_term_string"}}],"inLanguage":"pt-PT"},{"@type":"Organization","@id":"https:\/\/brugarolas.com\/pt-pt\/#organization","name":"Brugarolas, S.A.","url":"https:\/\/brugarolas.com\/pt-pt\/","logo":{"@type":"ImageObject","inLanguage":"pt-PT","@id":"https:\/\/brugarolas.com\/pt-pt\/#\/schema\/logo\/image\/","url":"https:\/\/brugarolas.com\/wp-content\/uploads\/brugarolas-retina-mobile-1.png","contentUrl":"https:\/\/brugarolas.com\/wp-content\/uploads\/brugarolas-retina-mobile-1.png","width":640,"height":135,"caption":"Brugarolas, S.A."},"image":{"@id":"https:\/\/brugarolas.com\/pt-pt\/#\/schema\/logo\/image\/"}}]}},"_links":{"self":[{"href":"https:\/\/brugarolas.com\/pt-pt\/wp-json\/wp\/v2\/pages\/4819","targetHints":{"allow":["GET"]}}],"collection":[{"href":"https:\/\/brugarolas.com\/pt-pt\/wp-json\/wp\/v2\/pages"}],"about":[{"href":"https:\/\/brugarolas.com\/pt-pt\/wp-json\/wp\/v2\/types\/page"}],"author":[{"embeddable":true,"href":"https:\/\/brugarolas.com\/pt-pt\/wp-json\/wp\/v2\/users\/1"}],"replies":[{"embeddable":true,"href":"https:\/\/brugarolas.com\/pt-pt\/wp-json\/wp\/v2\/comments?post=4819"}],"version-history":[{"count":2,"href":"https:\/\/brugarolas.com\/pt-pt\/wp-json\/wp\/v2\/pages\/4819\/revisions"}],"predecessor-version":[{"id":4830,"href":"https:\/\/brugarolas.com\/pt-pt\/wp-json\/wp\/v2\/pages\/4819\/revisions\/4830"}],"wp:attachment":[{"href":"https:\/\/brugarolas.com\/pt-pt\/wp-json\/wp\/v2\/media?parent=4819"}],"curies":[{"name":"wp","href":"https:\/\/api.w.org\/{rel}","templated":true}]}}